{"id":1820,"date":"2023-09-19T15:00:42","date_gmt":"2023-09-19T13:00:42","guid":{"rendered":"https:\/\/www.olympica.ch\/training-camp\/"},"modified":"2025-12-02T11:58:55","modified_gmt":"2025-12-02T09:58:55","slug":"training-camp","status":"publish","type":"page","link":"https:\/\/www.olympica.ch\/en\/training-camp\/","title":{"rendered":"Training camp in Valais: perfect conditions for your team"},"content":{"rendered":"\n<div class=\"wp-block-uagb-container imgright uagb-block-03e72069 alignfull uagb-is-root-container\"><div class=\"uagb-container-inner-blocks-wrap\">\n<div class=\"wp-block-uagb-container uagb-block-ac714e78\"><h1 class=\"wp-block-post-title\">Training camp in Valais: perfect conditions for your team<\/h1><\/div>\n<\/div><\/div>\n\n<div class=\"wp-block-uagb-container imgleft uagb-block-1bd0752d alignfull uagb-is-root-container\"><div class=\"uagb-container-inner-blocks-wrap\">\n<div class=\"wp-block-uagb-container animated fadeInBottomLeft uagb-block-90f3760b\">\n<figure class=\"wp-block-image size-large\"><img loading=\"lazy\" decoding=\"async\" width=\"1024\" height=\"768\" src=\"https:\/\/www.olympica.ch\/wp-content\/uploads\/2025\/12\/camps-1024x768.webp\" alt=\"Camps\" class=\"wp-image-5823\" srcset=\"https:\/\/www.olympica.ch\/wp-content\/uploads\/2025\/12\/camps-1024x768.webp 1024w, https:\/\/www.olympica.ch\/wp-content\/uploads\/2025\/12\/camps-300x225.webp 300w, https:\/\/www.olympica.ch\/wp-content\/uploads\/2025\/12\/camps-768x576.webp 768w, https:\/\/www.olympica.ch\/wp-content\/uploads\/2025\/12\/camps.webp 1500w\" sizes=\"auto, (max-width: 1024px) 100vw, 1024px\" \/><\/figure>\n<\/div>\n\n\n\n<div class=\"wp-block-uagb-container animated fadeInBottomRight uagb-block-793554f2\">\n<h2 class=\"wp-block-heading has-text-align-left\">CAMPS, TRAINING CAMPS<\/h2>\n\n\n\n<p>Every year from February to October, more than 200 different associations, clubs, schools, large companies etc. from all over Switzerland visit us! We put together TOP offers for all kinds of sports (e.g. football, floorball or volleyball) - whether for training weekends or training camps, school camps, etc. Our packages incl. The halls, training facilities, meals, accommodation, supporting program, etc. and the unique atmosphere are probably unparalleled in Switzerland!<\/p>\n<\/div>\n<\/div><\/div>\n\n<div style=\"height:20px\" aria-hidden=\"true\" class=\"wp-block-spacer\"><\/div>\n\n<div class=\"wp-block-uagb-container imgright uagb-block-82d07d90 alignfull uagb-is-root-container\"><div class=\"uagb-container-inner-blocks-wrap\">\n<div class=\"wp-block-uagb-container animated fadeInBottomLeft uagb-block-6d806e44\">\n<h2 class=\"wp-block-heading has-text-align-left\">New triple hall<\/h2>\n\n\n\n<p>Our brand-new triple hall is ideal for training a wide range of sports. It can primarily be used for badminton, volleyball, floorball, basketball or gymnastics. But many other sports can also be practiced. The partition walls allow up to three clubs to train at the same time! Just get in touch with us.  <\/p>\n\n\n\n<div class=\"wp-block-buttons has-custom-font-size is-layout-flex wp-block-buttons-is-layout-flex\" style=\"font-size:clamp(14px, 0.875rem + ((1vw - 3.2px) * 0.114), 15px);\">\n<div class=\"wp-block-button is-style-outline is-style-outline--1\"><a class=\"wp-block-button__link wp-element-button\" href=\"\/wp-content\/uploads\/2023\/09\/Benutzungsreglement-und-Tarife-fuer-Turnhallen.pdf\" style=\"border-radius:20px\">Regulations \/ Contract<\/a><\/div>\n<\/div>\n<\/div>\n\n\n\n<div class=\"wp-block-uagb-container animated fadeInBottomRight uagb-block-fcd4bf44\">\n<figure class=\"wp-block-image size-large\"><img loading=\"lazy\" decoding=\"async\" width=\"1024\" height=\"683\" src=\"http:\/\/www.olympica.ch\/wp-content\/uploads\/2023\/09\/sporthalle-olympica-brig-glis-1024x683.webp\" alt=\"3-subject gymnasium in Brig-Glis\" class=\"wp-image-734\" srcset=\"https:\/\/www.olympica.ch\/wp-content\/uploads\/2023\/09\/sporthalle-olympica-brig-glis-1024x683.webp 1024w, https:\/\/www.olympica.ch\/wp-content\/uploads\/2023\/09\/sporthalle-olympica-brig-glis-300x200.webp 300w, https:\/\/www.olympica.ch\/wp-content\/uploads\/2023\/09\/sporthalle-olympica-brig-glis-768x512.webp 768w, https:\/\/www.olympica.ch\/wp-content\/uploads\/2023\/09\/sporthalle-olympica-brig-glis.webp 1420w\" sizes=\"auto, (max-width: 1024px) 100vw, 1024px\" \/><\/figure>\n<\/div>\n<\/div><\/div>\n\n<div class=\"wp-block-uagb-container imgleft uagb-block-c95d9cac alignfull uagb-is-root-container\"><div class=\"uagb-container-inner-blocks-wrap\">\n<div class=\"wp-block-uagb-container uagb-block-f86b8b13\">\n<figure class=\"wp-block-image size-large\"><img loading=\"lazy\" decoding=\"async\" width=\"1024\" height=\"683\" src=\"http:\/\/www.olympica.ch\/wp-content\/uploads\/2023\/09\/badminton-im-olympica-in-brig-glis-04-1024x683.webp\" alt=\"Badminton at the Olympica in Brig-Glis\" class=\"wp-image-630\" srcset=\"https:\/\/www.olympica.ch\/wp-content\/uploads\/2023\/09\/badminton-im-olympica-in-brig-glis-04-1024x683.webp 1024w, https:\/\/www.olympica.ch\/wp-content\/uploads\/2023\/09\/badminton-im-olympica-in-brig-glis-04-300x200.webp 300w, https:\/\/www.olympica.ch\/wp-content\/uploads\/2023\/09\/badminton-im-olympica-in-brig-glis-04-768x512.webp 768w, https:\/\/www.olympica.ch\/wp-content\/uploads\/2023\/09\/badminton-im-olympica-in-brig-glis-04.webp 1420w\" sizes=\"auto, (max-width: 1024px) 100vw, 1024px\" \/><\/figure>\n<\/div>\n\n\n\n<div class=\"wp-block-uagb-container uagb-block-e77aa3e9\">\n<h2 class=\"wp-block-heading has-text-align-left\">References<\/h2>\n\n\n\n<p>Every year we welcome well-known clubs, associations and companies from a wide variety of sports, some of which have been with us for over 20 years, such as TSV D\u00fcdingen, FC Plaffeien, TV Sch\u00f6nenwerd Volleyball, UHC Tigers Langnau, KV Zurich Business School, Allianz Insurance, LAT Hasle-R\u00fcegsau, and many other loyal guests...<\/p>\n<\/div>\n<\/div><\/div>\n","protected":false},"excerpt":{"rendered":"<p>CAMPS, TRAINING CAMPS Every year from February to October, more than 200 different associations, clubs, schools, large companies etc. from all over Switzerland visit us! We put together TOP offers for all kinds of sports (e.g. football, floorball or volleyball) - whether for training weekends or training camps, school camps, etc. Our packages incl. The [&hellip;]<\/p>\n","protected":false},"author":1,"featured_media":0,"parent":0,"menu_order":0,"comment_status":"closed","ping_status":"closed","template":"","meta":{"inline_featured_image":false,"_uag_custom_page_level_css":"","slim_seo":{"title":"Training camp in Valais, Switzerland | Olympica Brig-Glis","description":"Are you planning your next training camp in Valais? Olympica Brig offers modern sports facilities, comfortable accommodation & sports-friendly catering. Enquire now!"},"footnotes":""},"class_list":["post-1820","page","type-page","status-publish","hentry"],"uagb_featured_image_src":{"full":false,"thumbnail":false,"medium":false,"medium_large":false,"large":false,"1536x1536":false,"2048x2048":false},"uagb_author_info":{"display_name":"admin","author_link":"https:\/\/www.olympica.ch\/en\/author\/adminischteroly\/"},"uagb_comment_info":0,"uagb_excerpt":"CAMPS, TRAINING CAMPS Every year from February to October, more than 200 different associations, clubs, schools, large companies etc. from all over Switzerland visit us! We put together TOP offers for all kinds of sports (e.g. football, floorball or volleyball) - whether for training weekends or training camps, school camps, etc. Our packages incl. The&hellip;","_links":{"self":[{"href":"https:\/\/www.olympica.ch\/en\/wp-json\/wp\/v2\/pages\/1820","targetHints":{"allow":["GET"]}}],"collection":[{"href":"https:\/\/www.olympica.ch\/en\/wp-json\/wp\/v2\/pages"}],"about":[{"href":"https:\/\/www.olympica.ch\/en\/wp-json\/wp\/v2\/types\/page"}],"author":[{"embeddable":true,"href":"https:\/\/www.olympica.ch\/en\/wp-json\/wp\/v2\/users\/1"}],"replies":[{"embeddable":true,"href":"https:\/\/www.olympica.ch\/en\/wp-json\/wp\/v2\/comments?post=1820"}],"version-history":[{"count":9,"href":"https:\/\/www.olympica.ch\/en\/wp-json\/wp\/v2\/pages\/1820\/revisions"}],"predecessor-version":[{"id":5827,"href":"https:\/\/www.olympica.ch\/en\/wp-json\/wp\/v2\/pages\/1820\/revisions\/5827"}],"wp:attachment":[{"href":"https:\/\/www.olympica.ch\/en\/wp-json\/wp\/v2\/media?parent=1820"}],"curies":[{"name":"wp","href":"https:\/\/api.w.org\/{rel}","templated":true}]}}