{"id":3474,"date":"2024-07-01T16:02:29","date_gmt":"2024-07-01T14:02:29","guid":{"rendered":"https:\/\/www.olympica.ch\/?page_id=3474"},"modified":"2026-04-17T12:32:11","modified_gmt":"2026-04-17T10:32:11","slug":"wellness-spa-2","status":"publish","type":"page","link":"https:\/\/www.olympica.ch\/en\/wellness-spa-2\/","title":{"rendered":"Beauty &amp; cosmetics: your pampering moments in Brig-Glis"},"content":{"rendered":"\n<div class=\"wp-block-uagb-container imgright uagb-block-03e72069 alignfull uagb-is-root-container\"><div class=\"uagb-container-inner-blocks-wrap\">\n<div class=\"wp-block-uagb-container uagb-block-ac714e78\"><h1 class=\"wp-block-post-title\">Beauty &amp; cosmetics: your pampering moments in Brig-Glis<\/h1><\/div>\n<\/div><\/div>\n\n<div style=\"height:20px\" aria-hidden=\"true\" class=\"wp-block-spacer\"><\/div>\n\n<div class=\"wp-block-uagb-container imgright uagb-block-00f9d29e alignfull uagb-is-root-container\"><div class=\"uagb-container-inner-blocks-wrap\">\n<div class=\"wp-block-uagb-container uagb-block-10ef7fca\">\n<figure class=\"wp-block-image size-large\"><img loading=\"lazy\" decoding=\"async\" width=\"1024\" height=\"683\" src=\"http:\/\/www.olympica.ch\/wp-content\/uploads\/2023\/12\/kosmetik-1024x683.webp\" alt=\"Cosmetics at Olympica in Brig-Glis\" class=\"wp-image-2436\" srcset=\"https:\/\/www.olympica.ch\/wp-content\/uploads\/2023\/12\/kosmetik-1024x683.webp 1024w, https:\/\/www.olympica.ch\/wp-content\/uploads\/2023\/12\/kosmetik-300x200.webp 300w, https:\/\/www.olympica.ch\/wp-content\/uploads\/2023\/12\/kosmetik-768x512.webp 768w, https:\/\/www.olympica.ch\/wp-content\/uploads\/2023\/12\/kosmetik.webp 1422w\" sizes=\"auto, (max-width: 1024px) 100vw, 1024px\" \/><\/figure>\n<\/div>\n\n\n\n<div class=\"wp-block-uagb-container animated fadeInBottomLeft uagb-block-813c5d1e\">\n<h2 class=\"wp-block-heading has-text-align-left\">Cosmetics<\/h2>\n\n\n\n<p>How about a manicure, pedicure or a wellness facial treatment with a relaxing massage? Our in-house beautician Cristina ensures a deeply relaxing experience. Let us know your wishes... we will do our best to pamper you from head to toe!<\/p>\n<\/div>\n<\/div><\/div>\n\n<div id=\"massage\" class=\"wp-block-uagb-container imgleft uagb-block-b7837ecf alignfull uagb-is-root-container\"><div class=\"uagb-container-inner-blocks-wrap\">\n<div class=\"wp-block-uagb-container uagb-block-7d1a6302\">\n<h2 class=\"wp-block-heading has-text-align-left\">NEW: Massages with Jacqueline<\/h2>\n\n\n\n<p>We rarely find peace and quiet in our hectic everyday lives.<\/p>\n\n\n\n<p>Stress can make your muscles tense, which can lead to migraines and pain.<\/p>\n\n\n\n<p>Our new masseuse Jacqueline will help your muscles to relax with a massage technique tailored to your needs.<\/p>\n\n\n\n<p>And best of all: her massages are recognized by health insurance companies!<br\/><a href=\"https:\/\/emr.ch\/versicherer\/_\/methode-klassische-massage\" target=\"_blank\" rel=\"noopener\" title=\"\">You can find out which health insurance company supports massages here!<\/a><\/p>\n\n\n\n<p>30 min - Fr. 60.00 \/ 60 min - Fr. 110.00 \/ 90 min - Fr.   170.00<\/p>\n\n\n\n<p><a href=\"https:\/\/web.cenplexbooking.ch\/appointment-selection?customerId=173&amp;locationId=605\" target=\"_blank\" rel=\"noopener\" title=\"\">BOOK YOUR APPOINTMENT NOW HERE<\/a> or call 079 - 265 03 59!<\/p>\n<\/div>\n\n\n\n<div class=\"wp-block-uagb-container uagb-block-61726e26\">\n<figure class=\"wp-block-image size-large\"><img loading=\"lazy\" decoding=\"async\" width=\"1024\" height=\"724\" src=\"https:\/\/www.olympica.ch\/wp-content\/uploads\/2026\/03\/jaqueline_massage-1024x724.webp\" alt=\"Jaqueline massage\" class=\"wp-image-6121\" srcset=\"https:\/\/www.olympica.ch\/wp-content\/uploads\/2026\/03\/jaqueline_massage-1024x724.webp 1024w, https:\/\/www.olympica.ch\/wp-content\/uploads\/2026\/03\/jaqueline_massage-300x212.webp 300w, https:\/\/www.olympica.ch\/wp-content\/uploads\/2026\/03\/jaqueline_massage-768x543.webp 768w, https:\/\/www.olympica.ch\/wp-content\/uploads\/2026\/03\/jaqueline_massage-1536x1086.webp 1536w, https:\/\/www.olympica.ch\/wp-content\/uploads\/2026\/03\/jaqueline_massage.webp 1900w\" sizes=\"auto, (max-width: 1024px) 100vw, 1024px\" \/><\/figure>\n<\/div>\n<\/div><\/div>\n\n<div class=\"wp-block-uagb-container imgright uagb-block-dc7e3ace alignfull uagb-is-root-container\"><div class=\"uagb-container-inner-blocks-wrap\">\n<div class=\"wp-block-uagb-container uagb-block-fbbcee73\">\n<figure class=\"wp-block-embed is-type-video is-provider-youtube wp-block-embed-youtube wp-embed-aspect-16-9 wp-has-aspect-ratio\"><div class=\"wp-block-embed__wrapper\">\n<iframe loading=\"lazy\" title=\"HydraFacial Behandlung im Olympica\" width=\"500\" height=\"281\" src=\"https:\/\/www.youtube.com\/embed\/bAUZvsA_oNY?feature=oembed\" frameborder=\"0\" allow=\"accelerometer; autoplay; clipboard-write; encrypted-media; gyroscope; picture-in-picture; web-share\" referrerpolicy=\"strict-origin-when-cross-origin\" allowfullscreen><\/iframe>\n<\/div><\/figure>\n<\/div>\n\n\n\n<div class=\"wp-block-uagb-container animated fadeInBottomLeft uagb-block-4c09051e\">\n<h2 class=\"wp-block-heading has-text-align-left\">HydraFacial<\/h2>\n\n\n\n<p>The HydraFacial uses patented technology to remove dead cells from the skin, deeply cleanse and moisturize it. At the same time, highly effective serums tailored to the specific needs of the skin are introduced. <\/p>\n\n\n\n<p>This procedure improves the appearance of various skin problems such as fine lines and wrinkles, lack of firmness, uneven skin and clogged pores.<\/p>\n\n\n\n<p>75 min - Fri. 149.00<\/p>\n<\/div>\n<\/div><\/div>\n\n<div class=\"wp-block-uagb-container imgleft uagb-block-8a20b72b alignfull uagb-is-root-container\"><div class=\"uagb-container-inner-blocks-wrap\">\n<div class=\"wp-block-uagb-container uagb-block-22597ac6\">\n<h2 class=\"wp-block-heading has-text-align-left\">Vacuum massage\/pressotherapy<\/h2>\n\n\n\n<p><strong>Vacuum massage of the buttocks and sides<\/strong><br\/>This therapy helps to quickly achieve the desired shape. During the session, the vacuum stimulates lymphatic drainage, improves blood circulation and reduces cellulite, which has a massage-like effect.  This is done with a special vacuum device as well as by hand.  <br\/>The device works deep into the subcutaneous fat layer, promoting rapid body shaping and skin tightening with noticeable results after just a few treatments.<\/p>\n\n\n\n<p>30 min - Fr. 50.00 \/ 60 min - Fr. 80.00<br\/>5 treatments of 60 min each - Fr.   340.00<\/p>\n\n\n\n<p><strong>Pressotherapy<\/strong><br\/>Pressotherapy is a relaxing and invigorating compression therapy system designed to win the battle against cellulite and body ageing. It consists of a pump that generates a directed stream of compressed air with variable pressure on the problem areas and relieves stagnation throughout the body. It has a beneficial effect on congestion and swelling of the body water and restores its flow.<br\/>The massage improves blood circulation through gentle unidirectional peristaltic pressure on the peripheral veins, blood circulation is improved, the elimination of toxins is facilitated and more fresh oxygen reaches the skin cells.<br\/>In addition, lymph flow is improved in both the peripheral and deep lymphatic networks. The results are the evacuation of metabolic residues from the interstitial spaces. The immunological system also benefits.    <\/p>\n\n\n\n<p>1 treatment - Fr. 90.00<br\/>5 treatments - Fr. 390.00<br\/>30 min legs only - Fr.   50.00<\/p>\n<\/div>\n\n\n\n<div class=\"wp-block-uagb-container uagb-block-ff4ed3ae\">\n<figure class=\"wp-block-embed is-type-video is-provider-youtube wp-block-embed-youtube wp-embed-aspect-16-9 wp-has-aspect-ratio\"><div class=\"wp-block-embed__wrapper\">\n<iframe loading=\"lazy\" title=\"Vakuum Lifting Massagen im Olympica\" width=\"500\" height=\"281\" src=\"https:\/\/www.youtube.com\/embed\/TV5K8MW_YnQ?feature=oembed\" frameborder=\"0\" allow=\"accelerometer; autoplay; clipboard-write; encrypted-media; gyroscope; picture-in-picture; web-share\" referrerpolicy=\"strict-origin-when-cross-origin\" allowfullscreen><\/iframe>\n<\/div><\/figure>\n<\/div>\n<\/div><\/div>\n\n<p><\/p>\n\n<div class=\"wp-block-uagb-container imgright uagb-block-19f38a0a alignfull uagb-is-root-container\"><div class=\"uagb-container-inner-blocks-wrap\">\n<div class=\"wp-block-uagb-container uagb-block-668fbe79\">\n<figure class=\"wp-block-image size-large\"><a href=\"https:\/\/www.olympica.ch\/wp-content\/uploads\/2025\/04\/kosmetik-angebot-2025.webp\" target=\"_blank\" rel=\" noreferrer noopener\"><img loading=\"lazy\" decoding=\"async\" width=\"1024\" height=\"683\" src=\"https:\/\/www.olympica.ch\/wp-content\/uploads\/2025\/03\/angebot-kosmetik-teaser-1024x683.webp\" alt=\"\" class=\"wp-image-4260\" srcset=\"https:\/\/www.olympica.ch\/wp-content\/uploads\/2025\/03\/angebot-kosmetik-teaser-1024x683.webp 1024w, https:\/\/www.olympica.ch\/wp-content\/uploads\/2025\/03\/angebot-kosmetik-teaser-300x200.webp 300w, https:\/\/www.olympica.ch\/wp-content\/uploads\/2025\/03\/angebot-kosmetik-teaser-768x512.webp 768w, https:\/\/www.olympica.ch\/wp-content\/uploads\/2025\/03\/angebot-kosmetik-teaser.webp 1422w\" sizes=\"auto, (max-width: 1024px) 100vw, 1024px\" \/><\/a><\/figure>\n<\/div>\n\n\n\n<div class=\"wp-block-uagb-container animated fadeInBottomLeft uagb-block-2cc054fc\">\n<h2 class=\"wp-block-heading has-text-align-left\">Availability<\/h2>\n\n\n\n<p>Monday: 09.00 - 18.00<br\/>Wednesday: 09.00 - 18.00<br\/>Saturday: individual<\/p>\n\n\n\n<p>Email: <a href=\"mailto:kosmetik_massage@olympica.ch\">kosmetik_massage@olympica.ch<\/a><br\/>Phone: +41 76 230 98 10 (also via WhatsApp)<\/p>\n<\/div>\n<\/div><\/div>\n\n<div id=\"kosmetik\" class=\"wp-block-uagb-container imgright uagb-block-fbacf26c alignfull uagb-is-root-container\"><div class=\"uagb-container-inner-blocks-wrap\">\n<div class=\"wp-block-uagb-container uagb-block-699920f4\">\n<h2 class=\"wp-block-heading has-text-align-left\">Booking a cosmetic appointment<\/h2>\n\n\n\n<p class=\"has-text-align-left\">Have you found something from the above offer and would like to book directly?  <br\/>Then you have the opportunity here. Cristina is available on Mondays and Wednesdays. In individual cases also on various Saturdays.   Simply click through the calendar and book your preferred date.  <br\/><strong>Please note: The booking is binding.  <\/strong><br\/>If you are unable to attend the appointment, please let Cristina know in good time. Thank you very much.  <\/p>\n\n\n\n<div class=\"wp-block-uagb-container uagb-block-0480782b alignfull uagb-is-root-container\"><div class=\"uagb-container-inner-blocks-wrap\"><div class=\"wp-block-image\">\n<figure class=\"aligncenter size-large is-resized\"><img loading=\"lazy\" decoding=\"async\" width=\"774\" height=\"1024\" src=\"https:\/\/www.olympica.ch\/wp-content\/uploads\/2026\/04\/Cristina-Web-774x1024.webp\" alt=\"Cristina\" class=\"wp-image-6202\" style=\"width:200px\" srcset=\"https:\/\/www.olympica.ch\/wp-content\/uploads\/2026\/04\/Cristina-Web-774x1024.webp 774w, https:\/\/www.olympica.ch\/wp-content\/uploads\/2026\/04\/Cristina-Web-227x300.webp 227w, https:\/\/www.olympica.ch\/wp-content\/uploads\/2026\/04\/Cristina-Web-768x1015.webp 768w, https:\/\/www.olympica.ch\/wp-content\/uploads\/2026\/04\/Cristina-Web.webp 1080w\" sizes=\"auto, (max-width: 774px) 100vw, 774px\" \/><\/figure>\n<\/div><\/div><\/div>\n<\/div>\n\n\n\n<div class=\"wp-block-uagb-container uagb-block-3ab3ed0f\">\n<vg-guest-booking widget-key=\"69c3a94efb784a419bbcadda\" club-id=\"90609\" lang=\"de\" source=\"\"><\/vg-guest-booking>\n      <script src=\"https:\/\/static.virtuagym.com\/vg-guest-booking-widget\/dist\/js\/app.js\"><\/script>\n<\/div>\n<\/div><\/div>\n","protected":false},"excerpt":{"rendered":"<p>Cosmetics How about a manicure, pedicure or a wellness facial treatment with a relaxing massage? Our in-house beautician Cristina ensures a deeply relaxing experience. Let us know your wishes... we will do our best to pamper you from head to toe! NEW: Massages with Jacqueline We rarely find peace and quiet in our hectic everyday [&hellip;]<\/p>\n","protected":false},"author":3,"featured_media":0,"parent":0,"menu_order":0,"comment_status":"closed","ping_status":"closed","template":"","meta":{"inline_featured_image":false,"_uag_custom_page_level_css":"","slim_seo":{"title":"Beauty & Kosmetik in Brig | Verw\u00f6hnbehandlungen im Olympica","description":"Professionelle Kosmetikbehandlungen im Olympica Brig: Gesichtsreinigung, Anti-Aging, Manik\u00fcre, Pedik\u00fcre & Make-up. Buchen Sie Ihren Beauty-Termin f\u00fcr strahlende Haut!"},"footnotes":""},"class_list":["post-3474","page","type-page","status-publish","hentry"],"uagb_featured_image_src":{"full":false,"thumbnail":false,"medium":false,"medium_large":false,"large":false,"1536x1536":false,"2048x2048":false},"uagb_author_info":{"display_name":"Rico","author_link":"https:\/\/www.olympica.ch\/en\/author\/rico\/"},"uagb_comment_info":0,"uagb_excerpt":"Cosmetics How about a manicure, pedicure or a wellness facial treatment with a relaxing massage? Our in-house beautician Cristina ensures a deeply relaxing experience. Let us know your wishes... we will do our best to pamper you from head to toe! NEW: Massages with Jacqueline We rarely find peace and quiet in our hectic everyday&hellip;","_links":{"self":[{"href":"https:\/\/www.olympica.ch\/en\/wp-json\/wp\/v2\/pages\/3474","targetHints":{"allow":["GET"]}}],"collection":[{"href":"https:\/\/www.olympica.ch\/en\/wp-json\/wp\/v2\/pages"}],"about":[{"href":"https:\/\/www.olympica.ch\/en\/wp-json\/wp\/v2\/types\/page"}],"author":[{"embeddable":true,"href":"https:\/\/www.olympica.ch\/en\/wp-json\/wp\/v2\/users\/3"}],"replies":[{"embeddable":true,"href":"https:\/\/www.olympica.ch\/en\/wp-json\/wp\/v2\/comments?post=3474"}],"version-history":[{"count":26,"href":"https:\/\/www.olympica.ch\/en\/wp-json\/wp\/v2\/pages\/3474\/revisions"}],"predecessor-version":[{"id":6230,"href":"https:\/\/www.olympica.ch\/en\/wp-json\/wp\/v2\/pages\/3474\/revisions\/6230"}],"wp:attachment":[{"href":"https:\/\/www.olympica.ch\/en\/wp-json\/wp\/v2\/media?parent=3474"}],"curies":[{"name":"wp","href":"https:\/\/api.w.org\/{rel}","templated":true}]}}