{"id":5566,"date":"2025-11-17T14:20:48","date_gmt":"2025-11-17T12:20:48","guid":{"rendered":"https:\/\/www.olympica.ch\/yonexcamps\/"},"modified":"2025-12-02T12:11:16","modified_gmt":"2025-12-02T10:11:16","slug":"yonexcamps","status":"publish","type":"page","link":"https:\/\/www.olympica.ch\/en\/yonexcamps\/","title":{"rendered":"yonexcamps"},"content":{"rendered":"\n<div class=\"wp-block-uagb-container uagb-block-10bd2e25 alignfull uagb-is-root-container\"><div class=\"uagb-container-inner-blocks-wrap\">\n<div class=\"wp-block-uagb-container uagb-block-4dfbe432\">\n<figure class=\"wp-block-image size-large\"><img loading=\"lazy\" decoding=\"async\" width=\"1024\" height=\"452\" src=\"https:\/\/www.olympica.ch\/wp-content\/uploads\/2025\/11\/Teaser-Sommer-Camps-2026-1024x452.webp\" alt=\"Teaser summer camps 2026\" class=\"wp-image-5560\" srcset=\"https:\/\/www.olympica.ch\/wp-content\/uploads\/2025\/11\/Teaser-Sommer-Camps-2026-1024x452.webp 1024w, https:\/\/www.olympica.ch\/wp-content\/uploads\/2025\/11\/Teaser-Sommer-Camps-2026-300x132.webp 300w, https:\/\/www.olympica.ch\/wp-content\/uploads\/2025\/11\/Teaser-Sommer-Camps-2026-768x339.webp 768w, https:\/\/www.olympica.ch\/wp-content\/uploads\/2025\/11\/Teaser-Sommer-Camps-2026-1536x678.webp 1536w, https:\/\/www.olympica.ch\/wp-content\/uploads\/2025\/11\/Teaser-Sommer-Camps-2026.webp 1586w\" sizes=\"auto, (max-width: 1024px) 100vw, 1024px\" \/><\/figure>\n<\/div>\n\n\n\n<div class=\"wp-block-uagb-container uagb-block-9e66a796\">\n<h2 class=\"wp-block-heading has-text-color has-link-color wp-elements-6d87c46ccc737d695677ae9562966346\" style=\"color:#fe0094\">Yonex summer camps at the Olympica<\/h2>\n\n\n\n<p>In 2026, the Olympica will once again be organizing 3 different Yonex summer camps. These will take place on the following dates: <br\/>04. - 10.07.2026 -&gt; Adult performance camp<br\/>11. - 17.07.2026 -&gt; Junior summer camp<br\/>18. - 24.07.2026 -&gt; Adult hobby camp <\/p>\n<\/div>\n<\/div><\/div>\n\n<div class=\"wp-block-uagb-container uagb-block-4810d552 alignfull uagb-is-root-container\"><div class=\"uagb-container-inner-blocks-wrap\">\n<div class=\"wp-block-uagb-container uagb-block-d97a299e\">\n<h2 class=\"wp-block-heading\">Fun &amp; performance camp<\/h2>\n\n\n\n<p><strong><em>Single room <\/em><\/strong><br\/>Standard Fr. 895.- \/ Superior Fr.  955.-<br\/><strong><em>Double room<\/em><\/strong><br\/>Standard Fr. 775.- \/ Superior Fr.  835.-<br\/><strong><em>Family room (3-6 pers.)<\/em><\/strong><br\/>Standard Fr. 745.- \/ Superior Fr.  805.-<br\/><strong><em>Group accommodation<\/em><\/strong><br\/>Standard Fri. 685.-<\/p>\n<\/div>\n\n\n\n<div class=\"wp-block-uagb-container uagb-block-32672503\">\n<h2 class=\"wp-block-heading\">Junior camp<\/h2>\n\n\n\n<p><strong><em>Single room <\/em><\/strong><br\/>Standard Fr. 855.- \/ Superior Fr.  915.-<br\/><strong><em>Double room<\/em><\/strong><br\/>Standard Fr. 725.- \/ Superior Fr.  785.-<br\/><strong><em>Family room (3-6 pers.)<\/em><\/strong><br\/>Standard Fr. 695.- \/ Superior Fr.  755.-<br\/><strong><em>Group accommodation<\/em><\/strong><br\/>Standard Fri. 655.-<\/p>\n<\/div>\n<\/div><\/div>\n\n<p class=\"has-text-align-center\">All camps take place at the Sport- &amp; Wellnesshotel Olympica, Industriestrasse 94, 3902 Brig-Glis.<\/p>\n\n<div class=\"wp-block-uagb-container uagb-block-d70a17f0 alignfull uagb-is-root-container\"><div class=\"uagb-container-inner-blocks-wrap\">\n<div class=\"wp-block-uagb-container uagb-block-9a391e8a\">\n<h2 class=\"wp-block-heading\">Registration form<\/h2>\n\n\n\n<p>Please fill out the registration form completely.<br\/>Please note that clicking the \u201cSubmit\u201d button does <strong><em>not constitute<\/em><\/strong> a binding order. We will send you an invoice only after we have contacted you. <\/p>\n\n\n\n<h2 class=\"wp-block-heading\" style=\"border-style:none;border-width:0px;padding-top:0;padding-bottom:0\">Tenders<\/h2>\n\n\n\n<p><strong><em>Performance camp 04.-10.07.2026<br\/><\/em><\/strong><a href=\"https:\/\/www.olympica.ch\/wp-content\/uploads\/2025\/12\/Berge-Ausschreibung-Yonex-Sommer-Leistungscamp-2026-Deutsch.pdf\" target=\"_blank\" rel=\"noopener nofollow\" title=\"Announcement Yonex Summer Performance Camp 2026 German\">Download information German<\/a><br\/><a href=\"https:\/\/www.olympica.ch\/wp-content\/uploads\/2025\/12\/Berge-Ausschreibung-Yonex-Sommer-Leistungscamp-2026-Franzoesisch.pdf\" target=\"_blank\" rel=\"noopener nofollow\" title=\"Announcement Yonex Summer Performance Camp 2026 French\">T\u00e9l\u00e9charger les informations en fran\u00e7ais<\/a><br\/><br\/><strong><em>Junior camp 11.-17.07.2026<br\/><\/em><\/strong><a href=\"https:\/\/www.olympica.ch\/wp-content\/uploads\/2025\/12\/Berge-Ausschreibung-Yonex-Sommer-Junioren-Camp-2026-Deutsch.pdf\" target=\"_blank\" rel=\"noopener nofollow\" title=\"Announcement Yonex Summer Junior Camp 2026 German\">Download Information German<\/a><br\/><a href=\"https:\/\/www.olympica.ch\/wp-content\/uploads\/2025\/12\/Berge-Ausschreibung-Yonex-Sommer-Junioren-Camp-2026-Franzoesisch.pdf\" target=\"_blank\" rel=\"noopener nofollow\" title=\"Announcement Yonex Summer Junior Camp 2026 French\">T\u00e9l\u00e9charger les informations en fran\u00e7ais<\/a><br\/><br\/><strong><em>Fun camp 18-24.07.2026<\/em><\/strong><br\/><a href=\"https:\/\/www.olympica.ch\/wp-content\/uploads\/2025\/12\/Berge-Ausschreibung-Yonex-Sommer-Plausch-Camp-2026-Deutsch.pdf\" target=\"_blank\" rel=\"noopener nofollow\" title=\"Announcement Yonex Summer Camp 2026 German\">Download information German<\/a><br\/><a href=\"https:\/\/www.olympica.ch\/wp-content\/uploads\/2025\/12\/Berge-Ausschreibung-Yonex-Sommer-Plausch-Camp-2026-Franzoesisch.pdf\" target=\"_blank\" rel=\"noopener nofollow\" title=\"Announcement Yonex Summer Camp 2026 French\">T\u00e9l\u00e9charger les informations en fran\u00e7ais<\/a><br\/><\/p>\n<\/div>\n\n\n\n<div class=\"wp-block-uagb-container uagb-block-d72b0cbd\">\n<div class=\"wpcf7 no-js\" id=\"wpcf7-f5608-o1\" lang=\"en-US\" dir=\"ltr\" data-wpcf7-id=\"5608\">\n<div class=\"screen-reader-response\"><p role=\"status\" aria-live=\"polite\" aria-atomic=\"true\"><\/p> <ul><\/ul><\/div>\n<form action=\"\/en\/wp-json\/wp\/v2\/pages\/5566#wpcf7-f5608-o1\" method=\"post\" class=\"wpcf7-form init\" aria-label=\"Contact form\" novalidate=\"novalidate\" data-status=\"init\">\n<fieldset class=\"hidden-fields-container\"><input type=\"hidden\" name=\"_wpcf7\" value=\"5608\" \/><input type=\"hidden\" name=\"_wpcf7_version\" value=\"6.1.5\" \/><input type=\"hidden\" name=\"_wpcf7_locale\" value=\"en_US\" \/><input type=\"hidden\" name=\"_wpcf7_unit_tag\" value=\"wpcf7-f5608-o1\" \/><input type=\"hidden\" name=\"_wpcf7_container_post\" value=\"0\" \/><input type=\"hidden\" name=\"_wpcf7_posted_data_hash\" value=\"\" \/>\n<\/fieldset>\n<p><span class=\"wpcf7-form-control-wrap\" data-name=\"camp\"><select class=\"wpcf7-form-control wpcf7-select\" aria-invalid=\"false\" name=\"camp\"><option value=\"Select summer camp\">Select summer camp<\/option><option value=\"Adult performance camp (04.-10.07.2026)\">Adult performance camp (04.-10.07.2026)<\/option><option value=\"Junior summer camp (11.-17.07.2026)\">Junior summer camp (11.-17.07.2026)<\/option><option value=\"Adult hobby camp (18.-24.07.2026)\">Adult hobby camp (18.-24.07.2026)<\/option><\/select><\/span>\n<\/p>\n<p><span class=\"wpcf7-form-control-wrap\" data-name=\"person\"><input size=\"40\" maxlength=\"400\" class=\"wpcf7-form-control wpcf7-text wpcf7-validates-as-required\" aria-required=\"true\" aria-invalid=\"false\" placeholder=\"First &amp; last name\" value=\"\" type=\"text\" name=\"person\" \/><\/span>\n<\/p>\n<p><span class=\"wpcf7-form-control-wrap\" data-name=\"email\"><input size=\"40\" maxlength=\"400\" class=\"wpcf7-form-control wpcf7-email wpcf7-validates-as-required wpcf7-text wpcf7-validates-as-email\" aria-required=\"true\" aria-invalid=\"false\" placeholder=\"Email\" value=\"\" type=\"email\" name=\"email\" \/><\/span>\n<\/p>\n<p><span class=\"wpcf7-form-control-wrap\" data-name=\"telefon\"><input size=\"40\" maxlength=\"400\" minlength=\"10\" class=\"wpcf7-form-control wpcf7-tel wpcf7-validates-as-required wpcf7-text wpcf7-validates-as-tel\" aria-required=\"true\" aria-invalid=\"false\" placeholder=\"Phone\" value=\"\" type=\"tel\" name=\"telefon\" \/><\/span>\n<\/p>\n<p><span class=\"wpcf7-form-control-wrap\" data-name=\"addresse\"><input size=\"40\" maxlength=\"400\" class=\"wpcf7-form-control wpcf7-text wpcf7-validates-as-required\" aria-required=\"true\" aria-invalid=\"false\" placeholder=\"Street \/ house number\" value=\"\" type=\"text\" name=\"addresse\" \/><\/span>\n<\/p>\n<p><span class=\"wpcf7-form-control-wrap\" data-name=\"residence\"><input size=\"40\" maxlength=\"400\" class=\"wpcf7-form-control wpcf7-text wpcf7-validates-as-required\" aria-required=\"true\" aria-invalid=\"false\" placeholder=\"Postcode \/ City\" value=\"\" type=\"text\" name=\"residence\" \/><\/span>\n<\/p>\n<p><span class=\"wpcf7-form-control-wrap\" data-name=\"geburtstag\"><input size=\"40\" maxlength=\"400\" class=\"wpcf7-form-control wpcf7-text wpcf7-validates-as-required\" aria-required=\"true\" aria-invalid=\"false\" placeholder=\"Date of birth\" value=\"\" type=\"text\" name=\"geburtstag\" \/><\/span>\n<\/p>\n<p><span class=\"wpcf7-form-control-wrap\" data-name=\"sprache\"><input size=\"40\" maxlength=\"400\" class=\"wpcf7-form-control wpcf7-text wpcf7-validates-as-required\" aria-required=\"true\" aria-invalid=\"false\" placeholder=\"Language\" value=\"\" type=\"text\" name=\"sprache\" \/><\/span>\n<\/p>\n<p><span class=\"wpcf7-form-control-wrap\" data-name=\"klassierung\"><input size=\"40\" maxlength=\"400\" class=\"wpcf7-form-control wpcf7-text wpcf7-validates-as-required\" aria-required=\"true\" aria-invalid=\"false\" placeholder=\"Classification\/level\" value=\"\" type=\"text\" name=\"klassierung\" \/><\/span>\n<\/p>\n<p><span class=\"wpcf7-form-control-wrap\" data-name=\"unterkunft\"><input size=\"40\" maxlength=\"400\" class=\"wpcf7-form-control wpcf7-text wpcf7-validates-as-required\" aria-required=\"true\" aria-invalid=\"false\" placeholder=\"Requested accommodation\" value=\"\" type=\"text\" name=\"unterkunft\" \/><\/span>\n<\/p>\n<p><span class=\"wpcf7-form-control-wrap\" data-name=\"shirt\"><input size=\"40\" maxlength=\"400\" class=\"wpcf7-form-control wpcf7-text wpcf7-validates-as-required\" aria-required=\"true\" aria-invalid=\"false\" placeholder=\"T-Shirt size\" value=\"\" type=\"text\" name=\"shirt\" \/><\/span>\n<\/p>\n<p><span class=\"wpcf7-form-control-wrap\" data-name=\"nachricht\"><textarea cols=\"40\" rows=\"10\" maxlength=\"2000\" class=\"wpcf7-form-control wpcf7-textarea\" aria-invalid=\"false\" placeholder=\"Additional remarks\" name=\"nachricht\"><\/textarea><\/span><span id=\"wpcf7-69e362be1f941-wrapper\" class=\"wpcf7-form-control-wrap adress-wrap\" style=\"display:none !important; visibility:hidden !important;\"><label for=\"wpcf7-69e362be1f941-field\" class=\"hp-message\">Please leave this field empty.<\/label><input id=\"wpcf7-69e362be1f941-field\"  class=\"wpcf7-form-control wpcf7-text\" type=\"text\" name=\"adress\" value=\"\" size=\"40\" tabindex=\"-1\" autocomplete=\"new-password\" \/><\/span><span id=\"wpcf7-69e362be1f978-wrapper\" class=\"wpcf7-form-control-wrap plz-wrap\" style=\"display:none !important; visibility:hidden !important;\"><label for=\"wpcf7-69e362be1f978-field\" class=\"hp-message\">Please leave this field empty.<\/label><input id=\"wpcf7-69e362be1f978-field\"  class=\"wpcf7-form-control wpcf7-text\" type=\"text\" name=\"plz\" value=\"\" size=\"40\" tabindex=\"-1\" autocomplete=\"new-password\" \/><\/span><span id=\"wpcf7-69e362be1f9a4-wrapper\" class=\"wpcf7-form-control-wrap ort-wrap\" style=\"display:none !important; visibility:hidden !important;\"><label for=\"wpcf7-69e362be1f9a4-field\" class=\"hp-message\">Please leave this field empty.<\/label><input id=\"wpcf7-69e362be1f9a4-field\"  class=\"wpcf7-form-control wpcf7-text\" type=\"text\" name=\"ort\" value=\"\" size=\"40\" tabindex=\"-1\" autocomplete=\"new-password\" \/><\/span>\n<\/p>\n<p><input class=\"wpcf7-form-control wpcf7-submit has-spinner\" type=\"submit\" value=\"Send\" \/>\n<\/p><div class=\"wpcf7-response-output\" aria-hidden=\"true\"><\/div>\n<\/form>\n<\/div>\n\n<\/div>\n<\/div><\/div>\n\n<p><\/p>\n","protected":false},"excerpt":{"rendered":"<p>Yonex summer camps at the Olympica In 2026, the Olympica will once again be organizing 3 different Yonex summer camps. These will take place on the following dates: 04. - 10.07.2026 -&gt; Adult performance camp11. - 17.07.2026 -&gt; Junior summer camp18. - 24.07.2026 -&gt; Adult hobby camp Fun &amp; performance camp Single room Standard Fr. [&hellip;]<\/p>\n","protected":false},"author":3,"featured_media":0,"parent":0,"menu_order":0,"comment_status":"closed","ping_status":"closed","template":"","meta":{"inline_featured_image":false,"_uag_custom_page_level_css":"","slim_seo":{"title":"yonexcamps - Sport &amp; Wellness - Hotel Olympica","description":"Yonex summer camps at the Olympica In 2026, the Olympica will once again be organizing 3 different Yonex summer camps. These will take place on the following da"},"footnotes":""},"class_list":["post-5566","page","type-page","status-publish","hentry"],"uagb_featured_image_src":{"full":false,"thumbnail":false,"medium":false,"medium_large":false,"large":false,"1536x1536":false,"2048x2048":false},"uagb_author_info":{"display_name":"Rico","author_link":"https:\/\/www.olympica.ch\/en\/author\/rico\/"},"uagb_comment_info":0,"uagb_excerpt":"Yonex summer camps at the Olympica In 2026, the Olympica will once again be organizing 3 different Yonex summer camps. These will take place on the following dates: 04. - 10.07.2026 -&gt; Adult performance camp11. - 17.07.2026 -&gt; Junior summer camp18. - 24.07.2026 -&gt; Adult hobby camp Fun &amp; performance camp Single room Standard Fr.&hellip;","_links":{"self":[{"href":"https:\/\/www.olympica.ch\/en\/wp-json\/wp\/v2\/pages\/5566","targetHints":{"allow":["GET"]}}],"collection":[{"href":"https:\/\/www.olympica.ch\/en\/wp-json\/wp\/v2\/pages"}],"about":[{"href":"https:\/\/www.olympica.ch\/en\/wp-json\/wp\/v2\/types\/page"}],"author":[{"embeddable":true,"href":"https:\/\/www.olympica.ch\/en\/wp-json\/wp\/v2\/users\/3"}],"replies":[{"embeddable":true,"href":"https:\/\/www.olympica.ch\/en\/wp-json\/wp\/v2\/comments?post=5566"}],"version-history":[{"count":18,"href":"https:\/\/www.olympica.ch\/en\/wp-json\/wp\/v2\/pages\/5566\/revisions"}],"predecessor-version":[{"id":5840,"href":"https:\/\/www.olympica.ch\/en\/wp-json\/wp\/v2\/pages\/5566\/revisions\/5840"}],"wp:attachment":[{"href":"https:\/\/www.olympica.ch\/en\/wp-json\/wp\/v2\/media?parent=5566"}],"curies":[{"name":"wp","href":"https:\/\/api.w.org\/{rel}","templated":true}]}}