{"id":1799,"date":"2023-09-14T11:25:33","date_gmt":"2023-09-14T09:25:33","guid":{"rendered":"https:\/\/www.olympica.ch\/restaurante-pizzeria\/"},"modified":"2026-04-03T09:35:19","modified_gmt":"2026-04-03T07:35:19","slug":"restaurante-pizzeria","status":"publish","type":"page","link":"https:\/\/www.olympica.ch\/es\/restaurante-pizzeria\/","title":{"rendered":"Restaurante, Pizzer\u00eda Olympica en Brig-Glis"},"content":{"rendered":"\n<div class=\"wp-block-uagb-container imgright uagb-block-d88e8c5f alignfull uagb-is-root-container\"><div class=\"uagb-container-inner-blocks-wrap\">\n<div class=\"wp-block-uagb-container uagb-block-9f0b7a90\"><h1 class=\"wp-block-post-title\">Restaurante, Pizzer\u00eda Olympica en Brig-Glis<\/h1><\/div>\n<\/div><\/div>\n\n<div class=\"wp-block-uagb-container imgleft uagb-block-1bd0752d alignfull uagb-is-root-container\"><div class=\"uagb-container-inner-blocks-wrap\">\n<div class=\"wp-block-uagb-container animated fadeInBottomLeft uagb-block-90f3760b\">\n<figure class=\"wp-block-image size-large\"><img loading=\"lazy\" decoding=\"async\" width=\"1024\" height=\"683\" src=\"http:\/\/www.olympica.ch\/wp-content\/uploads\/2023\/09\/restaurant-olympica-brig-glis-1024x683.webp\" alt=\"Restaurante Olympica en Brig-Glis\" class=\"wp-image-411\" srcset=\"https:\/\/www.olympica.ch\/wp-content\/uploads\/2023\/09\/restaurant-olympica-brig-glis-1024x683.webp 1024w, https:\/\/www.olympica.ch\/wp-content\/uploads\/2023\/09\/restaurant-olympica-brig-glis-300x200.webp 300w, https:\/\/www.olympica.ch\/wp-content\/uploads\/2023\/09\/restaurant-olympica-brig-glis-768x512.webp 768w, https:\/\/www.olympica.ch\/wp-content\/uploads\/2023\/09\/restaurant-olympica-brig-glis.webp 1420w\" sizes=\"auto, (max-width: 1024px) 100vw, 1024px\" \/><\/figure>\n<\/div>\n\n\n\n<div class=\"wp-block-uagb-container animated fadeInBottomRight uagb-block-793554f2\">\n<h2 class=\"wp-block-heading has-text-align-left\">\u00a1Disfrute de la versatilidad!<\/h2>\n\n\n\n<p>Cocina \/ pizzer\u00eda abierta todos los d\u00edas de 11.<strong> 30-14h \/ 17.30-22h<\/strong> (posibilidad de reservas \/ pedidos por adelantado, abierta los fines de semana de 11.30-22.00)  <\/p>\n\n\n\n<div class=\"wp-block-uagb-icon-list uagb-block-d85d8b30\"><div class=\"uagb-icon-list__wrap\">\n<div class=\"wp-block-uagb-icon-list-child uagb-block-ce54b491\"><span class=\"uagb-icon-list__source-wrap\"><svg xmlns=\"https:\/\/www.w3.org\/2000\/svg\" viewbox=\"0 0 512 512\"><path d=\"M256 0C114.6 0 0 114.6 0 256c0 141.4 114.6 256 256 256s256-114.6 256-256C512 114.6 397.4 0 256 0zM406.6 278.6l-103.1 103.1c-12.5 12.5-32.75 12.5-45.25 0s-12.5-32.75 0-45.25L306.8 288H128C110.3 288 96 273.7 96 256s14.31-32 32-32h178.8l-49.38-49.38c-12.5-12.5-12.5-32.75 0-45.25s32.75-12.5 45.25 0l103.1 103.1C414.6 241.3 416 251.1 416 256C416 260.9 414.6 270.7 406.6 278.6z\"><\/path><\/svg><\/span><span class=\"uagb-icon-list__label\">De lunes a viernes, tres men\u00fas de mediod\u00eda (carne \/ pescado \/ vegetariano)<\/span><\/div>\n\n\n\n<div class=\"wp-block-uagb-icon-list-child uagb-block-a3167428\"><span class=\"uagb-icon-list__source-wrap\"><svg xmlns=\"https:\/\/www.w3.org\/2000\/svg\" viewbox=\"0 0 512 512\"><path d=\"M256 0C114.6 0 0 114.6 0 256c0 141.4 114.6 256 256 256s256-114.6 256-256C512 114.6 397.4 0 256 0zM406.6 278.6l-103.1 103.1c-12.5 12.5-32.75 12.5-45.25 0s-12.5-32.75 0-45.25L306.8 288H128C110.3 288 96 273.7 96 256s14.31-32 32-32h178.8l-49.38-49.38c-12.5-12.5-12.5-32.75 0-45.25s32.75-12.5 45.25 0l103.1 103.1C414.6 241.3 416 251.1 416 256C416 260.9 414.6 270.7 406.6 278.6z\"><\/path><\/svg><\/span><span class=\"uagb-icon-list__label\">Pizza y pasta<\/span><\/div>\n\n\n\n<div class=\"wp-block-uagb-icon-list-child uagb-block-272ee211\"><span class=\"uagb-icon-list__source-wrap\"><svg xmlns=\"https:\/\/www.w3.org\/2000\/svg\" viewbox=\"0 0 512 512\"><path d=\"M256 0C114.6 0 0 114.6 0 256c0 141.4 114.6 256 256 256s256-114.6 256-256C512 114.6 397.4 0 256 0zM406.6 278.6l-103.1 103.1c-12.5 12.5-32.75 12.5-45.25 0s-12.5-32.75 0-45.25L306.8 288H128C110.3 288 96 273.7 96 256s14.31-32 32-32h178.8l-49.38-49.38c-12.5-12.5-12.5-32.75 0-45.25s32.75-12.5 45.25 0l103.1 103.1C414.6 241.3 416 251.1 416 256C416 260.9 414.6 270.7 406.6 278.6z\"><\/path><\/svg><\/span><span class=\"uagb-icon-list__label\">Especialidades regionales<\/span><\/div>\n\n\n\n<div class=\"wp-block-uagb-icon-list-child uagb-block-9bb4907a\"><span class=\"uagb-icon-list__source-wrap\"><svg xmlns=\"https:\/\/www.w3.org\/2000\/svg\" viewbox=\"0 0 512 512\"><path d=\"M256 0C114.6 0 0 114.6 0 256c0 141.4 114.6 256 256 256s256-114.6 256-256C512 114.6 397.4 0 256 0zM406.6 278.6l-103.1 103.1c-12.5 12.5-32.75 12.5-45.25 0s-12.5-32.75 0-45.25L306.8 288H128C110.3 288 96 273.7 96 256s14.31-32 32-32h178.8l-49.38-49.38c-12.5-12.5-12.5-32.75 0-45.25s32.75-12.5 45.25 0l103.1 103.1C414.6 241.3 416 251.1 416 256C416 260.9 414.6 270.7 406.6 278.6z\"><\/path><\/svg><\/span><span class=\"uagb-icon-list__label\">Gran buffet de ensaladas con m\u00e1s de 20 ensaladas frescas<\/span><\/div>\n<\/div><\/div>\n\n\n\n<div style=\"height:20px\" aria-hidden=\"true\" class=\"wp-block-spacer\"><\/div>\n\n\n\n<div class=\"wp-block-buttons has-custom-font-size is-content-justification-center is-layout-flex wp-container-core-buttons-is-layout-a89b3969 wp-block-buttons-is-layout-flex\" style=\"font-size:clamp(14px, 0.875rem + ((1vw - 3.2px) * 0.114), 15px);\">\n<div class=\"wp-block-button is-style-outline is-style-outline--1\"><a class=\"wp-block-button__link wp-element-button\" href=\"https:\/\/linktr.ee\/olympicarestaurant\" style=\"border-radius:20px\">Comida y bebida<\/a><\/div>\n\n\n\n<div class=\"wp-block-button is-style-outline is-style-outline--2\"><a class=\"wp-block-button__link wp-element-button\" href=\"https:\/\/www.olympica.ch\/es\/nuestros-menus-de-mediodia\/\" style=\"border-radius:20px\">Nuestros men\u00fas de mediod\u00eda<\/a><\/div>\n\n\n\n<div class=\"wp-block-button is-style-outline is-style-outline--3\"><a class=\"wp-block-button__link wp-element-button\" href=\"https:\/\/www.olympica.ch\/wp-content\/uploads\/2024\/11\/menuvorschlaege-olympica.pdf\" style=\"border-radius:20px\" target=\"_blank\" rel=\"noreferrer noopener\">Sugerencias de men\u00fa<\/a><\/div>\n\n\n\n<div class=\"wp-block-button is-style-outline is-style-outline--4\"><a class=\"wp-block-button__link wp-element-button\" href=\"https:\/\/www.olympica.ch\/wp-content\/uploads\/2026\/02\/Aperovorschlaege-2026.pdf\" style=\"border-radius:20px\">Sugerencias para el aperitivo<\/a><\/div>\n\n\n\n<div class=\"wp-block-button is-style-outline is-style-outline--5\"><a class=\"wp-block-button__link wp-element-button\" href=\"https:\/\/www.olympica.ch\/es\/menu-de-pascua-2026\/\" style=\"border-radius:20px\">Men\u00fa de Pascua 2026<\/a><\/div>\n<\/div>\n<\/div>\n<\/div><\/div>\n\n<div class=\"wp-block-uagb-container imgright uagb-block-2c614de9 alignfull uagb-is-root-container\"><div class=\"uagb-container-inner-blocks-wrap\">\n<div class=\"wp-block-uagb-container animated fadeInBottomLeft uagb-block-4b7a9159\">\n<h2 class=\"wp-block-heading has-text-align-left\">Pizza al horno de le\u00f1a<\/h2>\n\n\n\n<p>Cuando piensa en el Olympica, \u00a1piensa autom\u00e1ticamente en nuestra pizzer\u00eda! Somos conocidos m\u00e1s all\u00e1 de las fronteras cantonales por nuestras pizzas \u00fanicas y su sabor inconfundible. Aqu\u00ed podr\u00e1 seguir disfrutando de una \"aut\u00e9ntica\" pizza italiana al carb\u00f3n, preparada con mucho amor.<\/p>\n\n\n\n<p>Puedes preparar tu pizza favorita en 3 tama\u00f1os diferentes con m\u00e1s de 20 ingredientes distintos para satisfacer tus gustos.<\/p>\n\n\n\n<div style=\"height:20px\" aria-hidden=\"true\" class=\"wp-block-spacer\"><\/div>\n\n\n\n<div class=\"wp-block-buttons has-custom-font-size is-layout-flex wp-block-buttons-is-layout-flex\" style=\"font-size:clamp(14px, 0.875rem + ((1vw - 3.2px) * 0.114), 15px);\">\n<div class=\"wp-block-button is-style-outline is-style-outline--6\"><a class=\"wp-block-button__link wp-element-button\" href=\"https:\/\/linktr.ee\/olympicarestaurant\" style=\"border-radius:20px\">Comida y bebida<\/a><\/div>\n<\/div>\n<\/div>\n\n\n\n<div class=\"wp-block-uagb-container animated fadeInBottomRight uagb-block-c5aaf5e1\">\n<figure class=\"wp-block-image size-large\"><img loading=\"lazy\" decoding=\"async\" width=\"1024\" height=\"683\" src=\"http:\/\/www.olympica.ch\/wp-content\/uploads\/2023\/09\/olympica-holzofen-pizza-brig-glis-1024x683.webp\" alt=\"Pizza al horno de le&#xF1;a en el restaurante Olympica de Brig-Glis\" class=\"wp-image-728\" srcset=\"https:\/\/www.olympica.ch\/wp-content\/uploads\/2023\/09\/olympica-holzofen-pizza-brig-glis-1024x683.webp 1024w, https:\/\/www.olympica.ch\/wp-content\/uploads\/2023\/09\/olympica-holzofen-pizza-brig-glis-300x200.webp 300w, https:\/\/www.olympica.ch\/wp-content\/uploads\/2023\/09\/olympica-holzofen-pizza-brig-glis-768x512.webp 768w, https:\/\/www.olympica.ch\/wp-content\/uploads\/2023\/09\/olympica-holzofen-pizza-brig-glis.webp 1420w\" sizes=\"auto, (max-width: 1024px) 100vw, 1024px\" \/><\/figure>\n<\/div>\n<\/div><\/div>\n\n<div class=\"wp-block-uagb-container imgright zimmer uagb-block-3c34668a alignfull uagb-is-root-container\"><div class=\"uagb-container-inner-blocks-wrap\">\n<div class=\"wp-block-uagb-container uagb-block-6aa06cc0\">\n<h2 class=\"wp-block-heading has-text-align-left\">Terraza<\/h2>\n\n\n\n<p>Con una maravillosa vista de las monta\u00f1as, a 10 metros del suelo, \u00a1nuestros hu\u00e9spedes pueden disfrutar de horas maravillosas y recargar las pilas al sol <a href=\"https:\/\/ochsen-niederuzwil.ch\/apotheka\/prednisone\/\" style=\"color:inherit;\">y\/o<\/a> al aire libre!<\/p>\n\n\n\n<div style=\"height:20px\" aria-hidden=\"true\" class=\"wp-block-spacer\"><\/div>\n\n\n\n<div class=\"wp-block-buttons has-custom-font-size is-layout-flex wp-block-buttons-is-layout-flex\" style=\"font-size:clamp(14px, 0.875rem + ((1vw - 3.2px) * 0.114), 15px);\">\n<div class=\"wp-block-button is-style-outline is-style-outline--7\"><a class=\"wp-block-button__link wp-element-button\" href=\"https:\/\/linktr.ee\/olympicarestaurant\" style=\"border-radius:20px\">Comida y bebida<\/a><\/div>\n<\/div>\n<\/div>\n\n\n\n<div class=\"wp-block-uagb-container uagb-block-8bbfe4bd\">\n<div class=\"wp-block-uagb-slider uagb-block-c8e5e6ec uagb-slider-container\"><div class=\"uagb-slides uagb-swiper\"><div class=\"swiper-wrapper\">\n<div class=\"wp-block-uagb-slider-child uagb-slider-child-wrap swiper-slide uagb-block-a7b2e5b2\"><div class=\"swiper-content\">\n<figure class=\"wp-block-image size-full\"><img loading=\"lazy\" decoding=\"async\" width=\"800\" height=\"545\" src=\"http:\/\/www.olympica.ch\/wp-content\/uploads\/2023\/09\/terrasse-olympica-01.webp\" alt=\"Terraza solarium y jard&#xED;n en Brig\" class=\"wp-image-483\" srcset=\"https:\/\/www.olympica.ch\/wp-content\/uploads\/2023\/09\/terrasse-olympica-01.webp 800w, https:\/\/www.olympica.ch\/wp-content\/uploads\/2023\/09\/terrasse-olympica-01-300x204.webp 300w, https:\/\/www.olympica.ch\/wp-content\/uploads\/2023\/09\/terrasse-olympica-01-768x523.webp 768w\" sizes=\"auto, (max-width: 800px) 100vw, 800px\" \/><\/figure>\n<\/div><\/div>\n\n\n\n<div class=\"wp-block-uagb-slider-child uagb-slider-child-wrap swiper-slide uagb-block-24303d17\"><div class=\"swiper-content\">\n<figure class=\"wp-block-image size-full\"><img loading=\"lazy\" decoding=\"async\" width=\"800\" height=\"545\" src=\"http:\/\/www.olympica.ch\/wp-content\/uploads\/2023\/09\/terrasse-olympica-02.webp\" alt=\"Terraza solarium y jard&#xED;n en Brig\" class=\"wp-image-482\" srcset=\"https:\/\/www.olympica.ch\/wp-content\/uploads\/2023\/09\/terrasse-olympica-02.webp 800w, https:\/\/www.olympica.ch\/wp-content\/uploads\/2023\/09\/terrasse-olympica-02-300x204.webp 300w, https:\/\/www.olympica.ch\/wp-content\/uploads\/2023\/09\/terrasse-olympica-02-768x523.webp 768w\" sizes=\"auto, (max-width: 800px) 100vw, 800px\" \/><\/figure>\n<\/div><\/div>\n\n\n\n<div class=\"wp-block-uagb-slider-child uagb-slider-child-wrap swiper-slide uagb-block-f4d2999b\"><div class=\"swiper-content\">\n<figure class=\"wp-block-image size-full\"><img loading=\"lazy\" decoding=\"async\" width=\"800\" height=\"545\" src=\"http:\/\/www.olympica.ch\/wp-content\/uploads\/2023\/09\/terrasse-olympica-03.webp\" alt=\"Terraza solarium y jard&#xED;n en Brig\" class=\"wp-image-481\" srcset=\"https:\/\/www.olympica.ch\/wp-content\/uploads\/2023\/09\/terrasse-olympica-03.webp 800w, https:\/\/www.olympica.ch\/wp-content\/uploads\/2023\/09\/terrasse-olympica-03-300x204.webp 300w, https:\/\/www.olympica.ch\/wp-content\/uploads\/2023\/09\/terrasse-olympica-03-768x523.webp 768w\" sizes=\"auto, (max-width: 800px) 100vw, 800px\" \/><\/figure>\n<\/div><\/div>\n\n\n\n<div class=\"wp-block-uagb-slider-child uagb-slider-child-wrap swiper-slide uagb-block-17b85f20\"><div class=\"swiper-content\">\n<figure class=\"wp-block-image size-full\"><img loading=\"lazy\" decoding=\"async\" width=\"800\" height=\"545\" src=\"http:\/\/www.olympica.ch\/wp-content\/uploads\/2023\/09\/terrasse-olympica-04.webp\" alt=\"Terraza solarium y jard&#xED;n en Brig\" class=\"wp-image-480\" srcset=\"https:\/\/www.olympica.ch\/wp-content\/uploads\/2023\/09\/terrasse-olympica-04.webp 800w, https:\/\/www.olympica.ch\/wp-content\/uploads\/2023\/09\/terrasse-olympica-04-300x204.webp 300w, https:\/\/www.olympica.ch\/wp-content\/uploads\/2023\/09\/terrasse-olympica-04-768x523.webp 768w\" sizes=\"auto, (max-width: 800px) 100vw, 800px\" \/><\/figure>\n<\/div><\/div>\n<\/div><\/div><div class=\"swiper-pagination\"><\/div><div class=\"swiper-button-prev\"><\/div><div class=\"swiper-button-next\"><\/div><\/div>\n<\/div>\n<\/div><\/div>\n\n<div class=\"wp-block-uagb-container imgleft uagb-block-2836b2ef alignfull uagb-is-root-container\"><div class=\"uagb-container-inner-blocks-wrap\">\n<div class=\"wp-block-uagb-container uagb-block-fdb35577\">\n<div class=\"wp-block-uagb-slider uagb-block-8703b9e8 uagb-slider-container\"><div class=\"uagb-slides uagb-swiper\"><div class=\"swiper-wrapper\">\n<div class=\"wp-block-uagb-slider-child uagb-slider-child-wrap swiper-slide uagb-block-b161ade0\"><div class=\"swiper-content\">\n<div class=\"wp-block-uagb-container uagb-block-0bbfdb93\">\n<figure class=\"wp-block-image size-large\"><img loading=\"lazy\" decoding=\"async\" width=\"820\" height=\"1024\" src=\"https:\/\/www.olympica.ch\/wp-content\/uploads\/2024\/12\/Apero1-820x1024.webp\" alt=\"\" class=\"wp-image-3964\" srcset=\"https:\/\/www.olympica.ch\/wp-content\/uploads\/2024\/12\/Apero1-820x1024.webp 820w, https:\/\/www.olympica.ch\/wp-content\/uploads\/2024\/12\/Apero1-240x300.webp 240w, https:\/\/www.olympica.ch\/wp-content\/uploads\/2024\/12\/Apero1-768x960.webp 768w, https:\/\/www.olympica.ch\/wp-content\/uploads\/2024\/12\/Apero1.webp 1179w\" sizes=\"auto, (max-width: 820px) 100vw, 820px\" \/><\/figure>\n<\/div>\n<\/div><\/div>\n\n\n\n<div class=\"wp-block-uagb-slider-child uagb-slider-child-wrap swiper-slide uagb-block-c6bea76f\"><div class=\"swiper-content\">\n<div class=\"wp-block-uagb-container uagb-block-e8a22740\">\n<figure class=\"wp-block-image size-large\"><img loading=\"lazy\" decoding=\"async\" width=\"820\" height=\"1024\" src=\"https:\/\/www.olympica.ch\/wp-content\/uploads\/2024\/12\/Apero2-820x1024.webp\" alt=\"\" class=\"wp-image-3968\" srcset=\"https:\/\/www.olympica.ch\/wp-content\/uploads\/2024\/12\/Apero2-820x1024.webp 820w, https:\/\/www.olympica.ch\/wp-content\/uploads\/2024\/12\/Apero2-240x300.webp 240w, https:\/\/www.olympica.ch\/wp-content\/uploads\/2024\/12\/Apero2-768x960.webp 768w, https:\/\/www.olympica.ch\/wp-content\/uploads\/2024\/12\/Apero2.webp 1179w\" sizes=\"auto, (max-width: 820px) 100vw, 820px\" \/><\/figure>\n<\/div>\n<\/div><\/div>\n\n\n\n<div class=\"wp-block-uagb-slider-child uagb-slider-child-wrap swiper-slide uagb-block-4a3a1ce4\"><div class=\"swiper-content\">\n<div class=\"wp-block-uagb-container uagb-block-0373d72c\">\n<figure class=\"wp-block-image size-large\"><img loading=\"lazy\" decoding=\"async\" width=\"820\" height=\"1024\" src=\"https:\/\/www.olympica.ch\/wp-content\/uploads\/2024\/12\/Apero3-820x1024.webp\" alt=\"\" class=\"wp-image-3972\" srcset=\"https:\/\/www.olympica.ch\/wp-content\/uploads\/2024\/12\/Apero3-820x1024.webp 820w, https:\/\/www.olympica.ch\/wp-content\/uploads\/2024\/12\/Apero3-240x300.webp 240w, https:\/\/www.olympica.ch\/wp-content\/uploads\/2024\/12\/Apero3-768x960.webp 768w, https:\/\/www.olympica.ch\/wp-content\/uploads\/2024\/12\/Apero3.webp 1179w\" sizes=\"auto, (max-width: 820px) 100vw, 820px\" \/><\/figure>\n<\/div>\n<\/div><\/div>\n\n\n\n<div class=\"wp-block-uagb-slider-child uagb-slider-child-wrap swiper-slide uagb-block-0272f55d\"><div class=\"swiper-content\">\n<div class=\"wp-block-uagb-container uagb-block-28ffe11e\">\n<figure class=\"wp-block-image size-large\"><img loading=\"lazy\" decoding=\"async\" width=\"820\" height=\"1024\" src=\"https:\/\/www.olympica.ch\/wp-content\/uploads\/2024\/12\/Apero4-820x1024.webp\" alt=\"\" class=\"wp-image-3976\" srcset=\"https:\/\/www.olympica.ch\/wp-content\/uploads\/2024\/12\/Apero4-820x1024.webp 820w, https:\/\/www.olympica.ch\/wp-content\/uploads\/2024\/12\/Apero4-240x300.webp 240w, https:\/\/www.olympica.ch\/wp-content\/uploads\/2024\/12\/Apero4-768x960.webp 768w, https:\/\/www.olympica.ch\/wp-content\/uploads\/2024\/12\/Apero4.webp 1179w\" sizes=\"auto, (max-width: 820px) 100vw, 820px\" \/><\/figure>\n<\/div>\n<\/div><\/div>\n\n\n\n<div class=\"wp-block-uagb-slider-child uagb-slider-child-wrap swiper-slide uagb-block-2134c1a9\"><div class=\"swiper-content\">\n<div class=\"wp-block-uagb-container uagb-block-30208ea6\">\n<figure class=\"wp-block-image size-large\"><img loading=\"lazy\" decoding=\"async\" width=\"820\" height=\"1024\" src=\"https:\/\/www.olympica.ch\/wp-content\/uploads\/2024\/12\/Apero5-820x1024.webp\" alt=\"\" class=\"wp-image-3980\" srcset=\"https:\/\/www.olympica.ch\/wp-content\/uploads\/2024\/12\/Apero5-820x1024.webp 820w, https:\/\/www.olympica.ch\/wp-content\/uploads\/2024\/12\/Apero5-240x300.webp 240w, https:\/\/www.olympica.ch\/wp-content\/uploads\/2024\/12\/Apero5-768x960.webp 768w, https:\/\/www.olympica.ch\/wp-content\/uploads\/2024\/12\/Apero5.webp 1179w\" sizes=\"auto, (max-width: 820px) 100vw, 820px\" \/><\/figure>\n<\/div>\n<\/div><\/div>\n<\/div><\/div><div class=\"swiper-pagination\"><\/div><div class=\"swiper-button-prev\"><\/div><div class=\"swiper-button-next\"><\/div><\/div>\n<\/div>\n\n\n\n<div class=\"wp-block-uagb-container uagb-block-8b2c3260\">\n<h2 class=\"wp-block-heading has-text-align-left\">Aperitivo y brunch<\/h2>\n\n\n\n<p>Disfruta no s\u00f3lo de una comida excelente, sino tambi\u00e9n de una selecci\u00f3n de deliciosos platos de aperitivo, perfectos para empezar la noche relajadamente o para acompa\u00f1ar una buena copa de vino.\nYa sean salados, vegetarianos o con una buena selecci\u00f3n de quesos y embutidos, nuestros platos de aperitivo son ideales para disfrutar en compa\u00f1\u00eda. <\/p>\n\n\n\n<p>Aqu\u00ed encontrar\u00e1s una selecci\u00f3n de nuestra gama:<\/p>\n\n\n\n<div class=\"wp-block-buttons is-layout-flex wp-block-buttons-is-layout-flex\">\n<div class=\"wp-block-button\"><a class=\"wp-block-button__link has-small-font-size has-custom-font-size wp-element-button\" href=\"https:\/\/www.olympica.ch\/wp-content\/uploads\/2026\/02\/Aperovorschlaege-2026.pdf\" target=\"_blank\" rel=\"noreferrer noopener\">Aperitivo y brunch<\/a><\/div>\n<\/div>\n<\/div>\n<\/div><\/div>\n\n<div class=\"wp-block-uagb-container imgright uagb-block-03e72069 alignfull uagb-is-root-container\"><div class=\"uagb-container-inner-blocks-wrap\">\n<div class=\"wp-block-uagb-container uagb-block-ac714e78\">\n<h2 class=\"wp-block-heading has-text-align-left\">Salones, banquetes<\/h2>\n\n\n\n<p>Disponemos de 180 plazas en varias salas para el evento que desee.<\/p>\n\n\n\n<p>D\u00e9jese asesorar por nosotros, \u00a1estamos seguros de que encontrar\u00e1 exactamente lo que busca!<\/p>\n\n\n\n<ul class=\"wp-block-list\">\n<li>Confirmaciones - Comuniones<\/li>\n\n\n\n<li>Reuniones - Bodas<\/li>\n\n\n\n<li>Fiestas de cumplea\u00f1os - Fiestas de empresa<\/li>\n\n\n\n<li>Reuniones - Seminarios<\/li>\n\n\n\n<li>Exposiciones - etc.<\/li>\n<\/ul>\n\n\n\n<div style=\"height:20px\" aria-hidden=\"true\" class=\"wp-block-spacer\"><\/div>\n\n\n\n<div class=\"wp-block-buttons has-custom-font-size saele is-layout-flex wp-block-buttons-is-layout-flex\" style=\"font-size:clamp(14px, 0.875rem + ((1vw - 3.2px) * 0.114), 15px);\">\n<div class=\"wp-block-button is-style-outline is-style-outline--8\"><a class=\"wp-block-button__link wp-element-button\" href=\"https:\/\/www.olympica.ch\/es\/pongase-en-contacto-con-nosotros\/\" style=\"border-radius:20px\">Consultas<\/a><\/div>\n<\/div>\n<\/div>\n\n\n\n<div class=\"wp-block-uagb-container uagb-block-59618411\">\n<div class=\"wp-block-senff-sticky-block\" data-topspace=\"100\" data-cfa=\"true\" data-minwidth=\"767\" data-maxwidth=\"99999\" data-pushup=\".saele\" data-zindex=\"1\">\n<figure class=\"wp-block-image size-large\"><img loading=\"lazy\" decoding=\"async\" width=\"1024\" height=\"683\" src=\"http:\/\/www.olympica.ch\/wp-content\/uploads\/2023\/09\/saele-bankett-olympica-brig-glis-1024x683.webp\" alt=\"Salas con capacidad para 180 personas en el Olympica de Brig-Glis\" class=\"wp-image-467\" srcset=\"https:\/\/www.olympica.ch\/wp-content\/uploads\/2023\/09\/saele-bankett-olympica-brig-glis-1024x683.webp 1024w, https:\/\/www.olympica.ch\/wp-content\/uploads\/2023\/09\/saele-bankett-olympica-brig-glis-300x200.webp 300w, https:\/\/www.olympica.ch\/wp-content\/uploads\/2023\/09\/saele-bankett-olympica-brig-glis-768x512.webp 768w, https:\/\/www.olympica.ch\/wp-content\/uploads\/2023\/09\/saele-bankett-olympica-brig-glis.webp 1420w\" sizes=\"auto, (max-width: 1024px) 100vw, 1024px\" \/><\/figure>\n<\/div>\n<\/div>\n<\/div><\/div>\n","protected":false},"excerpt":{"rendered":"<p>\u00a1Disfrute de la versatilidad! Cocina \/ pizzer\u00eda abierta todos los d\u00edas de 11. 30-14h \/ 17.30-22h (posibilidad de reservas \/ pedidos por adelantado, abierta los fines de semana de 11.30-22.00) Pizza al horno de le\u00f1a Cuando piensa en el Olympica, \u00a1piensa autom\u00e1ticamente en nuestra pizzer\u00eda! Somos conocidos m\u00e1s all\u00e1 de las fronteras cantonales por nuestras [&hellip;]<\/p>\n","protected":false},"author":1,"featured_media":0,"parent":0,"menu_order":0,"comment_status":"closed","ping_status":"closed","template":"","meta":{"inline_featured_image":false,"_uag_custom_page_level_css":"","slim_seo":{"title":"Restaurante Olympica Brig | Cocina regional e internacional","description":"Disfruta de especialidades regionales frescas y cocina internacional, como las pizzas del horno de le\u00f1a, en el Restaurante Olympica de Brig-Glis. \u00a1Descubre el men\u00fa ahora!"},"footnotes":""},"class_list":["post-1799","page","type-page","status-publish","hentry"],"uagb_featured_image_src":{"full":false,"thumbnail":false,"medium":false,"medium_large":false,"large":false,"1536x1536":false,"2048x2048":false},"uagb_author_info":{"display_name":"admin","author_link":"https:\/\/www.olympica.ch\/es\/author\/adminischteroly\/"},"uagb_comment_info":0,"uagb_excerpt":"\u00a1Disfrute de la versatilidad! Cocina \/ pizzer\u00eda abierta todos los d\u00edas de 11. 30-14h \/ 17.30-22h (posibilidad de reservas \/ pedidos por adelantado, abierta los fines de semana de 11.30-22.00) Pizza al horno de le\u00f1a Cuando piensa en el Olympica, \u00a1piensa autom\u00e1ticamente en nuestra pizzer\u00eda! Somos conocidos m\u00e1s all\u00e1 de las fronteras cantonales por nuestras&hellip;","_links":{"self":[{"href":"https:\/\/www.olympica.ch\/es\/wp-json\/wp\/v2\/pages\/1799","targetHints":{"allow":["GET"]}}],"collection":[{"href":"https:\/\/www.olympica.ch\/es\/wp-json\/wp\/v2\/pages"}],"about":[{"href":"https:\/\/www.olympica.ch\/es\/wp-json\/wp\/v2\/types\/page"}],"author":[{"embeddable":true,"href":"https:\/\/www.olympica.ch\/es\/wp-json\/wp\/v2\/users\/1"}],"replies":[{"embeddable":true,"href":"https:\/\/www.olympica.ch\/es\/wp-json\/wp\/v2\/comments?post=1799"}],"version-history":[{"count":19,"href":"https:\/\/www.olympica.ch\/es\/wp-json\/wp\/v2\/pages\/1799\/revisions"}],"predecessor-version":[{"id":6199,"href":"https:\/\/www.olympica.ch\/es\/wp-json\/wp\/v2\/pages\/1799\/revisions\/6199"}],"wp:attachment":[{"href":"https:\/\/www.olympica.ch\/es\/wp-json\/wp\/v2\/media?parent=1799"}],"curies":[{"name":"wp","href":"https:\/\/api.w.org\/{rel}","templated":true}]}}