{"id":1806,"date":"2023-09-14T17:09:25","date_gmt":"2023-09-14T15:09:25","guid":{"rendered":"https:\/\/www.olympica.ch\/deporte-y-forma-fisica\/"},"modified":"2025-09-10T13:25:22","modified_gmt":"2025-09-10T11:25:22","slug":"deporte-y-forma-fisica","status":"publish","type":"page","link":"https:\/\/www.olympica.ch\/es\/deporte-y-forma-fisica\/","title":{"rendered":"Tu centro de deporte, fitness y actividad en Valais"},"content":{"rendered":"\n<div class=\"wp-block-uagb-container imgright uagb-block-03e72069 alignfull uagb-is-root-container\"><div class=\"uagb-container-inner-blocks-wrap\">\n<div class=\"wp-block-uagb-container uagb-block-ac714e78\"><h1 class=\"wp-block-post-title\">Tu centro de deporte, fitness y actividad en Valais<\/h1><\/div>\n<\/div><\/div>\n\n<div class=\"wp-block-uagb-container imgright titel uagb-block-c57d989d alignfull uagb-is-root-container\"><div class=\"uagb-container-inner-blocks-wrap\">\n<div class=\"wp-block-uagb-container animated fadeInBottomLeft uagb-block-5d57f67f\">\n<h2 class=\"wp-block-heading has-text-align-left\">Deporte \/ Gimnasio \/ Bienestar<\/h2>\n\n\n\n<p>Queridos aficionados al deporte y al bienestar En este v\u00eddeo, te mostramos por qu\u00e9 deber\u00edas entrenar con nosotros en Olympica:<\/p>\n\n\n\n<ol class=\"wp-block-list\">\n<li>\u00a1Grandes precios de suscripci\u00f3n!<\/li>\n\n\n\n<li>El tenis de mesa, el tenis, el b\u00e1dminton, el v\u00f3ley-playa y todos los cursos semanales est\u00e1n incluidos en todos los abonos (excepto las entradas individuales o los abonos 10\/20). M\u00e1s variedad = m\u00e1s diversi\u00f3n = \u00a1m\u00e1s salud!<\/li>\n\n\n\n<li>Para un bienestar a\u00fan mayor, te recomendamos la opci\u00f3n de suscripci\u00f3n con bienestar, \u00a1tan asequible que es imprescindible!<\/li>\n<\/ol>\n\n\n\n<p><strong>NUEVO:<\/strong> El centro de fitness Olympica est\u00e1 abierto 24 horas al d\u00eda, 7 d\u00edas a la semana, y te ofrece un c\u00f3modo acceso a los equipos con la aplicaci\u00f3n Olympica para Android y Apple. Tambi\u00e9n <a href=\"https:\/\/olympicasportag.virtuagym.com\/webshop\/?club=SmsyUmtnLzB1VWlDSG1LV05UR21MUT09\" target=\"_blank\" rel=\"noopener\" title=\"\">puedes<\/a> cancelar c\u00f3modamente tu suscripci\u00f3n en l\u00ednea y registrarte si es necesario.   <\/p>\n\n\n\n<div style=\"height:20px\" aria-hidden=\"true\" class=\"wp-block-spacer\"><\/div>\n<\/div>\n\n\n\n<div class=\"wp-block-uagb-container animated fadeInBottomRight uagb-block-138e42f7\">\n<figure class=\"wp-block-embed is-type-video is-provider-youtube wp-block-embed-youtube wp-embed-aspect-16-9 wp-has-aspect-ratio\"><div class=\"wp-block-embed__wrapper\">\n<iframe loading=\"lazy\" title=\"Sportcenter Olympica - Promovideo 2024\" width=\"500\" height=\"281\" src=\"https:\/\/www.youtube.com\/embed\/8rlVCs5E7P4?feature=oembed\" frameborder=\"0\" allow=\"accelerometer; autoplay; clipboard-write; encrypted-media; gyroscope; picture-in-picture; web-share\" referrerpolicy=\"strict-origin-when-cross-origin\" allowfullscreen><\/iframe>\n<\/div><\/figure>\n<\/div>\n<\/div><\/div>\n\n<div class=\"wp-block-uagb-container imgleft uagb-block-1bd0752d alignfull uagb-is-root-container\"><div class=\"uagb-container-inner-blocks-wrap\">\n<div class=\"wp-block-uagb-container animated fadeInBottomLeft uagb-block-90f3760b\">\n<figure class=\"wp-block-image size-large\"><img loading=\"lazy\" decoding=\"async\" width=\"1024\" height=\"683\" src=\"https:\/\/www.olympica.ch\/wp-content\/uploads\/2023\/09\/olympica-instruktoren-1024x683.webp\" alt=\"Instructores cursos semanales Olympica Brig-Glis\" class=\"wp-image-500\" srcset=\"https:\/\/www.olympica.ch\/wp-content\/uploads\/2023\/09\/olympica-instruktoren-1024x683.webp 1024w, https:\/\/www.olympica.ch\/wp-content\/uploads\/2023\/09\/olympica-instruktoren-300x200.webp 300w, https:\/\/www.olympica.ch\/wp-content\/uploads\/2023\/09\/olympica-instruktoren-768x512.webp 768w, https:\/\/www.olympica.ch\/wp-content\/uploads\/2023\/09\/olympica-instruktoren.webp 1420w\" sizes=\"auto, (max-width: 1024px) 100vw, 1024px\" \/><\/figure>\n<\/div>\n\n\n\n<div class=\"wp-block-uagb-container animated fadeInBottomRight uagb-block-793554f2\">\n<h2 class=\"wp-block-heading has-text-align-left\">Cursos semanales<\/h2>\n\n\n\n<ul class=\"wp-block-list\">\n<li>Pilates \/ Yoga<\/li>\n\n\n\n<li>Vientre - piernas - trasero<\/li>\n\n\n\n<li>Entrenamiento muscular<\/li>\n\n\n\n<li>M.A.X.<\/li>\n\n\n\n<li>Potencia de salto<\/li>\n\n\n\n<li>Spinning \/ Ciclismo Indoor<\/li>\n<\/ul>\n\n\n\n<div class=\"wp-block-buttons has-custom-font-size is-layout-flex wp-block-buttons-is-layout-flex\" style=\"font-size:clamp(14px, 0.875rem + ((1vw - 3.2px) * 0.114), 15px);\">\n<div class=\"wp-block-button is-style-outline is-style-outline--1\"><a class=\"wp-block-button__link wp-element-button\" href=\"https:\/\/www.olympica.ch\/es\/deporte-y-forma-fisica\/cursos-semanales\/\" style=\"border-radius:20px\">detalles<\/a><\/div>\n<\/div>\n<\/div>\n<\/div><\/div>\n\n<div class=\"wp-block-uagb-container imgright uagb-block-82d07d90 alignfull uagb-is-root-container\"><div class=\"uagb-container-inner-blocks-wrap\">\n<div class=\"wp-block-uagb-container animated fadeInBottomLeft uagb-block-6d806e44\">\n<h2 class=\"wp-block-heading has-text-align-left\">Centro de fitness Brig<\/h2>\n\n\n\n<p>Te esperan m\u00e1s de 2000<sup>m2<\/sup> de sala de musculaci\u00f3n y fitness con los \u00faltimos equipos de entrenamiento y apoyo profesional. Nuestro equipo de fitness estar\u00e1 encantado de elaborar un programa de entrenamiento adaptado a sus necesidades.<\/p>\n\n\n\n<div style=\"height:20px\" aria-hidden=\"true\" class=\"wp-block-spacer\"><\/div>\n\n\n\n<div class=\"wp-block-buttons has-custom-font-size is-layout-flex wp-block-buttons-is-layout-flex\" style=\"font-size:clamp(14px, 0.875rem + ((1vw - 3.2px) * 0.114), 15px);\">\n<div class=\"wp-block-button is-style-outline is-style-outline--2\"><a class=\"wp-block-button__link wp-element-button\" href=\"https:\/\/www.olympica.ch\/es\/deporte-y-forma-fisica\/fitness\/\" style=\"border-radius:20px\">detalles<\/a><\/div>\n<\/div>\n<\/div>\n\n\n\n<div class=\"wp-block-uagb-container animated fadeInBottomRight uagb-block-fcd4bf44\">\n<figure class=\"wp-block-image size-large\"><img loading=\"lazy\" decoding=\"async\" width=\"1024\" height=\"683\" src=\"http:\/\/www.olympica.ch\/wp-content\/uploads\/2023\/11\/fitness-team-olympica-brig-glis-2023-1024x683.webp\" alt=\"Fitness Team Olympica Brig-Glis\" class=\"wp-image-1221\" srcset=\"https:\/\/www.olympica.ch\/wp-content\/uploads\/2023\/11\/fitness-team-olympica-brig-glis-2023-1024x683.webp 1024w, https:\/\/www.olympica.ch\/wp-content\/uploads\/2023\/11\/fitness-team-olympica-brig-glis-2023-300x200.webp 300w, https:\/\/www.olympica.ch\/wp-content\/uploads\/2023\/11\/fitness-team-olympica-brig-glis-2023-768x512.webp 768w, https:\/\/www.olympica.ch\/wp-content\/uploads\/2023\/11\/fitness-team-olympica-brig-glis-2023.webp 1420w\" sizes=\"auto, (max-width: 1024px) 100vw, 1024px\" \/><\/figure>\n<\/div>\n<\/div><\/div>\n\n<div class=\"wp-block-uagb-container imgleft uagb-block-2836b2ef alignfull uagb-is-root-container\"><div class=\"uagb-container-inner-blocks-wrap\">\n<div class=\"wp-block-uagb-container animated fadeInBottomLeft uagb-block-fdb35577\">\n<figure class=\"wp-block-image size-large\"><img loading=\"lazy\" decoding=\"async\" width=\"1024\" height=\"683\" src=\"http:\/\/www.olympica.ch\/wp-content\/uploads\/2023\/09\/indoor-sport-olympica-brig-glis-1024x683.webp\" alt=\"Deportes de interior en Olympica\" class=\"wp-image-508\" srcset=\"https:\/\/www.olympica.ch\/wp-content\/uploads\/2023\/09\/indoor-sport-olympica-brig-glis-1024x683.webp 1024w, https:\/\/www.olympica.ch\/wp-content\/uploads\/2023\/09\/indoor-sport-olympica-brig-glis-300x200.webp 300w, https:\/\/www.olympica.ch\/wp-content\/uploads\/2023\/09\/indoor-sport-olympica-brig-glis-768x512.webp 768w, https:\/\/www.olympica.ch\/wp-content\/uploads\/2023\/09\/indoor-sport-olympica-brig-glis.webp 1420w\" sizes=\"auto, (max-width: 1024px) 100vw, 1024px\" \/><\/figure>\n<\/div>\n\n\n\n<div class=\"wp-block-uagb-container animated fadeInBottomRight uagb-block-8b2c3260\">\n<h2 class=\"wp-block-heading has-text-align-left\">Interior<\/h2>\n\n\n\n<ul class=\"wp-block-list\">\n<li>B\u00e1dminton<\/li>\n\n\n\n<li>Curso de b\u00e1dminton<\/li>\n\n\n\n<li>Bolera<\/li>\n\n\n\n<li>Tenis de mesa<\/li>\n\n\n\n<li>Floorball<\/li>\n<\/ul>\n\n\n\n<div style=\"height:20px\" aria-hidden=\"true\" class=\"wp-block-spacer\"><\/div>\n\n\n\n<div class=\"wp-block-buttons has-custom-font-size pauschale1end is-layout-flex wp-block-buttons-is-layout-flex\" style=\"font-size:clamp(14px, 0.875rem + ((1vw - 3.2px) * 0.114), 15px);\">\n<div class=\"wp-block-button is-style-outline is-style-outline--3\"><a class=\"wp-block-button__link wp-element-button\" href=\"https:\/\/www.olympica.ch\/es\/deporte-y-forma-fisica\/interior\/\" style=\"border-radius:20px\">detalles<\/a><\/div>\n<\/div>\n<\/div>\n<\/div><\/div>\n\n<div class=\"wp-block-uagb-container imgright uagb-block-2c614de9 alignfull uagb-is-root-container\"><div class=\"uagb-container-inner-blocks-wrap\">\n<div class=\"wp-block-uagb-container animated fadeInBottomLeft uagb-block-4b7a9159\">\n<h2 class=\"wp-block-heading has-text-align-left\">En el exterior<\/h2>\n\n\n\n<ul class=\"wp-block-list\">\n<li>Tenis<\/li>\n\n\n\n<li>F\u00fatbol<\/li>\n\n\n\n<li>Voleibol de playa<\/li>\n\n\n\n<li>Excursiones de esqu\u00ed<\/li>\n\n\n\n<li>Barranquismo<\/li>\n\n\n\n<li>V\u00eda ferrata<\/li>\n\n\n\n<li>Excursi\u00f3n a los glaciares<\/li>\n<\/ul>\n\n\n\n<div style=\"height:20px\" aria-hidden=\"true\" class=\"wp-block-spacer\"><\/div>\n\n\n\n<div class=\"wp-block-buttons has-custom-font-size is-layout-flex wp-block-buttons-is-layout-flex\" style=\"font-size:clamp(14px, 0.875rem + ((1vw - 3.2px) * 0.114), 15px);\">\n<div class=\"wp-block-button is-style-outline is-style-outline--4\"><a class=\"wp-block-button__link wp-element-button\" href=\"https:\/\/www.olympica.ch\/es\/deporte-y-forma-fisica\/en-el-exterior\/\" style=\"border-radius:20px\">detalles<\/a><\/div>\n<\/div>\n<\/div>\n\n\n\n<div class=\"wp-block-uagb-container animated fadeInBottomRight uagb-block-c5aaf5e1\">\n<figure class=\"wp-block-image size-large\"><img loading=\"lazy\" decoding=\"async\" width=\"1024\" height=\"683\" src=\"http:\/\/www.olympica.ch\/wp-content\/uploads\/2023\/09\/outdoor-sport-olympica-brig-glis-1024x683.webp\" alt=\"Deportes al aire libre en la Olympica de Brig-Glis\" class=\"wp-image-510\" srcset=\"https:\/\/www.olympica.ch\/wp-content\/uploads\/2023\/09\/outdoor-sport-olympica-brig-glis-1024x683.webp 1024w, https:\/\/www.olympica.ch\/wp-content\/uploads\/2023\/09\/outdoor-sport-olympica-brig-glis-300x200.webp 300w, https:\/\/www.olympica.ch\/wp-content\/uploads\/2023\/09\/outdoor-sport-olympica-brig-glis-768x512.webp 768w, https:\/\/www.olympica.ch\/wp-content\/uploads\/2023\/09\/outdoor-sport-olympica-brig-glis.webp 1420w\" sizes=\"auto, (max-width: 1024px) 100vw, 1024px\" \/><\/figure>\n<\/div>\n<\/div><\/div>\n\n<div class=\"wp-block-uagb-container imgleft uagb-block-0154da7d alignfull uagb-is-root-container\"><div class=\"uagb-container-inner-blocks-wrap\">\n<div class=\"wp-block-uagb-container animated fadeInBottomLeft uagb-block-58513696\">\n<figure class=\"wp-block-image size-large\"><img loading=\"lazy\" decoding=\"async\" width=\"1024\" height=\"683\" src=\"http:\/\/www.olympica.ch\/wp-content\/uploads\/2023\/09\/ernaehrungsberatung-im-olympica-brig-1024x683.webp\" alt=\"Asesoramiento nutricional en Brig-Glis\" class=\"wp-image-654\" srcset=\"https:\/\/www.olympica.ch\/wp-content\/uploads\/2023\/09\/ernaehrungsberatung-im-olympica-brig-1024x683.webp 1024w, https:\/\/www.olympica.ch\/wp-content\/uploads\/2023\/09\/ernaehrungsberatung-im-olympica-brig-300x200.webp 300w, https:\/\/www.olympica.ch\/wp-content\/uploads\/2023\/09\/ernaehrungsberatung-im-olympica-brig-768x512.webp 768w, https:\/\/www.olympica.ch\/wp-content\/uploads\/2023\/09\/ernaehrungsberatung-im-olympica-brig.webp 1420w\" sizes=\"auto, (max-width: 1024px) 100vw, 1024px\" \/><\/figure>\n<\/div>\n\n\n\n<div class=\"wp-block-uagb-container animated fadeInBottomRight uagb-block-49288836\">\n<h2 class=\"wp-block-heading has-text-align-left\">Asesoramiento nutricional<\/h2>\n\n\n\n<p>Sin comida no hay vida.  <\/p>\n\n\n\n<p>No hay vida sana sin comida sana.<\/p>\n\n\n\n<div style=\"height:20px\" aria-hidden=\"true\" class=\"wp-block-spacer\"><\/div>\n\n\n\n<div class=\"wp-block-buttons has-custom-font-size is-layout-flex wp-block-buttons-is-layout-flex\" style=\"font-size:clamp(14px, 0.875rem + ((1vw - 3.2px) * 0.114), 15px);\">\n<div class=\"wp-block-button is-style-outline is-style-outline--5\"><a class=\"wp-block-button__link wp-element-button\" href=\"https:\/\/www.olympica.ch\/es\/deporte-y-forma-fisica\/consejos-sobre-nutricion\/\" style=\"border-radius:20px\">detalles<\/a><\/div>\n<\/div>\n<\/div>\n<\/div><\/div>\n","protected":false},"excerpt":{"rendered":"<p>Deporte \/ Gimnasio \/ Bienestar Queridos aficionados al deporte y al bienestar En este v\u00eddeo, te mostramos por qu\u00e9 deber\u00edas entrenar con nosotros en Olympica: NUEVO: El centro de fitness Olympica est\u00e1 abierto 24 horas al d\u00eda, 7 d\u00edas a la semana, y te ofrece un c\u00f3modo acceso a los equipos con la aplicaci\u00f3n Olympica [&hellip;]<\/p>\n","protected":false},"author":1,"featured_media":0,"parent":0,"menu_order":0,"comment_status":"closed","ping_status":"closed","template":"","meta":{"inline_featured_image":false,"_uag_custom_page_level_css":"","slim_seo":{"title":"Deporte y fitness en el Hotel Olympica - gimnasio, cursos y ofertas deportivas en Brig","description":"Experimenta el fitness, el tenis, el b\u00e1dminton y mucho m\u00e1s en el Hotel Olympica Brig. Moderno gimnasio, cursos variados y wellness para tu entrenamiento y bienestar."},"footnotes":""},"class_list":["post-1806","page","type-page","status-publish","hentry"],"uagb_featured_image_src":{"full":false,"thumbnail":false,"medium":false,"medium_large":false,"large":false,"1536x1536":false,"2048x2048":false},"uagb_author_info":{"display_name":"admin","author_link":"https:\/\/www.olympica.ch\/es\/author\/adminischteroly\/"},"uagb_comment_info":0,"uagb_excerpt":"Deporte \/ Gimnasio \/ Bienestar Queridos aficionados al deporte y al bienestar En este v\u00eddeo, te mostramos por qu\u00e9 deber\u00edas entrenar con nosotros en Olympica: NUEVO: El centro de fitness Olympica est\u00e1 abierto 24 horas al d\u00eda, 7 d\u00edas a la semana, y te ofrece un c\u00f3modo acceso a los equipos con la aplicaci\u00f3n Olympica&hellip;","_links":{"self":[{"href":"https:\/\/www.olympica.ch\/es\/wp-json\/wp\/v2\/pages\/1806","targetHints":{"allow":["GET"]}}],"collection":[{"href":"https:\/\/www.olympica.ch\/es\/wp-json\/wp\/v2\/pages"}],"about":[{"href":"https:\/\/www.olympica.ch\/es\/wp-json\/wp\/v2\/types\/page"}],"author":[{"embeddable":true,"href":"https:\/\/www.olympica.ch\/es\/wp-json\/wp\/v2\/users\/1"}],"replies":[{"embeddable":true,"href":"https:\/\/www.olympica.ch\/es\/wp-json\/wp\/v2\/comments?post=1806"}],"version-history":[{"count":14,"href":"https:\/\/www.olympica.ch\/es\/wp-json\/wp\/v2\/pages\/1806\/revisions"}],"predecessor-version":[{"id":5354,"href":"https:\/\/www.olympica.ch\/es\/wp-json\/wp\/v2\/pages\/1806\/revisions\/5354"}],"wp:attachment":[{"href":"https:\/\/www.olympica.ch\/es\/wp-json\/wp\/v2\/media?parent=1806"}],"curies":[{"name":"wp","href":"https:\/\/api.w.org\/{rel}","templated":true}]}}