{"id":1809,"date":"2023-09-18T16:18:53","date_gmt":"2023-09-18T14:18:53","guid":{"rendered":"https:\/\/www.olympica.ch\/deporte-y-forma-fisica\/interior\/"},"modified":"2025-05-26T17:42:59","modified_gmt":"2025-05-26T15:42:59","slug":"interior","status":"publish","type":"page","link":"https:\/\/www.olympica.ch\/es\/deporte-y-forma-fisica\/interior\/","title":{"rendered":"Una amplia gama de actividades de interior para todo tipo de clima"},"content":{"rendered":"\n<div class=\"wp-block-uagb-container imgright uagb-block-03e72069 alignfull uagb-is-root-container\"><div class=\"uagb-container-inner-blocks-wrap\">\n<div class=\"wp-block-uagb-container uagb-block-ac714e78\"><h1 class=\"wp-block-post-title\">Una amplia gama de actividades de interior para todo tipo de clima<\/h1><\/div>\n<\/div><\/div>\n\n<div class=\"wp-block-uagb-container imgright uagb-block-82d07d90 alignfull uagb-is-root-container\"><div class=\"uagb-container-inner-blocks-wrap\">\n<div class=\"wp-block-uagb-container animated fadeInBottomLeft uagb-block-6d806e44\">\n<h2 class=\"wp-block-heading has-text-align-left\">B\u00e1dminton<\/h2>\n\n\n\n<p>Pabell\u00f3n profesional con 6 campos para competiciones y deportes recreativos.<\/p>\n\n\n\n<p>Por cierto: el Sporthotel Olympica tiene incluso su propio club de b\u00e1dminton: BC Olympica-Brig. Encontrar\u00e1 m\u00e1s informaci\u00f3n sobre nuestro club en <a href=\"https:\/\/www.bc-olympica-brig.ch\" target=\"_blank\" rel=\"noreferrer noopener\">www.bc-olympica-brig.ch.<\/a><\/p>\n<\/div>\n\n\n\n<div class=\"wp-block-uagb-container animated fadeInBottomRight uagb-block-fcd4bf44\">\n<figure class=\"wp-block-image size-large\"><img loading=\"lazy\" decoding=\"async\" width=\"1024\" height=\"683\" src=\"http:\/\/www.olympica.ch\/wp-content\/uploads\/2023\/09\/badminton-im-olympica-in-brig-glis-03-1024x683.webp\" alt=\"B&#xE1;dminton en el Olympica de Brig-Glis\" class=\"wp-image-631\" srcset=\"https:\/\/www.olympica.ch\/wp-content\/uploads\/2023\/09\/badminton-im-olympica-in-brig-glis-03-1024x683.webp 1024w, https:\/\/www.olympica.ch\/wp-content\/uploads\/2023\/09\/badminton-im-olympica-in-brig-glis-03-300x200.webp 300w, https:\/\/www.olympica.ch\/wp-content\/uploads\/2023\/09\/badminton-im-olympica-in-brig-glis-03-768x512.webp 768w, https:\/\/www.olympica.ch\/wp-content\/uploads\/2023\/09\/badminton-im-olympica-in-brig-glis-03.webp 1420w\" sizes=\"auto, (max-width: 1024px) 100vw, 1024px\" \/><\/figure>\n<\/div>\n<\/div><\/div>\n\n<div style=\"height:20px\" aria-hidden=\"true\" class=\"wp-block-spacer\"><\/div>\n\n<div class=\"wp-block-uagb-container imgleft uagb-block-c95d9cac alignfull uagb-is-root-container\"><div class=\"uagb-container-inner-blocks-wrap\">\n<div class=\"wp-block-uagb-container uagb-block-f86b8b13\">\n<figure class=\"wp-block-image size-large\"><img loading=\"lazy\" decoding=\"async\" width=\"1024\" height=\"683\" src=\"http:\/\/www.olympica.ch\/wp-content\/uploads\/2023\/09\/badminton-im-olympica-in-brig-glis-04-1024x683.webp\" alt=\"B&#xE1;dminton en el Olympica de Brig-Glis\" class=\"wp-image-630\" srcset=\"https:\/\/www.olympica.ch\/wp-content\/uploads\/2023\/09\/badminton-im-olympica-in-brig-glis-04-1024x683.webp 1024w, https:\/\/www.olympica.ch\/wp-content\/uploads\/2023\/09\/badminton-im-olympica-in-brig-glis-04-300x200.webp 300w, https:\/\/www.olympica.ch\/wp-content\/uploads\/2023\/09\/badminton-im-olympica-in-brig-glis-04-768x512.webp 768w, https:\/\/www.olympica.ch\/wp-content\/uploads\/2023\/09\/badminton-im-olympica-in-brig-glis-04.webp 1420w\" sizes=\"auto, (max-width: 1024px) 100vw, 1024px\" \/><\/figure>\n<\/div>\n\n\n\n<div class=\"wp-block-uagb-container uagb-block-e77aa3e9\">\n<h2 class=\"wp-block-heading has-text-align-left\">Curso de b\u00e1dminton<\/h2>\n\n\n\n<p>\u00bfQuieres hacerte socio del BC Olympica-Brig o simplemente asistir a un entrenamiento privado para recibir una clase de b\u00e1dminton? Entonces Kai es la persona adecuada para ti. Con su experiencia y habilidad, te inspirar\u00e1 con el deporte del b\u00e1dminton. \u00a1Si est\u00e1 interesado, env\u00edenos un correo electr\u00f3nico a: <a href=\"mailto:info@bc-olympica-brig.ch\">info@bc-olympica-brig.ch!<\/a> <\/p>\n<\/div>\n<\/div><\/div>\n\n<div class=\"wp-block-uagb-container imgright uagb-block-2c614de9 alignfull uagb-is-root-container\"><div class=\"uagb-container-inner-blocks-wrap\">\n<div class=\"wp-block-uagb-container animated fadeInBottomLeft uagb-block-4b7a9159\">\n<h2 class=\"wp-block-heading has-text-align-left\">Tenis de mesa<\/h2>\n\n\n\n<p>Tambi\u00e9n puede jugar al ping-pong con nosotros. Previa solicitud y reserva, podemos preparar hasta 8 mesas para usted.<\/p>\n<\/div>\n\n\n\n<div class=\"wp-block-uagb-container animated fadeInBottomRight uagb-block-c5aaf5e1\">\n<figure class=\"wp-block-image size-large\"><img loading=\"lazy\" decoding=\"async\" width=\"1024\" height=\"683\" src=\"http:\/\/www.olympica.ch\/wp-content\/uploads\/2023\/09\/tischtennis-olympica-brig-glis-04-1024x683.webp\" alt=\"Tenis de mesa en el Olympica de Brig-Glis\" class=\"wp-image-1116\" srcset=\"https:\/\/www.olympica.ch\/wp-content\/uploads\/2023\/09\/tischtennis-olympica-brig-glis-04-1024x683.webp 1024w, https:\/\/www.olympica.ch\/wp-content\/uploads\/2023\/09\/tischtennis-olympica-brig-glis-04-300x200.webp 300w, https:\/\/www.olympica.ch\/wp-content\/uploads\/2023\/09\/tischtennis-olympica-brig-glis-04-768x512.webp 768w, https:\/\/www.olympica.ch\/wp-content\/uploads\/2023\/09\/tischtennis-olympica-brig-glis-04.webp 1422w\" sizes=\"auto, (max-width: 1024px) 100vw, 1024px\" \/><\/figure>\n<\/div>\n<\/div><\/div>\n\n<div class=\"wp-block-uagb-container imgleft uagb-block-66ecb216 alignfull uagb-is-root-container\"><div class=\"uagb-container-inner-blocks-wrap\">\n<div class=\"wp-block-uagb-container uagb-block-2ff00079\">\n<figure class=\"wp-block-image size-large\"><img loading=\"lazy\" decoding=\"async\" width=\"1024\" height=\"683\" src=\"http:\/\/www.olympica.ch\/wp-content\/uploads\/2023\/09\/unihockey-im-olympica-brig-glis-1024x683.webp\" alt=\"Floorball en el Olympica de Brig-Glis\" class=\"wp-image-626\" srcset=\"https:\/\/www.olympica.ch\/wp-content\/uploads\/2023\/09\/unihockey-im-olympica-brig-glis-1024x683.webp 1024w, https:\/\/www.olympica.ch\/wp-content\/uploads\/2023\/09\/unihockey-im-olympica-brig-glis-300x200.webp 300w, https:\/\/www.olympica.ch\/wp-content\/uploads\/2023\/09\/unihockey-im-olympica-brig-glis-768x512.webp 768w, https:\/\/www.olympica.ch\/wp-content\/uploads\/2023\/09\/unihockey-im-olympica-brig-glis.webp 1420w\" sizes=\"auto, (max-width: 1024px) 100vw, 1024px\" \/><\/figure>\n<\/div>\n\n\n\n<div class=\"wp-block-uagb-container uagb-block-24255b91\">\n<h2 class=\"wp-block-heading has-text-align-left\">Floorball<\/h2>\n\n\n\n<p>Por supuesto, nuestra gran sala es ideal para emocionantes partidos de floorball y muchas otras actividades polideportivas. Nuestra sala tambi\u00e9n puede alquilarse para fines de semana de formaci\u00f3n previa solicitud.<\/p>\n<\/div>\n<\/div><\/div>\n","protected":false},"excerpt":{"rendered":"<p>B\u00e1dminton Pabell\u00f3n profesional con 6 campos para competiciones y deportes recreativos. Por cierto: el Sporthotel Olympica tiene incluso su propio club de b\u00e1dminton: BC Olympica-Brig. Encontrar\u00e1 m\u00e1s informaci\u00f3n sobre nuestro club en www.bc-olympica-brig.ch. Curso de b\u00e1dminton \u00bfQuieres hacerte socio del BC Olympica-Brig o simplemente asistir a un entrenamiento privado para recibir una clase de b\u00e1dminton? [&hellip;]<\/p>\n","protected":false},"author":1,"featured_media":0,"parent":1806,"menu_order":0,"comment_status":"closed","ping_status":"closed","template":"","meta":{"inline_featured_image":false,"_uag_custom_page_level_css":"","slim_seo":{"title":"Olympica Brig: Pabellones deportivos y actividades de interior en Valais","description":"Una amplia gama de actividades deportivas de interior en Olympica Brig: b\u00e1dminton, tenis de mesa, floorball y mucho m\u00e1s. Diversi\u00f3n para todas las edades, \u00a1haga el tiempo que haga!"},"footnotes":""},"class_list":["post-1809","page","type-page","status-publish","hentry"],"uagb_featured_image_src":{"full":false,"thumbnail":false,"medium":false,"medium_large":false,"large":false,"1536x1536":false,"2048x2048":false},"uagb_author_info":{"display_name":"admin","author_link":"https:\/\/www.olympica.ch\/es\/author\/adminischteroly\/"},"uagb_comment_info":0,"uagb_excerpt":"B\u00e1dminton Pabell\u00f3n profesional con 6 campos para competiciones y deportes recreativos. Por cierto: el Sporthotel Olympica tiene incluso su propio club de b\u00e1dminton: BC Olympica-Brig. Encontrar\u00e1 m\u00e1s informaci\u00f3n sobre nuestro club en www.bc-olympica-brig.ch. Curso de b\u00e1dminton \u00bfQuieres hacerte socio del BC Olympica-Brig o simplemente asistir a un entrenamiento privado para recibir una clase de b\u00e1dminton?&hellip;","_links":{"self":[{"href":"https:\/\/www.olympica.ch\/es\/wp-json\/wp\/v2\/pages\/1809","targetHints":{"allow":["GET"]}}],"collection":[{"href":"https:\/\/www.olympica.ch\/es\/wp-json\/wp\/v2\/pages"}],"about":[{"href":"https:\/\/www.olympica.ch\/es\/wp-json\/wp\/v2\/types\/page"}],"author":[{"embeddable":true,"href":"https:\/\/www.olympica.ch\/es\/wp-json\/wp\/v2\/users\/1"}],"replies":[{"embeddable":true,"href":"https:\/\/www.olympica.ch\/es\/wp-json\/wp\/v2\/comments?post=1809"}],"version-history":[{"count":2,"href":"https:\/\/www.olympica.ch\/es\/wp-json\/wp\/v2\/pages\/1809\/revisions"}],"predecessor-version":[{"id":4968,"href":"https:\/\/www.olympica.ch\/es\/wp-json\/wp\/v2\/pages\/1809\/revisions\/4968"}],"up":[{"embeddable":true,"href":"https:\/\/www.olympica.ch\/es\/wp-json\/wp\/v2\/pages\/1806"}],"wp:attachment":[{"href":"https:\/\/www.olympica.ch\/es\/wp-json\/wp\/v2\/media?parent=1809"}],"curies":[{"name":"wp","href":"https:\/\/api.w.org\/{rel}","templated":true}]}}