{"id":1812,"date":"2023-09-18T20:17:13","date_gmt":"2023-09-18T18:17:13","guid":{"rendered":"https:\/\/www.olympica.ch\/deporte-y-forma-fisica\/consejos-sobre-nutricion\/"},"modified":"2026-02-16T10:12:06","modified_gmt":"2026-02-16T08:12:06","slug":"consejos-sobre-nutricion","status":"publish","type":"page","link":"https:\/\/www.olympica.ch\/es\/deporte-y-forma-fisica\/consejos-sobre-nutricion\/","title":{"rendered":"Asesoramiento nutricional profesional en Olympica Brig"},"content":{"rendered":"\n<div class=\"wp-block-uagb-container imgright uagb-block-03e72069 alignfull uagb-is-root-container\"><div class=\"uagb-container-inner-blocks-wrap\">\n<div class=\"wp-block-uagb-container uagb-block-ac714e78\"><h1 class=\"wp-block-post-title\">Asesoramiento nutricional profesional en Olympica Brig<\/h1><\/div>\n<\/div><\/div>\n\n<div class=\"wp-block-uagb-container imgleft uagb-block-1bd0752d alignfull uagb-is-root-container\"><div class=\"uagb-container-inner-blocks-wrap\">\n<div class=\"wp-block-uagb-container uagb-block-90f3760b\">\n<div class=\"wp-block-senff-sticky-block\" data-topspace=\"100\" data-cfa=\"true\" data-minwidth=\"767\" data-maxwidth=\"99999\" data-pushup=\".fertig1\" data-zindex=\"1\">\n<figure class=\"wp-block-image size-large\"><img loading=\"lazy\" decoding=\"async\" width=\"1024\" height=\"683\" src=\"http:\/\/www.olympica.ch\/wp-content\/uploads\/2023\/09\/ernaerhungsberatung-petra-zeiter-02-1024x683.webp\" alt=\"Asesoramiento nutricional en el Olympica de Brig-Glis\" class=\"wp-image-1130\" srcset=\"https:\/\/www.olympica.ch\/wp-content\/uploads\/2023\/09\/ernaerhungsberatung-petra-zeiter-02-1024x683.webp 1024w, https:\/\/www.olympica.ch\/wp-content\/uploads\/2023\/09\/ernaerhungsberatung-petra-zeiter-02-300x200.webp 300w, https:\/\/www.olympica.ch\/wp-content\/uploads\/2023\/09\/ernaerhungsberatung-petra-zeiter-02-768x512.webp 768w, https:\/\/www.olympica.ch\/wp-content\/uploads\/2023\/09\/ernaerhungsberatung-petra-zeiter-02.webp 1422w\" sizes=\"auto, (max-width: 1024px) 100vw, 1024px\" \/><\/figure>\n<\/div>\n<\/div>\n\n\n\n<div class=\"wp-block-uagb-container animated fadeInBottomRight uagb-block-793554f2\">\n<h2 class=\"wp-block-heading has-text-align-left\">Petra Zeiter<\/h2>\n\n\n\n<ul class=\"wp-block-list\">\n<li>Terapeuta nutricional certificado <\/li>\n\n\n\n<li>2018 Experto para ex\u00e1menes profesionales Coordinador de pr\u00e1cticas m\u00e9dicas<\/li>\n\n\n\n<li>2017 Coordinador de pr\u00e1cticas m\u00e9dicas<\/li>\n\n\n\n<li>2010 Auxiliar de consultas m\u00e9dicas<\/li>\n<\/ul>\n\n\n\n<p>Comer los alimentos adecuados puede mejorar tu salud y tu rendimiento en el trabajo y en el deporte, mientras que comer los alimentos equivocados puede hacer lo contrario. Adem\u00e1s, una dieta adecuada puede prevenir o al menos minimizar los s\u00edntomas y las enfermedades.<\/p>\n\n\n\n<div style=\"height:20px\" aria-hidden=\"true\" class=\"wp-block-spacer fertig1\"><\/div>\n<\/div>\n<\/div><\/div>\n\n<div style=\"height:20px\" aria-hidden=\"true\" class=\"wp-block-spacer\"><\/div>\n\n<div class=\"wp-block-uagb-container imgright uagb-block-82d07d90 alignfull uagb-is-root-container\"><div class=\"uagb-container-inner-blocks-wrap\">\n<div class=\"wp-block-uagb-container animated fadeInBottomLeft uagb-block-6d806e44\">\n<h2 class=\"wp-block-heading has-text-align-left\">Equilibrado y...<\/h2>\n\n\n\n<p>Si cuidas tu salud, seguir\u00e1s una dieta equilibrada y aportar\u00e1s a tu organismo nutrientes, vitaminas y oligoelementos importantes.<\/p>\n\n\n\n<p>Estar\u00e9 encantada de asesorarte y responder a tus deseos y quejas individuales. Con mi apoyo, te ayudar\u00e9 a conseguir los objetivos que te hayas marcado con tu autodisciplina y motivaci\u00f3n.<\/p>\n<\/div>\n\n\n\n<div class=\"wp-block-uagb-container animated fadeInBottomRight uagb-block-fcd4bf44\">\n<figure class=\"wp-block-image size-large\"><img loading=\"lazy\" decoding=\"async\" width=\"1024\" height=\"683\" src=\"http:\/\/www.olympica.ch\/wp-content\/uploads\/2023\/09\/ernaehrungsberatung-im-olympica-brig-gesund-1024x683.webp\" alt=\"Asesoramiento nutricional en Olympica con Petra Zeiter\" class=\"wp-image-667\" srcset=\"https:\/\/www.olympica.ch\/wp-content\/uploads\/2023\/09\/ernaehrungsberatung-im-olympica-brig-gesund-1024x683.webp 1024w, https:\/\/www.olympica.ch\/wp-content\/uploads\/2023\/09\/ernaehrungsberatung-im-olympica-brig-gesund-300x200.webp 300w, https:\/\/www.olympica.ch\/wp-content\/uploads\/2023\/09\/ernaehrungsberatung-im-olympica-brig-gesund-768x512.webp 768w, https:\/\/www.olympica.ch\/wp-content\/uploads\/2023\/09\/ernaehrungsberatung-im-olympica-brig-gesund.webp 1420w\" sizes=\"auto, (max-width: 1024px) 100vw, 1024px\" \/><\/figure>\n<\/div>\n<\/div><\/div>\n\n<div class=\"wp-block-uagb-container imgleft uagb-block-c95d9cac alignfull uagb-is-root-container\"><div class=\"uagb-container-inner-blocks-wrap\">\n<div class=\"wp-block-uagb-container uagb-block-f86b8b13\">\n<div class=\"wp-block-senff-sticky-block\" data-topspace=\"100\" data-cfa=\"true\" data-minwidth=\"767\" data-maxwidth=\"99999\" data-pushup=\".fertsch\" data-zindex=\"1\">\n<figure class=\"wp-block-image size-large\"><img loading=\"lazy\" decoding=\"async\" width=\"1024\" height=\"683\" src=\"http:\/\/www.olympica.ch\/wp-content\/uploads\/2023\/09\/ernaehrungsberatung-im-olympica-brig-1024x683.webp\" alt=\"Asesoramiento nutricional en Brig-Glis\" class=\"wp-image-654\" srcset=\"https:\/\/www.olympica.ch\/wp-content\/uploads\/2023\/09\/ernaehrungsberatung-im-olympica-brig-1024x683.webp 1024w, https:\/\/www.olympica.ch\/wp-content\/uploads\/2023\/09\/ernaehrungsberatung-im-olympica-brig-300x200.webp 300w, https:\/\/www.olympica.ch\/wp-content\/uploads\/2023\/09\/ernaehrungsberatung-im-olympica-brig-768x512.webp 768w, https:\/\/www.olympica.ch\/wp-content\/uploads\/2023\/09\/ernaehrungsberatung-im-olympica-brig.webp 1420w\" sizes=\"auto, (max-width: 1024px) 100vw, 1024px\" \/><\/figure>\n<\/div>\n<\/div>\n\n\n\n<div class=\"wp-block-uagb-container uagb-block-e77aa3e9\">\n<h2 class=\"wp-block-heading has-text-align-left\">Contacta con nosotros<\/h2>\n\n\n\n<p>La terapia nutricional puede personalizarse para los siguientes problemas:<\/p>\n\n\n\n<ul class=\"wp-block-list\">\n<li>Nutrici\u00f3n para afecciones gastrointestinales<\/li>\n\n\n\n<li>Nutrici\u00f3n para problemas cardiovasculares<\/li>\n\n\n\n<li>Nutrici\u00f3n para las enfermedades de la piel<\/li>\n\n\n\n<li>Nutrici\u00f3n para las enfermedades metab\u00f3licas<\/li>\n\n\n\n<li>Nutrici\u00f3n para sobrepeso\/bajo peso<\/li>\n<\/ul>\n\n\n\n<p>Para ayudarte a comer sano, ahora ofrecemos terapias nutricionales.<\/p>\n\n\n\n<p>Para preguntas y citas, ponte en contacto con:<br\/>M\u00f3vil: <a href=\"tel:+41797024844\">079 702 48 44<\/a><br\/>Correo: <a href=\"mailto:info@ernaehrungs-praxis.com\">info@ernaehrungs-praxis.com<\/a><\/p>\n\n\n\n<p class=\"fertsch\">\"El camino hacia la salud pasa por la cocina, no por la farmacia\". Sebastian Kneipp<\/p>\n<\/div>\n<\/div><\/div>\n","protected":false},"excerpt":{"rendered":"<p>Petra Zeiter Comer los alimentos adecuados puede mejorar tu salud y tu rendimiento en el trabajo y en el deporte, mientras que comer los alimentos equivocados puede hacer lo contrario. Adem\u00e1s, una dieta adecuada puede prevenir o al menos minimizar los s\u00edntomas y las enfermedades. Equilibrado y... Si cuidas tu salud, seguir\u00e1s una dieta equilibrada [&hellip;]<\/p>\n","protected":false},"author":1,"featured_media":0,"parent":1806,"menu_order":0,"comment_status":"closed","ping_status":"closed","template":"","meta":{"inline_featured_image":false,"_uag_custom_page_level_css":"","slim_seo":{"title":"Nutrici\u00f3n sana y asesoramiento en Brig | Olympica nutrition coaching","description":"Asesoramiento nutricional individual en Olympica Brig: perder peso, mejorar el rendimiento, comer sano. Alcanza tus objetivos con apoyo profesional. \u00a1Consigue asesoramiento ahora!"},"footnotes":""},"class_list":["post-1812","page","type-page","status-publish","hentry"],"uagb_featured_image_src":{"full":false,"thumbnail":false,"medium":false,"medium_large":false,"large":false,"1536x1536":false,"2048x2048":false},"uagb_author_info":{"display_name":"admin","author_link":"https:\/\/www.olympica.ch\/es\/author\/adminischteroly\/"},"uagb_comment_info":0,"uagb_excerpt":"Petra Zeiter Comer los alimentos adecuados puede mejorar tu salud y tu rendimiento en el trabajo y en el deporte, mientras que comer los alimentos equivocados puede hacer lo contrario. Adem\u00e1s, una dieta adecuada puede prevenir o al menos minimizar los s\u00edntomas y las enfermedades. Equilibrado y... Si cuidas tu salud, seguir\u00e1s una dieta equilibrada&hellip;","_links":{"self":[{"href":"https:\/\/www.olympica.ch\/es\/wp-json\/wp\/v2\/pages\/1812","targetHints":{"allow":["GET"]}}],"collection":[{"href":"https:\/\/www.olympica.ch\/es\/wp-json\/wp\/v2\/pages"}],"about":[{"href":"https:\/\/www.olympica.ch\/es\/wp-json\/wp\/v2\/types\/page"}],"author":[{"embeddable":true,"href":"https:\/\/www.olympica.ch\/es\/wp-json\/wp\/v2\/users\/1"}],"replies":[{"embeddable":true,"href":"https:\/\/www.olympica.ch\/es\/wp-json\/wp\/v2\/comments?post=1812"}],"version-history":[{"count":4,"href":"https:\/\/www.olympica.ch\/es\/wp-json\/wp\/v2\/pages\/1812\/revisions"}],"predecessor-version":[{"id":6096,"href":"https:\/\/www.olympica.ch\/es\/wp-json\/wp\/v2\/pages\/1812\/revisions\/6096"}],"up":[{"embeddable":true,"href":"https:\/\/www.olympica.ch\/es\/wp-json\/wp\/v2\/pages\/1806"}],"wp:attachment":[{"href":"https:\/\/www.olympica.ch\/es\/wp-json\/wp\/v2\/media?parent=1812"}],"curies":[{"name":"wp","href":"https:\/\/api.w.org\/{rel}","templated":true}]}}