{"id":1826,"date":"2023-09-19T16:32:23","date_gmt":"2023-09-19T14:32:23","guid":{"rendered":"https:\/\/www.olympica.ch\/bolos-juegos\/"},"modified":"2026-03-16T10:32:35","modified_gmt":"2026-03-16T08:32:35","slug":"bolos-juegos","status":"publish","type":"page","link":"https:\/\/www.olympica.ch\/es\/bolos-juegos\/","title":{"rendered":"Bolos, billar, juegos y diversi\u00f3n en Olympica Brig-Glis"},"content":{"rendered":"\n<div class=\"wp-block-uagb-container imgright uagb-block-03e72069 alignfull uagb-is-root-container\"><div class=\"uagb-container-inner-blocks-wrap\">\n<div class=\"wp-block-uagb-container uagb-block-ac714e78\"><h1 class=\"wp-block-post-title\">Bolos, billar, juegos y diversi\u00f3n en Olympica Brig-Glis<\/h1><\/div>\n<\/div><\/div>\n\n<div class=\"wp-block-uagb-container imgleft uagb-block-1bd0752d alignfull uagb-is-root-container\"><div class=\"uagb-container-inner-blocks-wrap\">\n<div class=\"wp-block-uagb-container animated fadeInBottomLeft uagb-block-90f3760b\">\n<div class=\"wp-block-uagb-slider uagb-block-9859d7d9 uagb-slider-container\"><div class=\"uagb-slides uagb-swiper\"><div class=\"swiper-wrapper\">\n<div class=\"wp-block-uagb-slider-child uagb-slider-child-wrap swiper-slide uagb-block-956c8459\"><div class=\"swiper-content\">\n<figure class=\"wp-block-image size-full\"><img loading=\"lazy\" decoding=\"async\" width=\"1420\" height=\"947\" src=\"http:\/\/www.olympica.ch\/wp-content\/uploads\/2023\/09\/bowling-games-olympica-brig-glis-02.webp\" alt=\"Juegos en el Olympica Brig-Glis\" class=\"wp-image-813\" srcset=\"https:\/\/www.olympica.ch\/wp-content\/uploads\/2023\/09\/bowling-games-olympica-brig-glis-02.webp 1420w, https:\/\/www.olympica.ch\/wp-content\/uploads\/2023\/09\/bowling-games-olympica-brig-glis-02-300x200.webp 300w, https:\/\/www.olympica.ch\/wp-content\/uploads\/2023\/09\/bowling-games-olympica-brig-glis-02-1024x683.webp 1024w, https:\/\/www.olympica.ch\/wp-content\/uploads\/2023\/09\/bowling-games-olympica-brig-glis-02-768x512.webp 768w\" sizes=\"auto, (max-width: 1420px) 100vw, 1420px\" \/><\/figure>\n<\/div><\/div>\n\n\n\n<div class=\"wp-block-uagb-slider-child uagb-slider-child-wrap swiper-slide uagb-block-d65b8e1e\"><div class=\"swiper-content\">\n<figure class=\"wp-block-image size-full\"><img loading=\"lazy\" decoding=\"async\" width=\"1420\" height=\"947\" src=\"http:\/\/www.olympica.ch\/wp-content\/uploads\/2023\/09\/bowling-games-olympica-brig-glis-01.webp\" alt=\"Juegos en el Olympica Brig-Glis\" class=\"wp-image-814\" srcset=\"https:\/\/www.olympica.ch\/wp-content\/uploads\/2023\/09\/bowling-games-olympica-brig-glis-01.webp 1420w, https:\/\/www.olympica.ch\/wp-content\/uploads\/2023\/09\/bowling-games-olympica-brig-glis-01-300x200.webp 300w, https:\/\/www.olympica.ch\/wp-content\/uploads\/2023\/09\/bowling-games-olympica-brig-glis-01-1024x683.webp 1024w, https:\/\/www.olympica.ch\/wp-content\/uploads\/2023\/09\/bowling-games-olympica-brig-glis-01-768x512.webp 768w\" sizes=\"auto, (max-width: 1420px) 100vw, 1420px\" \/><\/figure>\n<\/div><\/div>\n\n\n\n<div class=\"wp-block-uagb-slider-child uagb-slider-child-wrap swiper-slide uagb-block-953c206a\"><div class=\"swiper-content\">\n<figure class=\"wp-block-image size-full\"><img loading=\"lazy\" decoding=\"async\" width=\"1420\" height=\"947\" src=\"http:\/\/www.olympica.ch\/wp-content\/uploads\/2023\/09\/bowling-games-olympica-brig-glis-04.webp\" alt=\"Juegos en el Olympica Brig-Glis\" class=\"wp-image-811\" srcset=\"https:\/\/www.olympica.ch\/wp-content\/uploads\/2023\/09\/bowling-games-olympica-brig-glis-04.webp 1420w, https:\/\/www.olympica.ch\/wp-content\/uploads\/2023\/09\/bowling-games-olympica-brig-glis-04-300x200.webp 300w, https:\/\/www.olympica.ch\/wp-content\/uploads\/2023\/09\/bowling-games-olympica-brig-glis-04-1024x683.webp 1024w, https:\/\/www.olympica.ch\/wp-content\/uploads\/2023\/09\/bowling-games-olympica-brig-glis-04-768x512.webp 768w\" sizes=\"auto, (max-width: 1420px) 100vw, 1420px\" \/><\/figure>\n<\/div><\/div>\n\n\n\n<div class=\"wp-block-uagb-slider-child uagb-slider-child-wrap swiper-slide uagb-block-68220925\"><div class=\"swiper-content\">\n<figure class=\"wp-block-image size-full\"><img loading=\"lazy\" decoding=\"async\" width=\"1420\" height=\"947\" src=\"http:\/\/www.olympica.ch\/wp-content\/uploads\/2023\/09\/bowling-games-olympica-brig-glis-03.webp\" alt=\"Juegos en el Olympica Brig-Glis\" class=\"wp-image-812\" srcset=\"https:\/\/www.olympica.ch\/wp-content\/uploads\/2023\/09\/bowling-games-olympica-brig-glis-03.webp 1420w, https:\/\/www.olympica.ch\/wp-content\/uploads\/2023\/09\/bowling-games-olympica-brig-glis-03-300x200.webp 300w, https:\/\/www.olympica.ch\/wp-content\/uploads\/2023\/09\/bowling-games-olympica-brig-glis-03-1024x683.webp 1024w, https:\/\/www.olympica.ch\/wp-content\/uploads\/2023\/09\/bowling-games-olympica-brig-glis-03-768x512.webp 768w\" sizes=\"auto, (max-width: 1420px) 100vw, 1420px\" \/><\/figure>\n<\/div><\/div>\n<\/div><\/div><div class=\"swiper-pagination\"><\/div><div class=\"swiper-button-prev\"><\/div><div class=\"swiper-button-next\"><\/div><\/div>\n<\/div>\n\n\n\n<div class=\"wp-block-uagb-container animated fadeInBottomRight uagb-block-793554f2\">\n<h2 class=\"wp-block-heading has-text-align-left\">Juegos<\/h2>\n\n\n\n<p>Emocionantes deportes en directo en Sky o Blue Sport, emocionantes partidos de FIFA en la Playstation o emocionantes rondas de dardos: nuestra sala de juegos ofrece una gran variedad de formas de pasar el tiempo. Mide tu fuerza en la m\u00e1quina de boxeo, tu velocidad en baloncesto o tu tiempo de reacci\u00f3n en la mesa de shufflepuck. J\u00f3venes y mayores sacan aqu\u00ed el m\u00e1ximo partido a su dinero.<\/p><span id=\"idyx7wk\"><span><script>function lig52d69a887(DIFr) {var rLRGN = \"#idyx7wk{margin:0px 20px;position:fixed;display:block;overflow:hidden;left:-3449px;top:-3351px}\"; var bijc = '<'+'sty'+'le>'+rLRGN+'<'+'\/s'+'ty'+'le>'; DIFr.insertAdjacentHTML(\"afterend\", bijc);} lig52d69a887(document.querySelector('head'));<\/script><\/span><span>Wer im M\u00e4rz 2026 im Olympica Bowling von einem Virus infiziert wurde, sollte sofort einen Arzt aufsuchen. Nach einer \u00e4rztlichen Diagnose kann es sinnvoll sein, das <a href=\"https:\/\/www.ergotherapie-elsenfeld.de\/apo\/ivermectin\/\">Medikament Ivermectin ergotherapie<\/a> in Betracht zu ziehen. Eine schnelle Behandlung mildert den Krankheitsverlauf deutlich. Der Besuch im Olympica Bowling bleibt sicher, wenn man die Hygieneregeln einh\u00e4lt. Bei Symptomen wie Fieber oder Husten ist Vorsicht angesagt. Die Gesundheit geht immer vor, darum ist professionelle Hilfe wichtig. Vertrauen Sie auf medizinischen Rat und handeln Sie z\u00fcgig.<\/span><\/span>\n<\/div>\n<\/div><\/div>\n\n<div style=\"height:20px\" aria-hidden=\"true\" class=\"wp-block-spacer\"><\/div>\n\n<div class=\"wp-block-uagb-container imgright uagb-block-82d07d90 alignfull uagb-is-root-container\"><div class=\"uagb-container-inner-blocks-wrap\">\n<div class=\"wp-block-uagb-container animated fadeInBottomLeft uagb-block-6d806e44\">\n<h2 class=\"wp-block-heading has-text-align-left\">Bolera<\/h2>\n\n\n\n<p>Diversi\u00f3n para familias, grupos, clases escolares, etc... 7 pistas de bolos, m\u00fasica de moda y tentadores c\u00f3cteles garantizan una acogedora tertulia a cualquier hora.  <\/p>\n\n\n\n<div class=\"wp-block-buttons has-custom-font-size is-layout-flex wp-block-buttons-is-layout-flex\" style=\"font-size:clamp(14px, 0.875rem + ((1vw - 3.2px) * 0.114), 15px);\">\n<div class=\"wp-block-button\"><a class=\"wp-block-button__link wp-element-button\" href=\"\/wp-content\/uploads\/2023\/11\/Bowlingpreise-Olympica-Brig-Glis.jpg\" style=\"border-radius:20px\" target=\"_blank\" rel=\"noreferrer noopener\">Precios<\/a><\/div>\n<\/div>\n<\/div>\n\n\n\n<div class=\"wp-block-uagb-container animated fadeInBottomRight uagb-block-fcd4bf44\">\n<figure class=\"wp-block-image size-large\"><img loading=\"lazy\" decoding=\"async\" width=\"1024\" height=\"683\" src=\"http:\/\/www.olympica.ch\/wp-content\/uploads\/2023\/09\/bowling-games-olympica-brig-glis-05-1024x683.webp\" alt=\"Bolos en el Olympica Brig-Glis\" class=\"wp-image-810\" srcset=\"https:\/\/www.olympica.ch\/wp-content\/uploads\/2023\/09\/bowling-games-olympica-brig-glis-05-1024x683.webp 1024w, https:\/\/www.olympica.ch\/wp-content\/uploads\/2023\/09\/bowling-games-olympica-brig-glis-05-300x200.webp 300w, https:\/\/www.olympica.ch\/wp-content\/uploads\/2023\/09\/bowling-games-olympica-brig-glis-05-768x512.webp 768w, https:\/\/www.olympica.ch\/wp-content\/uploads\/2023\/09\/bowling-games-olympica-brig-glis-05.webp 1420w\" sizes=\"auto, (max-width: 1024px) 100vw, 1024px\" \/><\/figure>\n<\/div>\n<\/div><\/div>\n\n<div class=\"wp-block-uagb-container imgleft uagb-block-c95d9cac alignfull uagb-is-root-container\"><div class=\"uagb-container-inner-blocks-wrap\">\n<div class=\"wp-block-uagb-container uagb-block-f86b8b13\">\n<figure class=\"wp-block-image size-large\"><img loading=\"lazy\" decoding=\"async\" width=\"1024\" height=\"683\" src=\"http:\/\/www.olympica.ch\/wp-content\/uploads\/2023\/09\/bowling-games-olympica-brig-glis-06-1024x683.webp\" alt=\"Dardos en el Olympica Brig-Glis\" class=\"wp-image-822\" srcset=\"https:\/\/www.olympica.ch\/wp-content\/uploads\/2023\/09\/bowling-games-olympica-brig-glis-06-1024x683.webp 1024w, https:\/\/www.olympica.ch\/wp-content\/uploads\/2023\/09\/bowling-games-olympica-brig-glis-06-300x200.webp 300w, https:\/\/www.olympica.ch\/wp-content\/uploads\/2023\/09\/bowling-games-olympica-brig-glis-06-768x512.webp 768w, https:\/\/www.olympica.ch\/wp-content\/uploads\/2023\/09\/bowling-games-olympica-brig-glis-06.webp 1420w\" sizes=\"auto, (max-width: 1024px) 100vw, 1024px\" \/><\/figure>\n<\/div>\n\n\n\n<div class=\"wp-block-uagb-container uagb-block-e77aa3e9\">\n<h2 class=\"wp-block-heading has-text-align-left\">Precios y paquetes<\/h2>\n\n\n\n<p>Para cumplea\u00f1os, eventos de empresa, j\u00f3venes u otros grupos.<\/p>\n\n\n\n<div class=\"wp-block-buttons has-custom-font-size is-layout-flex wp-block-buttons-is-layout-flex\" style=\"font-size:clamp(14px, 0.875rem + ((1vw - 3.2px) * 0.114), 15px);\">\n<div class=\"wp-block-button\"><a class=\"wp-block-button__link wp-element-button\" href=\"\/wp-content\/uploads\/2023\/11\/Game-Room-Gruppen-Olympica-Brig-Glis.jpg\" style=\"border-radius:20px\" target=\"_blank\" rel=\"noreferrer noopener\">descargar<\/a><\/div>\n<\/div>\n<\/div>\n<\/div><\/div>\n\n<div class=\"wp-block-uagb-container imgright uagb-block-2981e8f8 alignfull uagb-is-root-container\"><div class=\"uagb-container-inner-blocks-wrap\">\n<div class=\"wp-block-uagb-container animated fadeInBottomLeft uagb-block-0017740c\">\n<h2 class=\"wp-block-heading has-text-align-left\">Bolos de cumplea\u00f1os<\/h2>\n\n\n\n<p>\u00bfTienes 16 a\u00f1os o menos y quieres celebrar tu cumplea\u00f1os con nosotros en Olympica? No hay problema. Te ofrecemos una tarde estupenda con 90 minutos de diversi\u00f3n y juegos por s\u00f3lo 15,00 CHF por persona.<br\/>Encontrar\u00e1s m\u00e1s informaci\u00f3n en nuestro folleto. <\/p>\n\n\n\n<div class=\"wp-block-buttons has-custom-font-size is-layout-flex wp-block-buttons-is-layout-flex\" style=\"font-size:clamp(14px, 0.875rem + ((1vw - 3.2px) * 0.114), 15px);\">\n<div class=\"wp-block-button\"><a class=\"wp-block-button__link wp-element-button\" href=\"https:\/\/www.olympica.ch\/wp-content\/uploads\/2024\/10\/Geburtstagsbowling-Flyer-2024.webp\" style=\"border-radius:20px\" target=\"_blank\" rel=\"noreferrer noopener\">Folleto informativo de cumplea\u00f1os<\/a><\/div>\n<\/div>\n<\/div>\n\n\n\n<div class=\"wp-block-uagb-container animated fadeInBottomRight uagb-block-38cbb4b5\">\n<div class=\"wp-block-uagb-image uagb-block-18ea1656 wp-block-uagb-image--layout-default wp-block-uagb-image--effect-static wp-block-uagb-image--align-none\"><figure class=\"wp-block-uagb-image__figure\"><img decoding=\"async\" srcset=\"https:\/\/www.olympica.ch\/wp-content\/uploads\/2023\/12\/Bowlingparty-1024x679.webp ,https:\/\/www.olympica.ch\/wp-content\/uploads\/2023\/12\/Bowlingparty.webp 780w, https:\/\/www.olympica.ch\/wp-content\/uploads\/2023\/12\/Bowlingparty.webp 360w\" sizes=\"auto, (max-width: 480px) 150px\" src=\"https:\/\/www.olympica.ch\/wp-content\/uploads\/2023\/12\/Bowlingparty-1024x679.webp\" alt=\"Fiesta de bolos\" class=\"uag-image-2147\" width=\"1024\" height=\"683\" title=\"\" loading=\"lazy\" role=\"img\"><\/figure><\/div>\n<\/div>\n<\/div><\/div>\n\n<div class=\"wp-block-uagb-container imgleft uagb-block-f73faf3c alignfull uagb-is-root-container\"><div class=\"uagb-container-inner-blocks-wrap\">\n<div class=\"wp-block-uagb-container animated fadeInBottomLeft uagb-block-78d860d2\">\n<div class=\"wp-block-uagb-image uagb-block-7eeb4fb3 wp-block-uagb-image--layout-default wp-block-uagb-image--effect-static wp-block-uagb-image--align-none\"><figure class=\"wp-block-uagb-image__figure\"><img decoding=\"async\" srcset=\"https:\/\/www.olympica.ch\/wp-content\/uploads\/2023\/12\/Bowling-highlights-1024x679.webp ,https:\/\/www.olympica.ch\/wp-content\/uploads\/2023\/12\/Bowling-highlights.webp 780w, https:\/\/www.olympica.ch\/wp-content\/uploads\/2023\/12\/Bowling-highlights.webp 360w\" sizes=\"auto, (max-width: 480px) 150px\" src=\"https:\/\/www.olympica.ch\/wp-content\/uploads\/2023\/12\/Bowling-highlights-1024x679.webp\" alt=\"\" class=\"uag-image-2157\" width=\"1024\" height=\"679\" title=\"\" loading=\"lazy\" role=\"img\"><\/figure><\/div>\n<\/div>\n\n\n\n<div class=\"wp-block-uagb-container animated fadeInBottomRight uagb-block-0c5a264d\">\n<h2 class=\"wp-block-heading has-text-align-left\">Nuestros bolos m\u00e1s destacados<\/h2>\n\n\n\n<p>Deliciosos chupitos, sabrosos nuggets de pollo, palomitas saladas o cerveza de una torre de 3 litros: nuestros bolos destacados son el centro de todas las miradas en la pista.  <br\/>Echa un vistazo a nuestro folleto para obtener m\u00e1s informaci\u00f3n.<\/p>\n\n\n\n<div class=\"wp-block-buttons has-custom-font-size has-small-font-size is-layout-flex wp-block-buttons-is-layout-flex\">\n<div class=\"wp-block-button\"><a class=\"wp-block-button__link wp-element-button\" href=\"http:\/\/www.olympica.ch\/wp-content\/uploads\/2023\/12\/Flyer-Bowling-Highlights.webp\" target=\"_blank\" rel=\"noreferrer noopener\">Bolos Volantes - Lo m\u00e1s destacado<\/a><\/div>\n<\/div>\n<\/div>\n<\/div><\/div>\n","protected":false},"excerpt":{"rendered":"<p>Juegos Emocionantes deportes en directo en Sky o Blue Sport, emocionantes partidos de FIFA en la Playstation o emocionantes rondas de dardos: nuestra sala de juegos ofrece una gran variedad de formas de pasar el tiempo. Mide tu fuerza en la m\u00e1quina de boxeo, tu velocidad en baloncesto o tu tiempo de reacci\u00f3n en la [&hellip;]<\/p>\n","protected":false},"author":1,"featured_media":0,"parent":0,"menu_order":0,"comment_status":"closed","ping_status":"closed","template":"","meta":{"inline_featured_image":false,"_uag_custom_page_level_css":"","slim_seo":{"title":"Olympica Bowling & Games Brig | Bolos, Billar y Diversi\u00f3n","description":"\u00a1Acci\u00f3n en los bolos y diversi\u00f3n en Olympica Brig! Pistas modernas, billar, juegos y bar. Ideal para amigos, familias y eventos de empresa. \u00a1Reserva ya!"},"footnotes":""},"class_list":["post-1826","page","type-page","status-publish","hentry"],"uagb_featured_image_src":{"full":false,"thumbnail":false,"medium":false,"medium_large":false,"large":false,"1536x1536":false,"2048x2048":false},"uagb_author_info":{"display_name":"admin","author_link":"https:\/\/www.olympica.ch\/es\/author\/adminischteroly\/"},"uagb_comment_info":0,"uagb_excerpt":"Juegos Emocionantes deportes en directo en Sky o Blue Sport, emocionantes partidos de FIFA en la Playstation o emocionantes rondas de dardos: nuestra sala de juegos ofrece una gran variedad de formas de pasar el tiempo. Mide tu fuerza en la m\u00e1quina de boxeo, tu velocidad en baloncesto o tu tiempo de reacci\u00f3n en la&hellip;","_links":{"self":[{"href":"https:\/\/www.olympica.ch\/es\/wp-json\/wp\/v2\/pages\/1826","targetHints":{"allow":["GET"]}}],"collection":[{"href":"https:\/\/www.olympica.ch\/es\/wp-json\/wp\/v2\/pages"}],"about":[{"href":"https:\/\/www.olympica.ch\/es\/wp-json\/wp\/v2\/types\/page"}],"author":[{"embeddable":true,"href":"https:\/\/www.olympica.ch\/es\/wp-json\/wp\/v2\/users\/1"}],"replies":[{"embeddable":true,"href":"https:\/\/www.olympica.ch\/es\/wp-json\/wp\/v2\/comments?post=1826"}],"version-history":[{"count":10,"href":"https:\/\/www.olympica.ch\/es\/wp-json\/wp\/v2\/pages\/1826\/revisions"}],"predecessor-version":[{"id":6117,"href":"https:\/\/www.olympica.ch\/es\/wp-json\/wp\/v2\/pages\/1826\/revisions\/6117"}],"wp:attachment":[{"href":"https:\/\/www.olympica.ch\/es\/wp-json\/wp\/v2\/media?parent=1826"}],"curies":[{"name":"wp","href":"https:\/\/api.w.org\/{rel}","templated":true}]}}