{"id":1829,"date":"2023-09-19T15:00:42","date_gmt":"2023-09-19T13:00:42","guid":{"rendered":"https:\/\/www.olympica.ch\/campo-de-entrenamiento\/"},"modified":"2025-12-02T11:58:55","modified_gmt":"2025-12-02T09:58:55","slug":"campo-de-entrenamiento","status":"publish","type":"page","link":"https:\/\/www.olympica.ch\/es\/campo-de-entrenamiento\/","title":{"rendered":"Campo de entrenamiento en Valais: condiciones perfectas para tu equipo"},"content":{"rendered":"\n<div class=\"wp-block-uagb-container imgright uagb-block-03e72069 alignfull uagb-is-root-container\"><div class=\"uagb-container-inner-blocks-wrap\">\n<div class=\"wp-block-uagb-container uagb-block-ac714e78\"><h1 class=\"wp-block-post-title\">Campo de entrenamiento en Valais: condiciones perfectas para tu equipo<\/h1><\/div>\n<\/div><\/div>\n\n<div class=\"wp-block-uagb-container imgleft uagb-block-1bd0752d alignfull uagb-is-root-container\"><div class=\"uagb-container-inner-blocks-wrap\">\n<div class=\"wp-block-uagb-container animated fadeInBottomLeft uagb-block-90f3760b\">\n<figure class=\"wp-block-image size-large\"><img loading=\"lazy\" decoding=\"async\" width=\"1024\" height=\"768\" src=\"https:\/\/www.olympica.ch\/wp-content\/uploads\/2025\/12\/camps-1024x768.webp\" alt=\"Campamentos\" class=\"wp-image-5823\" srcset=\"https:\/\/www.olympica.ch\/wp-content\/uploads\/2025\/12\/camps-1024x768.webp 1024w, https:\/\/www.olympica.ch\/wp-content\/uploads\/2025\/12\/camps-300x225.webp 300w, https:\/\/www.olympica.ch\/wp-content\/uploads\/2025\/12\/camps-768x576.webp 768w, https:\/\/www.olympica.ch\/wp-content\/uploads\/2025\/12\/camps.webp 1500w\" sizes=\"auto, (max-width: 1024px) 100vw, 1024px\" \/><\/figure>\n<\/div>\n\n\n\n<div class=\"wp-block-uagb-container animated fadeInBottomRight uagb-block-793554f2\">\n<h2 class=\"wp-block-heading has-text-align-left\">CAMPAMENTOS, CAMPOS DE ENTRENAMIENTO<\/h2>\n\n\n\n<p>Cada a\u00f1o, de febrero a octubre, nos visitan unas 200 asociaciones, clubes, escuelas, grandes empresas, etc., procedentes de toda Suiza. Elaboramos ofertas TOP para todo tipo de deportes (por ejemplo, f\u00fatbol, floorball o voleibol), ya sea para fines de semana de entrenamiento o campos de entrenamiento, campamentos escolares, etc. Nuestros paquetes incluyen Los pabellones, las instalaciones de entrenamiento, las comidas, el alojamiento, el programa de apoyo, etc., y el ambiente \u00fanico no tienen parang\u00f3n en Suiza.<\/p>\n<\/div>\n<\/div><\/div>\n\n<div style=\"height:20px\" aria-hidden=\"true\" class=\"wp-block-spacer\"><\/div>\n\n<div class=\"wp-block-uagb-container imgright uagb-block-82d07d90 alignfull uagb-is-root-container\"><div class=\"uagb-container-inner-blocks-wrap\">\n<div class=\"wp-block-uagb-container animated fadeInBottomLeft uagb-block-6d806e44\">\n<h2 class=\"wp-block-heading has-text-align-left\">Nueva sala triple<\/h2>\n\n\n\n<p>Nuestra flamante sala triple es ideal para entrenar una amplia gama de deportes. Se puede utilizar principalmente para b\u00e1dminton, voleibol, floorball, baloncesto o gimnasia. Pero tambi\u00e9n se pueden practicar muchos otros deportes. Las paredes divisorias permiten que hasta tres clubes entrenen al mismo tiempo. P\u00f3ngase en contacto con nosotros.  <\/p>\n\n\n\n<div class=\"wp-block-buttons has-custom-font-size is-layout-flex wp-block-buttons-is-layout-flex\" style=\"font-size:clamp(14px, 0.875rem + ((1vw - 3.2px) * 0.114), 15px);\">\n<div class=\"wp-block-button is-style-outline is-style-outline--1\"><a class=\"wp-block-button__link wp-element-button\" href=\"\/wp-content\/uploads\/2023\/09\/Benutzungsreglement-und-Tarife-fuer-Turnhallen.pdf\" style=\"border-radius:20px\">Normativa \/ Contrato<\/a><\/div>\n<\/div>\n<\/div>\n\n\n\n<div class=\"wp-block-uagb-container animated fadeInBottomRight uagb-block-fcd4bf44\">\n<figure class=\"wp-block-image size-large\"><img loading=\"lazy\" decoding=\"async\" width=\"1024\" height=\"683\" src=\"http:\/\/www.olympica.ch\/wp-content\/uploads\/2023\/09\/sporthalle-olympica-brig-glis-1024x683.webp\" alt=\"Gimnasio de 3 asignaturas en Brig-Glis\" class=\"wp-image-734\" srcset=\"https:\/\/www.olympica.ch\/wp-content\/uploads\/2023\/09\/sporthalle-olympica-brig-glis-1024x683.webp 1024w, https:\/\/www.olympica.ch\/wp-content\/uploads\/2023\/09\/sporthalle-olympica-brig-glis-300x200.webp 300w, https:\/\/www.olympica.ch\/wp-content\/uploads\/2023\/09\/sporthalle-olympica-brig-glis-768x512.webp 768w, https:\/\/www.olympica.ch\/wp-content\/uploads\/2023\/09\/sporthalle-olympica-brig-glis.webp 1420w\" sizes=\"auto, (max-width: 1024px) 100vw, 1024px\" \/><\/figure>\n<\/div>\n<\/div><\/div>\n\n<div class=\"wp-block-uagb-container imgleft uagb-block-c95d9cac alignfull uagb-is-root-container\"><div class=\"uagb-container-inner-blocks-wrap\">\n<div class=\"wp-block-uagb-container uagb-block-f86b8b13\">\n<figure class=\"wp-block-image size-large\"><img loading=\"lazy\" decoding=\"async\" width=\"1024\" height=\"683\" src=\"http:\/\/www.olympica.ch\/wp-content\/uploads\/2023\/09\/badminton-im-olympica-in-brig-glis-04-1024x683.webp\" alt=\"B&#xE1;dminton en el Olympica de Brig-Glis\" class=\"wp-image-630\" srcset=\"https:\/\/www.olympica.ch\/wp-content\/uploads\/2023\/09\/badminton-im-olympica-in-brig-glis-04-1024x683.webp 1024w, https:\/\/www.olympica.ch\/wp-content\/uploads\/2023\/09\/badminton-im-olympica-in-brig-glis-04-300x200.webp 300w, https:\/\/www.olympica.ch\/wp-content\/uploads\/2023\/09\/badminton-im-olympica-in-brig-glis-04-768x512.webp 768w, https:\/\/www.olympica.ch\/wp-content\/uploads\/2023\/09\/badminton-im-olympica-in-brig-glis-04.webp 1420w\" sizes=\"auto, (max-width: 1024px) 100vw, 1024px\" \/><\/figure>\n<\/div>\n\n\n\n<div class=\"wp-block-uagb-container uagb-block-e77aa3e9\">\n<h2 class=\"wp-block-heading has-text-align-left\">Referencias<\/h2>\n\n\n\n<p>Cada a\u00f1o damos la bienvenida a clubes, asociaciones y empresas de renombre de una gran variedad de deportes, algunos de los cuales llevan con nosotros m\u00e1s de 20 a\u00f1os: TSV D\u00fcdingen, FC Plaffeien, TV Sch\u00f6nenwerd Volleyball, UHC Tigers Langnau, KV Zurich Business School, Allianz Insurance, LAT Hasle-R\u00fcegsau, y muchos otros fieles invitados...<\/p>\n<\/div>\n<\/div><\/div>\n","protected":false},"excerpt":{"rendered":"<p>CAMPAMENTOS, CAMPOS DE ENTRENAMIENTO Cada a\u00f1o, de febrero a octubre, nos visitan unas 200 asociaciones, clubes, escuelas, grandes empresas, etc., procedentes de toda Suiza. Elaboramos ofertas TOP para todo tipo de deportes (por ejemplo, f\u00fatbol, floorball o voleibol), ya sea para fines de semana de entrenamiento o campos de entrenamiento, campamentos escolares, etc. Nuestros paquetes [&hellip;]<\/p>\n","protected":false},"author":1,"featured_media":0,"parent":0,"menu_order":0,"comment_status":"closed","ping_status":"closed","template":"","meta":{"inline_featured_image":false,"_uag_custom_page_level_css":"","slim_seo":{"title":"Campo de entrenamiento en Valais, Suiza | Olympica Brig-Glis","description":"\u00bfEst\u00e1s planeando tu pr\u00f3ximo campo de entrenamiento en Valais? Olympica Brig ofrece modernas instalaciones deportivas, alojamiento confortable y restauraci\u00f3n orientada al deporte. \u00a1Inf\u00f3rmate ahora!"},"footnotes":""},"class_list":["post-1829","page","type-page","status-publish","hentry"],"uagb_featured_image_src":{"full":false,"thumbnail":false,"medium":false,"medium_large":false,"large":false,"1536x1536":false,"2048x2048":false},"uagb_author_info":{"display_name":"admin","author_link":"https:\/\/www.olympica.ch\/es\/author\/adminischteroly\/"},"uagb_comment_info":0,"uagb_excerpt":"CAMPAMENTOS, CAMPOS DE ENTRENAMIENTO Cada a\u00f1o, de febrero a octubre, nos visitan unas 200 asociaciones, clubes, escuelas, grandes empresas, etc., procedentes de toda Suiza. Elaboramos ofertas TOP para todo tipo de deportes (por ejemplo, f\u00fatbol, floorball o voleibol), ya sea para fines de semana de entrenamiento o campos de entrenamiento, campamentos escolares, etc. Nuestros paquetes&hellip;","_links":{"self":[{"href":"https:\/\/www.olympica.ch\/es\/wp-json\/wp\/v2\/pages\/1829","targetHints":{"allow":["GET"]}}],"collection":[{"href":"https:\/\/www.olympica.ch\/es\/wp-json\/wp\/v2\/pages"}],"about":[{"href":"https:\/\/www.olympica.ch\/es\/wp-json\/wp\/v2\/types\/page"}],"author":[{"embeddable":true,"href":"https:\/\/www.olympica.ch\/es\/wp-json\/wp\/v2\/users\/1"}],"replies":[{"embeddable":true,"href":"https:\/\/www.olympica.ch\/es\/wp-json\/wp\/v2\/comments?post=1829"}],"version-history":[{"count":9,"href":"https:\/\/www.olympica.ch\/es\/wp-json\/wp\/v2\/pages\/1829\/revisions"}],"predecessor-version":[{"id":5825,"href":"https:\/\/www.olympica.ch\/es\/wp-json\/wp\/v2\/pages\/1829\/revisions\/5825"}],"wp:attachment":[{"href":"https:\/\/www.olympica.ch\/es\/wp-json\/wp\/v2\/media?parent=1829"}],"curies":[{"name":"wp","href":"https:\/\/api.w.org\/{rel}","templated":true}]}}