{"id":1840,"date":"2023-09-21T07:45:27","date_gmt":"2023-09-21T05:45:27","guid":{"rendered":"https:\/\/www.olympica.ch\/consejos-y-excursiones\/"},"modified":"2026-04-10T12:22:01","modified_gmt":"2026-04-10T10:22:01","slug":"consejos-y-excursiones","status":"publish","type":"page","link":"https:\/\/www.olympica.ch\/es\/consejos-y-excursiones\/","title":{"rendered":"Consejos y excursiones: Descubre Brig-Glis y el Valais"},"content":{"rendered":"\n<div class=\"wp-block-uagb-container imgright uagb-block-03e72069 alignfull uagb-is-root-container\"><div class=\"uagb-container-inner-blocks-wrap\">\n<div class=\"wp-block-uagb-container uagb-block-ac714e78\"><h1 class=\"wp-block-post-title\">Consejos y excursiones: Descubre Brig-Glis y el Valais<\/h1><\/div>\n<\/div><\/div>\n\n<div style=\"height:20px\" aria-hidden=\"true\" class=\"wp-block-spacer\"><\/div>\n\n<div id=\"athletic-flow\" class=\"wp-block-uagb-container imgright uagb-block-c06e8c4d alignfull uagb-is-root-container\"><div class=\"uagb-container-inner-blocks-wrap\">\n<div class=\"wp-block-uagb-container animated fadeInBottomLeft uagb-block-b5373456\">\n<h2 class=\"wp-block-heading has-text-align-left\">Asador<\/h2>\n\n\n\n<p>Organizar una maravillosa fiesta familiar, de club, etc. en nuestra casa en verano. No hay problema. Con raclette, barbacoa, etc. todo es posible. Tambi\u00e9n puede utilizar nuestras pistas de tenis, voley playa y campo de f\u00fatbol a precios especiales. Tambi\u00e9n podemos organizar el catering, etc., \u00bfo prefieres hacerlo todo t\u00fa? Sus deseos son \u00f3rdenes.<\/p>\n\n\n\n<div style=\"height:20px\" aria-hidden=\"true\" class=\"wp-block-spacer fertig1\"><\/div>\n<\/div>\n\n\n\n<div class=\"wp-block-uagb-container uagb-block-6599d5f9\">\n<div class=\"wp-block-senff-sticky-block\" data-topspace=\"100\" data-cfa=\"true\" data-minwidth=\"767\" data-maxwidth=\"99999\" data-pushup=\".fertig1\" data-zindex=\"1\">\n<figure class=\"wp-block-image size-large\"><img loading=\"lazy\" decoding=\"async\" width=\"1024\" height=\"683\" src=\"http:\/\/www.olympica.ch\/wp-content\/uploads\/2023\/09\/grillhaus-olympica-brig-03-1024x683.webp\" alt=\"Asador en el Olympica de Brig-Glis\" class=\"wp-image-1128\" srcset=\"https:\/\/www.olympica.ch\/wp-content\/uploads\/2023\/09\/grillhaus-olympica-brig-03-1024x683.webp 1024w, https:\/\/www.olympica.ch\/wp-content\/uploads\/2023\/09\/grillhaus-olympica-brig-03-300x200.webp 300w, https:\/\/www.olympica.ch\/wp-content\/uploads\/2023\/09\/grillhaus-olympica-brig-03-768x512.webp 768w, https:\/\/www.olympica.ch\/wp-content\/uploads\/2023\/09\/grillhaus-olympica-brig-03.webp 1422w\" sizes=\"auto, (max-width: 1024px) 100vw, 1024px\" \/><\/figure>\n<\/div>\n<\/div>\n<\/div><\/div>\n\n<div id=\"bauch-beine-po\" class=\"wp-block-uagb-container imgright uagb-block-82d07d90 alignfull uagb-is-root-container\"><div class=\"uagb-container-inner-blocks-wrap\">\n<div class=\"wp-block-uagb-container uagb-block-6d806e44\">\n<div class=\"wp-block-senff-sticky-block\" data-topspace=\"100\" data-cfa=\"true\" data-minwidth=\"767\" data-maxwidth=\"99999\" data-pushup=\".fertig2\" data-zindex=\"1\">\n<figure class=\"wp-block-image size-large\"><img loading=\"lazy\" decoding=\"async\" width=\"1024\" height=\"683\" src=\"http:\/\/www.olympica.ch\/wp-content\/uploads\/2023\/09\/tips-ausfluege-olympica-fux-weine-1024x683.webp\" alt=\"Consejos y excursiones por la Olympica\" class=\"wp-image-1029\" srcset=\"https:\/\/www.olympica.ch\/wp-content\/uploads\/2023\/09\/tips-ausfluege-olympica-fux-weine-1024x683.webp 1024w, https:\/\/www.olympica.ch\/wp-content\/uploads\/2023\/09\/tips-ausfluege-olympica-fux-weine-300x200.webp 300w, https:\/\/www.olympica.ch\/wp-content\/uploads\/2023\/09\/tips-ausfluege-olympica-fux-weine-768x512.webp 768w, https:\/\/www.olympica.ch\/wp-content\/uploads\/2023\/09\/tips-ausfluege-olympica-fux-weine.webp 1420w\" sizes=\"auto, (max-width: 1024px) 100vw, 1024px\" \/><\/figure>\n<\/div>\n<\/div>\n\n\n\n<div class=\"wp-block-uagb-container animated fadeInBottomRight uagb-block-fcd4bf44\">\n<h2 class=\"wp-block-heading has-text-align-left\">Vinos Fux<\/h2>\n\n\n\n<p>Degustar, saborear y descubrir<\/p>\n\n\n\n<p>En Fuxweine, en Brig-Glis, encontrar\u00e1 el marco ideal para su degustaci\u00f3n personalizada. La familia Fux le guiar\u00e1 a usted y a sus amigos, conocidos o miembros de su equipo a trav\u00e9s de una degustaci\u00f3n personalizada.<\/p>\n\n\n\n<p>Le mimar\u00e1n con vinos selectos y peque\u00f1os manjares en un ambiente maravilloso.<\/p>\n\n\n\n<p><a href=\"https:\/\/www.fuxweine.ch\/\" target=\"_blank\" rel=\"noreferrer noopener\">www.fuxweine.ch<\/a><\/p>\n\n\n\n<div style=\"height:20px\" aria-hidden=\"true\" class=\"wp-block-spacer fertig2\"><\/div>\n<\/div>\n<\/div><\/div>\n\n<div id=\"full-body-workout\" class=\"wp-block-uagb-container imgleft uagb-block-2836b2ef alignfull uagb-is-root-container\"><div class=\"uagb-container-inner-blocks-wrap\">\n<div class=\"wp-block-uagb-container animated fadeInBottomLeft uagb-block-fdb35577\">\n<h2 class=\"wp-block-heading has-text-align-left\">Naturaleza<\/h2>\n\n\n\n<p>Viva el Valais en todo su esplendor. El Foro Mundial de la Naturaleza le tiene muy cerca Numerosas atracciones, as\u00ed como magn\u00edficas ofertas para grupos, tambi\u00e9n en colaboraci\u00f3n con la Olympica, endulzar\u00e1n su estancia en el Valais.<\/p>\n\n\n\n<p><a href=\"https:\/\/wnf.ch\/\">www.wnf.ch<\/a><\/p>\n\n\n\n<div style=\"height:20px\" aria-hidden=\"true\" class=\"wp-block-spacer fertig3\"><\/div>\n<\/div>\n\n\n\n<div class=\"wp-block-uagb-container uagb-block-8b2c3260\">\n<div class=\"wp-block-senff-sticky-block\" data-topspace=\"100\" data-cfa=\"true\" data-minwidth=\"767\" data-maxwidth=\"99999\" data-pushup=\".fertig3\" data-zindex=\"1\">\n<figure class=\"wp-block-image size-large\"><img loading=\"lazy\" decoding=\"async\" width=\"1024\" height=\"683\" src=\"http:\/\/www.olympica.ch\/wp-content\/uploads\/2023\/09\/world-nature-forum-naters-1024x683.webp\" alt=\"Foro Mundial de la Naturaleza en Naters\" class=\"wp-image-1036\" srcset=\"https:\/\/www.olympica.ch\/wp-content\/uploads\/2023\/09\/world-nature-forum-naters-1024x683.webp 1024w, https:\/\/www.olympica.ch\/wp-content\/uploads\/2023\/09\/world-nature-forum-naters-300x200.webp 300w, https:\/\/www.olympica.ch\/wp-content\/uploads\/2023\/09\/world-nature-forum-naters-768x512.webp 768w, https:\/\/www.olympica.ch\/wp-content\/uploads\/2023\/09\/world-nature-forum-naters.webp 1420w\" sizes=\"auto, (max-width: 1024px) 100vw, 1024px\" \/><\/figure>\n<\/div>\n<\/div>\n<\/div><\/div>\n\n<div id=\"jumping\" class=\"wp-block-uagb-container imgright uagb-block-533a5179 alignfull uagb-is-root-container\"><div class=\"uagb-container-inner-blocks-wrap\">\n<div class=\"wp-block-uagb-container uagb-block-a2b81912\">\n<figure class=\"wp-block-image size-large\"><img loading=\"lazy\" decoding=\"async\" width=\"1024\" height=\"683\" src=\"http:\/\/www.olympica.ch\/wp-content\/uploads\/2023\/09\/ischi-arena-brig-1024x683.webp\" alt=\"Ischi Arena en Brig\" class=\"wp-image-1039\" srcset=\"https:\/\/www.olympica.ch\/wp-content\/uploads\/2023\/09\/ischi-arena-brig-1024x683.webp 1024w, https:\/\/www.olympica.ch\/wp-content\/uploads\/2023\/09\/ischi-arena-brig-300x200.webp 300w, https:\/\/www.olympica.ch\/wp-content\/uploads\/2023\/09\/ischi-arena-brig-768x512.webp 768w, https:\/\/www.olympica.ch\/wp-content\/uploads\/2023\/09\/ischi-arena-brig.webp 1420w\" sizes=\"auto, (max-width: 1024px) 100vw, 1024px\" \/><\/figure>\n<\/div>\n\n\n\n<div class=\"wp-block-uagb-container animated fadeInBottomRight uagb-block-295fc762\">\n<h2 class=\"wp-block-heading has-text-align-left\">Pista de hielo<\/h2>\n\n\n\n<p>Ya sea curling, patinaje sobre hielo o hockey sobre hielo... el \"iischi Arena\" le ofrece grandes experiencias \"invernales\" incluso en verano.<\/p>\n\n\n\n<p><a href=\"https:\/\/www.iischi-arena.ch\/\">www.iischi-arena.ch<\/a><\/p>\n\n\n\n<div style=\"height:20px\" aria-hidden=\"true\" class=\"wp-block-spacer fertig4\"><\/div>\n<\/div>\n<\/div><\/div>\n\n<div id=\"max\" class=\"wp-block-uagb-container imgleft uagb-block-05d08101 alignfull uagb-is-root-container\"><div class=\"uagb-container-inner-blocks-wrap\">\n<div class=\"wp-block-uagb-container animated fadeInBottomLeft uagb-block-2b2e42d9\">\n<h2 class=\"wp-block-heading has-text-align-left\">Gu\u00eda de monta\u00f1a<\/h2>\n\n\n\n<p>El gu\u00eda de monta\u00f1a Andreas Oggier te lleva a la naturaleza.  <\/p>\n\n\n\n<ul class=\"wp-block-list\">\n<li><a href=\"https:\/\/bergfuehrer-wallis-schweiz.ch\/skitouren-wellness-hotel-wallis\/?fbclid=IwAR2RRt6nPYZAK-FMod_5MMERDmXR14_YlHkFRjROWppAhOyGxdAnXzXh5Lw\" target=\"_blank\" rel=\"noreferrer noopener\">Excursi\u00f3n de esqu\u00ed desde Olympica<\/a><\/li>\n\n\n\n<li>Barranquismo<\/li>\n\n\n\n<li>V\u00eda ferrata<\/li>\n\n\n\n<li>Rutas por los glaciares<\/li>\n<\/ul>\n\n\n\n<p><a href=\"https:\/\/bergfuehrer-wallis-schweiz.ch\/\" target=\"_blank\" rel=\"noreferrer noopener\">Detalles en su sitio web<\/a><\/p>\n\n\n\n<div style=\"height:20px\" aria-hidden=\"true\" class=\"wp-block-spacer fertig5\"><\/div>\n<\/div>\n\n\n\n<div class=\"wp-block-uagb-container uagb-block-38876a9a\">\n<div class=\"wp-block-senff-sticky-block\" data-topspace=\"100\" data-cfa=\"true\" data-minwidth=\"767\" data-maxwidth=\"99999\" data-pushup=\".fertig5\" data-zindex=\"1\">\n<figure class=\"wp-block-image size-large\"><img loading=\"lazy\" decoding=\"async\" width=\"1024\" height=\"683\" src=\"http:\/\/www.olympica.ch\/wp-content\/uploads\/2023\/09\/Skitour-Mauerhorn-Loetschental-Andreas-Oggier-1024x683.webp\" alt=\"Actividades al aire libre con Andreas Oggier\" class=\"wp-image-1045\" srcset=\"https:\/\/www.olympica.ch\/wp-content\/uploads\/2023\/09\/Skitour-Mauerhorn-Loetschental-Andreas-Oggier-1024x683.webp 1024w, https:\/\/www.olympica.ch\/wp-content\/uploads\/2023\/09\/Skitour-Mauerhorn-Loetschental-Andreas-Oggier-300x200.webp 300w, https:\/\/www.olympica.ch\/wp-content\/uploads\/2023\/09\/Skitour-Mauerhorn-Loetschental-Andreas-Oggier-768x512.webp 768w, https:\/\/www.olympica.ch\/wp-content\/uploads\/2023\/09\/Skitour-Mauerhorn-Loetschental-Andreas-Oggier.webp 1420w\" sizes=\"auto, (max-width: 1024px) 100vw, 1024px\" \/><\/figure>\n<\/div>\n<\/div>\n<\/div><\/div>\n\n<div id=\"muscle-workout\" class=\"wp-block-uagb-container imgright uagb-block-beec1def alignfull uagb-is-root-container\"><div class=\"uagb-container-inner-blocks-wrap\">\n<div class=\"wp-block-uagb-container uagb-block-30b8a551\">\n<figure class=\"wp-block-image size-large\"><img loading=\"lazy\" decoding=\"async\" width=\"1024\" height=\"683\" src=\"http:\/\/www.olympica.ch\/wp-content\/uploads\/2023\/09\/biken-im-oberwallis-1024x683.webp\" alt=\"En bicicleta por el Alto Valais\" class=\"wp-image-1052\" srcset=\"https:\/\/www.olympica.ch\/wp-content\/uploads\/2023\/09\/biken-im-oberwallis-1024x683.webp 1024w, https:\/\/www.olympica.ch\/wp-content\/uploads\/2023\/09\/biken-im-oberwallis-300x200.webp 300w, https:\/\/www.olympica.ch\/wp-content\/uploads\/2023\/09\/biken-im-oberwallis-768x512.webp 768w, https:\/\/www.olympica.ch\/wp-content\/uploads\/2023\/09\/biken-im-oberwallis.webp 1420w\" sizes=\"auto, (max-width: 1024px) 100vw, 1024px\" \/><\/figure>\n<\/div>\n\n\n\n<div class=\"wp-block-uagb-container animated fadeInBottomRight uagb-block-4dac20b0\">\n<h2 class=\"wp-block-heading has-text-align-left\">En bicicleta<\/h2>\n\n\n\n<p>Rutas guiadas en bicicleta de monta\u00f1a por el Valais: <a href=\"https:\/\/www.rollonrocks.ch\/\" target=\"_blank\" rel=\"noreferrer noopener\">www.rollonrocks.ch<\/a><\/p>\n\n\n\n<p>Escuela de ciclismo, gu\u00eda, eventos: <a href=\"https:\/\/www.trailgoats.ch\/\" target=\"_blank\" rel=\"noreferrer noopener\">www.trailgoats.ch<\/a><\/p>\n\n\n\n<div style=\"height:20px\" aria-hidden=\"true\" class=\"wp-block-spacer fertig6\"><\/div>\n<\/div>\n<\/div><\/div>\n\n<div id=\"pilates\" class=\"wp-block-uagb-container imgright uagb-block-2c614de9 alignfull uagb-is-root-container\"><div class=\"uagb-container-inner-blocks-wrap\">\n<div class=\"wp-block-uagb-container animated fadeInBottomLeft uagb-block-4b7a9159\">\n<h2 class=\"wp-block-heading has-text-align-left\">Otros enlaces<\/h2>\n\n\n\n<p>Termas de Brigerbad: <a href=\"https:\/\/www.thermalbad-wallis.ch\/\" target=\"_blank\" rel=\"noreferrer noopener\">www.thermalbad-wallis.ch<\/a><\/p>\n\n\n\n<p>Turismo en Brig Simplon: <a href=\"https:\/\/www.brig-simplon.ch\/\" target=\"_blank\" rel=\"noreferrer noopener\">www.brig-simplon.ch<\/a><\/p>\n\n\n\n<p>Ruffiner Busreisen: <a href=\"https:\/\/www.ruffiner.ch\/\" target=\"_blank\" rel=\"noreferrer noopener\">www.ruffiner.ch<\/a><\/p>\n\n\n\n<div style=\"height:20px\" aria-hidden=\"true\" class=\"wp-block-spacer fertig7\"><\/div>\n<\/div>\n\n\n\n<div class=\"wp-block-uagb-container uagb-block-c5aaf5e1\">\n<div class=\"wp-block-senff-sticky-block\" data-topspace=\"100\" data-cfa=\"true\" data-minwidth=\"767\" data-maxwidth=\"99999\" data-pushup=\".fertig7\" data-zindex=\"1\">\n<figure class=\"wp-block-image size-large\"><img loading=\"lazy\" decoding=\"async\" width=\"1024\" height=\"683\" src=\"http:\/\/www.olympica.ch\/wp-content\/uploads\/2023\/09\/brigerbad-rutschbahn-1024x683.webp\" alt=\"Brigerbad en el Olympica\" class=\"wp-image-1059\" srcset=\"https:\/\/www.olympica.ch\/wp-content\/uploads\/2023\/09\/brigerbad-rutschbahn-1024x683.webp 1024w, https:\/\/www.olympica.ch\/wp-content\/uploads\/2023\/09\/brigerbad-rutschbahn-300x200.webp 300w, https:\/\/www.olympica.ch\/wp-content\/uploads\/2023\/09\/brigerbad-rutschbahn-768x512.webp 768w, https:\/\/www.olympica.ch\/wp-content\/uploads\/2023\/09\/brigerbad-rutschbahn.webp 1420w\" sizes=\"auto, (max-width: 1024px) 100vw, 1024px\" \/><\/figure>\n<\/div>\n<\/div>\n<\/div><\/div>\n","protected":false},"excerpt":{"rendered":"<p>Asador Organizar una maravillosa fiesta familiar, de club, etc. en nuestra casa en verano. No hay problema. Con raclette, barbacoa, etc. todo es posible. Tambi\u00e9n puede utilizar nuestras pistas de tenis, voley playa y campo de f\u00fatbol a precios especiales. Tambi\u00e9n podemos organizar el catering, etc., \u00bfo prefieres hacerlo todo t\u00fa? Sus deseos son \u00f3rdenes. [&hellip;]<\/p>\n","protected":false},"author":1,"featured_media":0,"parent":0,"menu_order":0,"comment_status":"closed","ping_status":"closed","template":"","meta":{"inline_featured_image":false,"_uag_custom_page_level_css":"","slim_seo":{"title":"Consejos para excursiones Brig y Valais | Descubrimientos desde Olympica","description":"Descubre los mejores destinos de excursi\u00f3n y consejos de ocio en los alrededores de Brig-Glis y Valais. Tu gu\u00eda de experiencias inolvidables, presentada por Olympica."},"footnotes":""},"class_list":["post-1840","page","type-page","status-publish","hentry"],"uagb_featured_image_src":{"full":false,"thumbnail":false,"medium":false,"medium_large":false,"large":false,"1536x1536":false,"2048x2048":false},"uagb_author_info":{"display_name":"admin","author_link":"https:\/\/www.olympica.ch\/es\/author\/adminischteroly\/"},"uagb_comment_info":0,"uagb_excerpt":"Asador Organizar una maravillosa fiesta familiar, de club, etc. en nuestra casa en verano. No hay problema. Con raclette, barbacoa, etc. todo es posible. Tambi\u00e9n puede utilizar nuestras pistas de tenis, voley playa y campo de f\u00fatbol a precios especiales. Tambi\u00e9n podemos organizar el catering, etc., \u00bfo prefieres hacerlo todo t\u00fa? Sus deseos son \u00f3rdenes.&hellip;","_links":{"self":[{"href":"https:\/\/www.olympica.ch\/es\/wp-json\/wp\/v2\/pages\/1840","targetHints":{"allow":["GET"]}}],"collection":[{"href":"https:\/\/www.olympica.ch\/es\/wp-json\/wp\/v2\/pages"}],"about":[{"href":"https:\/\/www.olympica.ch\/es\/wp-json\/wp\/v2\/types\/page"}],"author":[{"embeddable":true,"href":"https:\/\/www.olympica.ch\/es\/wp-json\/wp\/v2\/users\/1"}],"replies":[{"embeddable":true,"href":"https:\/\/www.olympica.ch\/es\/wp-json\/wp\/v2\/comments?post=1840"}],"version-history":[{"count":9,"href":"https:\/\/www.olympica.ch\/es\/wp-json\/wp\/v2\/pages\/1840\/revisions"}],"predecessor-version":[{"id":6223,"href":"https:\/\/www.olympica.ch\/es\/wp-json\/wp\/v2\/pages\/1840\/revisions\/6223"}],"wp:attachment":[{"href":"https:\/\/www.olympica.ch\/es\/wp-json\/wp\/v2\/media?parent=1840"}],"curies":[{"name":"wp","href":"https:\/\/api.w.org\/{rel}","templated":true}]}}