{"id":1844,"date":"2023-09-19T13:30:19","date_gmt":"2023-09-19T11:30:19","guid":{"rendered":"https:\/\/www.olympica.ch\/eventos-seminarios\/"},"modified":"2026-01-05T15:34:19","modified_gmt":"2026-01-05T13:34:19","slug":"eventos-seminarios","status":"publish","type":"page","link":"https:\/\/www.olympica.ch\/es\/eventos-seminarios\/","title":{"rendered":"Eventos, seminarios y celebraciones en Brig-Glis"},"content":{"rendered":"\n<div class=\"wp-block-uagb-container imgright uagb-block-03e72069 alignfull uagb-is-root-container\"><div class=\"uagb-container-inner-blocks-wrap\">\n<div class=\"wp-block-uagb-container uagb-block-ac714e78\"><h1 class=\"wp-block-post-title\">Eventos, seminarios y celebraciones en Brig-Glis<\/h1><\/div>\n<\/div><\/div>\n\n<div class=\"wp-block-uagb-container imgleft uagb-block-1bd0752d alignfull uagb-is-root-container\"><div class=\"uagb-container-inner-blocks-wrap\">\n<div class=\"wp-block-uagb-slider uagb-block-0abb722f uagb-slider-container\"><div class=\"uagb-slides uagb-swiper\"><div class=\"swiper-wrapper\">\n<div class=\"wp-block-uagb-slider-child uagb-slider-child-wrap swiper-slide uagb-block-658822c1\"><div class=\"swiper-content\">\n<div class=\"wp-block-uagb-container uagb-block-4bb746cc\">\n<figure class=\"wp-block-image size-large\"><img loading=\"lazy\" decoding=\"async\" width=\"1024\" height=\"683\" src=\"https:\/\/www.olympica.ch\/wp-content\/uploads\/2023\/09\/seminare-olympica-01-1024x683.webp\" alt=\"Actos y seminarios en la Olympica de Brig-Glis\" class=\"wp-image-984\" srcset=\"https:\/\/www.olympica.ch\/wp-content\/uploads\/2023\/09\/seminare-olympica-01-1024x683.webp 1024w, https:\/\/www.olympica.ch\/wp-content\/uploads\/2023\/09\/seminare-olympica-01-300x200.webp 300w, https:\/\/www.olympica.ch\/wp-content\/uploads\/2023\/09\/seminare-olympica-01-768x512.webp 768w, https:\/\/www.olympica.ch\/wp-content\/uploads\/2023\/09\/seminare-olympica-01.webp 1420w\" sizes=\"auto, (max-width: 1024px) 100vw, 1024px\" \/><\/figure>\n<\/div>\n<\/div><\/div>\n\n\n\n<div class=\"wp-block-uagb-slider-child uagb-slider-child-wrap swiper-slide uagb-block-3f434c01\"><div class=\"swiper-content\">\n<div class=\"wp-block-uagb-container uagb-block-a74371ea\">\n<figure class=\"wp-block-image size-large\"><img loading=\"lazy\" decoding=\"async\" width=\"1024\" height=\"683\" src=\"https:\/\/www.olympica.ch\/wp-content\/uploads\/2024\/07\/saal1-1024x683.webp\" alt=\"\" class=\"wp-image-3495\" srcset=\"https:\/\/www.olympica.ch\/wp-content\/uploads\/2024\/07\/saal1-1024x683.webp 1024w, https:\/\/www.olympica.ch\/wp-content\/uploads\/2024\/07\/saal1-300x200.webp 300w, https:\/\/www.olympica.ch\/wp-content\/uploads\/2024\/07\/saal1-768x512.webp 768w, https:\/\/www.olympica.ch\/wp-content\/uploads\/2024\/07\/saal1.webp 1420w\" sizes=\"auto, (max-width: 1024px) 100vw, 1024px\" \/><\/figure>\n<\/div>\n<\/div><\/div>\n\n\n\n<div class=\"wp-block-uagb-slider-child uagb-slider-child-wrap swiper-slide uagb-block-a92a510c\"><div class=\"swiper-content\">\n<div class=\"wp-block-uagb-container uagb-block-01bb2142\">\n<figure class=\"wp-block-image size-large\"><img loading=\"lazy\" decoding=\"async\" width=\"1024\" height=\"683\" src=\"https:\/\/www.olympica.ch\/wp-content\/uploads\/2024\/07\/saal2-1024x683.webp\" alt=\"\" class=\"wp-image-3503\" srcset=\"https:\/\/www.olympica.ch\/wp-content\/uploads\/2024\/07\/saal2-1024x683.webp 1024w, https:\/\/www.olympica.ch\/wp-content\/uploads\/2024\/07\/saal2-300x200.webp 300w, https:\/\/www.olympica.ch\/wp-content\/uploads\/2024\/07\/saal2-768x512.webp 768w, https:\/\/www.olympica.ch\/wp-content\/uploads\/2024\/07\/saal2.webp 1420w\" sizes=\"auto, (max-width: 1024px) 100vw, 1024px\" \/><\/figure>\n<\/div>\n<\/div><\/div>\n\n\n\n<div class=\"wp-block-uagb-slider-child uagb-slider-child-wrap swiper-slide uagb-block-06d49447\"><div class=\"swiper-content\">\n<div class=\"wp-block-uagb-container uagb-block-87406f1c\">\n<figure class=\"wp-block-image size-large is-resized\"><img loading=\"lazy\" decoding=\"async\" width=\"1024\" height=\"683\" src=\"https:\/\/www.olympica.ch\/wp-content\/uploads\/2024\/07\/saal3-1024x683.webp\" alt=\"\" class=\"wp-image-3499\" style=\"width:483px;height:auto\" srcset=\"https:\/\/www.olympica.ch\/wp-content\/uploads\/2024\/07\/saal3-1024x683.webp 1024w, https:\/\/www.olympica.ch\/wp-content\/uploads\/2024\/07\/saal3-300x200.webp 300w, https:\/\/www.olympica.ch\/wp-content\/uploads\/2024\/07\/saal3-768x512.webp 768w, https:\/\/www.olympica.ch\/wp-content\/uploads\/2024\/07\/saal3.webp 1420w\" sizes=\"auto, (max-width: 1024px) 100vw, 1024px\" \/><\/figure>\n<\/div>\n<\/div><\/div>\n\n\n\n<div class=\"wp-block-uagb-slider-child uagb-slider-child-wrap swiper-slide uagb-block-df37c575\"><div class=\"swiper-content\">\n<div class=\"wp-block-uagb-container uagb-block-1569c00f\">\n<figure class=\"wp-block-image size-large\"><img loading=\"lazy\" decoding=\"async\" width=\"1024\" height=\"683\" src=\"https:\/\/www.olympica.ch\/wp-content\/uploads\/2024\/07\/saalhotel-1024x683.webp\" alt=\"\" class=\"wp-image-3507\" srcset=\"https:\/\/www.olympica.ch\/wp-content\/uploads\/2024\/07\/saalhotel-1024x683.webp 1024w, https:\/\/www.olympica.ch\/wp-content\/uploads\/2024\/07\/saalhotel-300x200.webp 300w, https:\/\/www.olympica.ch\/wp-content\/uploads\/2024\/07\/saalhotel-768x512.webp 768w, https:\/\/www.olympica.ch\/wp-content\/uploads\/2024\/07\/saalhotel.webp 1420w\" sizes=\"auto, (max-width: 1024px) 100vw, 1024px\" \/><\/figure>\n<\/div>\n<\/div><\/div>\n<\/div><\/div><div class=\"swiper-pagination\"><\/div><div class=\"swiper-button-prev\"><\/div><div class=\"swiper-button-next\"><\/div><\/div>\n\n\n\n<div class=\"wp-block-uagb-container uagb-block-793554f2\">\n<h2 class=\"wp-block-heading has-text-align-left\">Cinco salas<\/h2>\n\n\n\n<p>Conferencias, convenciones, reuniones, confirmaciones, reencuentros, bautizos, comuniones, fiestas de cumplea\u00f1os, fiestas de empresa, talleres... Sea cual sea la ocasi\u00f3n, nuestras 5 salas est\u00e1n equipadas con lo \u00faltimo en tecnolog\u00eda. En funci\u00f3n de sus deseos, podemos ofrecerle una habitaci\u00f3n adecuada.<\/p>\n<\/div>\n<\/div><\/div>\n\n<div style=\"height:20px\" aria-hidden=\"true\" class=\"wp-block-spacer\"><\/div>\n\n<div class=\"wp-block-uagb-container imgright uagb-block-82d07d90 alignfull uagb-is-root-container\"><div class=\"uagb-container-inner-blocks-wrap\">\n<div class=\"wp-block-uagb-container animated fadeInBottomLeft uagb-block-6d806e44\">\n<h2 class=\"wp-block-heading has-text-align-left\">Infraestructura<\/h2>\n\n\n\n<p>Previa solicitud, con la siguiente infraestructura: rotafolios, TV, v\u00eddeo, DVD, retroproyector, tablero de anuncios, pantalla, videoproyector e internet. Tambi\u00e9n tienes acceso GRATUITO a un punto de acceso Swisscom a Internet (LAN inal\u00e1mbrica) desde cualquier lugar del hotel o del restaurante.<\/p>\n<\/div>\n\n\n\n<div class=\"wp-block-uagb-container animated fadeInBottomRight uagb-block-fcd4bf44\">\n<figure class=\"wp-block-image size-large\"><img loading=\"lazy\" decoding=\"async\" width=\"1024\" height=\"683\" src=\"http:\/\/www.olympica.ch\/wp-content\/uploads\/2023\/09\/seminare-olympica-beispiel-03-1024x683.webp\" alt=\"Actos y seminarios en la Olympica de Brig-Glis\" class=\"wp-image-986\" srcset=\"https:\/\/www.olympica.ch\/wp-content\/uploads\/2023\/09\/seminare-olympica-beispiel-03-1024x683.webp 1024w, https:\/\/www.olympica.ch\/wp-content\/uploads\/2023\/09\/seminare-olympica-beispiel-03-300x200.webp 300w, https:\/\/www.olympica.ch\/wp-content\/uploads\/2023\/09\/seminare-olympica-beispiel-03-768x512.webp 768w, https:\/\/www.olympica.ch\/wp-content\/uploads\/2023\/09\/seminare-olympica-beispiel-03.webp 1420w\" sizes=\"auto, (max-width: 1024px) 100vw, 1024px\" \/><\/figure>\n<\/div>\n<\/div><\/div>\n\n<div class=\"wp-block-uagb-container imgleft uagb-block-c95d9cac alignfull uagb-is-root-container\"><div class=\"uagb-container-inner-blocks-wrap\">\n<div class=\"wp-block-uagb-container uagb-block-f86b8b13\">\n<figure class=\"wp-block-image size-large\"><img loading=\"lazy\" decoding=\"async\" width=\"1024\" height=\"683\" src=\"http:\/\/www.olympica.ch\/wp-content\/uploads\/2023\/09\/saminare-olympica-kombinationen-preise-1024x683.webp\" alt=\"Seminarios en Olympica con combinaciones, deporte y bienestar\" class=\"wp-image-1118\" srcset=\"https:\/\/www.olympica.ch\/wp-content\/uploads\/2023\/09\/saminare-olympica-kombinationen-preise-1024x683.webp 1024w, https:\/\/www.olympica.ch\/wp-content\/uploads\/2023\/09\/saminare-olympica-kombinationen-preise-300x200.webp 300w, https:\/\/www.olympica.ch\/wp-content\/uploads\/2023\/09\/saminare-olympica-kombinationen-preise-768x512.webp 768w, https:\/\/www.olympica.ch\/wp-content\/uploads\/2023\/09\/saminare-olympica-kombinationen-preise.webp 1422w\" sizes=\"auto, (max-width: 1024px) 100vw, 1024px\" \/><\/figure>\n<\/div>\n\n\n\n<div class=\"wp-block-uagb-container uagb-block-e77aa3e9\">\n<h2 class=\"wp-block-heading has-text-align-left\">Combinaciones y precios<\/h2>\n\n\n\n<p>Disfruta de unas horas maravillosas de deporte y juegos despu\u00e9s de tu reuni\u00f3n de equipo, conferencia o encuentro. Reg\u00e1late a ti y a tus invitados un cambio de ritmo con una sauna, un ba\u00f1o de vapor, masajes o un sol\u00e1rium. \u00a1Seguro que con nosotros encuentras la mezcla perfecta!<\/p>\n\n\n\n<p>Precio por d\u00eda: 150.- CHF<br\/>Precio por 1\/2 d\u00eda: 80.- CHF<br\/>Precio para clubes del Alto Valais o grupos deportivos del Valais con consumo de bebidas: gratuito<\/p>\n<\/div>\n<\/div><\/div>\n","protected":false},"excerpt":{"rendered":"<p>Cinco salas Conferencias, convenciones, reuniones, confirmaciones, reencuentros, bautizos, comuniones, fiestas de cumplea\u00f1os, fiestas de empresa, talleres... Sea cual sea la ocasi\u00f3n, nuestras 5 salas est\u00e1n equipadas con lo \u00faltimo en tecnolog\u00eda. En funci\u00f3n de sus deseos, podemos ofrecerle una habitaci\u00f3n adecuada. Infraestructura Previa solicitud, con la siguiente infraestructura: rotafolios, TV, v\u00eddeo, DVD, retroproyector, tablero de [&hellip;]<\/p>\n","protected":false},"author":1,"featured_media":0,"parent":0,"menu_order":0,"comment_status":"closed","ping_status":"closed","template":"","meta":{"inline_featured_image":false,"_uag_custom_page_level_css":"","slim_seo":{"title":"Eventos, seminarios y funciones en Brig | Olympica","description":"Modernas salas de seminarios y lugares vers\u00e1tiles para eventos en Brig-Glis. Olympica ofrece el marco ideal para conferencias, celebraciones y eventos. \u00a1Inf\u00f3rmate y planifica ahora!"},"footnotes":""},"class_list":["post-1844","page","type-page","status-publish","hentry"],"uagb_featured_image_src":{"full":false,"thumbnail":false,"medium":false,"medium_large":false,"large":false,"1536x1536":false,"2048x2048":false},"uagb_author_info":{"display_name":"admin","author_link":"https:\/\/www.olympica.ch\/es\/author\/adminischteroly\/"},"uagb_comment_info":0,"uagb_excerpt":"Cinco salas Conferencias, convenciones, reuniones, confirmaciones, reencuentros, bautizos, comuniones, fiestas de cumplea\u00f1os, fiestas de empresa, talleres... Sea cual sea la ocasi\u00f3n, nuestras 5 salas est\u00e1n equipadas con lo \u00faltimo en tecnolog\u00eda. En funci\u00f3n de sus deseos, podemos ofrecerle una habitaci\u00f3n adecuada. Infraestructura Previa solicitud, con la siguiente infraestructura: rotafolios, TV, v\u00eddeo, DVD, retroproyector, tablero de&hellip;","_links":{"self":[{"href":"https:\/\/www.olympica.ch\/es\/wp-json\/wp\/v2\/pages\/1844","targetHints":{"allow":["GET"]}}],"collection":[{"href":"https:\/\/www.olympica.ch\/es\/wp-json\/wp\/v2\/pages"}],"about":[{"href":"https:\/\/www.olympica.ch\/es\/wp-json\/wp\/v2\/types\/page"}],"author":[{"embeddable":true,"href":"https:\/\/www.olympica.ch\/es\/wp-json\/wp\/v2\/users\/1"}],"replies":[{"embeddable":true,"href":"https:\/\/www.olympica.ch\/es\/wp-json\/wp\/v2\/comments?post=1844"}],"version-history":[{"count":5,"href":"https:\/\/www.olympica.ch\/es\/wp-json\/wp\/v2\/pages\/1844\/revisions"}],"predecessor-version":[{"id":5984,"href":"https:\/\/www.olympica.ch\/es\/wp-json\/wp\/v2\/pages\/1844\/revisions\/5984"}],"wp:attachment":[{"href":"https:\/\/www.olympica.ch\/es\/wp-json\/wp\/v2\/media?parent=1844"}],"curies":[{"name":"wp","href":"https:\/\/api.w.org\/{rel}","templated":true}]}}