{"id":1961,"date":"2023-09-18T19:24:15","date_gmt":"2023-09-18T17:24:15","guid":{"rendered":"https:\/\/www.olympica.ch\/deporte-y-forma-fisica\/en-el-exterior\/"},"modified":"2025-05-26T17:47:50","modified_gmt":"2025-05-26T15:47:50","slug":"en-el-exterior","status":"publish","type":"page","link":"https:\/\/www.olympica.ch\/es\/deporte-y-forma-fisica\/en-el-exterior\/","title":{"rendered":"Deportes y actividades al aire libre en Olympica Brig"},"content":{"rendered":"\n<div class=\"wp-block-uagb-container imgright uagb-block-03e72069 alignfull uagb-is-root-container\"><div class=\"uagb-container-inner-blocks-wrap\">\n<div class=\"wp-block-uagb-container uagb-block-ac714e78\"><h1 class=\"wp-block-post-title\">Deportes y actividades al aire libre en Olympica Brig<\/h1><\/div>\n<\/div><\/div>\n\n<div class=\"wp-block-uagb-container imgleft uagb-block-1bd0752d alignfull uagb-is-root-container\"><div class=\"uagb-container-inner-blocks-wrap\">\n<div class=\"wp-block-uagb-container animated fadeInBottomLeft uagb-block-90f3760b\">\n<figure class=\"wp-block-image size-large\"><img loading=\"lazy\" decoding=\"async\" width=\"1024\" height=\"683\" src=\"http:\/\/www.olympica.ch\/wp-content\/uploads\/2023\/09\/tennis-olympica-brig-1024x683.webp\" alt=\"Pistas de tenis en el Olympica de Brig-Glis\" class=\"wp-image-637\" srcset=\"https:\/\/www.olympica.ch\/wp-content\/uploads\/2023\/09\/tennis-olympica-brig-1024x683.webp 1024w, https:\/\/www.olympica.ch\/wp-content\/uploads\/2023\/09\/tennis-olympica-brig-300x200.webp 300w, https:\/\/www.olympica.ch\/wp-content\/uploads\/2023\/09\/tennis-olympica-brig-768x512.webp 768w, https:\/\/www.olympica.ch\/wp-content\/uploads\/2023\/09\/tennis-olympica-brig.webp 1420w\" sizes=\"auto, (max-width: 1024px) 100vw, 1024px\" \/><\/figure>\n<\/div>\n\n\n\n<div class=\"wp-block-uagb-container animated fadeInBottomRight uagb-block-793554f2\">\n<h2 class=\"wp-block-heading has-text-align-left\">Tenis<\/h2>\n\n\n\n<p>Ahora tambi\u00e9n puedes jugar a los dardos de acero en el Olympica. Disponemos de 4 tableros profesionales<\/p>\n\n\n\n<p>S\u00f3lo es posible previa reserva y solicitud. Espont\u00e1neamente s\u00f3lo es posible tal vez.<\/p>\n\n\n\n<p>Tambi\u00e9n es ideal para campos de entrenamiento, torneos, etc.<\/p>\n<\/div>\n<\/div><\/div>\n\n<div style=\"height:20px\" aria-hidden=\"true\" class=\"wp-block-spacer\"><\/div>\n\n<div class=\"wp-block-uagb-container imgright uagb-block-82d07d90 alignfull uagb-is-root-container\"><div class=\"uagb-container-inner-blocks-wrap\">\n<div class=\"wp-block-uagb-container animated fadeInBottomLeft uagb-block-6d806e44\">\n<h2 class=\"wp-block-heading has-text-align-left\">Voley playa<\/h2>\n\n\n\n<p>Nuestras dos pistas de voleibol de playa con arena profesional especial procedente de Holanda le animan a disfrutar de los deportes al aire libre en los numerosos d\u00edas de verano en Valais. \u00a1\u00a1\u00a1La diversi\u00f3n absoluta del verano!!!<\/p>\n<\/div>\n\n\n\n<div class=\"wp-block-uagb-container animated fadeInBottomRight uagb-block-fcd4bf44\">\n<figure class=\"wp-block-image size-large\"><img loading=\"lazy\" decoding=\"async\" width=\"1024\" height=\"683\" src=\"http:\/\/www.olympica.ch\/wp-content\/uploads\/2023\/09\/beach-volleyball-feld-olympica-brig-glis-1024x683.webp\" alt=\"Voley playa en Brig-Glis Olympica\" class=\"wp-image-643\" srcset=\"https:\/\/www.olympica.ch\/wp-content\/uploads\/2023\/09\/beach-volleyball-feld-olympica-brig-glis-1024x683.webp 1024w, https:\/\/www.olympica.ch\/wp-content\/uploads\/2023\/09\/beach-volleyball-feld-olympica-brig-glis-300x200.webp 300w, https:\/\/www.olympica.ch\/wp-content\/uploads\/2023\/09\/beach-volleyball-feld-olympica-brig-glis-768x512.webp 768w, https:\/\/www.olympica.ch\/wp-content\/uploads\/2023\/09\/beach-volleyball-feld-olympica-brig-glis.webp 1420w\" sizes=\"auto, (max-width: 1024px) 100vw, 1024px\" \/><\/figure>\n<\/div>\n<\/div><\/div>\n\n<div class=\"wp-block-uagb-container imgleft uagb-block-c95d9cac alignfull uagb-is-root-container\"><div class=\"uagb-container-inner-blocks-wrap\">\n<div class=\"wp-block-uagb-container uagb-block-f86b8b13\">\n<figure class=\"wp-block-image size-large\"><img loading=\"lazy\" decoding=\"async\" width=\"1024\" height=\"683\" src=\"http:\/\/www.olympica.ch\/wp-content\/uploads\/2023\/09\/fussball-platz-feld-olympica-brig-glis-1024x683.webp\" alt=\"Campo de f&#xFA;tbol del Olympica de Brig-Glis\" class=\"wp-image-647\" srcset=\"https:\/\/www.olympica.ch\/wp-content\/uploads\/2023\/09\/fussball-platz-feld-olympica-brig-glis-1024x683.webp 1024w, https:\/\/www.olympica.ch\/wp-content\/uploads\/2023\/09\/fussball-platz-feld-olympica-brig-glis-300x200.webp 300w, https:\/\/www.olympica.ch\/wp-content\/uploads\/2023\/09\/fussball-platz-feld-olympica-brig-glis-768x512.webp 768w, https:\/\/www.olympica.ch\/wp-content\/uploads\/2023\/09\/fussball-platz-feld-olympica-brig-glis.webp 1420w\" sizes=\"auto, (max-width: 1024px) 100vw, 1024px\" \/><\/figure>\n<\/div>\n\n\n\n<div class=\"wp-block-uagb-container uagb-block-e77aa3e9\">\n<h2 class=\"wp-block-heading has-text-align-left\">F\u00fatbol<\/h2>\n\n\n\n<p>Adem\u00e1s del f\u00fatbol, en nuestro campo de hierba se pueden practicar otros deportes como atletismo, baloncesto, etc. Nuestra \"caba\u00f1a\" barbacoa es ideal para una acogedora reuni\u00f3n antes o despu\u00e9s de un emocionante partido - combinado con una barbacoa - diversi\u00f3n bajo el sol brillante.<\/p>\n<\/div>\n<\/div><\/div>\n\n<div class=\"wp-block-uagb-container imgright uagb-block-2c614de9 alignfull uagb-is-root-container\"><div class=\"uagb-container-inner-blocks-wrap\">\n<div class=\"wp-block-uagb-container animated fadeInBottomLeft uagb-block-4b7a9159\">\n<h2 class=\"wp-block-heading has-text-align-left\">Gu\u00eda de monta\u00f1a<\/h2>\n\n\n\n<ul class=\"wp-block-list\">\n<li>Excursiones de esqu\u00ed<\/li>\n\n\n\n<li>Barranquismo<\/li>\n\n\n\n<li>V\u00eda ferrata<\/li>\n\n\n\n<li>Rutas por los glaciares<\/li>\n\n\n\n<li>Pasar la noche en el Olympica<\/li>\n<\/ul>\n\n\n\n<p>con Andreas Oggier.  <a href=\"https:\/\/bergfuehrer-wallis-schweiz.ch\/\" target=\"_blank\" rel=\"noreferrer noopener\">Detalles en su sitio web<\/a><\/p>\n<\/div>\n\n\n\n<div class=\"wp-block-uagb-container animated fadeInBottomRight uagb-block-c5aaf5e1\">\n<figure class=\"wp-block-image size-large\"><img loading=\"lazy\" decoding=\"async\" width=\"1024\" height=\"683\" src=\"http:\/\/www.olympica.ch\/wp-content\/uploads\/2023\/09\/bergsteiger-angebote-olympica-1024x683.webp\" alt=\"Ofertas de gu&#xED;as de monta&#xF1;a con pernoctaci&#xF3;n en el Olympica\" class=\"wp-image-648\" srcset=\"https:\/\/www.olympica.ch\/wp-content\/uploads\/2023\/09\/bergsteiger-angebote-olympica-1024x683.webp 1024w, https:\/\/www.olympica.ch\/wp-content\/uploads\/2023\/09\/bergsteiger-angebote-olympica-300x200.webp 300w, https:\/\/www.olympica.ch\/wp-content\/uploads\/2023\/09\/bergsteiger-angebote-olympica-768x512.webp 768w, https:\/\/www.olympica.ch\/wp-content\/uploads\/2023\/09\/bergsteiger-angebote-olympica.webp 1420w\" sizes=\"auto, (max-width: 1024px) 100vw, 1024px\" \/><\/figure>\n<\/div>\n<\/div><\/div>\n","protected":false},"excerpt":{"rendered":"<p>Tenis Ahora tambi\u00e9n puedes jugar a los dardos de acero en el Olympica. Disponemos de 4 tableros profesionales S\u00f3lo es posible previa reserva y solicitud. Espont\u00e1neamente s\u00f3lo es posible tal vez. Tambi\u00e9n es ideal para campos de entrenamiento, torneos, etc. Voley playa Nuestras dos pistas de voleibol de playa con arena profesional especial procedente de [&hellip;]<\/p>\n","protected":false},"author":1,"featured_media":0,"parent":1806,"menu_order":0,"comment_status":"closed","ping_status":"closed","template":"","meta":{"inline_featured_image":false,"_uag_custom_page_level_css":"","slim_seo":{"title":"Olympica Brig: Naturaleza, deporte y experiencias al aire libre en Valais","description":"Experimenta los deportes al aire libre en Olympica Brig: tenis, campos de f\u00fatbol, voley playa y punto de partida ideal para actividades en la campi\u00f1a del Valais. \u00a1Desc\u00fabrelo ahora!"},"footnotes":""},"class_list":["post-1961","page","type-page","status-publish","hentry"],"uagb_featured_image_src":{"full":false,"thumbnail":false,"medium":false,"medium_large":false,"large":false,"1536x1536":false,"2048x2048":false},"uagb_author_info":{"display_name":"admin","author_link":"https:\/\/www.olympica.ch\/es\/author\/adminischteroly\/"},"uagb_comment_info":0,"uagb_excerpt":"Tenis Ahora tambi\u00e9n puedes jugar a los dardos de acero en el Olympica. Disponemos de 4 tableros profesionales S\u00f3lo es posible previa reserva y solicitud. Espont\u00e1neamente s\u00f3lo es posible tal vez. Tambi\u00e9n es ideal para campos de entrenamiento, torneos, etc. Voley playa Nuestras dos pistas de voleibol de playa con arena profesional especial procedente de&hellip;","_links":{"self":[{"href":"https:\/\/www.olympica.ch\/es\/wp-json\/wp\/v2\/pages\/1961","targetHints":{"allow":["GET"]}}],"collection":[{"href":"https:\/\/www.olympica.ch\/es\/wp-json\/wp\/v2\/pages"}],"about":[{"href":"https:\/\/www.olympica.ch\/es\/wp-json\/wp\/v2\/types\/page"}],"author":[{"embeddable":true,"href":"https:\/\/www.olympica.ch\/es\/wp-json\/wp\/v2\/users\/1"}],"replies":[{"embeddable":true,"href":"https:\/\/www.olympica.ch\/es\/wp-json\/wp\/v2\/comments?post=1961"}],"version-history":[{"count":2,"href":"https:\/\/www.olympica.ch\/es\/wp-json\/wp\/v2\/pages\/1961\/revisions"}],"predecessor-version":[{"id":4973,"href":"https:\/\/www.olympica.ch\/es\/wp-json\/wp\/v2\/pages\/1961\/revisions\/4973"}],"up":[{"embeddable":true,"href":"https:\/\/www.olympica.ch\/es\/wp-json\/wp\/v2\/pages\/1806"}],"wp:attachment":[{"href":"https:\/\/www.olympica.ch\/es\/wp-json\/wp\/v2\/media?parent=1961"}],"curies":[{"name":"wp","href":"https:\/\/api.w.org\/{rel}","templated":true}]}}