{"id":3475,"date":"2024-07-01T16:02:29","date_gmt":"2024-07-01T14:02:29","guid":{"rendered":"https:\/\/www.olympica.ch\/?page_id=3475"},"modified":"2026-04-17T12:32:11","modified_gmt":"2026-04-17T10:32:11","slug":"bienestar-y-spa-2","status":"publish","type":"page","link":"https:\/\/www.olympica.ch\/es\/bienestar-y-spa-2\/","title":{"rendered":"Belleza y cosm\u00e9tica: tus momentos de mimo en Brig-Glis"},"content":{"rendered":"\n<div class=\"wp-block-uagb-container imgright uagb-block-03e72069 alignfull uagb-is-root-container\"><div class=\"uagb-container-inner-blocks-wrap\">\n<div class=\"wp-block-uagb-container uagb-block-ac714e78\"><h1 class=\"wp-block-post-title\">Belleza y cosm\u00e9tica: tus momentos de mimo en Brig-Glis<\/h1><\/div>\n<\/div><\/div>\n\n<div style=\"height:20px\" aria-hidden=\"true\" class=\"wp-block-spacer\"><\/div>\n\n<div class=\"wp-block-uagb-container imgright uagb-block-00f9d29e alignfull uagb-is-root-container\"><div class=\"uagb-container-inner-blocks-wrap\">\n<div class=\"wp-block-uagb-container uagb-block-10ef7fca\">\n<figure class=\"wp-block-image size-large\"><img loading=\"lazy\" decoding=\"async\" width=\"1024\" height=\"683\" src=\"http:\/\/www.olympica.ch\/wp-content\/uploads\/2023\/12\/kosmetik-1024x683.webp\" alt=\"Cosm&#xE9;ticos en Olympica de Brig-Glis\" class=\"wp-image-2436\" srcset=\"https:\/\/www.olympica.ch\/wp-content\/uploads\/2023\/12\/kosmetik-1024x683.webp 1024w, https:\/\/www.olympica.ch\/wp-content\/uploads\/2023\/12\/kosmetik-300x200.webp 300w, https:\/\/www.olympica.ch\/wp-content\/uploads\/2023\/12\/kosmetik-768x512.webp 768w, https:\/\/www.olympica.ch\/wp-content\/uploads\/2023\/12\/kosmetik.webp 1422w\" sizes=\"auto, (max-width: 1024px) 100vw, 1024px\" \/><\/figure>\n<\/div>\n\n\n\n<div class=\"wp-block-uagb-container animated fadeInBottomLeft uagb-block-813c5d1e\">\n<h2 class=\"wp-block-heading has-text-align-left\">Cosm\u00e9ticos<\/h2>\n\n\n\n<p>\u00bfQu\u00e9 tal una manicura, una pedicura o un tratamiento facial de bienestar con un masaje relajante? Nuestra esteticista Cristina te garantiza una experiencia profundamente relajante. H\u00e1ganos saber sus deseos... \u00a1haremos todo lo posible por mimarle de la cabeza a los pies!<\/p>\n<\/div>\n<\/div><\/div>\n\n<div id=\"massage\" class=\"wp-block-uagb-container imgleft uagb-block-b7837ecf alignfull uagb-is-root-container\"><div class=\"uagb-container-inner-blocks-wrap\">\n<div class=\"wp-block-uagb-container uagb-block-7d1a6302\">\n<h2 class=\"wp-block-heading has-text-align-left\">NUEVO: Masajes con Jacqueline<\/h2>\n\n\n\n<p>Rara vez encontramos paz y tranquilidad en nuestra agitada vida cotidiana.<\/p>\n\n\n\n<p>El estr\u00e9s puede hacer que tus m\u00fasculos se tensen, lo que puede provocar migra\u00f1as y dolor.<\/p>\n\n\n\n<p>Nuestra nueva masajista Jacqueline te ayudar\u00e1 a relajar los m\u00fasculos con una t\u00e9cnica de masaje adaptada a tus necesidades.<\/p>\n\n\n\n<p>Y lo mejor de todo: \u00a1sus masajes est\u00e1n reconocidos por las compa\u00f1\u00edas de seguros m\u00e9dicos!<br\/><a href=\"https:\/\/emr.ch\/versicherer\/_\/methode-klassische-massage\" target=\"_blank\" rel=\"noopener\" title=\"\">\u00a1Puedes averiguar qu\u00e9 compa\u00f1\u00eda de seguros m\u00e9dicos respalda los masajes aqu\u00ed!<\/a><\/p>\n\n\n\n<p>30 min - Fr. 60,00 \/ 60 min - Fr. 110,00 \/ 90 min - Fr.   170.00<\/p>\n\n\n\n<p>\u00a1<a href=\"https:\/\/web.cenplexbooking.ch\/appointment-selection?customerId=173&amp;locationId=605\" target=\"_blank\" rel=\"noopener\" title=\"\">RESERVA YA TU CITA AQU\u00cd<\/a> o llama al 079 - 265 03 59!<\/p>\n<\/div>\n\n\n\n<div class=\"wp-block-uagb-container uagb-block-61726e26\">\n<figure class=\"wp-block-image size-large\"><img loading=\"lazy\" decoding=\"async\" width=\"1024\" height=\"724\" src=\"https:\/\/www.olympica.ch\/wp-content\/uploads\/2026\/03\/jaqueline_massage-1024x724.webp\" alt=\"Masaje Jaqueline\" class=\"wp-image-6121\" srcset=\"https:\/\/www.olympica.ch\/wp-content\/uploads\/2026\/03\/jaqueline_massage-1024x724.webp 1024w, https:\/\/www.olympica.ch\/wp-content\/uploads\/2026\/03\/jaqueline_massage-300x212.webp 300w, https:\/\/www.olympica.ch\/wp-content\/uploads\/2026\/03\/jaqueline_massage-768x543.webp 768w, https:\/\/www.olympica.ch\/wp-content\/uploads\/2026\/03\/jaqueline_massage-1536x1086.webp 1536w, https:\/\/www.olympica.ch\/wp-content\/uploads\/2026\/03\/jaqueline_massage.webp 1900w\" sizes=\"auto, (max-width: 1024px) 100vw, 1024px\" \/><\/figure>\n<\/div>\n<\/div><\/div>\n\n<div class=\"wp-block-uagb-container imgright uagb-block-dc7e3ace alignfull uagb-is-root-container\"><div class=\"uagb-container-inner-blocks-wrap\">\n<div class=\"wp-block-uagb-container uagb-block-fbbcee73\">\n<figure class=\"wp-block-embed is-type-video is-provider-youtube wp-block-embed-youtube wp-embed-aspect-16-9 wp-has-aspect-ratio\"><div class=\"wp-block-embed__wrapper\">\n<iframe loading=\"lazy\" title=\"HydraFacial Behandlung im Olympica\" width=\"500\" height=\"281\" src=\"https:\/\/www.youtube.com\/embed\/bAUZvsA_oNY?feature=oembed\" frameborder=\"0\" allow=\"accelerometer; autoplay; clipboard-write; encrypted-media; gyroscope; picture-in-picture; web-share\" referrerpolicy=\"strict-origin-when-cross-origin\" allowfullscreen><\/iframe>\n<\/div><\/figure>\n<\/div>\n\n\n\n<div class=\"wp-block-uagb-container animated fadeInBottomLeft uagb-block-4c09051e\">\n<h2 class=\"wp-block-heading has-text-align-left\">HidraFacial<\/h2>\n\n\n\n<p>HydraFacial utiliza tecnolog\u00eda patentada para eliminar las c\u00e9lulas muertas de la piel, limpiarla en profundidad e hidratarla. Al mismo tiempo, se introducen sueros altamente eficaces adaptados a las necesidades espec\u00edficas de la piel. <\/p>\n\n\n\n<p>Este procedimiento mejora el aspecto de diversos problemas cut\u00e1neos, como las l\u00edneas finas y las arrugas, la falta de firmeza, la piel irregular y los poros obstruidos.<\/p>\n\n\n\n<p>75 min - Vie. 149.00<\/p>\n<\/div>\n<\/div><\/div>\n\n<div class=\"wp-block-uagb-container imgleft uagb-block-8a20b72b alignfull uagb-is-root-container\"><div class=\"uagb-container-inner-blocks-wrap\">\n<div class=\"wp-block-uagb-container uagb-block-22597ac6\">\n<h2 class=\"wp-block-heading has-text-align-left\">Masaje de vac\u00edo\/presoterapia<\/h2>\n\n\n\n<p><strong>Vacuum masaje de gl\u00fateos y costados<\/strong><br\/>Esta terapia ayuda a conseguir r\u00e1pidamente la forma deseada. Durante la sesi\u00f3n, el vac\u00edo estimula el drenaje linf\u00e1tico, mejora la circulaci\u00f3n sangu\u00ednea y reduce la celulitis, con un efecto similar al del masaje.  Esto se hace con un dispositivo especial de vac\u00edo y tambi\u00e9n a mano.  <br\/>El aparato penetra profundamente en la capa de grasa subcut\u00e1nea, favoreciendo una r\u00e1pida remodelaci\u00f3n corporal y reafirmaci\u00f3n de la piel, con resultados apreciables tras unos pocos tratamientos.<\/p>\n\n\n\n<p>30 min - Fr. 50,00 \/ 60 min - Fr. 80,00<br\/>5 tratamientos de 60 min cada uno - Fr.   340.00<\/p>\n\n\n\n<p><strong>Presoterapia<\/strong><br\/>La presoterapia es un sistema de terapia de compresi\u00f3n relajante y revitalizante dise\u00f1ado para combatir la celulitis y el envejecimiento corporal. Consiste en una bomba que genera un chorro dirigido de aire comprimido con presi\u00f3n variable sobre las zonas problem\u00e1ticas y alivia el estancamiento en todo el cuerpo. Tiene un efecto beneficioso sobre la congesti\u00f3n y la hinchaz\u00f3n del agua del cuerpo y hace que vuelva a fluir.<br\/>El masaje mejora la circulaci\u00f3n sangu\u00ednea mediante una suave presi\u00f3n perist\u00e1ltica unidireccional sobre las venas perif\u00e9ricas, mejora la circulaci\u00f3n sangu\u00ednea, facilita la eliminaci\u00f3n de toxinas y hace que llegue m\u00e1s ox\u00edgeno fresco a las c\u00e9lulas de la piel.<br\/>Adem\u00e1s, mejora el flujo linf\u00e1tico tanto en la red perif\u00e9rica como en la red linf\u00e1tica profunda. El resultado es la evacuaci\u00f3n de los residuos metab\u00f3licos de los espacios intersticiales. El sistema inmunol\u00f3gico tambi\u00e9n se beneficia.    <\/p>\n\n\n\n<p>1 tratamiento - Fr. 90,00<br\/>5 tratamientos - Fr. 390,00<br\/>30 min s\u00f3lo piernas - Fr.   50.00<\/p>\n<\/div>\n\n\n\n<div class=\"wp-block-uagb-container uagb-block-ff4ed3ae\">\n<figure class=\"wp-block-embed is-type-video is-provider-youtube wp-block-embed-youtube wp-embed-aspect-16-9 wp-has-aspect-ratio\"><div class=\"wp-block-embed__wrapper\">\n<iframe loading=\"lazy\" title=\"Vakuum Lifting Massagen im Olympica\" width=\"500\" height=\"281\" src=\"https:\/\/www.youtube.com\/embed\/TV5K8MW_YnQ?feature=oembed\" frameborder=\"0\" allow=\"accelerometer; autoplay; clipboard-write; encrypted-media; gyroscope; picture-in-picture; web-share\" referrerpolicy=\"strict-origin-when-cross-origin\" allowfullscreen><\/iframe>\n<\/div><\/figure>\n<\/div>\n<\/div><\/div>\n\n<p><\/p>\n\n<div class=\"wp-block-uagb-container imgright uagb-block-19f38a0a alignfull uagb-is-root-container\"><div class=\"uagb-container-inner-blocks-wrap\">\n<div class=\"wp-block-uagb-container uagb-block-668fbe79\">\n<figure class=\"wp-block-image size-large\"><a href=\"https:\/\/www.olympica.ch\/wp-content\/uploads\/2025\/04\/kosmetik-angebot-2025.webp\" target=\"_blank\" rel=\" noreferrer noopener\"><img loading=\"lazy\" decoding=\"async\" width=\"1024\" height=\"683\" src=\"https:\/\/www.olympica.ch\/wp-content\/uploads\/2025\/03\/angebot-kosmetik-teaser-1024x683.webp\" alt=\"\" class=\"wp-image-4260\" srcset=\"https:\/\/www.olympica.ch\/wp-content\/uploads\/2025\/03\/angebot-kosmetik-teaser-1024x683.webp 1024w, https:\/\/www.olympica.ch\/wp-content\/uploads\/2025\/03\/angebot-kosmetik-teaser-300x200.webp 300w, https:\/\/www.olympica.ch\/wp-content\/uploads\/2025\/03\/angebot-kosmetik-teaser-768x512.webp 768w, https:\/\/www.olympica.ch\/wp-content\/uploads\/2025\/03\/angebot-kosmetik-teaser.webp 1422w\" sizes=\"auto, (max-width: 1024px) 100vw, 1024px\" \/><\/a><\/figure>\n<\/div>\n\n\n\n<div class=\"wp-block-uagb-container animated fadeInBottomLeft uagb-block-2cc054fc\">\n<h2 class=\"wp-block-heading has-text-align-left\">Disponibilidad<\/h2>\n\n\n\n<p>Lunes: 09.00 - 18.00<br\/>Mi\u00e9rcoles: 09.00 - 18.00<br\/>S\u00e1bado: individual<\/p>\n\n\n\n<p>Correo electr\u00f3nico: <a href=\"mailto:kosmetik_massage@olympica.ch\">kosmetik_massage@olympica.ch<\/a><br\/>Tel\u00e9fono: +41 76 230 98 10 (tambi\u00e9n por WhatsApp)<\/p>\n<\/div>\n<\/div><\/div>\n\n<div id=\"kosmetik\" class=\"wp-block-uagb-container imgright uagb-block-fbacf26c alignfull uagb-is-root-container\"><div class=\"uagb-container-inner-blocks-wrap\">\n<div class=\"wp-block-uagb-container uagb-block-699920f4\">\n<h2 class=\"wp-block-heading has-text-align-left\">Reserva una cita est\u00e9tica<\/h2>\n\n\n\n<p class=\"has-text-align-left\">\u00bfHas encontrado algo de la oferta anterior y quieres reservar directamente?  <br\/>Entonces aqu\u00ed tienes la oportunidad. Cristina est\u00e1 disponible los lunes y los mi\u00e9rcoles. En casos individuales tambi\u00e9n varios s\u00e1bados.   S\u00f3lo tienes que hacer clic en el calendario y reservar la fecha que prefieras.  <br\/><strong>Nota: La reserva es vinculante.  <\/strong><br\/>Si no puedes acudir a la cita, comun\u00edcaselo a Cristina con la debida antelaci\u00f3n. Muchas gracias.  <\/p>\n\n\n\n<div class=\"wp-block-uagb-container uagb-block-0480782b alignfull uagb-is-root-container\"><div class=\"uagb-container-inner-blocks-wrap\"><div class=\"wp-block-image\">\n<figure class=\"aligncenter size-large is-resized\"><img loading=\"lazy\" decoding=\"async\" width=\"774\" height=\"1024\" src=\"https:\/\/www.olympica.ch\/wp-content\/uploads\/2026\/04\/Cristina-Web-774x1024.webp\" alt=\"Cristina\" class=\"wp-image-6202\" style=\"width:200px\" srcset=\"https:\/\/www.olympica.ch\/wp-content\/uploads\/2026\/04\/Cristina-Web-774x1024.webp 774w, https:\/\/www.olympica.ch\/wp-content\/uploads\/2026\/04\/Cristina-Web-227x300.webp 227w, https:\/\/www.olympica.ch\/wp-content\/uploads\/2026\/04\/Cristina-Web-768x1015.webp 768w, https:\/\/www.olympica.ch\/wp-content\/uploads\/2026\/04\/Cristina-Web.webp 1080w\" sizes=\"auto, (max-width: 774px) 100vw, 774px\" \/><\/figure>\n<\/div><\/div><\/div>\n<\/div>\n\n\n\n<div class=\"wp-block-uagb-container uagb-block-3ab3ed0f\">\n<vg-guest-booking widget-key=\"69c3a94efb784a419bbcadda\" club-id=\"90609\" lang=\"de\" source=\"\"><\/vg-guest-booking>\n      <script src=\"https:\/\/static.virtuagym.com\/vg-guest-booking-widget\/dist\/js\/app.js\"><\/script>\n<\/div>\n<\/div><\/div>\n","protected":false},"excerpt":{"rendered":"<p>Cosm\u00e9ticos \u00bfQu\u00e9 tal una manicura, una pedicura o un tratamiento facial de bienestar con un masaje relajante? Nuestra esteticista Cristina te garantiza una experiencia profundamente relajante. H\u00e1ganos saber sus deseos... \u00a1haremos todo lo posible por mimarle de la cabeza a los pies! NUEVO: Masajes con Jacqueline Rara vez encontramos paz y tranquilidad en nuestra agitada [&hellip;]<\/p>\n","protected":false},"author":3,"featured_media":0,"parent":0,"menu_order":0,"comment_status":"closed","ping_status":"closed","template":"","meta":{"inline_featured_image":false,"_uag_custom_page_level_css":"","slim_seo":{"title":"Beauty & Kosmetik in Brig | Verw\u00f6hnbehandlungen im Olympica","description":"Professionelle Kosmetikbehandlungen im Olympica Brig: Gesichtsreinigung, Anti-Aging, Manik\u00fcre, Pedik\u00fcre & Make-up. Buchen Sie Ihren Beauty-Termin f\u00fcr strahlende Haut!"},"footnotes":""},"class_list":["post-3475","page","type-page","status-publish","hentry"],"uagb_featured_image_src":{"full":false,"thumbnail":false,"medium":false,"medium_large":false,"large":false,"1536x1536":false,"2048x2048":false},"uagb_author_info":{"display_name":"Rico","author_link":"https:\/\/www.olympica.ch\/es\/author\/rico\/"},"uagb_comment_info":0,"uagb_excerpt":"Cosm\u00e9ticos \u00bfQu\u00e9 tal una manicura, una pedicura o un tratamiento facial de bienestar con un masaje relajante? Nuestra esteticista Cristina te garantiza una experiencia profundamente relajante. H\u00e1ganos saber sus deseos... \u00a1haremos todo lo posible por mimarle de la cabeza a los pies! NUEVO: Masajes con Jacqueline Rara vez encontramos paz y tranquilidad en nuestra agitada&hellip;","_links":{"self":[{"href":"https:\/\/www.olympica.ch\/es\/wp-json\/wp\/v2\/pages\/3475","targetHints":{"allow":["GET"]}}],"collection":[{"href":"https:\/\/www.olympica.ch\/es\/wp-json\/wp\/v2\/pages"}],"about":[{"href":"https:\/\/www.olympica.ch\/es\/wp-json\/wp\/v2\/types\/page"}],"author":[{"embeddable":true,"href":"https:\/\/www.olympica.ch\/es\/wp-json\/wp\/v2\/users\/3"}],"replies":[{"embeddable":true,"href":"https:\/\/www.olympica.ch\/es\/wp-json\/wp\/v2\/comments?post=3475"}],"version-history":[{"count":26,"href":"https:\/\/www.olympica.ch\/es\/wp-json\/wp\/v2\/pages\/3475\/revisions"}],"predecessor-version":[{"id":6231,"href":"https:\/\/www.olympica.ch\/es\/wp-json\/wp\/v2\/pages\/3475\/revisions\/6231"}],"wp:attachment":[{"href":"https:\/\/www.olympica.ch\/es\/wp-json\/wp\/v2\/media?parent=3475"}],"curies":[{"name":"wp","href":"https:\/\/api.w.org\/{rel}","templated":true}]}}