{"id":4372,"date":"2025-03-26T20:07:59","date_gmt":"2025-03-26T18:07:59","guid":{"rendered":"https:\/\/www.olympica.ch\/?page_id=4372"},"modified":"2025-12-03T10:37:09","modified_gmt":"2025-12-03T08:37:09","slug":"sport-wellness-hotel-olympica-2","status":"publish","type":"page","link":"https:\/\/www.olympica.ch\/es\/sport-wellness-hotel-olympica-2\/","title":{"rendered":"Desc\u00fabrenos: Visita virtual, ubicaci\u00f3n y llegada"},"content":{"rendered":"\n<div style=\"height:120px\" aria-hidden=\"true\" class=\"wp-block-spacer\"><\/div>\n\n\n\n<div class=\"wp-block-uagb-container uagb-block-9d4cea77 alignfull uagb-is-root-container\"><div class=\"uagb-container-inner-blocks-wrap\">\n<center><iframe loading=\"lazy\" src=\"https:\/\/cloud3.360swiss.co\/olympica\/\" width=\"100%\" height=\"500\"><\/iframe><\/center>\n\n\n\n<div style=\"height:40px\" aria-hidden=\"true\" class=\"wp-block-spacer\"><\/div>\n\n\n\t\t\t<div \n\t\t\tclass=\"wp-block-uagb-google-map uagb-google-map__wrap uagb-block-ce451afb     \"\n\t\t\tstyle=\"\" >\n\t\t\t\t<embed\n\t\t\t\t\tclass=\"uagb-google-map__iframe\"\n\t\t\t\t\ttitle=\"Mapa de Google de\"\n\t\t\t\t\tsrc=\"https:\/\/maps.google.com\/maps?q=Industriestrasse%2094%2C%203900%20Brig-Glis&z=16&hl=es&t=m&output=embed&iwloc=near\"\n\t\t\t\t\twidth=\"640\"\n\t\t\t\t\theight=\"500\"\n\t\t\t\t\tloading=\"lazy\"\n\t\t\t\t><\/embed>\n\t\t\t<\/div>\n\t\t\t<\/div><\/div>\n\n\n\n<div style=\"height:21px\" aria-hidden=\"true\" class=\"wp-block-spacer\"><\/div>\n","protected":false},"excerpt":{"rendered":"","protected":false},"author":1,"featured_media":0,"parent":0,"menu_order":0,"comment_status":"closed","ping_status":"closed","template":"","meta":{"inline_featured_image":false,"_uag_custom_page_level_css":"","slim_seo":{"title":"Olympica Brig: Visita virtual, ubicaci\u00f3n y c\u00f3mo llegar","description":"\u00a1Explora la Brigada Ol\u00edmpica con nuestra visita virtual! Aqu\u00ed tambi\u00e9n encontrar\u00e1s toda la informaci\u00f3n que necesitas sobre nuestra ubicaci\u00f3n y c\u00f3mo llegar."},"footnotes":""},"class_list":["post-4372","page","type-page","status-publish","hentry"],"uagb_featured_image_src":{"full":false,"thumbnail":false,"medium":false,"medium_large":false,"large":false,"1536x1536":false,"2048x2048":false},"uagb_author_info":{"display_name":"admin","author_link":"https:\/\/www.olympica.ch\/es\/author\/adminischteroly\/"},"uagb_comment_info":0,"uagb_excerpt":null,"_links":{"self":[{"href":"https:\/\/www.olympica.ch\/es\/wp-json\/wp\/v2\/pages\/4372","targetHints":{"allow":["GET"]}}],"collection":[{"href":"https:\/\/www.olympica.ch\/es\/wp-json\/wp\/v2\/pages"}],"about":[{"href":"https:\/\/www.olympica.ch\/es\/wp-json\/wp\/v2\/types\/page"}],"author":[{"embeddable":true,"href":"https:\/\/www.olympica.ch\/es\/wp-json\/wp\/v2\/users\/1"}],"replies":[{"embeddable":true,"href":"https:\/\/www.olympica.ch\/es\/wp-json\/wp\/v2\/comments?post=4372"}],"version-history":[{"count":5,"href":"https:\/\/www.olympica.ch\/es\/wp-json\/wp\/v2\/pages\/4372\/revisions"}],"predecessor-version":[{"id":5844,"href":"https:\/\/www.olympica.ch\/es\/wp-json\/wp\/v2\/pages\/4372\/revisions\/5844"}],"wp:attachment":[{"href":"https:\/\/www.olympica.ch\/es\/wp-json\/wp\/v2\/media?parent=4372"}],"curies":[{"name":"wp","href":"https:\/\/api.w.org\/{rel}","templated":true}]}}