{"id":1789,"date":"2023-09-14T17:09:25","date_gmt":"2023-09-14T15:09:25","guid":{"rendered":"https:\/\/www.olympica.ch\/sport-fitness\/"},"modified":"2025-09-10T13:25:13","modified_gmt":"2025-09-10T11:25:13","slug":"sport-fitness","status":"publish","type":"page","link":"https:\/\/www.olympica.ch\/fr\/sport-fitness\/","title":{"rendered":"Votre centre de sport, fitness &amp; activit\u00e9 en Valais"},"content":{"rendered":"\n<div class=\"wp-block-uagb-container imgright uagb-block-03e72069 alignfull uagb-is-root-container\"><div class=\"uagb-container-inner-blocks-wrap\">\n<div class=\"wp-block-uagb-container uagb-block-ac714e78\"><h1 class=\"wp-block-post-title\">Votre centre de sport, fitness &amp; activit\u00e9 en Valais<\/h1><\/div>\n<\/div><\/div>\n\n<div class=\"wp-block-uagb-container imgright titel uagb-block-c57d989d alignfull uagb-is-root-container\"><div class=\"uagb-container-inner-blocks-wrap\">\n<div class=\"wp-block-uagb-container animated fadeInBottomLeft uagb-block-5d57f67f\">\n<h2 class=\"wp-block-heading has-text-align-left\">Sport \/ centre de fitness \/ bien-\u00eatre<\/h2>\n\n\n\n<p>Chers fans de sport et de bien-\u00eatre ! Dans cette vid\u00e9o, nous vous montrons pourquoi vous devriez vous entra\u00eener chez nous \u00e0 Olympica :<\/p>\n\n\n\n<ol class=\"wp-block-list\">\n<li>Super prix d'abonnement !<\/li>\n\n\n\n<li>Dans tous les abonnements (sauf les entr\u00e9es individuelles ou les cartes 10\/20), le tennis de table, le tennis, le badminton, le beach-volley et tous les cours hebdomadaires sont inclus. Plus de vari\u00e9t\u00e9 = plus de plaisir = plus de sant\u00e9 !<\/li>\n\n\n\n<li>Pour encore plus de bien-\u00eatre, nous vous recommandons la variante d'abonnement avec wellness - si avantageuse qu'elle est incontournable !<\/li>\n<\/ol>\n\n\n\n<p><strong>NOUVEAU :<\/strong> Le centre de fitness Olympica est ouvert 24h\/24 et 7j\/7 et vous permet d'acc\u00e9der facilement aux appareils gr\u00e2ce \u00e0 l'application Olympica pour Android et Apple. <a href=\"https:\/\/olympicasportag.virtuagym.com\/webshop\/?club=SmsyUmtnLzB1VWlDSG1LV05UR21MUT09\" target=\"_blank\" rel=\"noopener\" title=\"\">Vous pouvez<\/a> \u00e9galement vous abonner en ligne et vous r\u00e9inscrire.   <\/p>\n\n\n\n<div style=\"height:20px\" aria-hidden=\"true\" class=\"wp-block-spacer\"><\/div>\n<\/div>\n\n\n\n<div class=\"wp-block-uagb-container animated fadeInBottomRight uagb-block-138e42f7\">\n<figure class=\"wp-block-embed is-type-video is-provider-youtube wp-block-embed-youtube wp-embed-aspect-16-9 wp-has-aspect-ratio\"><div class=\"wp-block-embed__wrapper\">\n<iframe loading=\"lazy\" title=\"Sportcenter Olympica - Promovideo 2024\" width=\"500\" height=\"281\" src=\"https:\/\/www.youtube.com\/embed\/8rlVCs5E7P4?feature=oembed\" frameborder=\"0\" allow=\"accelerometer; autoplay; clipboard-write; encrypted-media; gyroscope; picture-in-picture; web-share\" referrerpolicy=\"strict-origin-when-cross-origin\" allowfullscreen><\/iframe>\n<\/div><\/figure>\n<\/div>\n<\/div><\/div>\n\n<div class=\"wp-block-uagb-container imgleft uagb-block-1bd0752d alignfull uagb-is-root-container\"><div class=\"uagb-container-inner-blocks-wrap\">\n<div class=\"wp-block-uagb-container animated fadeInBottomLeft uagb-block-90f3760b\">\n<figure class=\"wp-block-image size-large\"><img loading=\"lazy\" decoding=\"async\" width=\"1024\" height=\"683\" src=\"https:\/\/www.olympica.ch\/wp-content\/uploads\/2023\/09\/olympica-instruktoren-1024x683.webp\" alt=\"Cours hebdomadaires pour instructeurs Olympica Brig-Glis\" class=\"wp-image-500\" srcset=\"https:\/\/www.olympica.ch\/wp-content\/uploads\/2023\/09\/olympica-instruktoren-1024x683.webp 1024w, https:\/\/www.olympica.ch\/wp-content\/uploads\/2023\/09\/olympica-instruktoren-300x200.webp 300w, https:\/\/www.olympica.ch\/wp-content\/uploads\/2023\/09\/olympica-instruktoren-768x512.webp 768w, https:\/\/www.olympica.ch\/wp-content\/uploads\/2023\/09\/olympica-instruktoren.webp 1420w\" sizes=\"auto, (max-width: 1024px) 100vw, 1024px\" \/><\/figure>\n<\/div>\n\n\n\n<div class=\"wp-block-uagb-container animated fadeInBottomRight uagb-block-793554f2\">\n<h2 class=\"wp-block-heading has-text-align-left\">Cours hebdomadaires<\/h2>\n\n\n\n<ul class=\"wp-block-list\">\n<li>Pilates \/ Yoga<\/li>\n\n\n\n<li>Ventre - jambes - fesses<\/li>\n\n\n\n<li>Muscle Workout<\/li>\n\n\n\n<li>M.A.X.<\/li>\n\n\n\n<li>Jumping Power<\/li>\n\n\n\n<li>Spinning \/ Indoor Cycling<\/li>\n<\/ul>\n\n\n\n<div class=\"wp-block-buttons has-custom-font-size is-layout-flex wp-block-buttons-is-layout-flex\" style=\"font-size:clamp(14px, 0.875rem + ((1vw - 3.2px) * 0.114), 15px);\">\n<div class=\"wp-block-button is-style-outline is-style-outline--1\"><a class=\"wp-block-button__link wp-element-button\" href=\"https:\/\/www.olympica.ch\/fr\/sport-fitness\/cours-hebdomadaires\/\" style=\"border-radius:20px\">D\u00e9tails<\/a><\/div>\n<\/div>\n<\/div>\n<\/div><\/div>\n\n<div class=\"wp-block-uagb-container imgright uagb-block-82d07d90 alignfull uagb-is-root-container\"><div class=\"uagb-container-inner-blocks-wrap\">\n<div class=\"wp-block-uagb-container animated fadeInBottomLeft uagb-block-6d806e44\">\n<h2 class=\"wp-block-heading has-text-align-left\">Centre de fitness de Brigue<\/h2>\n\n\n\n<p>Plus de 2000<sup>m2 de<\/sup> salle de musculation et de fitness avec les \u00e9quipements d'entra\u00eenement les plus modernes et un encadrement professionnel vous attendent. Notre \u00e9quipe de fitness se fera un plaisir de vous proposer un programme d'entra\u00eenement adapt\u00e9 \u00e0 vos besoins !<\/p>\n\n\n\n<div style=\"height:20px\" aria-hidden=\"true\" class=\"wp-block-spacer\"><\/div>\n\n\n\n<div class=\"wp-block-buttons has-custom-font-size is-layout-flex wp-block-buttons-is-layout-flex\" style=\"font-size:clamp(14px, 0.875rem + ((1vw - 3.2px) * 0.114), 15px);\">\n<div class=\"wp-block-button is-style-outline is-style-outline--2\"><a class=\"wp-block-button__link wp-element-button\" href=\"https:\/\/www.olympica.ch\/fr\/sport-fitness\/fitness\/\" style=\"border-radius:20px\">D\u00e9tails<\/a><\/div>\n<\/div>\n<\/div>\n\n\n\n<div class=\"wp-block-uagb-container animated fadeInBottomRight uagb-block-fcd4bf44\">\n<figure class=\"wp-block-image size-large\"><img loading=\"lazy\" decoding=\"async\" width=\"1024\" height=\"683\" src=\"http:\/\/www.olympica.ch\/wp-content\/uploads\/2023\/11\/fitness-team-olympica-brig-glis-2023-1024x683.webp\" alt=\"Fitness Team Olympica Brig-Glis\" class=\"wp-image-1221\" srcset=\"https:\/\/www.olympica.ch\/wp-content\/uploads\/2023\/11\/fitness-team-olympica-brig-glis-2023-1024x683.webp 1024w, https:\/\/www.olympica.ch\/wp-content\/uploads\/2023\/11\/fitness-team-olympica-brig-glis-2023-300x200.webp 300w, https:\/\/www.olympica.ch\/wp-content\/uploads\/2023\/11\/fitness-team-olympica-brig-glis-2023-768x512.webp 768w, https:\/\/www.olympica.ch\/wp-content\/uploads\/2023\/11\/fitness-team-olympica-brig-glis-2023.webp 1420w\" sizes=\"auto, (max-width: 1024px) 100vw, 1024px\" \/><\/figure>\n<\/div>\n<\/div><\/div>\n\n<div class=\"wp-block-uagb-container imgleft uagb-block-2836b2ef alignfull uagb-is-root-container\"><div class=\"uagb-container-inner-blocks-wrap\">\n<div class=\"wp-block-uagb-container animated fadeInBottomLeft uagb-block-fdb35577\">\n<figure class=\"wp-block-image size-large\"><img loading=\"lazy\" decoding=\"async\" width=\"1024\" height=\"683\" src=\"http:\/\/www.olympica.ch\/wp-content\/uploads\/2023\/09\/indoor-sport-olympica-brig-glis-1024x683.webp\" alt=\"Sports d'int&#xE9;rieur &#xE0; l'Olympica\" class=\"wp-image-508\" srcset=\"https:\/\/www.olympica.ch\/wp-content\/uploads\/2023\/09\/indoor-sport-olympica-brig-glis-1024x683.webp 1024w, https:\/\/www.olympica.ch\/wp-content\/uploads\/2023\/09\/indoor-sport-olympica-brig-glis-300x200.webp 300w, https:\/\/www.olympica.ch\/wp-content\/uploads\/2023\/09\/indoor-sport-olympica-brig-glis-768x512.webp 768w, https:\/\/www.olympica.ch\/wp-content\/uploads\/2023\/09\/indoor-sport-olympica-brig-glis.webp 1420w\" sizes=\"auto, (max-width: 1024px) 100vw, 1024px\" \/><\/figure>\n<\/div>\n\n\n\n<div class=\"wp-block-uagb-container animated fadeInBottomRight uagb-block-8b2c3260\">\n<h2 class=\"wp-block-heading has-text-align-left\">Int\u00e9rieur<\/h2>\n\n\n\n<ul class=\"wp-block-list\">\n<li>Badminton<\/li>\n\n\n\n<li>Cours de badminton<\/li>\n\n\n\n<li>Bowling<\/li>\n\n\n\n<li>Tennis de table<\/li>\n\n\n\n<li>Unihockey<\/li>\n<\/ul>\n\n\n\n<div style=\"height:20px\" aria-hidden=\"true\" class=\"wp-block-spacer\"><\/div>\n\n\n\n<div class=\"wp-block-buttons has-custom-font-size pauschale1end is-layout-flex wp-block-buttons-is-layout-flex\" style=\"font-size:clamp(14px, 0.875rem + ((1vw - 3.2px) * 0.114), 15px);\">\n<div class=\"wp-block-button is-style-outline is-style-outline--3\"><a class=\"wp-block-button__link wp-element-button\" href=\"https:\/\/www.olympica.ch\/fr\/sport-fitness\/interieur\/\" style=\"border-radius:20px\">D\u00e9tails<\/a><\/div>\n<\/div>\n<\/div>\n<\/div><\/div>\n\n<div class=\"wp-block-uagb-container imgright uagb-block-2c614de9 alignfull uagb-is-root-container\"><div class=\"uagb-container-inner-blocks-wrap\">\n<div class=\"wp-block-uagb-container animated fadeInBottomLeft uagb-block-4b7a9159\">\n<h2 class=\"wp-block-heading has-text-align-left\">En plein air<\/h2>\n\n\n\n<ul class=\"wp-block-list\">\n<li>Tennis<\/li>\n\n\n\n<li>Football<\/li>\n\n\n\n<li>Volley-ball de plage<\/li>\n\n\n\n<li>Randonn\u00e9es \u00e0 ski<\/li>\n\n\n\n<li>Canyoning<\/li>\n\n\n\n<li>Via ferrata<\/li>\n\n\n\n<li>Tour du glacier<\/li>\n<\/ul>\n\n\n\n<div style=\"height:20px\" aria-hidden=\"true\" class=\"wp-block-spacer\"><\/div>\n\n\n\n<div class=\"wp-block-buttons has-custom-font-size is-layout-flex wp-block-buttons-is-layout-flex\" style=\"font-size:clamp(14px, 0.875rem + ((1vw - 3.2px) * 0.114), 15px);\">\n<div class=\"wp-block-button is-style-outline is-style-outline--4\"><a class=\"wp-block-button__link wp-element-button\" href=\"https:\/\/www.olympica.ch\/fr\/sport-fitness\/en-plein-air\/\" style=\"border-radius:20px\">D\u00e9tails<\/a><\/div>\n<\/div>\n<\/div>\n\n\n\n<div class=\"wp-block-uagb-container animated fadeInBottomRight uagb-block-c5aaf5e1\">\n<figure class=\"wp-block-image size-large\"><img loading=\"lazy\" decoding=\"async\" width=\"1024\" height=\"683\" src=\"http:\/\/www.olympica.ch\/wp-content\/uploads\/2023\/09\/outdoor-sport-olympica-brig-glis-1024x683.webp\" alt=\"Sports de plein air &#xE0; l'Olympica de Brigue-Glis\" class=\"wp-image-510\" srcset=\"https:\/\/www.olympica.ch\/wp-content\/uploads\/2023\/09\/outdoor-sport-olympica-brig-glis-1024x683.webp 1024w, https:\/\/www.olympica.ch\/wp-content\/uploads\/2023\/09\/outdoor-sport-olympica-brig-glis-300x200.webp 300w, https:\/\/www.olympica.ch\/wp-content\/uploads\/2023\/09\/outdoor-sport-olympica-brig-glis-768x512.webp 768w, https:\/\/www.olympica.ch\/wp-content\/uploads\/2023\/09\/outdoor-sport-olympica-brig-glis.webp 1420w\" sizes=\"auto, (max-width: 1024px) 100vw, 1024px\" \/><\/figure>\n<\/div>\n<\/div><\/div>\n\n<div class=\"wp-block-uagb-container imgleft uagb-block-0154da7d alignfull uagb-is-root-container\"><div class=\"uagb-container-inner-blocks-wrap\">\n<div class=\"wp-block-uagb-container animated fadeInBottomLeft uagb-block-58513696\">\n<figure class=\"wp-block-image size-large\"><img loading=\"lazy\" decoding=\"async\" width=\"1024\" height=\"683\" src=\"http:\/\/www.olympica.ch\/wp-content\/uploads\/2023\/09\/ernaehrungsberatung-im-olympica-brig-1024x683.webp\" alt=\"Conseil en nutrition &#xE0; Brigue-Glis\" class=\"wp-image-654\" srcset=\"https:\/\/www.olympica.ch\/wp-content\/uploads\/2023\/09\/ernaehrungsberatung-im-olympica-brig-1024x683.webp 1024w, https:\/\/www.olympica.ch\/wp-content\/uploads\/2023\/09\/ernaehrungsberatung-im-olympica-brig-300x200.webp 300w, https:\/\/www.olympica.ch\/wp-content\/uploads\/2023\/09\/ernaehrungsberatung-im-olympica-brig-768x512.webp 768w, https:\/\/www.olympica.ch\/wp-content\/uploads\/2023\/09\/ernaehrungsberatung-im-olympica-brig.webp 1420w\" sizes=\"auto, (max-width: 1024px) 100vw, 1024px\" \/><\/figure>\n<\/div>\n\n\n\n<div class=\"wp-block-uagb-container animated fadeInBottomRight uagb-block-49288836\">\n<h2 class=\"wp-block-heading has-text-align-left\">Conseils nutritionnels<\/h2>\n\n\n\n<p>Sans nourriture, il n'y a pas de vie !  <\/p>\n\n\n\n<p>Il n'y a pas de vie saine sans alimentation saine !<\/p>\n\n\n\n<div style=\"height:20px\" aria-hidden=\"true\" class=\"wp-block-spacer\"><\/div>\n\n\n\n<div class=\"wp-block-buttons has-custom-font-size is-layout-flex wp-block-buttons-is-layout-flex\" style=\"font-size:clamp(14px, 0.875rem + ((1vw - 3.2px) * 0.114), 15px);\">\n<div class=\"wp-block-button is-style-outline is-style-outline--5\"><a class=\"wp-block-button__link wp-element-button\" href=\"https:\/\/www.olympica.ch\/fr\/sport-fitness\/conseils-pour-lalimentation\/\" style=\"border-radius:20px\">D\u00e9tails<\/a><\/div>\n<\/div>\n<\/div>\n<\/div><\/div>\n","protected":false},"excerpt":{"rendered":"<p>Sport \/ centre de fitness \/ bien-\u00eatre Chers fans de sport et de bien-\u00eatre ! Dans cette vid\u00e9o, nous vous montrons pourquoi vous devriez vous entra\u00eener chez nous \u00e0 Olympica : NOUVEAU : Le centre de fitness Olympica est ouvert 24h\/24 et 7j\/7 et vous permet d'acc\u00e9der facilement aux appareils gr\u00e2ce \u00e0 l'application Olympica pour [&hellip;]<\/p>\n","protected":false},"author":1,"featured_media":0,"parent":0,"menu_order":0,"comment_status":"closed","ping_status":"closed","template":"","meta":{"inline_featured_image":false,"_uag_custom_page_level_css":"","slim_seo":{"title":"Sport & Fitness \u00e0 l'H\u00f4tel Olympica - Salle de fitness, cours & offres sportives \u00e0 Brigue","description":"Faites l'exp\u00e9rience du fitness, du tennis, du badminton & plus encore \u00e0 l'h\u00f4tel Olympica de Brigue. Un centre de fitness moderne, des cours vari\u00e9s & du bien-\u00eatre pour votre entra\u00eenement et votre bien-\u00eatre !"},"footnotes":""},"class_list":["post-1789","page","type-page","status-publish","hentry"],"uagb_featured_image_src":{"full":false,"thumbnail":false,"medium":false,"medium_large":false,"large":false,"1536x1536":false,"2048x2048":false},"uagb_author_info":{"display_name":"admin","author_link":"https:\/\/www.olympica.ch\/fr\/author\/adminischteroly\/"},"uagb_comment_info":0,"uagb_excerpt":"Sport \/ centre de fitness \/ bien-\u00eatre Chers fans de sport et de bien-\u00eatre ! Dans cette vid\u00e9o, nous vous montrons pourquoi vous devriez vous entra\u00eener chez nous \u00e0 Olympica : NOUVEAU : Le centre de fitness Olympica est ouvert 24h\/24 et 7j\/7 et vous permet d'acc\u00e9der facilement aux appareils gr\u00e2ce \u00e0 l'application Olympica pour\u2026","_links":{"self":[{"href":"https:\/\/www.olympica.ch\/fr\/wp-json\/wp\/v2\/pages\/1789","targetHints":{"allow":["GET"]}}],"collection":[{"href":"https:\/\/www.olympica.ch\/fr\/wp-json\/wp\/v2\/pages"}],"about":[{"href":"https:\/\/www.olympica.ch\/fr\/wp-json\/wp\/v2\/types\/page"}],"author":[{"embeddable":true,"href":"https:\/\/www.olympica.ch\/fr\/wp-json\/wp\/v2\/users\/1"}],"replies":[{"embeddable":true,"href":"https:\/\/www.olympica.ch\/fr\/wp-json\/wp\/v2\/comments?post=1789"}],"version-history":[{"count":15,"href":"https:\/\/www.olympica.ch\/fr\/wp-json\/wp\/v2\/pages\/1789\/revisions"}],"predecessor-version":[{"id":5352,"href":"https:\/\/www.olympica.ch\/fr\/wp-json\/wp\/v2\/pages\/1789\/revisions\/5352"}],"wp:attachment":[{"href":"https:\/\/www.olympica.ch\/fr\/wp-json\/wp\/v2\/media?parent=1789"}],"curies":[{"name":"wp","href":"https:\/\/api.w.org\/{rel}","templated":true}]}}