{"id":1819,"date":"2023-09-19T15:00:42","date_gmt":"2023-09-19T13:00:42","guid":{"rendered":"https:\/\/www.olympica.ch\/camp-dentrainement\/"},"modified":"2025-12-02T11:58:55","modified_gmt":"2025-12-02T09:58:55","slug":"camp-dentrainement","status":"publish","type":"page","link":"https:\/\/www.olympica.ch\/fr\/camp-dentrainement\/","title":{"rendered":"Camp d'entra\u00eenement en Valais : des conditions parfaites pour votre \u00e9quipe"},"content":{"rendered":"\n<div class=\"wp-block-uagb-container imgright uagb-block-03e72069 alignfull uagb-is-root-container\"><div class=\"uagb-container-inner-blocks-wrap\">\n<div class=\"wp-block-uagb-container uagb-block-ac714e78\"><h1 class=\"wp-block-post-title\">Camp d'entra\u00eenement en Valais : des conditions parfaites pour votre \u00e9quipe<\/h1><\/div>\n<\/div><\/div>\n\n<div class=\"wp-block-uagb-container imgleft uagb-block-1bd0752d alignfull uagb-is-root-container\"><div class=\"uagb-container-inner-blocks-wrap\">\n<div class=\"wp-block-uagb-container animated fadeInBottomLeft uagb-block-90f3760b\">\n<figure class=\"wp-block-image size-large\"><img loading=\"lazy\" decoding=\"async\" width=\"1024\" height=\"768\" src=\"https:\/\/www.olympica.ch\/wp-content\/uploads\/2025\/12\/camps-1024x768.webp\" alt=\"Camps\" class=\"wp-image-5823\" srcset=\"https:\/\/www.olympica.ch\/wp-content\/uploads\/2025\/12\/camps-1024x768.webp 1024w, https:\/\/www.olympica.ch\/wp-content\/uploads\/2025\/12\/camps-300x225.webp 300w, https:\/\/www.olympica.ch\/wp-content\/uploads\/2025\/12\/camps-768x576.webp 768w, https:\/\/www.olympica.ch\/wp-content\/uploads\/2025\/12\/camps.webp 1500w\" sizes=\"auto, (max-width: 1024px) 100vw, 1024px\" \/><\/figure>\n<\/div>\n\n\n\n<div class=\"wp-block-uagb-container animated fadeInBottomRight uagb-block-793554f2\">\n<h2 class=\"wp-block-heading has-text-align-left\">CAMPS, CAMPS D'ENTRA\u00ceNEMENT<\/h2>\n\n\n\n<p>Chaque ann\u00e9e, de f\u00e9vrier \u00e0 octobre, plus de 200 associations, clubs, \u00e9coles, grandes entreprises, etc. de toute la Suisse nous rendent visite ! Nous proposons des offres sp\u00e9ciales pour tous les sports (football, unihockey, volley-ball, etc.), que ce soit pour des week-ends d'entra\u00eenement, des camps d'entra\u00eenement, des camps scolaires, etc. Nos forfaits comprennent Les salles, les installations d'entra\u00eenement, les repas, l'h\u00e9bergement, le programme-cadre, etc. ainsi que l'atmosph\u00e8re unique sont sans doute incomparables dans toute la Suisse !<\/p>\n<\/div>\n<\/div><\/div>\n\n<div style=\"height:20px\" aria-hidden=\"true\" class=\"wp-block-spacer\"><\/div>\n\n<div class=\"wp-block-uagb-container imgright uagb-block-82d07d90 alignfull uagb-is-root-container\"><div class=\"uagb-container-inner-blocks-wrap\">\n<div class=\"wp-block-uagb-container animated fadeInBottomLeft uagb-block-6d806e44\">\n<h2 class=\"wp-block-heading has-text-align-left\">Nouvelle salle triple<\/h2>\n\n\n\n<p>Notre triple salle de sport flambant neuve est id\u00e9ale pour l'entra\u00eenement de nombreux sports. Il peut \u00eatre utilis\u00e9 en premier lieu pour le badminton, le volley-ball, l'unihockey, le basket-ball ou la gymnastique. Mais il est \u00e9galement possible de pratiquer de nombreux autres sports. Gr\u00e2ce aux cloisons, jusqu'\u00e0 trois clubs peuvent s'entra\u00eener en m\u00eame temps ! N'h\u00e9site pas \u00e0 nous contacter.  <\/p>\n\n\n\n<div class=\"wp-block-buttons has-custom-font-size is-layout-flex wp-block-buttons-is-layout-flex\" style=\"font-size:clamp(14px, 0.875rem + ((1vw - 3.2px) * 0.114), 15px);\">\n<div class=\"wp-block-button is-style-outline is-style-outline--1\"><a class=\"wp-block-button__link wp-element-button\" href=\"\/wp-content\/uploads\/2023\/09\/Benutzungsreglement-und-Tarife-fuer-Turnhallen.pdf\" style=\"border-radius:20px\">R\u00e8glement \/ contrat<\/a><\/div>\n<\/div>\n<\/div>\n\n\n\n<div class=\"wp-block-uagb-container animated fadeInBottomRight uagb-block-fcd4bf44\">\n<figure class=\"wp-block-image size-large\"><img loading=\"lazy\" decoding=\"async\" width=\"1024\" height=\"683\" src=\"http:\/\/www.olympica.ch\/wp-content\/uploads\/2023\/09\/sporthalle-olympica-brig-glis-1024x683.webp\" alt=\"Gymnase &#xE0; 3 compartiments &#xE0; Brigue-Glis\" class=\"wp-image-734\" srcset=\"https:\/\/www.olympica.ch\/wp-content\/uploads\/2023\/09\/sporthalle-olympica-brig-glis-1024x683.webp 1024w, https:\/\/www.olympica.ch\/wp-content\/uploads\/2023\/09\/sporthalle-olympica-brig-glis-300x200.webp 300w, https:\/\/www.olympica.ch\/wp-content\/uploads\/2023\/09\/sporthalle-olympica-brig-glis-768x512.webp 768w, https:\/\/www.olympica.ch\/wp-content\/uploads\/2023\/09\/sporthalle-olympica-brig-glis.webp 1420w\" sizes=\"auto, (max-width: 1024px) 100vw, 1024px\" \/><\/figure>\n<\/div>\n<\/div><\/div>\n\n<div class=\"wp-block-uagb-container imgleft uagb-block-c95d9cac alignfull uagb-is-root-container\"><div class=\"uagb-container-inner-blocks-wrap\">\n<div class=\"wp-block-uagb-container uagb-block-f86b8b13\">\n<figure class=\"wp-block-image size-large\"><img loading=\"lazy\" decoding=\"async\" width=\"1024\" height=\"683\" src=\"http:\/\/www.olympica.ch\/wp-content\/uploads\/2023\/09\/badminton-im-olympica-in-brig-glis-04-1024x683.webp\" alt=\"Badminton &#xE0; l'Olympica de Brigue-Glis\" class=\"wp-image-630\" srcset=\"https:\/\/www.olympica.ch\/wp-content\/uploads\/2023\/09\/badminton-im-olympica-in-brig-glis-04-1024x683.webp 1024w, https:\/\/www.olympica.ch\/wp-content\/uploads\/2023\/09\/badminton-im-olympica-in-brig-glis-04-300x200.webp 300w, https:\/\/www.olympica.ch\/wp-content\/uploads\/2023\/09\/badminton-im-olympica-in-brig-glis-04-768x512.webp 768w, https:\/\/www.olympica.ch\/wp-content\/uploads\/2023\/09\/badminton-im-olympica-in-brig-glis-04.webp 1420w\" sizes=\"auto, (max-width: 1024px) 100vw, 1024px\" \/><\/figure>\n<\/div>\n\n\n\n<div class=\"wp-block-uagb-container uagb-block-e77aa3e9\">\n<h2 class=\"wp-block-heading has-text-align-left\">R\u00e9f\u00e9rences<\/h2>\n\n\n\n<p>Chaque ann\u00e9e, nous accueillons chez nous des associations, des clubs et des entreprises de renom issus des disciplines sportives les plus diverses, parfois depuis plus de 20 ans, comme par ex : TSV D\u00fcdingen, FC Plaffeien, TV Sch\u00f6nenwerd Volleyball, UHC Tigers Langnau, KV Z\u00fcrich Business School, Allianz Assurances, LAT Hasle-R\u00fcegsau, et bien d'autres h\u00f4tes fid\u00e8les...<\/p>\n<\/div>\n<\/div><\/div>\n","protected":false},"excerpt":{"rendered":"<p>CAMPS, CAMPS D'ENTRA\u00ceNEMENT Chaque ann\u00e9e, de f\u00e9vrier \u00e0 octobre, plus de 200 associations, clubs, \u00e9coles, grandes entreprises, etc. de toute la Suisse nous rendent visite ! Nous proposons des offres sp\u00e9ciales pour tous les sports (football, unihockey, volley-ball, etc.), que ce soit pour des week-ends d'entra\u00eenement, des camps d'entra\u00eenement, des camps scolaires, etc. Nos forfaits [&hellip;]<\/p>\n","protected":false},"author":1,"featured_media":0,"parent":0,"menu_order":0,"comment_status":"closed","ping_status":"closed","template":"","meta":{"inline_featured_image":false,"_uag_custom_page_level_css":"","slim_seo":{"title":"Camp d'entra\u00eenement en Valais, Suisse | Olympica Brig-Glis","description":"Vous pr\u00e9voyez votre prochain camp d'entra\u00eenement en Valais ? Olympica Brig offre des installations sportives modernes, un h\u00e9bergement confortable & des repas adapt\u00e9s aux sportifs. Demandez maintenant !"},"footnotes":""},"class_list":["post-1819","page","type-page","status-publish","hentry"],"uagb_featured_image_src":{"full":false,"thumbnail":false,"medium":false,"medium_large":false,"large":false,"1536x1536":false,"2048x2048":false},"uagb_author_info":{"display_name":"admin","author_link":"https:\/\/www.olympica.ch\/fr\/author\/adminischteroly\/"},"uagb_comment_info":0,"uagb_excerpt":"CAMPS, CAMPS D'ENTRA\u00ceNEMENT Chaque ann\u00e9e, de f\u00e9vrier \u00e0 octobre, plus de 200 associations, clubs, \u00e9coles, grandes entreprises, etc. de toute la Suisse nous rendent visite ! Nous proposons des offres sp\u00e9ciales pour tous les sports (football, unihockey, volley-ball, etc.), que ce soit pour des week-ends d'entra\u00eenement, des camps d'entra\u00eenement, des camps scolaires, etc. Nos forfaits\u2026","_links":{"self":[{"href":"https:\/\/www.olympica.ch\/fr\/wp-json\/wp\/v2\/pages\/1819","targetHints":{"allow":["GET"]}}],"collection":[{"href":"https:\/\/www.olympica.ch\/fr\/wp-json\/wp\/v2\/pages"}],"about":[{"href":"https:\/\/www.olympica.ch\/fr\/wp-json\/wp\/v2\/types\/page"}],"author":[{"embeddable":true,"href":"https:\/\/www.olympica.ch\/fr\/wp-json\/wp\/v2\/users\/1"}],"replies":[{"embeddable":true,"href":"https:\/\/www.olympica.ch\/fr\/wp-json\/wp\/v2\/comments?post=1819"}],"version-history":[{"count":10,"href":"https:\/\/www.olympica.ch\/fr\/wp-json\/wp\/v2\/pages\/1819\/revisions"}],"predecessor-version":[{"id":5826,"href":"https:\/\/www.olympica.ch\/fr\/wp-json\/wp\/v2\/pages\/1819\/revisions\/5826"}],"wp:attachment":[{"href":"https:\/\/www.olympica.ch\/fr\/wp-json\/wp\/v2\/media?parent=1819"}],"curies":[{"name":"wp","href":"https:\/\/api.w.org\/{rel}","templated":true}]}}