{"id":1823,"date":"2023-09-19T13:30:19","date_gmt":"2023-09-19T11:30:19","guid":{"rendered":"https:\/\/www.olympica.ch\/evenements-seminaires\/"},"modified":"2026-01-05T15:34:10","modified_gmt":"2026-01-05T13:34:10","slug":"evenements-seminaires","status":"publish","type":"page","link":"https:\/\/www.olympica.ch\/fr\/evenements-seminaires\/","title":{"rendered":"Manifestations, s\u00e9minaires &amp; f\u00eates \u00e0 Brigue-Glis"},"content":{"rendered":"\n<div class=\"wp-block-uagb-container imgright uagb-block-03e72069 alignfull uagb-is-root-container\"><div class=\"uagb-container-inner-blocks-wrap\">\n<div class=\"wp-block-uagb-container uagb-block-ac714e78\"><h1 class=\"wp-block-post-title\">Manifestations, s\u00e9minaires &amp; f\u00eates \u00e0 Brigue-Glis<\/h1><\/div>\n<\/div><\/div>\n\n<div class=\"wp-block-uagb-container imgleft uagb-block-1bd0752d alignfull uagb-is-root-container\"><div class=\"uagb-container-inner-blocks-wrap\">\n<div class=\"wp-block-uagb-slider uagb-block-0abb722f uagb-slider-container\"><div class=\"uagb-slides uagb-swiper\"><div class=\"swiper-wrapper\">\n<div class=\"wp-block-uagb-slider-child uagb-slider-child-wrap swiper-slide uagb-block-658822c1\"><div class=\"swiper-content\">\n<div class=\"wp-block-uagb-container uagb-block-4bb746cc\">\n<figure class=\"wp-block-image size-large\"><img loading=\"lazy\" decoding=\"async\" width=\"1024\" height=\"683\" src=\"https:\/\/www.olympica.ch\/wp-content\/uploads\/2023\/09\/seminare-olympica-01-1024x683.webp\" alt=\"&#xC9;v&#xE9;nements et s&#xE9;minaires &#xE0; l'Olympica &#xE0; Brigue-Glis\" class=\"wp-image-984\" srcset=\"https:\/\/www.olympica.ch\/wp-content\/uploads\/2023\/09\/seminare-olympica-01-1024x683.webp 1024w, https:\/\/www.olympica.ch\/wp-content\/uploads\/2023\/09\/seminare-olympica-01-300x200.webp 300w, https:\/\/www.olympica.ch\/wp-content\/uploads\/2023\/09\/seminare-olympica-01-768x512.webp 768w, https:\/\/www.olympica.ch\/wp-content\/uploads\/2023\/09\/seminare-olympica-01.webp 1420w\" sizes=\"auto, (max-width: 1024px) 100vw, 1024px\" \/><\/figure>\n<\/div>\n<\/div><\/div>\n\n\n\n<div class=\"wp-block-uagb-slider-child uagb-slider-child-wrap swiper-slide uagb-block-3f434c01\"><div class=\"swiper-content\">\n<div class=\"wp-block-uagb-container uagb-block-a74371ea\">\n<figure class=\"wp-block-image size-large\"><img loading=\"lazy\" decoding=\"async\" width=\"1024\" height=\"683\" src=\"https:\/\/www.olympica.ch\/wp-content\/uploads\/2024\/07\/saal1-1024x683.webp\" alt=\"\" class=\"wp-image-3495\" srcset=\"https:\/\/www.olympica.ch\/wp-content\/uploads\/2024\/07\/saal1-1024x683.webp 1024w, https:\/\/www.olympica.ch\/wp-content\/uploads\/2024\/07\/saal1-300x200.webp 300w, https:\/\/www.olympica.ch\/wp-content\/uploads\/2024\/07\/saal1-768x512.webp 768w, https:\/\/www.olympica.ch\/wp-content\/uploads\/2024\/07\/saal1.webp 1420w\" sizes=\"auto, (max-width: 1024px) 100vw, 1024px\" \/><\/figure>\n<\/div>\n<\/div><\/div>\n\n\n\n<div class=\"wp-block-uagb-slider-child uagb-slider-child-wrap swiper-slide uagb-block-a92a510c\"><div class=\"swiper-content\">\n<div class=\"wp-block-uagb-container uagb-block-01bb2142\">\n<figure class=\"wp-block-image size-large\"><img loading=\"lazy\" decoding=\"async\" width=\"1024\" height=\"683\" src=\"https:\/\/www.olympica.ch\/wp-content\/uploads\/2024\/07\/saal2-1024x683.webp\" alt=\"\" class=\"wp-image-3503\" srcset=\"https:\/\/www.olympica.ch\/wp-content\/uploads\/2024\/07\/saal2-1024x683.webp 1024w, https:\/\/www.olympica.ch\/wp-content\/uploads\/2024\/07\/saal2-300x200.webp 300w, https:\/\/www.olympica.ch\/wp-content\/uploads\/2024\/07\/saal2-768x512.webp 768w, https:\/\/www.olympica.ch\/wp-content\/uploads\/2024\/07\/saal2.webp 1420w\" sizes=\"auto, (max-width: 1024px) 100vw, 1024px\" \/><\/figure>\n<\/div>\n<\/div><\/div>\n\n\n\n<div class=\"wp-block-uagb-slider-child uagb-slider-child-wrap swiper-slide uagb-block-06d49447\"><div class=\"swiper-content\">\n<div class=\"wp-block-uagb-container uagb-block-87406f1c\">\n<figure class=\"wp-block-image size-large is-resized\"><img loading=\"lazy\" decoding=\"async\" width=\"1024\" height=\"683\" src=\"https:\/\/www.olympica.ch\/wp-content\/uploads\/2024\/07\/saal3-1024x683.webp\" alt=\"\" class=\"wp-image-3499\" style=\"width:483px;height:auto\" srcset=\"https:\/\/www.olympica.ch\/wp-content\/uploads\/2024\/07\/saal3-1024x683.webp 1024w, https:\/\/www.olympica.ch\/wp-content\/uploads\/2024\/07\/saal3-300x200.webp 300w, https:\/\/www.olympica.ch\/wp-content\/uploads\/2024\/07\/saal3-768x512.webp 768w, https:\/\/www.olympica.ch\/wp-content\/uploads\/2024\/07\/saal3.webp 1420w\" sizes=\"auto, (max-width: 1024px) 100vw, 1024px\" \/><\/figure>\n<\/div>\n<\/div><\/div>\n\n\n\n<div class=\"wp-block-uagb-slider-child uagb-slider-child-wrap swiper-slide uagb-block-df37c575\"><div class=\"swiper-content\">\n<div class=\"wp-block-uagb-container uagb-block-1569c00f\">\n<figure class=\"wp-block-image size-large\"><img loading=\"lazy\" decoding=\"async\" width=\"1024\" height=\"683\" src=\"https:\/\/www.olympica.ch\/wp-content\/uploads\/2024\/07\/saalhotel-1024x683.webp\" alt=\"\" class=\"wp-image-3507\" srcset=\"https:\/\/www.olympica.ch\/wp-content\/uploads\/2024\/07\/saalhotel-1024x683.webp 1024w, https:\/\/www.olympica.ch\/wp-content\/uploads\/2024\/07\/saalhotel-300x200.webp 300w, https:\/\/www.olympica.ch\/wp-content\/uploads\/2024\/07\/saalhotel-768x512.webp 768w, https:\/\/www.olympica.ch\/wp-content\/uploads\/2024\/07\/saalhotel.webp 1420w\" sizes=\"auto, (max-width: 1024px) 100vw, 1024px\" \/><\/figure>\n<\/div>\n<\/div><\/div>\n<\/div><\/div><div class=\"swiper-pagination\"><\/div><div class=\"swiper-button-prev\"><\/div><div class=\"swiper-button-next\"><\/div><\/div>\n\n\n\n<div class=\"wp-block-uagb-container uagb-block-793554f2\">\n<h2 class=\"wp-block-heading has-text-align-left\">Cinq salles<\/h2>\n\n\n\n<p>Conf\u00e9rences, congr\u00e8s, r\u00e9unions, confirmations, r\u00e9unions de jeunes dipl\u00f4m\u00e9s, bapt\u00eames, communions, f\u00eates d'anniversaire, f\u00eates d'entreprise, ateliers - quelle que soit l'occasion, nos 5 salles sont \u00e9quip\u00e9es au TOP et \u00e0 la pointe de la technologie. En fonction de vos souhaits, nous pouvons vous proposer une salle adapt\u00e9e.<\/p>\n<\/div>\n<\/div><\/div>\n\n<div style=\"height:20px\" aria-hidden=\"true\" class=\"wp-block-spacer\"><\/div>\n\n<div class=\"wp-block-uagb-container imgright uagb-block-82d07d90 alignfull uagb-is-root-container\"><div class=\"uagb-container-inner-blocks-wrap\">\n<div class=\"wp-block-uagb-container animated fadeInBottomLeft uagb-block-6d806e44\">\n<h2 class=\"wp-block-heading has-text-align-left\">Infrastructure<\/h2>\n\n\n\n<p>Sur demande, avec l'infrastructure suivante : flip charts, TV, vid\u00e9o, DVD, r\u00e9troprojecteur, tableau d'affichage, \u00e9cran, vid\u00e9oprojecteur et Internet. Vous pouvez \u00e9galement acc\u00e9der GRATUITEMENT \u00e0 un hotspot Swisscom pour l'Internet (Wireless LAN) depuis n'importe quel endroit de l'h\u00f4tel ou du restaurant.<\/p>\n<\/div>\n\n\n\n<div class=\"wp-block-uagb-container animated fadeInBottomRight uagb-block-fcd4bf44\">\n<figure class=\"wp-block-image size-large\"><img loading=\"lazy\" decoding=\"async\" width=\"1024\" height=\"683\" src=\"http:\/\/www.olympica.ch\/wp-content\/uploads\/2023\/09\/seminare-olympica-beispiel-03-1024x683.webp\" alt=\"&#xC9;v&#xE9;nements et s&#xE9;minaires &#xE0; l'Olympica &#xE0; Brigue-Glis\" class=\"wp-image-986\" srcset=\"https:\/\/www.olympica.ch\/wp-content\/uploads\/2023\/09\/seminare-olympica-beispiel-03-1024x683.webp 1024w, https:\/\/www.olympica.ch\/wp-content\/uploads\/2023\/09\/seminare-olympica-beispiel-03-300x200.webp 300w, https:\/\/www.olympica.ch\/wp-content\/uploads\/2023\/09\/seminare-olympica-beispiel-03-768x512.webp 768w, https:\/\/www.olympica.ch\/wp-content\/uploads\/2023\/09\/seminare-olympica-beispiel-03.webp 1420w\" sizes=\"auto, (max-width: 1024px) 100vw, 1024px\" \/><\/figure>\n<\/div>\n<\/div><\/div>\n\n<div class=\"wp-block-uagb-container imgleft uagb-block-c95d9cac alignfull uagb-is-root-container\"><div class=\"uagb-container-inner-blocks-wrap\">\n<div class=\"wp-block-uagb-container uagb-block-f86b8b13\">\n<figure class=\"wp-block-image size-large\"><img loading=\"lazy\" decoding=\"async\" width=\"1024\" height=\"683\" src=\"http:\/\/www.olympica.ch\/wp-content\/uploads\/2023\/09\/saminare-olympica-kombinationen-preise-1024x683.webp\" alt=\"S&#xE9;minaires &#xE0; Olympica avec combinaisons, sport &amp;amp; bien-&#xEA;tre\" class=\"wp-image-1118\" srcset=\"https:\/\/www.olympica.ch\/wp-content\/uploads\/2023\/09\/saminare-olympica-kombinationen-preise-1024x683.webp 1024w, https:\/\/www.olympica.ch\/wp-content\/uploads\/2023\/09\/saminare-olympica-kombinationen-preise-300x200.webp 300w, https:\/\/www.olympica.ch\/wp-content\/uploads\/2023\/09\/saminare-olympica-kombinationen-preise-768x512.webp 768w, https:\/\/www.olympica.ch\/wp-content\/uploads\/2023\/09\/saminare-olympica-kombinationen-preise.webp 1422w\" sizes=\"auto, (max-width: 1024px) 100vw, 1024px\" \/><\/figure>\n<\/div>\n\n\n\n<div class=\"wp-block-uagb-container uagb-block-e77aa3e9\">\n<h2 class=\"wp-block-heading has-text-align-left\">Combinaisons et prix<\/h2>\n\n\n\n<p>Apr\u00e8s votre r\u00e9union d'\u00e9quipe, votre conf\u00e9rence ou votre congr\u00e8s, profitez de quelques heures d\u00e9licieuses de sport et de jeux. Offrez-vous, ainsi qu'\u00e0 vos h\u00f4tes, un moment de d\u00e9tente agr\u00e9able avec le sauna, le bain de vapeur, les massages ou le solarium. Chez nous, vous trouverez \u00e0 coup s\u00fbr le m\u00e9lange parfait !<\/p>\n\n\n\n<p>Prix par jour : CHF 150.-<br\/>Prix par 1\/2 journ\u00e9e : CHF 80.-<br\/>Prix pour les associations haut-valaisannes ou les groupes sportifs valaisans en cas de consommation de boissons : gratuit<\/p>\n<\/div>\n<\/div><\/div>\n","protected":false},"excerpt":{"rendered":"<p>Cinq salles Conf\u00e9rences, congr\u00e8s, r\u00e9unions, confirmations, r\u00e9unions de jeunes dipl\u00f4m\u00e9s, bapt\u00eames, communions, f\u00eates d'anniversaire, f\u00eates d'entreprise, ateliers - quelle que soit l'occasion, nos 5 salles sont \u00e9quip\u00e9es au TOP et \u00e0 la pointe de la technologie. En fonction de vos souhaits, nous pouvons vous proposer une salle adapt\u00e9e. Infrastructure Sur demande, avec l'infrastructure suivante : [&hellip;]<\/p>\n","protected":false},"author":1,"featured_media":0,"parent":0,"menu_order":0,"comment_status":"closed","ping_status":"closed","template":"","meta":{"inline_featured_image":false,"_uag_custom_page_level_css":"","slim_seo":{"title":"Manifestations, s\u00e9minaires & \u00e9v\u00e9nements \u00e0 Brigue | Olympica","description":"Salles de s\u00e9minaire modernes & lieux d'\u00e9v\u00e9nements polyvalents \u00e0 Brigue-Glis. Olympica offre le cadre id\u00e9al pour les r\u00e9unions, les f\u00eates et les \u00e9v\u00e9nements. Demandez maintenant & planifiez !"},"footnotes":""},"class_list":["post-1823","page","type-page","status-publish","hentry"],"uagb_featured_image_src":{"full":false,"thumbnail":false,"medium":false,"medium_large":false,"large":false,"1536x1536":false,"2048x2048":false},"uagb_author_info":{"display_name":"admin","author_link":"https:\/\/www.olympica.ch\/fr\/author\/adminischteroly\/"},"uagb_comment_info":0,"uagb_excerpt":"Cinq salles Conf\u00e9rences, congr\u00e8s, r\u00e9unions, confirmations, r\u00e9unions de jeunes dipl\u00f4m\u00e9s, bapt\u00eames, communions, f\u00eates d'anniversaire, f\u00eates d'entreprise, ateliers - quelle que soit l'occasion, nos 5 salles sont \u00e9quip\u00e9es au TOP et \u00e0 la pointe de la technologie. En fonction de vos souhaits, nous pouvons vous proposer une salle adapt\u00e9e. Infrastructure Sur demande, avec l'infrastructure suivante :\u2026","_links":{"self":[{"href":"https:\/\/www.olympica.ch\/fr\/wp-json\/wp\/v2\/pages\/1823","targetHints":{"allow":["GET"]}}],"collection":[{"href":"https:\/\/www.olympica.ch\/fr\/wp-json\/wp\/v2\/pages"}],"about":[{"href":"https:\/\/www.olympica.ch\/fr\/wp-json\/wp\/v2\/types\/page"}],"author":[{"embeddable":true,"href":"https:\/\/www.olympica.ch\/fr\/wp-json\/wp\/v2\/users\/1"}],"replies":[{"embeddable":true,"href":"https:\/\/www.olympica.ch\/fr\/wp-json\/wp\/v2\/comments?post=1823"}],"version-history":[{"count":8,"href":"https:\/\/www.olympica.ch\/fr\/wp-json\/wp\/v2\/pages\/1823\/revisions"}],"predecessor-version":[{"id":5982,"href":"https:\/\/www.olympica.ch\/fr\/wp-json\/wp\/v2\/pages\/1823\/revisions\/5982"}],"wp:attachment":[{"href":"https:\/\/www.olympica.ch\/fr\/wp-json\/wp\/v2\/media?parent=1823"}],"curies":[{"name":"wp","href":"https:\/\/api.w.org\/{rel}","templated":true}]}}