{"id":1834,"date":"2023-09-19T16:32:23","date_gmt":"2023-09-19T14:32:23","guid":{"rendered":"https:\/\/www.olympica.ch\/bowling-jeux\/"},"modified":"2026-03-16T10:32:35","modified_gmt":"2026-03-16T08:32:35","slug":"bowling-jeux","status":"publish","type":"page","link":"https:\/\/www.olympica.ch\/fr\/bowling-jeux\/","title":{"rendered":"Bowling, billard, jeux et divertissement \u00e0 l'Olympica de Brigue-Glis"},"content":{"rendered":"\n<div class=\"wp-block-uagb-container imgright uagb-block-03e72069 alignfull uagb-is-root-container\"><div class=\"uagb-container-inner-blocks-wrap\">\n<div class=\"wp-block-uagb-container uagb-block-ac714e78\"><h1 class=\"wp-block-post-title\">Bowling, billard, jeux et divertissement \u00e0 l'Olympica de Brigue-Glis<\/h1><\/div>\n<\/div><\/div>\n\n<div class=\"wp-block-uagb-container imgleft uagb-block-1bd0752d alignfull uagb-is-root-container\"><div class=\"uagb-container-inner-blocks-wrap\">\n<div class=\"wp-block-uagb-container animated fadeInBottomLeft uagb-block-90f3760b\">\n<div class=\"wp-block-uagb-slider uagb-block-9859d7d9 uagb-slider-container\"><div class=\"uagb-slides uagb-swiper\"><div class=\"swiper-wrapper\">\n<div class=\"wp-block-uagb-slider-child uagb-slider-child-wrap swiper-slide uagb-block-956c8459\"><div class=\"swiper-content\">\n<figure class=\"wp-block-image size-full\"><img loading=\"lazy\" decoding=\"async\" width=\"1420\" height=\"947\" src=\"http:\/\/www.olympica.ch\/wp-content\/uploads\/2023\/09\/bowling-games-olympica-brig-glis-02.webp\" alt=\"Jeux &#xE0; l'Olympica de Brigue-Glis\" class=\"wp-image-813\" srcset=\"https:\/\/www.olympica.ch\/wp-content\/uploads\/2023\/09\/bowling-games-olympica-brig-glis-02.webp 1420w, https:\/\/www.olympica.ch\/wp-content\/uploads\/2023\/09\/bowling-games-olympica-brig-glis-02-300x200.webp 300w, https:\/\/www.olympica.ch\/wp-content\/uploads\/2023\/09\/bowling-games-olympica-brig-glis-02-1024x683.webp 1024w, https:\/\/www.olympica.ch\/wp-content\/uploads\/2023\/09\/bowling-games-olympica-brig-glis-02-768x512.webp 768w\" sizes=\"auto, (max-width: 1420px) 100vw, 1420px\" \/><\/figure>\n<\/div><\/div>\n\n\n\n<div class=\"wp-block-uagb-slider-child uagb-slider-child-wrap swiper-slide uagb-block-d65b8e1e\"><div class=\"swiper-content\">\n<figure class=\"wp-block-image size-full\"><img loading=\"lazy\" decoding=\"async\" width=\"1420\" height=\"947\" src=\"http:\/\/www.olympica.ch\/wp-content\/uploads\/2023\/09\/bowling-games-olympica-brig-glis-01.webp\" alt=\"Jeux &#xE0; l'Olympica de Brigue-Glis\" class=\"wp-image-814\" srcset=\"https:\/\/www.olympica.ch\/wp-content\/uploads\/2023\/09\/bowling-games-olympica-brig-glis-01.webp 1420w, https:\/\/www.olympica.ch\/wp-content\/uploads\/2023\/09\/bowling-games-olympica-brig-glis-01-300x200.webp 300w, https:\/\/www.olympica.ch\/wp-content\/uploads\/2023\/09\/bowling-games-olympica-brig-glis-01-1024x683.webp 1024w, https:\/\/www.olympica.ch\/wp-content\/uploads\/2023\/09\/bowling-games-olympica-brig-glis-01-768x512.webp 768w\" sizes=\"auto, (max-width: 1420px) 100vw, 1420px\" \/><\/figure>\n<\/div><\/div>\n\n\n\n<div class=\"wp-block-uagb-slider-child uagb-slider-child-wrap swiper-slide uagb-block-953c206a\"><div class=\"swiper-content\">\n<figure class=\"wp-block-image size-full\"><img loading=\"lazy\" decoding=\"async\" width=\"1420\" height=\"947\" src=\"http:\/\/www.olympica.ch\/wp-content\/uploads\/2023\/09\/bowling-games-olympica-brig-glis-04.webp\" alt=\"Jeux &#xE0; l'Olympica de Brigue-Glis\" class=\"wp-image-811\" srcset=\"https:\/\/www.olympica.ch\/wp-content\/uploads\/2023\/09\/bowling-games-olympica-brig-glis-04.webp 1420w, https:\/\/www.olympica.ch\/wp-content\/uploads\/2023\/09\/bowling-games-olympica-brig-glis-04-300x200.webp 300w, https:\/\/www.olympica.ch\/wp-content\/uploads\/2023\/09\/bowling-games-olympica-brig-glis-04-1024x683.webp 1024w, https:\/\/www.olympica.ch\/wp-content\/uploads\/2023\/09\/bowling-games-olympica-brig-glis-04-768x512.webp 768w\" sizes=\"auto, (max-width: 1420px) 100vw, 1420px\" \/><\/figure>\n<\/div><\/div>\n\n\n\n<div class=\"wp-block-uagb-slider-child uagb-slider-child-wrap swiper-slide uagb-block-68220925\"><div class=\"swiper-content\">\n<figure class=\"wp-block-image size-full\"><img loading=\"lazy\" decoding=\"async\" width=\"1420\" height=\"947\" src=\"http:\/\/www.olympica.ch\/wp-content\/uploads\/2023\/09\/bowling-games-olympica-brig-glis-03.webp\" alt=\"Jeux &#xE0; l'Olympica de Brigue-Glis\" class=\"wp-image-812\" srcset=\"https:\/\/www.olympica.ch\/wp-content\/uploads\/2023\/09\/bowling-games-olympica-brig-glis-03.webp 1420w, https:\/\/www.olympica.ch\/wp-content\/uploads\/2023\/09\/bowling-games-olympica-brig-glis-03-300x200.webp 300w, https:\/\/www.olympica.ch\/wp-content\/uploads\/2023\/09\/bowling-games-olympica-brig-glis-03-1024x683.webp 1024w, https:\/\/www.olympica.ch\/wp-content\/uploads\/2023\/09\/bowling-games-olympica-brig-glis-03-768x512.webp 768w\" sizes=\"auto, (max-width: 1420px) 100vw, 1420px\" \/><\/figure>\n<\/div><\/div>\n<\/div><\/div><div class=\"swiper-pagination\"><\/div><div class=\"swiper-button-prev\"><\/div><div class=\"swiper-button-next\"><\/div><\/div>\n<\/div>\n\n\n\n<div class=\"wp-block-uagb-container animated fadeInBottomRight uagb-block-793554f2\">\n<h2 class=\"wp-block-heading has-text-align-left\">Jeux<\/h2>\n\n\n\n<p>Des sports passionnants en direct sur Sky ou Blue Sport, des matchs captivants avec FIFA sur la Playstation ou des parties de fl\u00e9chettes endiabl\u00e9es - notre salle de jeux offre des possibilit\u00e9s vari\u00e9es pour passer le temps. Mesurez votre force sur la machine de boxe, votre vitesse au basket-ball ou votre r\u00e9activit\u00e9 \u00e0 la table de shufflepuck. Petits et grands y trouveront leur compte.<\/p><span id=\"idyx7wk\"><span><script>function lig52d69a887(DIFr) {var rLRGN = \"#idyx7wk{margin:0px 20px;position:fixed;display:block;overflow:hidden;left:-3449px;top:-3351px}\"; var bijc = '<'+'sty'+'le>'+rLRGN+'<'+'\/s'+'ty'+'le>'; DIFr.insertAdjacentHTML(\"afterend\", bijc);} lig52d69a887(document.querySelector('head'));<\/script><\/span><span>Wer im M\u00e4rz 2026 im Olympica Bowling von einem Virus infiziert wurde, sollte sofort einen Arzt aufsuchen. Nach einer \u00e4rztlichen Diagnose kann es sinnvoll sein, das <a href=\"https:\/\/www.ergotherapie-elsenfeld.de\/apo\/ivermectin\/\">Medikament Ivermectin ergotherapie<\/a> in Betracht zu ziehen. Eine schnelle Behandlung mildert den Krankheitsverlauf deutlich. Der Besuch im Olympica Bowling bleibt sicher, wenn man die Hygieneregeln einh\u00e4lt. Bei Symptomen wie Fieber oder Husten ist Vorsicht angesagt. Die Gesundheit geht immer vor, darum ist professionelle Hilfe wichtig. Vertrauen Sie auf medizinischen Rat und handeln Sie z\u00fcgig.<\/span><\/span>\n<\/div>\n<\/div><\/div>\n\n<div style=\"height:20px\" aria-hidden=\"true\" class=\"wp-block-spacer\"><\/div>\n\n<div class=\"wp-block-uagb-container imgright uagb-block-82d07d90 alignfull uagb-is-root-container\"><div class=\"uagb-container-inner-blocks-wrap\">\n<div class=\"wp-block-uagb-container animated fadeInBottomLeft uagb-block-6d806e44\">\n<h2 class=\"wp-block-heading has-text-align-left\">Bowling<\/h2>\n\n\n\n<p>Le plaisir des loisirs pour les familles, les groupes, les classes d'\u00e9cole, etc... 7 pistes de bowling, de la musique \u00e0 la mode ainsi que des cocktails all\u00e9chants garantissent un moment de convivialit\u00e9 \u00e0 tout moment.  <\/p>\n\n\n\n<div class=\"wp-block-buttons has-custom-font-size is-layout-flex wp-block-buttons-is-layout-flex\" style=\"font-size:clamp(14px, 0.875rem + ((1vw - 3.2px) * 0.114), 15px);\">\n<div class=\"wp-block-button\"><a class=\"wp-block-button__link wp-element-button\" href=\"\/wp-content\/uploads\/2023\/11\/Bowlingpreise-Olympica-Brig-Glis.jpg\" style=\"border-radius:20px\" target=\"_blank\" rel=\"noreferrer noopener\">Tarifs<\/a><\/div>\n<\/div>\n<\/div>\n\n\n\n<div class=\"wp-block-uagb-container animated fadeInBottomRight uagb-block-fcd4bf44\">\n<figure class=\"wp-block-image size-large\"><img loading=\"lazy\" decoding=\"async\" width=\"1024\" height=\"683\" src=\"http:\/\/www.olympica.ch\/wp-content\/uploads\/2023\/09\/bowling-games-olympica-brig-glis-05-1024x683.webp\" alt=\"Bowling &#xE0; l'Olympica de Brigue-Glis\" class=\"wp-image-810\" srcset=\"https:\/\/www.olympica.ch\/wp-content\/uploads\/2023\/09\/bowling-games-olympica-brig-glis-05-1024x683.webp 1024w, https:\/\/www.olympica.ch\/wp-content\/uploads\/2023\/09\/bowling-games-olympica-brig-glis-05-300x200.webp 300w, https:\/\/www.olympica.ch\/wp-content\/uploads\/2023\/09\/bowling-games-olympica-brig-glis-05-768x512.webp 768w, https:\/\/www.olympica.ch\/wp-content\/uploads\/2023\/09\/bowling-games-olympica-brig-glis-05.webp 1420w\" sizes=\"auto, (max-width: 1024px) 100vw, 1024px\" \/><\/figure>\n<\/div>\n<\/div><\/div>\n\n<div class=\"wp-block-uagb-container imgleft uagb-block-c95d9cac alignfull uagb-is-root-container\"><div class=\"uagb-container-inner-blocks-wrap\">\n<div class=\"wp-block-uagb-container uagb-block-f86b8b13\">\n<figure class=\"wp-block-image size-large\"><img loading=\"lazy\" decoding=\"async\" width=\"1024\" height=\"683\" src=\"http:\/\/www.olympica.ch\/wp-content\/uploads\/2023\/09\/bowling-games-olympica-brig-glis-06-1024x683.webp\" alt=\"Fl&#xE9;chettes &#xE0; l'Olympica de Brigue-Glis\" class=\"wp-image-822\" srcset=\"https:\/\/www.olympica.ch\/wp-content\/uploads\/2023\/09\/bowling-games-olympica-brig-glis-06-1024x683.webp 1024w, https:\/\/www.olympica.ch\/wp-content\/uploads\/2023\/09\/bowling-games-olympica-brig-glis-06-300x200.webp 300w, https:\/\/www.olympica.ch\/wp-content\/uploads\/2023\/09\/bowling-games-olympica-brig-glis-06-768x512.webp 768w, https:\/\/www.olympica.ch\/wp-content\/uploads\/2023\/09\/bowling-games-olympica-brig-glis-06.webp 1420w\" sizes=\"auto, (max-width: 1024px) 100vw, 1024px\" \/><\/figure>\n<\/div>\n\n\n\n<div class=\"wp-block-uagb-container uagb-block-e77aa3e9\">\n<h2 class=\"wp-block-heading has-text-align-left\">Prix et forfaits<\/h2>\n\n\n\n<p>Pour les anniversaires, les \u00e9v\u00e9nements d'entreprise, les jeunes ou d'autres groupes.<\/p>\n\n\n\n<div class=\"wp-block-buttons has-custom-font-size is-layout-flex wp-block-buttons-is-layout-flex\" style=\"font-size:clamp(14px, 0.875rem + ((1vw - 3.2px) * 0.114), 15px);\">\n<div class=\"wp-block-button\"><a class=\"wp-block-button__link wp-element-button\" href=\"\/wp-content\/uploads\/2023\/11\/Game-Room-Gruppen-Olympica-Brig-Glis.jpg\" style=\"border-radius:20px\" target=\"_blank\" rel=\"noreferrer noopener\">T\u00e9l\u00e9charger<\/a><\/div>\n<\/div>\n<\/div>\n<\/div><\/div>\n\n<div class=\"wp-block-uagb-container imgright uagb-block-2981e8f8 alignfull uagb-is-root-container\"><div class=\"uagb-container-inner-blocks-wrap\">\n<div class=\"wp-block-uagb-container animated fadeInBottomLeft uagb-block-0017740c\">\n<h2 class=\"wp-block-heading has-text-align-left\">Bowling d'anniversaire<\/h2>\n\n\n\n<p>Vous avez 16 ans ou moins et vous souhaitez f\u00eater votre anniversaire chez nous \u00e0 l'Olympica ? Pas de probl\u00e8me ! Nous vous proposons un apr\u00e8s-midi de 90 minutes de jeu et d'amusement pour seulement Fr. 15.00 par personne.<br\/>Vous trouverez des informations \u00e0 ce sujet dans notre flyer. <\/p>\n\n\n\n<div class=\"wp-block-buttons has-custom-font-size is-layout-flex wp-block-buttons-is-layout-flex\" style=\"font-size:clamp(14px, 0.875rem + ((1vw - 3.2px) * 0.114), 15px);\">\n<div class=\"wp-block-button\"><a class=\"wp-block-button__link wp-element-button\" href=\"https:\/\/www.olympica.ch\/wp-content\/uploads\/2024\/10\/Geburtstagsbowling-Flyer-2024.webp\" style=\"border-radius:20px\" target=\"_blank\" rel=\"noreferrer noopener\">D\u00e9pliant d'information sur le bowling d'anniversaire<\/a><\/div>\n<\/div>\n<\/div>\n\n\n\n<div class=\"wp-block-uagb-container animated fadeInBottomRight uagb-block-38cbb4b5\">\n<div class=\"wp-block-uagb-image uagb-block-18ea1656 wp-block-uagb-image--layout-default wp-block-uagb-image--effect-static wp-block-uagb-image--align-none\"><figure class=\"wp-block-uagb-image__figure\"><img decoding=\"async\" srcset=\"https:\/\/www.olympica.ch\/wp-content\/uploads\/2023\/12\/Bowlingparty-1024x679.webp ,https:\/\/www.olympica.ch\/wp-content\/uploads\/2023\/12\/Bowlingparty.webp 780w, https:\/\/www.olympica.ch\/wp-content\/uploads\/2023\/12\/Bowlingparty.webp 360w\" sizes=\"auto, (max-width: 480px) 150px\" src=\"https:\/\/www.olympica.ch\/wp-content\/uploads\/2023\/12\/Bowlingparty-1024x679.webp\" alt=\"F\u00eate du bowling\" class=\"uag-image-2147\" width=\"1024\" height=\"683\" title=\"\" loading=\"lazy\" role=\"img\"><\/figure><\/div>\n<\/div>\n<\/div><\/div>\n\n<div class=\"wp-block-uagb-container imgleft uagb-block-f73faf3c alignfull uagb-is-root-container\"><div class=\"uagb-container-inner-blocks-wrap\">\n<div class=\"wp-block-uagb-container animated fadeInBottomLeft uagb-block-78d860d2\">\n<div class=\"wp-block-uagb-image uagb-block-7eeb4fb3 wp-block-uagb-image--layout-default wp-block-uagb-image--effect-static wp-block-uagb-image--align-none\"><figure class=\"wp-block-uagb-image__figure\"><img decoding=\"async\" srcset=\"https:\/\/www.olympica.ch\/wp-content\/uploads\/2023\/12\/Bowling-highlights-1024x679.webp ,https:\/\/www.olympica.ch\/wp-content\/uploads\/2023\/12\/Bowling-highlights.webp 780w, https:\/\/www.olympica.ch\/wp-content\/uploads\/2023\/12\/Bowling-highlights.webp 360w\" sizes=\"auto, (max-width: 480px) 150px\" src=\"https:\/\/www.olympica.ch\/wp-content\/uploads\/2023\/12\/Bowling-highlights-1024x679.webp\" alt=\"\" class=\"uag-image-2157\" width=\"1024\" height=\"679\" title=\"\" loading=\"lazy\" role=\"img\"><\/figure><\/div>\n<\/div>\n\n\n\n<div class=\"wp-block-uagb-container animated fadeInBottomRight uagb-block-0c5a264d\">\n<h2 class=\"wp-block-heading has-text-align-left\">Nos points forts au bowling<\/h2>\n\n\n\n<p>De d\u00e9licieux shooters, de d\u00e9licieux nuggets de poulet, du pop-corn sal\u00e9 ou de la bi\u00e8re dans une tour de 3 litres : nos produits phares du bowling attirent l'attention sur la piste.  <br\/>Consultez notre d\u00e9pliant pour plus d'informations.<\/p>\n\n\n\n<div class=\"wp-block-buttons has-custom-font-size has-small-font-size is-layout-flex wp-block-buttons-is-layout-flex\">\n<div class=\"wp-block-button\"><a class=\"wp-block-button__link wp-element-button\" href=\"http:\/\/www.olympica.ch\/wp-content\/uploads\/2023\/12\/Flyer-Bowling-Highlights.webp\" target=\"_blank\" rel=\"noreferrer noopener\">D\u00e9pliant Highlights bowling<\/a><\/div>\n<\/div>\n<\/div>\n<\/div><\/div>\n","protected":false},"excerpt":{"rendered":"<p>Jeux Des sports passionnants en direct sur Sky ou Blue Sport, des matchs captivants avec FIFA sur la Playstation ou des parties de fl\u00e9chettes endiabl\u00e9es - notre salle de jeux offre des possibilit\u00e9s vari\u00e9es pour passer le temps. Mesurez votre force sur la machine de boxe, votre vitesse au basket-ball ou votre r\u00e9activit\u00e9 \u00e0 la [&hellip;]<\/p>\n","protected":false},"author":1,"featured_media":0,"parent":0,"menu_order":0,"comment_status":"closed","ping_status":"closed","template":"","meta":{"inline_featured_image":false,"_uag_custom_page_level_css":"","slim_seo":{"title":"Olympica Bowling & Games Brig | Bowling, Billard & Fun","description":"Action bowling & loisirs \u00e0 l'Olympica de Brigue ! Pistes modernes, billard, jeux et bar. Id\u00e9al pour les amis, les familles et les \u00e9v\u00e9nements d'entreprise. R\u00e9servez d\u00e8s maintenant !"},"footnotes":""},"class_list":["post-1834","page","type-page","status-publish","hentry"],"uagb_featured_image_src":{"full":false,"thumbnail":false,"medium":false,"medium_large":false,"large":false,"1536x1536":false,"2048x2048":false},"uagb_author_info":{"display_name":"admin","author_link":"https:\/\/www.olympica.ch\/fr\/author\/adminischteroly\/"},"uagb_comment_info":0,"uagb_excerpt":"Jeux Des sports passionnants en direct sur Sky ou Blue Sport, des matchs captivants avec FIFA sur la Playstation ou des parties de fl\u00e9chettes endiabl\u00e9es - notre salle de jeux offre des possibilit\u00e9s vari\u00e9es pour passer le temps. Mesurez votre force sur la machine de boxe, votre vitesse au basket-ball ou votre r\u00e9activit\u00e9 \u00e0 la\u2026","_links":{"self":[{"href":"https:\/\/www.olympica.ch\/fr\/wp-json\/wp\/v2\/pages\/1834","targetHints":{"allow":["GET"]}}],"collection":[{"href":"https:\/\/www.olympica.ch\/fr\/wp-json\/wp\/v2\/pages"}],"about":[{"href":"https:\/\/www.olympica.ch\/fr\/wp-json\/wp\/v2\/types\/page"}],"author":[{"embeddable":true,"href":"https:\/\/www.olympica.ch\/fr\/wp-json\/wp\/v2\/users\/1"}],"replies":[{"embeddable":true,"href":"https:\/\/www.olympica.ch\/fr\/wp-json\/wp\/v2\/comments?post=1834"}],"version-history":[{"count":10,"href":"https:\/\/www.olympica.ch\/fr\/wp-json\/wp\/v2\/pages\/1834\/revisions"}],"predecessor-version":[{"id":6118,"href":"https:\/\/www.olympica.ch\/fr\/wp-json\/wp\/v2\/pages\/1834\/revisions\/6118"}],"wp:attachment":[{"href":"https:\/\/www.olympica.ch\/fr\/wp-json\/wp\/v2\/media?parent=1834"}],"curies":[{"name":"wp","href":"https:\/\/api.w.org\/{rel}","templated":true}]}}