{"id":1846,"date":"2023-09-21T07:45:27","date_gmt":"2023-09-21T05:45:27","guid":{"rendered":"https:\/\/www.olympica.ch\/conseils-et-excursions\/"},"modified":"2026-04-10T12:21:48","modified_gmt":"2026-04-10T10:21:48","slug":"conseils-et-excursions","status":"publish","type":"page","link":"https:\/\/www.olympica.ch\/fr\/conseils-et-excursions\/","title":{"rendered":"Conseils et excursions : D\u00e9couvrez Brigue-Glis et le Valais"},"content":{"rendered":"\n<div class=\"wp-block-uagb-container imgright uagb-block-03e72069 alignfull uagb-is-root-container\"><div class=\"uagb-container-inner-blocks-wrap\">\n<div class=\"wp-block-uagb-container uagb-block-ac714e78\"><h1 class=\"wp-block-post-title\">Conseils et excursions : D\u00e9couvrez Brigue-Glis et le Valais<\/h1><\/div>\n<\/div><\/div>\n\n<div style=\"height:20px\" aria-hidden=\"true\" class=\"wp-block-spacer\"><\/div>\n\n<div id=\"athletic-flow\" class=\"wp-block-uagb-container imgright uagb-block-c06e8c4d alignfull uagb-is-root-container\"><div class=\"uagb-container-inner-blocks-wrap\">\n<div class=\"wp-block-uagb-container animated fadeInBottomLeft uagb-block-b5373456\">\n<h2 class=\"wp-block-heading has-text-align-left\">Barbecue<\/h2>\n\n\n\n<p>Organiser chez nous, en \u00e9t\u00e9, une magnifique f\u00eate familiale, associative, etc. Pas de probl\u00e8me ! Tout est possible avec la raclette, le barbecue, etc. En outre, il est possible d'utiliser nos terrains de tennis, de beach-volley ainsi que le terrain de football \u00e0 des conditions sp\u00e9ciales. Il est \u00e9galement possible d'organiser la restauration, etc. par nos soins - ou pr\u00e9f\u00e9rez-vous tout faire vous-m\u00eame ? Vos d\u00e9sirs sont des ordres ?<\/p>\n\n\n\n<div style=\"height:20px\" aria-hidden=\"true\" class=\"wp-block-spacer fertig1\"><\/div>\n<\/div>\n\n\n\n<div class=\"wp-block-uagb-container uagb-block-6599d5f9\">\n<div class=\"wp-block-senff-sticky-block\" data-topspace=\"100\" data-cfa=\"true\" data-minwidth=\"767\" data-maxwidth=\"99999\" data-pushup=\".fertig1\" data-zindex=\"1\">\n<figure class=\"wp-block-image size-large\"><img loading=\"lazy\" decoding=\"async\" width=\"1024\" height=\"683\" src=\"http:\/\/www.olympica.ch\/wp-content\/uploads\/2023\/09\/grillhaus-olympica-brig-03-1024x683.webp\" alt=\"Barbecue pr&#xE8;s de l'Olympica &#xE0; Brigue-Glis\" class=\"wp-image-1128\" srcset=\"https:\/\/www.olympica.ch\/wp-content\/uploads\/2023\/09\/grillhaus-olympica-brig-03-1024x683.webp 1024w, https:\/\/www.olympica.ch\/wp-content\/uploads\/2023\/09\/grillhaus-olympica-brig-03-300x200.webp 300w, https:\/\/www.olympica.ch\/wp-content\/uploads\/2023\/09\/grillhaus-olympica-brig-03-768x512.webp 768w, https:\/\/www.olympica.ch\/wp-content\/uploads\/2023\/09\/grillhaus-olympica-brig-03.webp 1422w\" sizes=\"auto, (max-width: 1024px) 100vw, 1024px\" \/><\/figure>\n<\/div>\n<\/div>\n<\/div><\/div>\n\n<div id=\"bauch-beine-po\" class=\"wp-block-uagb-container imgright uagb-block-82d07d90 alignfull uagb-is-root-container\"><div class=\"uagb-container-inner-blocks-wrap\">\n<div class=\"wp-block-uagb-container uagb-block-6d806e44\">\n<div class=\"wp-block-senff-sticky-block\" data-topspace=\"100\" data-cfa=\"true\" data-minwidth=\"767\" data-maxwidth=\"99999\" data-pushup=\".fertig2\" data-zindex=\"1\">\n<figure class=\"wp-block-image size-large\"><img loading=\"lazy\" decoding=\"async\" width=\"1024\" height=\"683\" src=\"http:\/\/www.olympica.ch\/wp-content\/uploads\/2023\/09\/tips-ausfluege-olympica-fux-weine-1024x683.webp\" alt=\"Conseils et excursions autour d'Olympica\" class=\"wp-image-1029\" srcset=\"https:\/\/www.olympica.ch\/wp-content\/uploads\/2023\/09\/tips-ausfluege-olympica-fux-weine-1024x683.webp 1024w, https:\/\/www.olympica.ch\/wp-content\/uploads\/2023\/09\/tips-ausfluege-olympica-fux-weine-300x200.webp 300w, https:\/\/www.olympica.ch\/wp-content\/uploads\/2023\/09\/tips-ausfluege-olympica-fux-weine-768x512.webp 768w, https:\/\/www.olympica.ch\/wp-content\/uploads\/2023\/09\/tips-ausfluege-olympica-fux-weine.webp 1420w\" sizes=\"auto, (max-width: 1024px) 100vw, 1024px\" \/><\/figure>\n<\/div>\n<\/div>\n\n\n\n<div class=\"wp-block-uagb-container animated fadeInBottomRight uagb-block-fcd4bf44\">\n<h2 class=\"wp-block-heading has-text-align-left\">Vins de fux<\/h2>\n\n\n\n<p>D\u00e9guster, savourer et d\u00e9couvrir<\/p>\n\n\n\n<p>Chez Fuxweine \u00e0 Brigue-Glis, vous trouverez le cadre id\u00e9al pour votre d\u00e9gustation personnelle. La famille Fux vous guide, vous et vos amis, connaissances ou membres de votre \u00e9quipe, dans une d\u00e9gustation individuelle.<\/p>\n\n\n\n<p>Dans une ambiance merveilleuse, vous serez choy\u00e9 avec des vins s\u00e9lectionn\u00e9s et des petits d\u00e9lices.<\/p>\n\n\n\n<p><a href=\"https:\/\/www.fuxweine.ch\/\" target=\"_blank\" rel=\"noreferrer noopener\">www.fuxweine.ch<\/a><\/p>\n\n\n\n<div style=\"height:20px\" aria-hidden=\"true\" class=\"wp-block-spacer fertig2\"><\/div>\n<\/div>\n<\/div><\/div>\n\n<div id=\"full-body-workout\" class=\"wp-block-uagb-container imgleft uagb-block-2836b2ef alignfull uagb-is-root-container\"><div class=\"uagb-container-inner-blocks-wrap\">\n<div class=\"wp-block-uagb-container animated fadeInBottomLeft uagb-block-fdb35577\">\n<h2 class=\"wp-block-heading has-text-align-left\">World Nature<\/h2>\n\n\n\n<p>D\u00e9couvre le Valais dans toute sa splendeur ! Avec le World Nature Forum, tu t'en approches de tr\u00e8s pr\u00e8s ! De nombreuses attractions ainsi que de superbes offres pour les groupes, \u00e9galement en collaboration avec l'Olympica, agr\u00e9menteront ton s\u00e9jour en Valais !<\/p>\n\n\n\n<p><a href=\"https:\/\/wnf.ch\/\">www.wnf.ch<\/a><\/p>\n\n\n\n<div style=\"height:20px\" aria-hidden=\"true\" class=\"wp-block-spacer fertig3\"><\/div>\n<\/div>\n\n\n\n<div class=\"wp-block-uagb-container uagb-block-8b2c3260\">\n<div class=\"wp-block-senff-sticky-block\" data-topspace=\"100\" data-cfa=\"true\" data-minwidth=\"767\" data-maxwidth=\"99999\" data-pushup=\".fertig3\" data-zindex=\"1\">\n<figure class=\"wp-block-image size-large\"><img loading=\"lazy\" decoding=\"async\" width=\"1024\" height=\"683\" src=\"http:\/\/www.olympica.ch\/wp-content\/uploads\/2023\/09\/world-nature-forum-naters-1024x683.webp\" alt=\"World Nature Forum &#xE0; Naters\" class=\"wp-image-1036\" srcset=\"https:\/\/www.olympica.ch\/wp-content\/uploads\/2023\/09\/world-nature-forum-naters-1024x683.webp 1024w, https:\/\/www.olympica.ch\/wp-content\/uploads\/2023\/09\/world-nature-forum-naters-300x200.webp 300w, https:\/\/www.olympica.ch\/wp-content\/uploads\/2023\/09\/world-nature-forum-naters-768x512.webp 768w, https:\/\/www.olympica.ch\/wp-content\/uploads\/2023\/09\/world-nature-forum-naters.webp 1420w\" sizes=\"auto, (max-width: 1024px) 100vw, 1024px\" \/><\/figure>\n<\/div>\n<\/div>\n<\/div><\/div>\n\n<div id=\"jumping\" class=\"wp-block-uagb-container imgright uagb-block-533a5179 alignfull uagb-is-root-container\"><div class=\"uagb-container-inner-blocks-wrap\">\n<div class=\"wp-block-uagb-container uagb-block-a2b81912\">\n<figure class=\"wp-block-image size-large\"><img loading=\"lazy\" decoding=\"async\" width=\"1024\" height=\"683\" src=\"http:\/\/www.olympica.ch\/wp-content\/uploads\/2023\/09\/ischi-arena-brig-1024x683.webp\" alt=\"Ischi Arena &#xE0; Brigue\" class=\"wp-image-1039\" srcset=\"https:\/\/www.olympica.ch\/wp-content\/uploads\/2023\/09\/ischi-arena-brig-1024x683.webp 1024w, https:\/\/www.olympica.ch\/wp-content\/uploads\/2023\/09\/ischi-arena-brig-300x200.webp 300w, https:\/\/www.olympica.ch\/wp-content\/uploads\/2023\/09\/ischi-arena-brig-768x512.webp 768w, https:\/\/www.olympica.ch\/wp-content\/uploads\/2023\/09\/ischi-arena-brig.webp 1420w\" sizes=\"auto, (max-width: 1024px) 100vw, 1024px\" \/><\/figure>\n<\/div>\n\n\n\n<div class=\"wp-block-uagb-container animated fadeInBottomRight uagb-block-295fc762\">\n<h2 class=\"wp-block-heading has-text-align-left\">Patinoire<\/h2>\n\n\n\n<p>Que ce soit du curling, du patinage ou du hockey sur glace... l'\"iischi Arena\" t'offre de superbes exp\u00e9riences \"hivernales\", m\u00eame en \u00e9t\u00e9 !<\/p>\n\n\n\n<p><a href=\"https:\/\/www.iischi-arena.ch\/\">www.iischi-arena.ch<\/a><\/p>\n\n\n\n<div style=\"height:20px\" aria-hidden=\"true\" class=\"wp-block-spacer fertig4\"><\/div>\n<\/div>\n<\/div><\/div>\n\n<div id=\"max\" class=\"wp-block-uagb-container imgleft uagb-block-05d08101 alignfull uagb-is-root-container\"><div class=\"uagb-container-inner-blocks-wrap\">\n<div class=\"wp-block-uagb-container animated fadeInBottomLeft uagb-block-2b2e42d9\">\n<h2 class=\"wp-block-heading has-text-align-left\">Guide de montagne<\/h2>\n\n\n\n<p>Le guide de montagne Andreas Oggier t'emm\u00e8ne dans la nature.  <\/p>\n\n\n\n<ul class=\"wp-block-list\">\n<li><a href=\"https:\/\/bergfuehrer-wallis-schweiz.ch\/skitouren-wellness-hotel-wallis\/?fbclid=IwAR2RRt6nPYZAK-FMod_5MMERDmXR14_YlHkFRjROWppAhOyGxdAnXzXh5Lw\" target=\"_blank\" rel=\"noreferrer noopener\">Randonn\u00e9e \u00e0 ski au d\u00e9part d'Olympica<\/a><\/li>\n\n\n\n<li>Canyoning<\/li>\n\n\n\n<li>Via ferrata<\/li>\n\n\n\n<li>Excursions sur le glacier<\/li>\n<\/ul>\n\n\n\n<p><a href=\"https:\/\/bergfuehrer-wallis-schweiz.ch\/\" target=\"_blank\" rel=\"noreferrer noopener\">D\u00e9tails sur son site web<\/a><\/p>\n\n\n\n<div style=\"height:20px\" aria-hidden=\"true\" class=\"wp-block-spacer fertig5\"><\/div>\n<\/div>\n\n\n\n<div class=\"wp-block-uagb-container uagb-block-38876a9a\">\n<div class=\"wp-block-senff-sticky-block\" data-topspace=\"100\" data-cfa=\"true\" data-minwidth=\"767\" data-maxwidth=\"99999\" data-pushup=\".fertig5\" data-zindex=\"1\">\n<figure class=\"wp-block-image size-large\"><img loading=\"lazy\" decoding=\"async\" width=\"1024\" height=\"683\" src=\"http:\/\/www.olympica.ch\/wp-content\/uploads\/2023\/09\/Skitour-Mauerhorn-Loetschental-Andreas-Oggier-1024x683.webp\" alt=\"Activit&#xE9;s en plein air avec Andreas Oggier\" class=\"wp-image-1045\" srcset=\"https:\/\/www.olympica.ch\/wp-content\/uploads\/2023\/09\/Skitour-Mauerhorn-Loetschental-Andreas-Oggier-1024x683.webp 1024w, https:\/\/www.olympica.ch\/wp-content\/uploads\/2023\/09\/Skitour-Mauerhorn-Loetschental-Andreas-Oggier-300x200.webp 300w, https:\/\/www.olympica.ch\/wp-content\/uploads\/2023\/09\/Skitour-Mauerhorn-Loetschental-Andreas-Oggier-768x512.webp 768w, https:\/\/www.olympica.ch\/wp-content\/uploads\/2023\/09\/Skitour-Mauerhorn-Loetschental-Andreas-Oggier.webp 1420w\" sizes=\"auto, (max-width: 1024px) 100vw, 1024px\" \/><\/figure>\n<\/div>\n<\/div>\n<\/div><\/div>\n\n<div id=\"muscle-workout\" class=\"wp-block-uagb-container imgright uagb-block-beec1def alignfull uagb-is-root-container\"><div class=\"uagb-container-inner-blocks-wrap\">\n<div class=\"wp-block-uagb-container uagb-block-30b8a551\">\n<figure class=\"wp-block-image size-large\"><img loading=\"lazy\" decoding=\"async\" width=\"1024\" height=\"683\" src=\"http:\/\/www.olympica.ch\/wp-content\/uploads\/2023\/09\/biken-im-oberwallis-1024x683.webp\" alt=\"Faire du v&#xE9;lo dans le Haut-Valais\" class=\"wp-image-1052\" srcset=\"https:\/\/www.olympica.ch\/wp-content\/uploads\/2023\/09\/biken-im-oberwallis-1024x683.webp 1024w, https:\/\/www.olympica.ch\/wp-content\/uploads\/2023\/09\/biken-im-oberwallis-300x200.webp 300w, https:\/\/www.olympica.ch\/wp-content\/uploads\/2023\/09\/biken-im-oberwallis-768x512.webp 768w, https:\/\/www.olympica.ch\/wp-content\/uploads\/2023\/09\/biken-im-oberwallis.webp 1420w\" sizes=\"auto, (max-width: 1024px) 100vw, 1024px\" \/><\/figure>\n<\/div>\n\n\n\n<div class=\"wp-block-uagb-container animated fadeInBottomRight uagb-block-4dac20b0\">\n<h2 class=\"wp-block-heading has-text-align-left\">Faire du v\u00e9lo<\/h2>\n\n\n\n<p>Randonn\u00e9es VTT guid\u00e9es en Valais : <a href=\"https:\/\/www.rollonrocks.ch\/\" target=\"_blank\" rel=\"noreferrer noopener\">www.rollonrocks.ch<\/a><\/p>\n\n\n\n<p>Bikeschool, Guiding, Events : <a href=\"https:\/\/www.trailgoats.ch\/\" target=\"_blank\" rel=\"noreferrer noopener\">www.trailgoats.ch<\/a><\/p>\n\n\n\n<div style=\"height:20px\" aria-hidden=\"true\" class=\"wp-block-spacer fertig6\"><\/div>\n<\/div>\n<\/div><\/div>\n\n<div id=\"pilates\" class=\"wp-block-uagb-container imgright uagb-block-2c614de9 alignfull uagb-is-root-container\"><div class=\"uagb-container-inner-blocks-wrap\">\n<div class=\"wp-block-uagb-container animated fadeInBottomLeft uagb-block-4b7a9159\">\n<h2 class=\"wp-block-heading has-text-align-left\">Autres liens<\/h2>\n\n\n\n<p>Bains thermaux de Brigerbad : <a href=\"https:\/\/www.thermalbad-wallis.ch\/\" target=\"_blank\" rel=\"noreferrer noopener\">www.thermalbad-wallis.ch<\/a><\/p>\n\n\n\n<p>Brigue Simplon Tourisme : <a href=\"https:\/\/www.brig-simplon.ch\/\" target=\"_blank\" rel=\"noreferrer noopener\">www.brig-simplon.ch<\/a><\/p>\n\n\n\n<p>Ruffiner Busreisen : <a href=\"https:\/\/www.ruffiner.ch\/\" target=\"_blank\" rel=\"noreferrer noopener\">www.ruffiner.ch<\/a><\/p>\n\n\n\n<div style=\"height:20px\" aria-hidden=\"true\" class=\"wp-block-spacer fertig7\"><\/div>\n<\/div>\n\n\n\n<div class=\"wp-block-uagb-container uagb-block-c5aaf5e1\">\n<div class=\"wp-block-senff-sticky-block\" data-topspace=\"100\" data-cfa=\"true\" data-minwidth=\"767\" data-maxwidth=\"99999\" data-pushup=\".fertig7\" data-zindex=\"1\">\n<figure class=\"wp-block-image size-large\"><img loading=\"lazy\" decoding=\"async\" width=\"1024\" height=\"683\" src=\"http:\/\/www.olympica.ch\/wp-content\/uploads\/2023\/09\/brigerbad-rutschbahn-1024x683.webp\" alt=\"Brigerbad chez Olympica\" class=\"wp-image-1059\" srcset=\"https:\/\/www.olympica.ch\/wp-content\/uploads\/2023\/09\/brigerbad-rutschbahn-1024x683.webp 1024w, https:\/\/www.olympica.ch\/wp-content\/uploads\/2023\/09\/brigerbad-rutschbahn-300x200.webp 300w, https:\/\/www.olympica.ch\/wp-content\/uploads\/2023\/09\/brigerbad-rutschbahn-768x512.webp 768w, https:\/\/www.olympica.ch\/wp-content\/uploads\/2023\/09\/brigerbad-rutschbahn.webp 1420w\" sizes=\"auto, (max-width: 1024px) 100vw, 1024px\" \/><\/figure>\n<\/div>\n<\/div>\n<\/div><\/div>\n","protected":false},"excerpt":{"rendered":"<p>Barbecue Organiser chez nous, en \u00e9t\u00e9, une magnifique f\u00eate familiale, associative, etc. Pas de probl\u00e8me ! Tout est possible avec la raclette, le barbecue, etc. En outre, il est possible d'utiliser nos terrains de tennis, de beach-volley ainsi que le terrain de football \u00e0 des conditions sp\u00e9ciales. Il est \u00e9galement possible d'organiser la restauration, etc. [&hellip;]<\/p>\n","protected":false},"author":1,"featured_media":0,"parent":0,"menu_order":0,"comment_status":"closed","ping_status":"closed","template":"","meta":{"inline_featured_image":false,"_uag_custom_page_level_css":"","slim_seo":{"title":"Id\u00e9es d'excursions \u00e0 Brigue & en Valais | D\u00e9couvertes au d\u00e9part d'Olympica","description":"D\u00e9couvrez les meilleures destinations et id\u00e9es de loisirs autour de Brigue-Glis et du Valais. Votre guide pour des exp\u00e9riences inoubliables - pr\u00e9sent\u00e9 par Olympica."},"footnotes":""},"class_list":["post-1846","page","type-page","status-publish","hentry"],"uagb_featured_image_src":{"full":false,"thumbnail":false,"medium":false,"medium_large":false,"large":false,"1536x1536":false,"2048x2048":false},"uagb_author_info":{"display_name":"admin","author_link":"https:\/\/www.olympica.ch\/fr\/author\/adminischteroly\/"},"uagb_comment_info":0,"uagb_excerpt":"Barbecue Organiser chez nous, en \u00e9t\u00e9, une magnifique f\u00eate familiale, associative, etc. Pas de probl\u00e8me ! Tout est possible avec la raclette, le barbecue, etc. En outre, il est possible d'utiliser nos terrains de tennis, de beach-volley ainsi que le terrain de football \u00e0 des conditions sp\u00e9ciales. Il est \u00e9galement possible d'organiser la restauration, etc.\u2026","_links":{"self":[{"href":"https:\/\/www.olympica.ch\/fr\/wp-json\/wp\/v2\/pages\/1846","targetHints":{"allow":["GET"]}}],"collection":[{"href":"https:\/\/www.olympica.ch\/fr\/wp-json\/wp\/v2\/pages"}],"about":[{"href":"https:\/\/www.olympica.ch\/fr\/wp-json\/wp\/v2\/types\/page"}],"author":[{"embeddable":true,"href":"https:\/\/www.olympica.ch\/fr\/wp-json\/wp\/v2\/users\/1"}],"replies":[{"embeddable":true,"href":"https:\/\/www.olympica.ch\/fr\/wp-json\/wp\/v2\/comments?post=1846"}],"version-history":[{"count":9,"href":"https:\/\/www.olympica.ch\/fr\/wp-json\/wp\/v2\/pages\/1846\/revisions"}],"predecessor-version":[{"id":6221,"href":"https:\/\/www.olympica.ch\/fr\/wp-json\/wp\/v2\/pages\/1846\/revisions\/6221"}],"wp:attachment":[{"href":"https:\/\/www.olympica.ch\/fr\/wp-json\/wp\/v2\/media?parent=1846"}],"curies":[{"name":"wp","href":"https:\/\/api.w.org\/{rel}","templated":true}]}}