{"id":1956,"date":"2023-09-18T19:24:15","date_gmt":"2023-09-18T17:24:15","guid":{"rendered":"https:\/\/www.olympica.ch\/sport-fitness\/en-plein-air\/"},"modified":"2025-05-26T17:47:50","modified_gmt":"2025-05-26T15:47:50","slug":"en-plein-air","status":"publish","type":"page","link":"https:\/\/www.olympica.ch\/fr\/sport-fitness\/en-plein-air\/","title":{"rendered":"Sports et activit\u00e9s de plein air \u00e0 l'Olympica de Brigue"},"content":{"rendered":"\n<div class=\"wp-block-uagb-container imgright uagb-block-03e72069 alignfull uagb-is-root-container\"><div class=\"uagb-container-inner-blocks-wrap\">\n<div class=\"wp-block-uagb-container uagb-block-ac714e78\"><h1 class=\"wp-block-post-title\">Sports et activit\u00e9s de plein air \u00e0 l'Olympica de Brigue<\/h1><\/div>\n<\/div><\/div>\n\n<div class=\"wp-block-uagb-container imgleft uagb-block-1bd0752d alignfull uagb-is-root-container\"><div class=\"uagb-container-inner-blocks-wrap\">\n<div class=\"wp-block-uagb-container animated fadeInBottomLeft uagb-block-90f3760b\">\n<figure class=\"wp-block-image size-large\"><img loading=\"lazy\" decoding=\"async\" width=\"1024\" height=\"683\" src=\"http:\/\/www.olympica.ch\/wp-content\/uploads\/2023\/09\/tennis-olympica-brig-1024x683.webp\" alt=\"Courts de tennis &#xE0; l'Olympica de Brigue-Glis\" class=\"wp-image-637\" srcset=\"https:\/\/www.olympica.ch\/wp-content\/uploads\/2023\/09\/tennis-olympica-brig-1024x683.webp 1024w, https:\/\/www.olympica.ch\/wp-content\/uploads\/2023\/09\/tennis-olympica-brig-300x200.webp 300w, https:\/\/www.olympica.ch\/wp-content\/uploads\/2023\/09\/tennis-olympica-brig-768x512.webp 768w, https:\/\/www.olympica.ch\/wp-content\/uploads\/2023\/09\/tennis-olympica-brig.webp 1420w\" sizes=\"auto, (max-width: 1024px) 100vw, 1024px\" \/><\/figure>\n<\/div>\n\n\n\n<div class=\"wp-block-uagb-container animated fadeInBottomRight uagb-block-793554f2\">\n<h2 class=\"wp-block-heading has-text-align-left\">Tennis<\/h2>\n\n\n\n<p>\u00c0 l'Olympica, tu peux d\u00e9sormais jouer aux fl\u00e9chettes en acier ! Nous avons 4 planches professionnelles \u00e0 disposition !<\/p>\n\n\n\n<p>Uniquement possible sur r\u00e9servation et demande ! Spontan\u00e9ment, ce n'est que peut-\u00eatre possible.<\/p>\n\n\n\n<p>Id\u00e9al aussi pour les camps d'entra\u00eenement, les tournois, etc !!<\/p>\n<\/div>\n<\/div><\/div>\n\n<div style=\"height:20px\" aria-hidden=\"true\" class=\"wp-block-spacer\"><\/div>\n\n<div class=\"wp-block-uagb-container imgright uagb-block-82d07d90 alignfull uagb-is-root-container\"><div class=\"uagb-container-inner-blocks-wrap\">\n<div class=\"wp-block-uagb-container animated fadeInBottomLeft uagb-block-6d806e44\">\n<h2 class=\"wp-block-heading has-text-align-left\">Volley de plage<\/h2>\n\n\n\n<p>Nos deux terrains de beach-volley avec du sable professionnel sp\u00e9cial en provenance de Hollande vous inciteront \u00e0 vous adonner aux joies du sport en plein air pendant les nombreuses journ\u00e9es d'\u00e9t\u00e9 en Valais. Le plaisir absolu de l'\u00e9t\u00e9 !<\/p>\n<\/div>\n\n\n\n<div class=\"wp-block-uagb-container animated fadeInBottomRight uagb-block-fcd4bf44\">\n<figure class=\"wp-block-image size-large\"><img loading=\"lazy\" decoding=\"async\" width=\"1024\" height=\"683\" src=\"http:\/\/www.olympica.ch\/wp-content\/uploads\/2023\/09\/beach-volleyball-feld-olympica-brig-glis-1024x683.webp\" alt=\"Beach-volley &#xE0; Brigue-Glis Olympica\" class=\"wp-image-643\" srcset=\"https:\/\/www.olympica.ch\/wp-content\/uploads\/2023\/09\/beach-volleyball-feld-olympica-brig-glis-1024x683.webp 1024w, https:\/\/www.olympica.ch\/wp-content\/uploads\/2023\/09\/beach-volleyball-feld-olympica-brig-glis-300x200.webp 300w, https:\/\/www.olympica.ch\/wp-content\/uploads\/2023\/09\/beach-volleyball-feld-olympica-brig-glis-768x512.webp 768w, https:\/\/www.olympica.ch\/wp-content\/uploads\/2023\/09\/beach-volleyball-feld-olympica-brig-glis.webp 1420w\" sizes=\"auto, (max-width: 1024px) 100vw, 1024px\" \/><\/figure>\n<\/div>\n<\/div><\/div>\n\n<div class=\"wp-block-uagb-container imgleft uagb-block-c95d9cac alignfull uagb-is-root-container\"><div class=\"uagb-container-inner-blocks-wrap\">\n<div class=\"wp-block-uagb-container uagb-block-f86b8b13\">\n<figure class=\"wp-block-image size-large\"><img loading=\"lazy\" decoding=\"async\" width=\"1024\" height=\"683\" src=\"http:\/\/www.olympica.ch\/wp-content\/uploads\/2023\/09\/fussball-platz-feld-olympica-brig-glis-1024x683.webp\" alt=\"Terrain de football pr&#xE8;s de l'Olympica &#xE0; Brigue-Glis\" class=\"wp-image-647\" srcset=\"https:\/\/www.olympica.ch\/wp-content\/uploads\/2023\/09\/fussball-platz-feld-olympica-brig-glis-1024x683.webp 1024w, https:\/\/www.olympica.ch\/wp-content\/uploads\/2023\/09\/fussball-platz-feld-olympica-brig-glis-300x200.webp 300w, https:\/\/www.olympica.ch\/wp-content\/uploads\/2023\/09\/fussball-platz-feld-olympica-brig-glis-768x512.webp 768w, https:\/\/www.olympica.ch\/wp-content\/uploads\/2023\/09\/fussball-platz-feld-olympica-brig-glis.webp 1420w\" sizes=\"auto, (max-width: 1024px) 100vw, 1024px\" \/><\/figure>\n<\/div>\n\n\n\n<div class=\"wp-block-uagb-container uagb-block-e77aa3e9\">\n<h2 class=\"wp-block-heading has-text-align-left\">Football<\/h2>\n\n\n\n<p>Outre le football, notre terrain en herbe permet de pratiquer d'autres sports comme l'athl\u00e9tisme, la balle au panier, etc. Notre \"cabane\" \u00e0 grillades est id\u00e9ale pour se r\u00e9unir avant ou apr\u00e8s un match passionnant, avec un barbecue, le tout sous un soleil radieux.<\/p>\n<\/div>\n<\/div><\/div>\n\n<div class=\"wp-block-uagb-container imgright uagb-block-2c614de9 alignfull uagb-is-root-container\"><div class=\"uagb-container-inner-blocks-wrap\">\n<div class=\"wp-block-uagb-container animated fadeInBottomLeft uagb-block-4b7a9159\">\n<h2 class=\"wp-block-heading has-text-align-left\">Guide de montagne<\/h2>\n\n\n\n<ul class=\"wp-block-list\">\n<li>Randonn\u00e9es \u00e0 ski<\/li>\n\n\n\n<li>Canyoning<\/li>\n\n\n\n<li>Via ferrata<\/li>\n\n\n\n<li>Excursions sur le glacier<\/li>\n\n\n\n<li>Passer la nuit \u00e0 Olympica<\/li>\n<\/ul>\n\n\n\n<p>avec Andreas Oggier.  <a href=\"https:\/\/bergfuehrer-wallis-schweiz.ch\/\" target=\"_blank\" rel=\"noreferrer noopener\">D\u00e9tails sur son site web<\/a><\/p>\n<\/div>\n\n\n\n<div class=\"wp-block-uagb-container animated fadeInBottomRight uagb-block-c5aaf5e1\">\n<figure class=\"wp-block-image size-large\"><img loading=\"lazy\" decoding=\"async\" width=\"1024\" height=\"683\" src=\"http:\/\/www.olympica.ch\/wp-content\/uploads\/2023\/09\/bergsteiger-angebote-olympica-1024x683.webp\" alt=\"Offres pour les guides de montagne avec nuit&#xE9;es &#xE0; Olympica\" class=\"wp-image-648\" srcset=\"https:\/\/www.olympica.ch\/wp-content\/uploads\/2023\/09\/bergsteiger-angebote-olympica-1024x683.webp 1024w, https:\/\/www.olympica.ch\/wp-content\/uploads\/2023\/09\/bergsteiger-angebote-olympica-300x200.webp 300w, https:\/\/www.olympica.ch\/wp-content\/uploads\/2023\/09\/bergsteiger-angebote-olympica-768x512.webp 768w, https:\/\/www.olympica.ch\/wp-content\/uploads\/2023\/09\/bergsteiger-angebote-olympica.webp 1420w\" sizes=\"auto, (max-width: 1024px) 100vw, 1024px\" \/><\/figure>\n<\/div>\n<\/div><\/div>\n","protected":false},"excerpt":{"rendered":"<p>Tennis \u00c0 l'Olympica, tu peux d\u00e9sormais jouer aux fl\u00e9chettes en acier ! Nous avons 4 planches professionnelles \u00e0 disposition ! Uniquement possible sur r\u00e9servation et demande ! Spontan\u00e9ment, ce n'est que peut-\u00eatre possible. Id\u00e9al aussi pour les camps d'entra\u00eenement, les tournois, etc !! Volley de plage Nos deux terrains de beach-volley avec du sable professionnel [&hellip;]<\/p>\n","protected":false},"author":1,"featured_media":0,"parent":1789,"menu_order":0,"comment_status":"closed","ping_status":"closed","template":"","meta":{"inline_featured_image":false,"_uag_custom_page_level_css":"","slim_seo":{"title":"Olympica Brig : nature, sport & exp\u00e9riences en plein air en Valais","description":"Faites l'exp\u00e9rience des sports de plein air \u00e0 l'Olympica de Brigue : tennis, terrains de football, beach-volley & situation id\u00e9ale pour les activit\u00e9s dans la nature valaisanne. D\u00e9couvrez maintenant !"},"footnotes":""},"class_list":["post-1956","page","type-page","status-publish","hentry"],"uagb_featured_image_src":{"full":false,"thumbnail":false,"medium":false,"medium_large":false,"large":false,"1536x1536":false,"2048x2048":false},"uagb_author_info":{"display_name":"admin","author_link":"https:\/\/www.olympica.ch\/fr\/author\/adminischteroly\/"},"uagb_comment_info":0,"uagb_excerpt":"Tennis \u00c0 l'Olympica, tu peux d\u00e9sormais jouer aux fl\u00e9chettes en acier ! Nous avons 4 planches professionnelles \u00e0 disposition ! Uniquement possible sur r\u00e9servation et demande ! Spontan\u00e9ment, ce n'est que peut-\u00eatre possible. Id\u00e9al aussi pour les camps d'entra\u00eenement, les tournois, etc !! Volley de plage Nos deux terrains de beach-volley avec du sable professionnel\u2026","_links":{"self":[{"href":"https:\/\/www.olympica.ch\/fr\/wp-json\/wp\/v2\/pages\/1956","targetHints":{"allow":["GET"]}}],"collection":[{"href":"https:\/\/www.olympica.ch\/fr\/wp-json\/wp\/v2\/pages"}],"about":[{"href":"https:\/\/www.olympica.ch\/fr\/wp-json\/wp\/v2\/types\/page"}],"author":[{"embeddable":true,"href":"https:\/\/www.olympica.ch\/fr\/wp-json\/wp\/v2\/users\/1"}],"replies":[{"embeddable":true,"href":"https:\/\/www.olympica.ch\/fr\/wp-json\/wp\/v2\/comments?post=1956"}],"version-history":[{"count":2,"href":"https:\/\/www.olympica.ch\/fr\/wp-json\/wp\/v2\/pages\/1956\/revisions"}],"predecessor-version":[{"id":4974,"href":"https:\/\/www.olympica.ch\/fr\/wp-json\/wp\/v2\/pages\/1956\/revisions\/4974"}],"up":[{"embeddable":true,"href":"https:\/\/www.olympica.ch\/fr\/wp-json\/wp\/v2\/pages\/1789"}],"wp:attachment":[{"href":"https:\/\/www.olympica.ch\/fr\/wp-json\/wp\/v2\/media?parent=1956"}],"curies":[{"name":"wp","href":"https:\/\/api.w.org\/{rel}","templated":true}]}}