{"id":1959,"date":"2023-09-18T16:18:53","date_gmt":"2023-09-18T14:18:53","guid":{"rendered":"https:\/\/www.olympica.ch\/sport-fitness\/interieur\/"},"modified":"2025-05-26T17:42:59","modified_gmt":"2025-05-26T15:42:59","slug":"interieur","status":"publish","type":"page","link":"https:\/\/www.olympica.ch\/fr\/sport-fitness\/interieur\/","title":{"rendered":"Des activit\u00e9s d'int\u00e9rieur vari\u00e9es pour tous les temps"},"content":{"rendered":"\n<div class=\"wp-block-uagb-container imgright uagb-block-03e72069 alignfull uagb-is-root-container\"><div class=\"uagb-container-inner-blocks-wrap\">\n<div class=\"wp-block-uagb-container uagb-block-ac714e78\"><h1 class=\"wp-block-post-title\">Des activit\u00e9s d'int\u00e9rieur vari\u00e9es pour tous les temps<\/h1><\/div>\n<\/div><\/div>\n\n<div class=\"wp-block-uagb-container imgright uagb-block-82d07d90 alignfull uagb-is-root-container\"><div class=\"uagb-container-inner-blocks-wrap\">\n<div class=\"wp-block-uagb-container animated fadeInBottomLeft uagb-block-6d806e44\">\n<h2 class=\"wp-block-heading has-text-align-left\">Badminton<\/h2>\n\n\n\n<p>Salle professionnelle avec 6 terrains pour les comp\u00e9titions et les sports de loisirs.<\/p>\n\n\n\n<p>D'ailleurs, le Sporthotel Olympica poss\u00e8de m\u00eame son propre club de badminton : BC Olympica-Brig. Vous trouverez de plus amples informations sur notre club sur <a href=\"https:\/\/www.bc-olympica-brig.ch\" target=\"_blank\" rel=\"noreferrer noopener\">www.bc-olympica-brig.ch.<\/a><\/p>\n<\/div>\n\n\n\n<div class=\"wp-block-uagb-container animated fadeInBottomRight uagb-block-fcd4bf44\">\n<figure class=\"wp-block-image size-large\"><img loading=\"lazy\" decoding=\"async\" width=\"1024\" height=\"683\" src=\"http:\/\/www.olympica.ch\/wp-content\/uploads\/2023\/09\/badminton-im-olympica-in-brig-glis-03-1024x683.webp\" alt=\"Badminton &#xE0; l'Olympica de Brigue-Glis\" class=\"wp-image-631\" srcset=\"https:\/\/www.olympica.ch\/wp-content\/uploads\/2023\/09\/badminton-im-olympica-in-brig-glis-03-1024x683.webp 1024w, https:\/\/www.olympica.ch\/wp-content\/uploads\/2023\/09\/badminton-im-olympica-in-brig-glis-03-300x200.webp 300w, https:\/\/www.olympica.ch\/wp-content\/uploads\/2023\/09\/badminton-im-olympica-in-brig-glis-03-768x512.webp 768w, https:\/\/www.olympica.ch\/wp-content\/uploads\/2023\/09\/badminton-im-olympica-in-brig-glis-03.webp 1420w\" sizes=\"auto, (max-width: 1024px) 100vw, 1024px\" \/><\/figure>\n<\/div>\n<\/div><\/div>\n\n<div style=\"height:20px\" aria-hidden=\"true\" class=\"wp-block-spacer\"><\/div>\n\n<div class=\"wp-block-uagb-container imgleft uagb-block-c95d9cac alignfull uagb-is-root-container\"><div class=\"uagb-container-inner-blocks-wrap\">\n<div class=\"wp-block-uagb-container uagb-block-f86b8b13\">\n<figure class=\"wp-block-image size-large\"><img loading=\"lazy\" decoding=\"async\" width=\"1024\" height=\"683\" src=\"http:\/\/www.olympica.ch\/wp-content\/uploads\/2023\/09\/badminton-im-olympica-in-brig-glis-04-1024x683.webp\" alt=\"Badminton &#xE0; l'Olympica de Brigue-Glis\" class=\"wp-image-630\" srcset=\"https:\/\/www.olympica.ch\/wp-content\/uploads\/2023\/09\/badminton-im-olympica-in-brig-glis-04-1024x683.webp 1024w, https:\/\/www.olympica.ch\/wp-content\/uploads\/2023\/09\/badminton-im-olympica-in-brig-glis-04-300x200.webp 300w, https:\/\/www.olympica.ch\/wp-content\/uploads\/2023\/09\/badminton-im-olympica-in-brig-glis-04-768x512.webp 768w, https:\/\/www.olympica.ch\/wp-content\/uploads\/2023\/09\/badminton-im-olympica-in-brig-glis-04.webp 1420w\" sizes=\"auto, (max-width: 1024px) 100vw, 1024px\" \/><\/figure>\n<\/div>\n\n\n\n<div class=\"wp-block-uagb-container uagb-block-e77aa3e9\">\n<h2 class=\"wp-block-heading has-text-align-left\">Cours de badminton<\/h2>\n\n\n\n<p>Tu souhaites devenir membre du BC Olympica-Brigue ou tout simplement assister \u00e0 un entra\u00eenement priv\u00e9 pour une le\u00e7on de badminton ! Alors Kai est la personne qu'il te faut ! Avec son exp\u00e9rience et ses comp\u00e9tences, il te fera d\u00e9couvrir le badminton. Si tu es int\u00e9ress\u00e9(e), \u00e9cris-nous sur : <a href=\"mailto:info@bc-olympica-brig.ch\">info@bc-olympica-brig.ch<\/a> un e-mail !<\/p>\n<\/div>\n<\/div><\/div>\n\n<div class=\"wp-block-uagb-container imgright uagb-block-2c614de9 alignfull uagb-is-root-container\"><div class=\"uagb-container-inner-blocks-wrap\">\n<div class=\"wp-block-uagb-container animated fadeInBottomLeft uagb-block-4b7a9159\">\n<h2 class=\"wp-block-heading has-text-align-left\">Tennis de table<\/h2>\n\n\n\n<p>Chez nous, on peut aussi jouer au ping-pong ! Sur demande et r\u00e9servation pr\u00e9alable, nous pouvons installer jusqu'\u00e0 8 tables.<\/p>\n<\/div>\n\n\n\n<div class=\"wp-block-uagb-container animated fadeInBottomRight uagb-block-c5aaf5e1\">\n<figure class=\"wp-block-image size-large\"><img loading=\"lazy\" decoding=\"async\" width=\"1024\" height=\"683\" src=\"http:\/\/www.olympica.ch\/wp-content\/uploads\/2023\/09\/tischtennis-olympica-brig-glis-04-1024x683.webp\" alt=\"Tennis de table &#xE0; l'Olympica de Brigue-Glis\" class=\"wp-image-1116\" srcset=\"https:\/\/www.olympica.ch\/wp-content\/uploads\/2023\/09\/tischtennis-olympica-brig-glis-04-1024x683.webp 1024w, https:\/\/www.olympica.ch\/wp-content\/uploads\/2023\/09\/tischtennis-olympica-brig-glis-04-300x200.webp 300w, https:\/\/www.olympica.ch\/wp-content\/uploads\/2023\/09\/tischtennis-olympica-brig-glis-04-768x512.webp 768w, https:\/\/www.olympica.ch\/wp-content\/uploads\/2023\/09\/tischtennis-olympica-brig-glis-04.webp 1422w\" sizes=\"auto, (max-width: 1024px) 100vw, 1024px\" \/><\/figure>\n<\/div>\n<\/div><\/div>\n\n<div class=\"wp-block-uagb-container imgleft uagb-block-66ecb216 alignfull uagb-is-root-container\"><div class=\"uagb-container-inner-blocks-wrap\">\n<div class=\"wp-block-uagb-container uagb-block-2ff00079\">\n<figure class=\"wp-block-image size-large\"><img loading=\"lazy\" decoding=\"async\" width=\"1024\" height=\"683\" src=\"http:\/\/www.olympica.ch\/wp-content\/uploads\/2023\/09\/unihockey-im-olympica-brig-glis-1024x683.webp\" alt=\"Unihockey &#xE0; l'Olympica de Brigue-Glis\" class=\"wp-image-626\" srcset=\"https:\/\/www.olympica.ch\/wp-content\/uploads\/2023\/09\/unihockey-im-olympica-brig-glis-1024x683.webp 1024w, https:\/\/www.olympica.ch\/wp-content\/uploads\/2023\/09\/unihockey-im-olympica-brig-glis-300x200.webp 300w, https:\/\/www.olympica.ch\/wp-content\/uploads\/2023\/09\/unihockey-im-olympica-brig-glis-768x512.webp 768w, https:\/\/www.olympica.ch\/wp-content\/uploads\/2023\/09\/unihockey-im-olympica-brig-glis.webp 1420w\" sizes=\"auto, (max-width: 1024px) 100vw, 1024px\" \/><\/figure>\n<\/div>\n\n\n\n<div class=\"wp-block-uagb-container uagb-block-24255b91\">\n<h2 class=\"wp-block-heading has-text-align-left\">Unihockey<\/h2>\n\n\n\n<p>Notre grande salle se pr\u00eate naturellement tr\u00e8s bien aux matchs passionnants d'unihockey et \u00e0 de nombreux autres sports polysportifs ! Sur demande, notre salle peut \u00e9galement \u00eatre lou\u00e9e pour des week-ends d'entra\u00eenement.<\/p>\n<\/div>\n<\/div><\/div>\n","protected":false},"excerpt":{"rendered":"<p>Badminton Salle professionnelle avec 6 terrains pour les comp\u00e9titions et les sports de loisirs. D'ailleurs, le Sporthotel Olympica poss\u00e8de m\u00eame son propre club de badminton : BC Olympica-Brig. Vous trouverez de plus amples informations sur notre club sur www.bc-olympica-brig.ch. Cours de badminton Tu souhaites devenir membre du BC Olympica-Brigue ou tout simplement assister \u00e0 un [&hellip;]<\/p>\n","protected":false},"author":1,"featured_media":0,"parent":1789,"menu_order":0,"comment_status":"closed","ping_status":"closed","template":"","meta":{"inline_featured_image":false,"_uag_custom_page_level_css":"","slim_seo":{"title":"Olympica Brig : salles de sport & activit\u00e9s indoor en Valais","description":"Une grande vari\u00e9t\u00e9 d'activit\u00e9s sportives en salle \u00e0 l'Olympica de Brigue : badminton, tennis de table, unihockey & plus encore. Du plaisir pour tous les \u00e2ges, ind\u00e9pendamment du temps !"},"footnotes":""},"class_list":["post-1959","page","type-page","status-publish","hentry"],"uagb_featured_image_src":{"full":false,"thumbnail":false,"medium":false,"medium_large":false,"large":false,"1536x1536":false,"2048x2048":false},"uagb_author_info":{"display_name":"admin","author_link":"https:\/\/www.olympica.ch\/fr\/author\/adminischteroly\/"},"uagb_comment_info":0,"uagb_excerpt":"Badminton Salle professionnelle avec 6 terrains pour les comp\u00e9titions et les sports de loisirs. D'ailleurs, le Sporthotel Olympica poss\u00e8de m\u00eame son propre club de badminton : BC Olympica-Brig. Vous trouverez de plus amples informations sur notre club sur www.bc-olympica-brig.ch. Cours de badminton Tu souhaites devenir membre du BC Olympica-Brigue ou tout simplement assister \u00e0 un\u2026","_links":{"self":[{"href":"https:\/\/www.olympica.ch\/fr\/wp-json\/wp\/v2\/pages\/1959","targetHints":{"allow":["GET"]}}],"collection":[{"href":"https:\/\/www.olympica.ch\/fr\/wp-json\/wp\/v2\/pages"}],"about":[{"href":"https:\/\/www.olympica.ch\/fr\/wp-json\/wp\/v2\/types\/page"}],"author":[{"embeddable":true,"href":"https:\/\/www.olympica.ch\/fr\/wp-json\/wp\/v2\/users\/1"}],"replies":[{"embeddable":true,"href":"https:\/\/www.olympica.ch\/fr\/wp-json\/wp\/v2\/comments?post=1959"}],"version-history":[{"count":2,"href":"https:\/\/www.olympica.ch\/fr\/wp-json\/wp\/v2\/pages\/1959\/revisions"}],"predecessor-version":[{"id":4969,"href":"https:\/\/www.olympica.ch\/fr\/wp-json\/wp\/v2\/pages\/1959\/revisions\/4969"}],"up":[{"embeddable":true,"href":"https:\/\/www.olympica.ch\/fr\/wp-json\/wp\/v2\/pages\/1789"}],"wp:attachment":[{"href":"https:\/\/www.olympica.ch\/fr\/wp-json\/wp\/v2\/media?parent=1959"}],"curies":[{"name":"wp","href":"https:\/\/api.w.org\/{rel}","templated":true}]}}