{"id":1965,"date":"2023-09-18T20:17:13","date_gmt":"2023-09-18T18:17:13","guid":{"rendered":"https:\/\/www.olympica.ch\/sport-fitness\/conseils-pour-lalimentation\/"},"modified":"2026-02-16T10:12:06","modified_gmt":"2026-02-16T08:12:06","slug":"conseils-pour-lalimentation","status":"publish","type":"page","link":"https:\/\/www.olympica.ch\/fr\/sport-fitness\/conseils-pour-lalimentation\/","title":{"rendered":"Conseils nutritionnels professionnels \u00e0 l'Olympica de Brigue"},"content":{"rendered":"\n<div class=\"wp-block-uagb-container imgright uagb-block-03e72069 alignfull uagb-is-root-container\"><div class=\"uagb-container-inner-blocks-wrap\">\n<div class=\"wp-block-uagb-container uagb-block-ac714e78\"><h1 class=\"wp-block-post-title\">Conseils nutritionnels professionnels \u00e0 l'Olympica de Brigue<\/h1><\/div>\n<\/div><\/div>\n\n<div class=\"wp-block-uagb-container imgleft uagb-block-1bd0752d alignfull uagb-is-root-container\"><div class=\"uagb-container-inner-blocks-wrap\">\n<div class=\"wp-block-uagb-container uagb-block-90f3760b\">\n<div class=\"wp-block-senff-sticky-block\" data-topspace=\"100\" data-cfa=\"true\" data-minwidth=\"767\" data-maxwidth=\"99999\" data-pushup=\".fertig1\" data-zindex=\"1\">\n<figure class=\"wp-block-image size-large\"><img loading=\"lazy\" decoding=\"async\" width=\"1024\" height=\"683\" src=\"http:\/\/www.olympica.ch\/wp-content\/uploads\/2023\/09\/ernaerhungsberatung-petra-zeiter-02-1024x683.webp\" alt=\"Conseils nutritionnels &#xE0; Olympica &#xE0; Brigue-Glis\" class=\"wp-image-1130\" srcset=\"https:\/\/www.olympica.ch\/wp-content\/uploads\/2023\/09\/ernaerhungsberatung-petra-zeiter-02-1024x683.webp 1024w, https:\/\/www.olympica.ch\/wp-content\/uploads\/2023\/09\/ernaerhungsberatung-petra-zeiter-02-300x200.webp 300w, https:\/\/www.olympica.ch\/wp-content\/uploads\/2023\/09\/ernaerhungsberatung-petra-zeiter-02-768x512.webp 768w, https:\/\/www.olympica.ch\/wp-content\/uploads\/2023\/09\/ernaerhungsberatung-petra-zeiter-02.webp 1422w\" sizes=\"auto, (max-width: 1024px) 100vw, 1024px\" \/><\/figure>\n<\/div>\n<\/div>\n\n\n\n<div class=\"wp-block-uagb-container animated fadeInBottomRight uagb-block-793554f2\">\n<h2 class=\"wp-block-heading has-text-align-left\">Petra Zeiter<\/h2>\n\n\n\n<ul class=\"wp-block-list\">\n<li>Dipl\u00f4m\u00e9e en th\u00e9rapie nutritionnelle <\/li>\n\n\n\n<li>2018 Expert pour les examens professionnels Coordinatrice de cabinet m\u00e9dical<\/li>\n\n\n\n<li>2017 Coordinateur de cabinet m\u00e9dical<\/li>\n\n\n\n<li>2010 Assistante m\u00e9dicale<\/li>\n<\/ul>\n\n\n\n<p>Si l'on s'alimente correctement, on peut am\u00e9liorer sa sant\u00e9 et ses performances professionnelles et sportives, alors qu'une mauvaise alimentation produit l'effet inverse. De plus, une bonne alimentation permet de pr\u00e9venir ou du moins de r\u00e9duire les sympt\u00f4mes et les maladies.<\/p>\n\n\n\n<div style=\"height:20px\" aria-hidden=\"true\" class=\"wp-block-spacer fertig1\"><\/div>\n<\/div>\n<\/div><\/div>\n\n<div style=\"height:20px\" aria-hidden=\"true\" class=\"wp-block-spacer\"><\/div>\n\n<div class=\"wp-block-uagb-container imgright uagb-block-82d07d90 alignfull uagb-is-root-container\"><div class=\"uagb-container-inner-blocks-wrap\">\n<div class=\"wp-block-uagb-container animated fadeInBottomLeft uagb-block-6d806e44\">\n<h2 class=\"wp-block-heading has-text-align-left\">\u00c9quilibr\u00e9 et...<\/h2>\n\n\n\n<p>Les personnes qui prennent soin de leur sant\u00e9 ont une alimentation \u00e9quilibr\u00e9e et fournissent \u00e0 leur corps des nutriments, des vitamines et des oligo-\u00e9l\u00e9ments essentiels.<\/p>\n\n\n\n<p>Je vous conseille volontiers et r\u00e9ponds individuellement \u00e0 vos souhaits et \u00e0 vos plaintes. Avec mon soutien, je vous aide \u00e0 atteindre les objectifs que vous vous \u00eates fix\u00e9s gr\u00e2ce \u00e0 votre autodiscipline et \u00e0 votre motivation.<\/p>\n<\/div>\n\n\n\n<div class=\"wp-block-uagb-container animated fadeInBottomRight uagb-block-fcd4bf44\">\n<figure class=\"wp-block-image size-large\"><img loading=\"lazy\" decoding=\"async\" width=\"1024\" height=\"683\" src=\"http:\/\/www.olympica.ch\/wp-content\/uploads\/2023\/09\/ernaehrungsberatung-im-olympica-brig-gesund-1024x683.webp\" alt=\"Conseils nutritionnels &#xE0; Olympica avec Petra Zeiter\" class=\"wp-image-667\" srcset=\"https:\/\/www.olympica.ch\/wp-content\/uploads\/2023\/09\/ernaehrungsberatung-im-olympica-brig-gesund-1024x683.webp 1024w, https:\/\/www.olympica.ch\/wp-content\/uploads\/2023\/09\/ernaehrungsberatung-im-olympica-brig-gesund-300x200.webp 300w, https:\/\/www.olympica.ch\/wp-content\/uploads\/2023\/09\/ernaehrungsberatung-im-olympica-brig-gesund-768x512.webp 768w, https:\/\/www.olympica.ch\/wp-content\/uploads\/2023\/09\/ernaehrungsberatung-im-olympica-brig-gesund.webp 1420w\" sizes=\"auto, (max-width: 1024px) 100vw, 1024px\" \/><\/figure>\n<\/div>\n<\/div><\/div>\n\n<div class=\"wp-block-uagb-container imgleft uagb-block-c95d9cac alignfull uagb-is-root-container\"><div class=\"uagb-container-inner-blocks-wrap\">\n<div class=\"wp-block-uagb-container uagb-block-f86b8b13\">\n<div class=\"wp-block-senff-sticky-block\" data-topspace=\"100\" data-cfa=\"true\" data-minwidth=\"767\" data-maxwidth=\"99999\" data-pushup=\".fertsch\" data-zindex=\"1\">\n<figure class=\"wp-block-image size-large\"><img loading=\"lazy\" decoding=\"async\" width=\"1024\" height=\"683\" src=\"http:\/\/www.olympica.ch\/wp-content\/uploads\/2023\/09\/ernaehrungsberatung-im-olympica-brig-1024x683.webp\" alt=\"Conseil en nutrition &#xE0; Brigue-Glis\" class=\"wp-image-654\" srcset=\"https:\/\/www.olympica.ch\/wp-content\/uploads\/2023\/09\/ernaehrungsberatung-im-olympica-brig-1024x683.webp 1024w, https:\/\/www.olympica.ch\/wp-content\/uploads\/2023\/09\/ernaehrungsberatung-im-olympica-brig-300x200.webp 300w, https:\/\/www.olympica.ch\/wp-content\/uploads\/2023\/09\/ernaehrungsberatung-im-olympica-brig-768x512.webp 768w, https:\/\/www.olympica.ch\/wp-content\/uploads\/2023\/09\/ernaehrungsberatung-im-olympica-brig.webp 1420w\" sizes=\"auto, (max-width: 1024px) 100vw, 1024px\" \/><\/figure>\n<\/div>\n<\/div>\n\n\n\n<div class=\"wp-block-uagb-container uagb-block-e77aa3e9\">\n<h2 class=\"wp-block-heading has-text-align-left\">Contact<\/h2>\n\n\n\n<p>Pour les sujets suivants, la th\u00e9rapie nutritionnelle peut \u00eatre personnalis\u00e9e :<\/p>\n\n\n\n<ul class=\"wp-block-list\">\n<li>Alimentation en cas de troubles gastro-intestinaux<\/li>\n\n\n\n<li>Alimentation en cas de troubles cardiovasculaires<\/li>\n\n\n\n<li>Nutrition pour les maladies de la peau<\/li>\n\n\n\n<li>Nutrition en cas de maladies m\u00e9taboliques<\/li>\n\n\n\n<li>Alimentation en cas d'ob\u00e9sit\u00e9\/de sous-poids<\/li>\n<\/ul>\n\n\n\n<p>Pour vous aider \u00e0 vous alimenter sainement, nous proposons d\u00e9sormais des th\u00e9rapies nutritionnelles.<\/p>\n\n\n\n<p>Pour toute question ou prise de rendez-vous, contactez :<br\/>Mobile : <a href=\"tel:+41797024844\">079 702 48 44<\/a><br\/>Mail : <a href=\"mailto:info@ernaehrungs-praxis.com\">info@ernaehrungs-praxis.com<\/a><\/p>\n\n\n\n<p class=\"fertsch\">\"Le chemin de la sant\u00e9 passe par la cuisine, pas par la pharmacie\". S\u00e9bastien Kneipp<\/p>\n<\/div>\n<\/div><\/div>\n","protected":false},"excerpt":{"rendered":"<p>Petra Zeiter Si l'on s'alimente correctement, on peut am\u00e9liorer sa sant\u00e9 et ses performances professionnelles et sportives, alors qu'une mauvaise alimentation produit l'effet inverse. De plus, une bonne alimentation permet de pr\u00e9venir ou du moins de r\u00e9duire les sympt\u00f4mes et les maladies. \u00c9quilibr\u00e9 et... Les personnes qui prennent soin de leur sant\u00e9 ont une alimentation [&hellip;]<\/p>\n","protected":false},"author":1,"featured_media":0,"parent":1789,"menu_order":0,"comment_status":"closed","ping_status":"closed","template":"","meta":{"inline_featured_image":false,"_uag_custom_page_level_css":"","slim_seo":{"title":"Alimentation saine & conseils \u00e0 Brigue | Coaching alimentaire Olympica","description":"Conseils nutritionnels personnalis\u00e9s \u00e0 l'Olympica de Brigue : perte de poids, am\u00e9lioration des performances, alimentation saine. Atteignez vos objectifs avec un soutien professionnel. Demandez conseil maintenant !"},"footnotes":""},"class_list":["post-1965","page","type-page","status-publish","hentry"],"uagb_featured_image_src":{"full":false,"thumbnail":false,"medium":false,"medium_large":false,"large":false,"1536x1536":false,"2048x2048":false},"uagb_author_info":{"display_name":"admin","author_link":"https:\/\/www.olympica.ch\/fr\/author\/adminischteroly\/"},"uagb_comment_info":0,"uagb_excerpt":"Petra Zeiter Si l'on s'alimente correctement, on peut am\u00e9liorer sa sant\u00e9 et ses performances professionnelles et sportives, alors qu'une mauvaise alimentation produit l'effet inverse. De plus, une bonne alimentation permet de pr\u00e9venir ou du moins de r\u00e9duire les sympt\u00f4mes et les maladies. \u00c9quilibr\u00e9 et... Les personnes qui prennent soin de leur sant\u00e9 ont une alimentation\u2026","_links":{"self":[{"href":"https:\/\/www.olympica.ch\/fr\/wp-json\/wp\/v2\/pages\/1965","targetHints":{"allow":["GET"]}}],"collection":[{"href":"https:\/\/www.olympica.ch\/fr\/wp-json\/wp\/v2\/pages"}],"about":[{"href":"https:\/\/www.olympica.ch\/fr\/wp-json\/wp\/v2\/types\/page"}],"author":[{"embeddable":true,"href":"https:\/\/www.olympica.ch\/fr\/wp-json\/wp\/v2\/users\/1"}],"replies":[{"embeddable":true,"href":"https:\/\/www.olympica.ch\/fr\/wp-json\/wp\/v2\/comments?post=1965"}],"version-history":[{"count":4,"href":"https:\/\/www.olympica.ch\/fr\/wp-json\/wp\/v2\/pages\/1965\/revisions"}],"predecessor-version":[{"id":6097,"href":"https:\/\/www.olympica.ch\/fr\/wp-json\/wp\/v2\/pages\/1965\/revisions\/6097"}],"up":[{"embeddable":true,"href":"https:\/\/www.olympica.ch\/fr\/wp-json\/wp\/v2\/pages\/1789"}],"wp:attachment":[{"href":"https:\/\/www.olympica.ch\/fr\/wp-json\/wp\/v2\/media?parent=1965"}],"curies":[{"name":"wp","href":"https:\/\/api.w.org\/{rel}","templated":true}]}}