{"id":3476,"date":"2024-07-01T16:02:29","date_gmt":"2024-07-01T14:02:29","guid":{"rendered":"https:\/\/www.olympica.ch\/?page_id=3476"},"modified":"2026-04-17T12:32:11","modified_gmt":"2026-04-17T10:32:11","slug":"bien-etre-spa-2","status":"publish","type":"page","link":"https:\/\/www.olympica.ch\/fr\/bien-etre-spa-2\/","title":{"rendered":"Beaut\u00e9 &amp; cosm\u00e9tique : vos moments de d\u00e9tente \u00e0 Brigue-Glis"},"content":{"rendered":"\n<div class=\"wp-block-uagb-container imgright uagb-block-03e72069 alignfull uagb-is-root-container\"><div class=\"uagb-container-inner-blocks-wrap\">\n<div class=\"wp-block-uagb-container uagb-block-ac714e78\"><h1 class=\"wp-block-post-title\">Beaut\u00e9 &amp; cosm\u00e9tique : vos moments de d\u00e9tente \u00e0 Brigue-Glis<\/h1><\/div>\n<\/div><\/div>\n\n<div style=\"height:20px\" aria-hidden=\"true\" class=\"wp-block-spacer\"><\/div>\n\n<div class=\"wp-block-uagb-container imgright uagb-block-00f9d29e alignfull uagb-is-root-container\"><div class=\"uagb-container-inner-blocks-wrap\">\n<div class=\"wp-block-uagb-container uagb-block-10ef7fca\">\n<figure class=\"wp-block-image size-large\"><img loading=\"lazy\" decoding=\"async\" width=\"1024\" height=\"683\" src=\"http:\/\/www.olympica.ch\/wp-content\/uploads\/2023\/12\/kosmetik-1024x683.webp\" alt=\"Cosm&#xE9;tiques &#xE0; l'Olympica &#xE0; Brigue-Glis\" class=\"wp-image-2436\" srcset=\"https:\/\/www.olympica.ch\/wp-content\/uploads\/2023\/12\/kosmetik-1024x683.webp 1024w, https:\/\/www.olympica.ch\/wp-content\/uploads\/2023\/12\/kosmetik-300x200.webp 300w, https:\/\/www.olympica.ch\/wp-content\/uploads\/2023\/12\/kosmetik-768x512.webp 768w, https:\/\/www.olympica.ch\/wp-content\/uploads\/2023\/12\/kosmetik.webp 1422w\" sizes=\"auto, (max-width: 1024px) 100vw, 1024px\" \/><\/figure>\n<\/div>\n\n\n\n<div class=\"wp-block-uagb-container animated fadeInBottomLeft uagb-block-813c5d1e\">\n<h2 class=\"wp-block-heading has-text-align-left\">Cosm\u00e9tiques<\/h2>\n\n\n\n<p>Que diriez-vous d'une manucure, d'une p\u00e9dicure ou d'un soin du visage bien-\u00eatre avec massage relaxant ? Notre esth\u00e9ticienne interne, Cristina, vous garantit une exp\u00e9rience profond\u00e9ment relaxante. Faites-nous part de vos souhaits... nous nous efforcerons de vous g\u00e2ter de la t\u00eate aux pieds !<\/p>\n<\/div>\n<\/div><\/div>\n\n<div id=\"massage\" class=\"wp-block-uagb-container imgleft uagb-block-b7837ecf alignfull uagb-is-root-container\"><div class=\"uagb-container-inner-blocks-wrap\">\n<div class=\"wp-block-uagb-container uagb-block-7d1a6302\">\n<h2 class=\"wp-block-heading has-text-align-left\">NOUVEAU : Massages avec Jacqueline<\/h2>\n\n\n\n<p>Dans le rythme effr\u00e9n\u00e9 de la vie quotidienne, nous trouvons rarement le repos.<\/p>\n\n\n\n<p>Le stress peut contracter vos muscles, ce qui peut entra\u00eener des migraines et des douleurs.<\/p>\n\n\n\n<p>Gr\u00e2ce \u00e0 une technique de massage adapt\u00e9e \u00e0 vos besoins, notre nouvelle masseuse Jacqueline aide vos muscles \u00e0 se d\u00e9tendre.<\/p>\n\n\n\n<p>Et le meilleur : leurs massages sont reconnus par les caisses d'assurance maladie !<br\/>Pour savoir quelle caisse d'assurance maladie soutient les massages, <a href=\"https:\/\/emr.ch\/versicherer\/_\/methode-klassische-massage\" target=\"_blank\" rel=\"noopener\" title=\"\">cliquez ici !<\/a><\/p>\n\n\n\n<p>30 min - Fr. 60.00 \/ 60 min - Fr. 110.00 \/ 90 min - Fr.   170.00<\/p>\n\n\n\n<p><a href=\"https:\/\/web.cenplexbooking.ch\/appointment-selection?customerId=173&amp;locationId=605\" target=\"_blank\" rel=\"noopener\" title=\"\">R\u00c9SERVEZ D\u00c8S MAINTENANT VOTRE RENDEZ-VOUS ICI<\/a> ou appelez le 079 - 265 03 59 !<\/p>\n<\/div>\n\n\n\n<div class=\"wp-block-uagb-container uagb-block-61726e26\">\n<figure class=\"wp-block-image size-large\"><img loading=\"lazy\" decoding=\"async\" width=\"1024\" height=\"724\" src=\"https:\/\/www.olympica.ch\/wp-content\/uploads\/2026\/03\/jaqueline_massage-1024x724.webp\" alt=\"Jaqueline massage\" class=\"wp-image-6121\" srcset=\"https:\/\/www.olympica.ch\/wp-content\/uploads\/2026\/03\/jaqueline_massage-1024x724.webp 1024w, https:\/\/www.olympica.ch\/wp-content\/uploads\/2026\/03\/jaqueline_massage-300x212.webp 300w, https:\/\/www.olympica.ch\/wp-content\/uploads\/2026\/03\/jaqueline_massage-768x543.webp 768w, https:\/\/www.olympica.ch\/wp-content\/uploads\/2026\/03\/jaqueline_massage-1536x1086.webp 1536w, https:\/\/www.olympica.ch\/wp-content\/uploads\/2026\/03\/jaqueline_massage.webp 1900w\" sizes=\"auto, (max-width: 1024px) 100vw, 1024px\" \/><\/figure>\n<\/div>\n<\/div><\/div>\n\n<div class=\"wp-block-uagb-container imgright uagb-block-dc7e3ace alignfull uagb-is-root-container\"><div class=\"uagb-container-inner-blocks-wrap\">\n<div class=\"wp-block-uagb-container uagb-block-fbbcee73\">\n<figure class=\"wp-block-embed is-type-video is-provider-youtube wp-block-embed-youtube wp-embed-aspect-16-9 wp-has-aspect-ratio\"><div class=\"wp-block-embed__wrapper\">\n<iframe loading=\"lazy\" title=\"HydraFacial Behandlung im Olympica\" width=\"500\" height=\"281\" src=\"https:\/\/www.youtube.com\/embed\/bAUZvsA_oNY?feature=oembed\" frameborder=\"0\" allow=\"accelerometer; autoplay; clipboard-write; encrypted-media; gyroscope; picture-in-picture; web-share\" referrerpolicy=\"strict-origin-when-cross-origin\" allowfullscreen><\/iframe>\n<\/div><\/figure>\n<\/div>\n\n\n\n<div class=\"wp-block-uagb-container animated fadeInBottomLeft uagb-block-4c09051e\">\n<h2 class=\"wp-block-heading has-text-align-left\">HydraFacial<\/h2>\n\n\n\n<p>L'HydraFacial utilise une technologie brevet\u00e9e pour d\u00e9barrasser la peau des cellules mortes, la nettoyer en profondeur et l'hydrater. Parall\u00e8lement, des s\u00e9rums hautement efficaces et adapt\u00e9s aux besoins sp\u00e9cifiques de la peau sont introduits. <\/p>\n\n\n\n<p>Cette proc\u00e9dure am\u00e9liore l'apparence de divers probl\u00e8mes de peau tels que les rides et ridules, le manque de fermet\u00e9, la peau irr\u00e9guli\u00e8re et les pores obstru\u00e9s.<\/p>\n\n\n\n<p>75 min - Fr. 149.00<\/p>\n<\/div>\n<\/div><\/div>\n\n<div class=\"wp-block-uagb-container imgleft uagb-block-8a20b72b alignfull uagb-is-root-container\"><div class=\"uagb-container-inner-blocks-wrap\">\n<div class=\"wp-block-uagb-container uagb-block-22597ac6\">\n<h2 class=\"wp-block-heading has-text-align-left\">Massage sous vide\/pressoth\u00e9rapie<\/h2>\n\n\n\n<p><strong>Massage sous vide des fesses et des c\u00f4t\u00e9s<\/strong><br\/>Cette th\u00e9rapie permet d'obtenir rapidement la forme souhait\u00e9e. Pendant la s\u00e9ance, le vide stimule le drainage lymphatique, am\u00e9liore la circulation sanguine et r\u00e9duit la cellulite, ce qui produit un effet similaire \u00e0 un massage.  Le travail se fait \u00e0 la fois \u00e0 l'aide d'un appareil \u00e0 vide sp\u00e9cial et \u00e0 la main.  <br\/>L'appareil agit en profondeur sur la couche graisseuse sous-cutan\u00e9e, favorisant ainsi un remodelage rapide du corps et un raffermissement de la peau avec des r\u00e9sultats tangibles apr\u00e8s seulement quelques s\u00e9ances.<\/p>\n\n\n\n<p>30 min - Fr. 50.00 \/ 60 min - Fr. 80.00<br\/>5 traitements de 60 min - Fr.   340.00<\/p>\n\n\n\n<p><strong>Pressoth\u00e9rapie<\/strong><br\/>La pressoth\u00e9rapie est un syst\u00e8me de th\u00e9rapie par compression, relaxant et tonifiant, con\u00e7u pour gagner la bataille contre la cellulite et le vieillissement corporel. Elle se compose d'une pompe qui g\u00e9n\u00e8re un flux d'air comprim\u00e9 directionnel \u00e0 pression variable sur les zones \u00e0 probl\u00e8mes et qui lib\u00e8re les stagnations dans tout le corps. Il a un effet b\u00e9n\u00e9fique sur la congestion et le gonflement de l'eau du corps et la remet en circulation.<br\/>Le massage am\u00e9liore la circulation sanguine en exer\u00e7ant une pression p\u00e9ristaltique unidirectionnelle douce sur les veines p\u00e9riph\u00e9riques, la circulation sanguine est am\u00e9lior\u00e9e, l'\u00e9limination des toxines est facilit\u00e9e et plus d'oxyg\u00e8ne frais atteint les cellules de la peau.<br\/>De plus, le flux lymphatique est am\u00e9lior\u00e9, tant dans les r\u00e9seaux lymphatiques p\u00e9riph\u00e9riques que dans les r\u00e9seaux lymphatiques profonds. Il en r\u00e9sulte une \u00e9vacuation des r\u00e9sidus m\u00e9taboliques des espaces interstitiels. Le syst\u00e8me immunologique en b\u00e9n\u00e9ficie \u00e9galement.    <\/p>\n\n\n\n<p>1 traitement - Fr. 90.00<br\/>5 traitements - Fr. 390.00<br\/>30 min seulement jambes - Fr.   50.00<\/p>\n<\/div>\n\n\n\n<div class=\"wp-block-uagb-container uagb-block-ff4ed3ae\">\n<figure class=\"wp-block-embed is-type-video is-provider-youtube wp-block-embed-youtube wp-embed-aspect-16-9 wp-has-aspect-ratio\"><div class=\"wp-block-embed__wrapper\">\n<iframe loading=\"lazy\" title=\"Vakuum Lifting Massagen im Olympica\" width=\"500\" height=\"281\" src=\"https:\/\/www.youtube.com\/embed\/TV5K8MW_YnQ?feature=oembed\" frameborder=\"0\" allow=\"accelerometer; autoplay; clipboard-write; encrypted-media; gyroscope; picture-in-picture; web-share\" referrerpolicy=\"strict-origin-when-cross-origin\" allowfullscreen><\/iframe>\n<\/div><\/figure>\n<\/div>\n<\/div><\/div>\n\n<p><\/p>\n\n<div class=\"wp-block-uagb-container imgright uagb-block-19f38a0a alignfull uagb-is-root-container\"><div class=\"uagb-container-inner-blocks-wrap\">\n<div class=\"wp-block-uagb-container uagb-block-668fbe79\">\n<figure class=\"wp-block-image size-large\"><a href=\"https:\/\/www.olympica.ch\/wp-content\/uploads\/2025\/04\/kosmetik-angebot-2025.webp\" target=\"_blank\" rel=\" noreferrer noopener\"><img loading=\"lazy\" decoding=\"async\" width=\"1024\" height=\"683\" src=\"https:\/\/www.olympica.ch\/wp-content\/uploads\/2025\/03\/angebot-kosmetik-teaser-1024x683.webp\" alt=\"\" class=\"wp-image-4260\" srcset=\"https:\/\/www.olympica.ch\/wp-content\/uploads\/2025\/03\/angebot-kosmetik-teaser-1024x683.webp 1024w, https:\/\/www.olympica.ch\/wp-content\/uploads\/2025\/03\/angebot-kosmetik-teaser-300x200.webp 300w, https:\/\/www.olympica.ch\/wp-content\/uploads\/2025\/03\/angebot-kosmetik-teaser-768x512.webp 768w, https:\/\/www.olympica.ch\/wp-content\/uploads\/2025\/03\/angebot-kosmetik-teaser.webp 1422w\" sizes=\"auto, (max-width: 1024px) 100vw, 1024px\" \/><\/a><\/figure>\n<\/div>\n\n\n\n<div class=\"wp-block-uagb-container animated fadeInBottomLeft uagb-block-2cc054fc\">\n<h2 class=\"wp-block-heading has-text-align-left\">Disponibilit\u00e9<\/h2>\n\n\n\n<p>Lundi : 09.00 - 18.00<br\/>Mercredi : 09.00 - 18.00<br\/>Samedi : individuel<\/p>\n\n\n\n<p>Email : <a href=\"mailto:kosmetik_massage@olympica.ch\">kosmetik_massage@olympica.ch<\/a><br\/>T\u00e9l\u00e9phone : +41 76 230 98 10 (\u00e9galement via WhatsApp)<\/p>\n<\/div>\n<\/div><\/div>\n\n<div id=\"kosmetik\" class=\"wp-block-uagb-container imgright uagb-block-fbacf26c alignfull uagb-is-root-container\"><div class=\"uagb-container-inner-blocks-wrap\">\n<div class=\"wp-block-uagb-container uagb-block-699920f4\">\n<h2 class=\"wp-block-heading has-text-align-left\">R\u00e9servation d'un rendez-vous cosm\u00e9tique<\/h2>\n\n\n\n<p class=\"has-text-align-left\">Vous avez trouv\u00e9 quelque chose dans l'offre ci-dessus et souhaitez r\u00e9server directement ?  <br\/>Alors vous en avez la possibilit\u00e9 ici. Cristina est joignable le lundi et le mercredi. En cas de besoin individuel, elle peut \u00e9galement intervenir divers samedis.   Il vous suffit de cliquer sur le calendrier et de r\u00e9server la date de votre choix.  <br\/><strong>Veuillez noter que la r\u00e9servation est obligatoire.  <\/strong><br\/>Si vous ne pouvez pas participer au rendez-vous, veuillez annuler \u00e0 temps aupr\u00e8s de Cristina. Merci beaucoup.  <\/p>\n\n\n\n<div class=\"wp-block-uagb-container uagb-block-0480782b alignfull uagb-is-root-container\"><div class=\"uagb-container-inner-blocks-wrap\"><div class=\"wp-block-image\">\n<figure class=\"aligncenter size-large is-resized\"><img loading=\"lazy\" decoding=\"async\" width=\"774\" height=\"1024\" src=\"https:\/\/www.olympica.ch\/wp-content\/uploads\/2026\/04\/Cristina-Web-774x1024.webp\" alt=\"Cristina\" class=\"wp-image-6202\" style=\"width:200px\" srcset=\"https:\/\/www.olympica.ch\/wp-content\/uploads\/2026\/04\/Cristina-Web-774x1024.webp 774w, https:\/\/www.olympica.ch\/wp-content\/uploads\/2026\/04\/Cristina-Web-227x300.webp 227w, https:\/\/www.olympica.ch\/wp-content\/uploads\/2026\/04\/Cristina-Web-768x1015.webp 768w, https:\/\/www.olympica.ch\/wp-content\/uploads\/2026\/04\/Cristina-Web.webp 1080w\" sizes=\"auto, (max-width: 774px) 100vw, 774px\" \/><\/figure>\n<\/div><\/div><\/div>\n<\/div>\n\n\n\n<div class=\"wp-block-uagb-container uagb-block-3ab3ed0f\">\n<vg-guest-booking widget-key=\"69c3a94efb784a419bbcadda\" club-id=\"90609\" lang=\"de\" source=\"\"><\/vg-guest-booking>\n      <script src=\"https:\/\/static.virtuagym.com\/vg-guest-booking-widget\/dist\/js\/app.js\"><\/script>\n<\/div>\n<\/div><\/div>\n","protected":false},"excerpt":{"rendered":"<p>Cosm\u00e9tiques Que diriez-vous d'une manucure, d'une p\u00e9dicure ou d'un soin du visage bien-\u00eatre avec massage relaxant ? Notre esth\u00e9ticienne interne, Cristina, vous garantit une exp\u00e9rience profond\u00e9ment relaxante. Faites-nous part de vos souhaits... nous nous efforcerons de vous g\u00e2ter de la t\u00eate aux pieds ! NOUVEAU : Massages avec Jacqueline Dans le rythme effr\u00e9n\u00e9 de la [&hellip;]<\/p>\n","protected":false},"author":3,"featured_media":0,"parent":0,"menu_order":0,"comment_status":"closed","ping_status":"closed","template":"","meta":{"inline_featured_image":false,"_uag_custom_page_level_css":"","slim_seo":{"title":"Beauty & Kosmetik in Brig | Verw\u00f6hnbehandlungen im Olympica","description":"Professionelle Kosmetikbehandlungen im Olympica Brig: Gesichtsreinigung, Anti-Aging, Manik\u00fcre, Pedik\u00fcre & Make-up. Buchen Sie Ihren Beauty-Termin f\u00fcr strahlende Haut!"},"footnotes":""},"class_list":["post-3476","page","type-page","status-publish","hentry"],"uagb_featured_image_src":{"full":false,"thumbnail":false,"medium":false,"medium_large":false,"large":false,"1536x1536":false,"2048x2048":false},"uagb_author_info":{"display_name":"Rico","author_link":"https:\/\/www.olympica.ch\/fr\/author\/rico\/"},"uagb_comment_info":0,"uagb_excerpt":"Cosm\u00e9tiques Que diriez-vous d'une manucure, d'une p\u00e9dicure ou d'un soin du visage bien-\u00eatre avec massage relaxant ? Notre esth\u00e9ticienne interne, Cristina, vous garantit une exp\u00e9rience profond\u00e9ment relaxante. Faites-nous part de vos souhaits... nous nous efforcerons de vous g\u00e2ter de la t\u00eate aux pieds ! NOUVEAU : Massages avec Jacqueline Dans le rythme effr\u00e9n\u00e9 de la\u2026","_links":{"self":[{"href":"https:\/\/www.olympica.ch\/fr\/wp-json\/wp\/v2\/pages\/3476","targetHints":{"allow":["GET"]}}],"collection":[{"href":"https:\/\/www.olympica.ch\/fr\/wp-json\/wp\/v2\/pages"}],"about":[{"href":"https:\/\/www.olympica.ch\/fr\/wp-json\/wp\/v2\/types\/page"}],"author":[{"embeddable":true,"href":"https:\/\/www.olympica.ch\/fr\/wp-json\/wp\/v2\/users\/3"}],"replies":[{"embeddable":true,"href":"https:\/\/www.olympica.ch\/fr\/wp-json\/wp\/v2\/comments?post=3476"}],"version-history":[{"count":28,"href":"https:\/\/www.olympica.ch\/fr\/wp-json\/wp\/v2\/pages\/3476\/revisions"}],"predecessor-version":[{"id":6232,"href":"https:\/\/www.olympica.ch\/fr\/wp-json\/wp\/v2\/pages\/3476\/revisions\/6232"}],"wp:attachment":[{"href":"https:\/\/www.olympica.ch\/fr\/wp-json\/wp\/v2\/media?parent=3476"}],"curies":[{"name":"wp","href":"https:\/\/api.w.org\/{rel}","templated":true}]}}