{"id":4109,"date":"2025-01-03T12:15:53","date_gmt":"2025-01-03T10:15:53","guid":{"rendered":"https:\/\/www.olympica.ch\/liste-de-prix-brochure\/"},"modified":"2025-01-03T12:21:13","modified_gmt":"2025-01-03T10:21:13","slug":"liste-de-prix-brochure","status":"publish","type":"page","link":"https:\/\/www.olympica.ch\/fr\/liste-de-prix-brochure\/","title":{"rendered":"Liste de prix \/ Brochure"},"content":{"rendered":"\n<div style=\"height:100px\" aria-hidden=\"true\" class=\"wp-block-spacer\"><\/div>\n\n<div class=\"wp-block-uagb-container uagb-block-935383fc alignfull uagb-is-root-container\"><div class=\"uagb-container-inner-blocks-wrap\">\n<div class=\"wp-block-uagb-container uagb-block-9d477385\">\n<figure class=\"wp-block-image size-large\"><a href=\"https:\/\/www.olympica.ch\/wp-content\/uploads\/2025\/01\/Preisliste-2.0-01-25_web.pdf\"><img loading=\"lazy\" decoding=\"async\" width=\"723\" height=\"1024\" src=\"https:\/\/www.olympica.ch\/wp-content\/uploads\/2025\/01\/preisliste_thumb-723x1024.webp\" alt=\"\" class=\"wp-image-4100\" srcset=\"https:\/\/www.olympica.ch\/wp-content\/uploads\/2025\/01\/preisliste_thumb-723x1024.webp 723w, https:\/\/www.olympica.ch\/wp-content\/uploads\/2025\/01\/preisliste_thumb-212x300.webp 212w, https:\/\/www.olympica.ch\/wp-content\/uploads\/2025\/01\/preisliste_thumb-768x1087.webp 768w, https:\/\/www.olympica.ch\/wp-content\/uploads\/2025\/01\/preisliste_thumb-1085x1536.webp 1085w, https:\/\/www.olympica.ch\/wp-content\/uploads\/2025\/01\/preisliste_thumb-1446x2048.webp 1446w, https:\/\/www.olympica.ch\/wp-content\/uploads\/2025\/01\/preisliste_thumb.webp 1500w\" sizes=\"auto, (max-width: 723px) 100vw, 723px\" \/><\/a><\/figure>\n<\/div>\n\n\n\n<div class=\"wp-block-uagb-container uagb-block-5cb716e4\">\n<p>Vous pouvez t\u00e9l\u00e9charger ici notre liste de prix actuelle sur votre t\u00e9l\u00e9phone\/tablette. La taille du t\u00e9l\u00e9chargement est d'environ 2MB.<\/p>\n\n\n\n<div class=\"wp-block-buttons is-content-justification-center is-layout-flex wp-container-core-buttons-is-layout-a89b3969 wp-block-buttons-is-layout-flex\">\n<div class=\"wp-block-button\"><a class=\"wp-block-button__link has-text-align-center wp-element-button\" href=\"https:\/\/www.olympica.ch\/wp-content\/uploads\/2025\/01\/Preisliste-2.0-01-25_web.pdf\">Cliquez ici pour la liste de prix actuelle<\/a><\/div>\n<\/div>\n<\/div>\n<\/div><\/div>\n","protected":false},"excerpt":{"rendered":"<p>Vous pouvez t\u00e9l\u00e9charger ici notre liste de prix actuelle sur votre t\u00e9l\u00e9phone\/tablette. La taille du t\u00e9l\u00e9chargement est d'environ 2MB.<\/p>\n","protected":false},"author":3,"featured_media":0,"parent":0,"menu_order":0,"comment_status":"closed","ping_status":"closed","template":"","meta":{"inline_featured_image":false,"_uag_custom_page_level_css":"","slim_seo":{"title":"Liste de prix \/ Brochure - Sport &amp; Wellness - Hotel Olympica","description":"Vous pouvez t\u00e9l\u00e9charger ici notre liste de prix actuelle sur votre t\u00e9l\u00e9phone\/tablette. La taille du t\u00e9l\u00e9chargement est d'environ 2MB."},"footnotes":""},"class_list":["post-4109","page","type-page","status-publish","hentry"],"uagb_featured_image_src":{"full":false,"thumbnail":false,"medium":false,"medium_large":false,"large":false,"1536x1536":false,"2048x2048":false},"uagb_author_info":{"display_name":"Rico","author_link":"https:\/\/www.olympica.ch\/fr\/author\/rico\/"},"uagb_comment_info":0,"uagb_excerpt":"Vous pouvez t\u00e9l\u00e9charger ici notre liste de prix actuelle sur votre t\u00e9l\u00e9phone\/tablette. La taille du t\u00e9l\u00e9chargement est d'environ 2MB.","_links":{"self":[{"href":"https:\/\/www.olympica.ch\/fr\/wp-json\/wp\/v2\/pages\/4109","targetHints":{"allow":["GET"]}}],"collection":[{"href":"https:\/\/www.olympica.ch\/fr\/wp-json\/wp\/v2\/pages"}],"about":[{"href":"https:\/\/www.olympica.ch\/fr\/wp-json\/wp\/v2\/types\/page"}],"author":[{"embeddable":true,"href":"https:\/\/www.olympica.ch\/fr\/wp-json\/wp\/v2\/users\/3"}],"replies":[{"embeddable":true,"href":"https:\/\/www.olympica.ch\/fr\/wp-json\/wp\/v2\/comments?post=4109"}],"version-history":[{"count":3,"href":"https:\/\/www.olympica.ch\/fr\/wp-json\/wp\/v2\/pages\/4109\/revisions"}],"predecessor-version":[{"id":4123,"href":"https:\/\/www.olympica.ch\/fr\/wp-json\/wp\/v2\/pages\/4109\/revisions\/4123"}],"wp:attachment":[{"href":"https:\/\/www.olympica.ch\/fr\/wp-json\/wp\/v2\/media?parent=4109"}],"curies":[{"name":"wp","href":"https:\/\/api.w.org\/{rel}","templated":true}]}}