{"id":5564,"date":"2025-11-17T14:20:48","date_gmt":"2025-11-17T12:20:48","guid":{"rendered":"https:\/\/www.olympica.ch\/yonexcamps\/"},"modified":"2025-12-02T12:11:16","modified_gmt":"2025-12-02T10:11:16","slug":"yonexcamps","status":"publish","type":"page","link":"https:\/\/www.olympica.ch\/fr\/yonexcamps\/","title":{"rendered":"yonexcamps"},"content":{"rendered":"\n<div class=\"wp-block-uagb-container uagb-block-10bd2e25 alignfull uagb-is-root-container\"><div class=\"uagb-container-inner-blocks-wrap\">\n<div class=\"wp-block-uagb-container uagb-block-4dfbe432\">\n<figure class=\"wp-block-image size-large\"><img loading=\"lazy\" decoding=\"async\" width=\"1024\" height=\"452\" src=\"https:\/\/www.olympica.ch\/wp-content\/uploads\/2025\/11\/Teaser-Sommer-Camps-2026-1024x452.webp\" alt=\"Teaser camps d'&#xE9;t&#xE9; 2026\" class=\"wp-image-5560\" srcset=\"https:\/\/www.olympica.ch\/wp-content\/uploads\/2025\/11\/Teaser-Sommer-Camps-2026-1024x452.webp 1024w, https:\/\/www.olympica.ch\/wp-content\/uploads\/2025\/11\/Teaser-Sommer-Camps-2026-300x132.webp 300w, https:\/\/www.olympica.ch\/wp-content\/uploads\/2025\/11\/Teaser-Sommer-Camps-2026-768x339.webp 768w, https:\/\/www.olympica.ch\/wp-content\/uploads\/2025\/11\/Teaser-Sommer-Camps-2026-1536x678.webp 1536w, https:\/\/www.olympica.ch\/wp-content\/uploads\/2025\/11\/Teaser-Sommer-Camps-2026.webp 1586w\" sizes=\"auto, (max-width: 1024px) 100vw, 1024px\" \/><\/figure>\n<\/div>\n\n\n\n<div class=\"wp-block-uagb-container uagb-block-9e66a796\">\n<h2 class=\"wp-block-heading has-text-color has-link-color wp-elements-bdb69b057bf12f3894bf566f1655f3ed\" style=\"color:#fe0094\">Camps d'\u00e9t\u00e9 Yonex \u00e0 Olympica<\/h2>\n\n\n\n<p>En 2026, l'Olympica organisera \u00e0 nouveau 3 camps d'\u00e9t\u00e9 Yonex diff\u00e9rents. Ils auront lieu aux dates suivantes : <br\/>04. - 10.07.2026 -&gt; Camp de performance pour les adultes<br\/>11. - 17.07.2026 -&gt; Camp d'\u00e9t\u00e9 pour les juniors<br\/>18. - 24.07.2026 -&gt; Camp de loisirs pour les adultes <\/p>\n<\/div>\n<\/div><\/div>\n\n<div class=\"wp-block-uagb-container uagb-block-4810d552 alignfull uagb-is-root-container\"><div class=\"uagb-container-inner-blocks-wrap\">\n<div class=\"wp-block-uagb-container uagb-block-d97a299e\">\n<h2 class=\"wp-block-heading\">Camps de loisirs et de performance<\/h2>\n\n\n\n<p><strong><em>Chambre simple <\/em><\/strong><br\/>Standard Fr. 895.- \/ Superior Fr.  955.-<br\/><strong><em>Chambre double<\/em><\/strong><br\/>Standard Fr. 775.- \/ Superior Fr.  835.-<br\/><strong><em>Chambre familiale (3-6 pers)<\/em><\/strong><br\/>Standard Fr. 745.- \/ Superior Fr.  805.-<br\/><strong><em>Dortoir<\/em><\/strong><br\/>Standard Fr. 685.-<\/p>\n<\/div>\n\n\n\n<div class=\"wp-block-uagb-container uagb-block-32672503\">\n<h2 class=\"wp-block-heading\">Camp juniors<\/h2>\n\n\n\n<p><strong><em>Chambre simple <\/em><\/strong><br\/>Standard Fr. 855.- \/ Superior Fr.  915.-<br\/><strong><em>Chambre double<\/em><\/strong><br\/>Standard Fr. 725.- \/ Superior Fr.  785.-<br\/><strong><em>Chambre familiale (3-6 pers)<\/em><\/strong><br\/>Standard Fr. 695.- \/ Superior Fr.  755.-<br\/><strong><em>Dortoir<\/em><\/strong><br\/>Standard Fr. 655.-<\/p>\n<\/div>\n<\/div><\/div>\n\n<p class=\"has-text-align-center\">Tous les camps ont lieu au Sport- &amp; Wellnesshotel Olympica, Industriestrasse 94, 3902 Brig-Glis.<\/p>\n\n<div class=\"wp-block-uagb-container uagb-block-d70a17f0 alignfull uagb-is-root-container\"><div class=\"uagb-container-inner-blocks-wrap\">\n<div class=\"wp-block-uagb-container uagb-block-9a391e8a\">\n<h2 class=\"wp-block-heading\">Formulaire d'inscription<\/h2>\n\n\n\n<p>Veuillez remplir le formulaire d'inscription dans son int\u00e9gralit\u00e9.<br\/>Veuillez noter qu'en cliquant sur le bouton \u00ab Envoyer \u00bb, vous <strong><em>ne passez pas<\/em><\/strong> encore de commande ferme. Ce n'est qu'apr\u00e8s vous avoir contact\u00e9 que nous vous enverrons une facture. <\/p>\n\n\n\n<h2 class=\"wp-block-heading\" style=\"border-style:none;border-width:0px;padding-top:0;padding-bottom:0\">Appels d'offres<\/h2>\n\n\n\n<p><strong><em>Camp de performance 04-10.07.2026<br\/><\/em><\/strong><a href=\"https:\/\/www.olympica.ch\/wp-content\/uploads\/2025\/12\/Berge-Ausschreibung-Yonex-Sommer-Leistungscamp-2026-Deutsch.pdf\" target=\"_blank\" rel=\"noopener nofollow\" title=\"Appel d'offres Camp de performance d'&#xE9;t&#xE9; Yonex 2026 Fran&#xE7;ais\">T\u00e9l\u00e9charger les informations en allemand<\/a><br\/><a href=\"https:\/\/www.olympica.ch\/wp-content\/uploads\/2025\/12\/Berge-Ausschreibung-Yonex-Sommer-Leistungscamp-2026-Franzoesisch.pdf\" target=\"_blank\" rel=\"noopener nofollow\" title=\"Appel &#xE0; candidatures pour le camp de performance d'&#xE9;t&#xE9; Yonex 2026 Fran&#xE7;ais\">T\u00e9l\u00e9charger les informations en fran\u00e7ais<\/a><br\/><br\/><strong><em>Camp junior 11-17.07.2026<br\/><\/em><\/strong><a href=\"https:\/\/www.olympica.ch\/wp-content\/uploads\/2025\/12\/Berge-Ausschreibung-Yonex-Sommer-Junioren-Camp-2026-Deutsch.pdf\" target=\"_blank\" rel=\"noopener nofollow\" title=\"Appel d'offres Yonex Camp d'&#xE9;t&#xE9; junior 2026 Fran&#xE7;ais\">T\u00e9l\u00e9charger les informations en allemand<\/a><br\/><a href=\"https:\/\/www.olympica.ch\/wp-content\/uploads\/2025\/12\/Berge-Ausschreibung-Yonex-Sommer-Junioren-Camp-2026-Franzoesisch.pdf\" target=\"_blank\" rel=\"noopener nofollow\" title=\"Appel &#xE0; candidatures pour le Camp d'&#xE9;t&#xE9; junior Yonex 2026 Fran&#xE7;ais\">T\u00e9l\u00e9charger les informations en fran\u00e7ais<\/a><br\/><br\/><strong><em>Camp de loisirs 18-24.07.2026<\/em><\/strong><br\/><a href=\"https:\/\/www.olympica.ch\/wp-content\/uploads\/2025\/12\/Berge-Ausschreibung-Yonex-Sommer-Plausch-Camp-2026-Deutsch.pdf\" target=\"_blank\" rel=\"noopener nofollow\" title=\"Appel d'offres Yonex Sommer Plausch Camp 2026 Fran&#xE7;ais\">T\u00e9l\u00e9charger les informations Fran\u00e7ais<\/a><br\/><a href=\"https:\/\/www.olympica.ch\/wp-content\/uploads\/2025\/12\/Berge-Ausschreibung-Yonex-Sommer-Plausch-Camp-2026-Franzoesisch.pdf\" target=\"_blank\" rel=\"noopener nofollow\" title=\"Appel d'offres Yonex Sommer Plausch Camp 2026 Fran&#xE7;ais\">T\u00e9l\u00e9charger les informations en fran\u00e7ais<\/a><br\/><\/p>\n<\/div>\n\n\n\n<div class=\"wp-block-uagb-container uagb-block-d72b0cbd\">\n<div class=\"wpcf7 no-js\" id=\"wpcf7-f5607-o1\" lang=\"fr-FR\" dir=\"ltr\" data-wpcf7-id=\"5607\">\n<div class=\"screen-reader-response\"><p role=\"status\" aria-live=\"polite\" aria-atomic=\"true\"><\/p> <ul><\/ul><\/div>\n<form action=\"\/fr\/wp-json\/wp\/v2\/pages\/5564#wpcf7-f5607-o1\" method=\"post\" class=\"wpcf7-form init\" aria-label=\"Formulaire de contact\" novalidate=\"novalidate\" data-status=\"init\">\n<fieldset class=\"hidden-fields-container\"><input type=\"hidden\" name=\"_wpcf7\" value=\"5607\" \/><input type=\"hidden\" name=\"_wpcf7_version\" value=\"6.1.5\" \/><input type=\"hidden\" name=\"_wpcf7_locale\" value=\"fr_FR\" \/><input type=\"hidden\" name=\"_wpcf7_unit_tag\" value=\"wpcf7-f5607-o1\" \/><input type=\"hidden\" name=\"_wpcf7_container_post\" value=\"0\" \/><input type=\"hidden\" name=\"_wpcf7_posted_data_hash\" value=\"\" \/>\n<\/fieldset>\n<p><span class=\"wpcf7-form-control-wrap\" data-name=\"camp\"><select class=\"wpcf7-form-control wpcf7-select\" aria-invalid=\"false\" name=\"camp\"><option value=\"S\u00e9lectionner un camp d&#039;\u00e9t\u00e9\">S\u00e9lectionner un camp d&#039;\u00e9t\u00e9<\/option><option value=\"Camp de performance pour les adultes (04-10.07.2026)\">Camp de performance pour les adultes (04-10.07.2026)<\/option><option value=\"Camp d&#039;\u00e9t\u00e9 pour les juniors (11-17.07.2026)\">Camp d&#039;\u00e9t\u00e9 pour les juniors (11-17.07.2026)<\/option><option value=\"Camp de loisirs pour les adultes (18-24.07.2026)\">Camp de loisirs pour les adultes (18-24.07.2026)<\/option><\/select><\/span>\n<\/p>\n<p><span class=\"wpcf7-form-control-wrap\" data-name=\"person\"><input size=\"40\" maxlength=\"400\" class=\"wpcf7-form-control wpcf7-text wpcf7-validates-as-required\" aria-required=\"true\" aria-invalid=\"false\" placeholder=\"Pr\u00e9nom et nom de famille\" value=\"\" type=\"text\" name=\"person\" \/><\/span>\n<\/p>\n<p><span class=\"wpcf7-form-control-wrap\" data-name=\"email\"><input size=\"40\" maxlength=\"400\" class=\"wpcf7-form-control wpcf7-email wpcf7-validates-as-required wpcf7-text wpcf7-validates-as-email\" aria-required=\"true\" aria-invalid=\"false\" placeholder=\"Email\" value=\"\" type=\"email\" name=\"email\" \/><\/span>\n<\/p>\n<p><span class=\"wpcf7-form-control-wrap\" data-name=\"telefon\"><input size=\"40\" maxlength=\"400\" minlength=\"10\" class=\"wpcf7-form-control wpcf7-tel wpcf7-validates-as-required wpcf7-text wpcf7-validates-as-tel\" aria-required=\"true\" aria-invalid=\"false\" placeholder=\"T\u00e9l\u00e9phone\" value=\"\" type=\"tel\" name=\"telefon\" \/><\/span>\n<\/p>\n<p><span class=\"wpcf7-form-control-wrap\" data-name=\"adresse\"><input size=\"40\" maxlength=\"400\" class=\"wpcf7-form-control wpcf7-text wpcf7-validates-as-required\" aria-required=\"true\" aria-invalid=\"false\" placeholder=\"Rue \/ num\u00e9ro de maison\" value=\"\" type=\"text\" name=\"adresse\" \/><\/span>\n<\/p>\n<p><span class=\"wpcf7-form-control-wrap\" data-name=\"wohnort\"><input size=\"40\" maxlength=\"400\" class=\"wpcf7-form-control wpcf7-text wpcf7-validates-as-required\" aria-required=\"true\" aria-invalid=\"false\" placeholder=\"Code postal \/ ville\" value=\"\" type=\"text\" name=\"wohnort\" \/><\/span>\n<\/p>\n<p><span class=\"wpcf7-form-control-wrap\" data-name=\"geburtstag\"><input size=\"40\" maxlength=\"400\" class=\"wpcf7-form-control wpcf7-text wpcf7-validates-as-required\" aria-required=\"true\" aria-invalid=\"false\" placeholder=\"Date de naissance\" value=\"\" type=\"text\" name=\"geburtstag\" \/><\/span>\n<\/p>\n<p><span class=\"wpcf7-form-control-wrap\" data-name=\"sprache\"><input size=\"40\" maxlength=\"400\" class=\"wpcf7-form-control wpcf7-text wpcf7-validates-as-required\" aria-required=\"true\" aria-invalid=\"false\" placeholder=\"Langue\" value=\"\" type=\"text\" name=\"sprache\" \/><\/span>\n<\/p>\n<p><span class=\"wpcf7-form-control-wrap\" data-name=\"klassierung\"><input size=\"40\" maxlength=\"400\" class=\"wpcf7-form-control wpcf7-text wpcf7-validates-as-required\" aria-required=\"true\" aria-invalid=\"false\" placeholder=\"Classification\/niveau\" value=\"\" type=\"text\" name=\"klassierung\" \/><\/span>\n<\/p>\n<p><span class=\"wpcf7-form-control-wrap\" data-name=\"unterkunft\"><input size=\"40\" maxlength=\"400\" class=\"wpcf7-form-control wpcf7-text wpcf7-validates-as-required\" aria-required=\"true\" aria-invalid=\"false\" placeholder=\"H\u00e9bergement souhait\u00e9\" value=\"\" type=\"text\" name=\"unterkunft\" \/><\/span>\n<\/p>\n<p><span class=\"wpcf7-form-control-wrap\" data-name=\"shirt\"><input size=\"40\" maxlength=\"400\" class=\"wpcf7-form-control wpcf7-text wpcf7-validates-as-required\" aria-required=\"true\" aria-invalid=\"false\" placeholder=\"Taille du t-shirt\" value=\"\" type=\"text\" name=\"shirt\" \/><\/span>\n<\/p>\n<p><span class=\"wpcf7-form-control-wrap\" data-name=\"nachricht\"><textarea cols=\"40\" rows=\"10\" maxlength=\"2000\" class=\"wpcf7-form-control wpcf7-textarea\" aria-invalid=\"false\" placeholder=\"Remarques suppl\u00e9mentaires\" name=\"nachricht\"><\/textarea><\/span><span id=\"wpcf7-69e3628ba39d0-wrapper\" class=\"wpcf7-form-control-wrap address-wrap\" style=\"display:none !important; visibility:hidden !important;\"><label for=\"wpcf7-69e3628ba39d0-field\" class=\"hp-message\">Veuillez laisser ce champ vide.<\/label><input id=\"wpcf7-69e3628ba39d0-field\"  class=\"wpcf7-form-control wpcf7-text\" type=\"text\" name=\"address\" value=\"\" size=\"40\" tabindex=\"-1\" autocomplete=\"new-password\" \/><\/span><span id=\"wpcf7-69e3628ba3a0d-wrapper\" class=\"wpcf7-form-control-wrap plz-wrap\" style=\"display:none !important; visibility:hidden !important;\"><label for=\"wpcf7-69e3628ba3a0d-field\" class=\"hp-message\">Veuillez laisser ce champ vide.<\/label><input id=\"wpcf7-69e3628ba3a0d-field\"  class=\"wpcf7-form-control wpcf7-text\" type=\"text\" name=\"plz\" value=\"\" size=\"40\" tabindex=\"-1\" autocomplete=\"new-password\" \/><\/span><span id=\"wpcf7-69e3628ba3a3a-wrapper\" class=\"wpcf7-form-control-wrap location-wrap\" style=\"display:none !important; visibility:hidden !important;\"><label for=\"wpcf7-69e3628ba3a3a-field\" class=\"hp-message\">Veuillez laisser ce champ vide.<\/label><input id=\"wpcf7-69e3628ba3a3a-field\"  class=\"wpcf7-form-control wpcf7-text\" type=\"text\" name=\"location\" value=\"\" size=\"40\" tabindex=\"-1\" autocomplete=\"new-password\" \/><\/span>\n<\/p>\n<p><input class=\"wpcf7-form-control wpcf7-submit has-spinner\" type=\"submit\" value=\"Envoyer\" \/>\n<\/p><div class=\"wpcf7-response-output\" aria-hidden=\"true\"><\/div>\n<\/form>\n<\/div>\n\n<\/div>\n<\/div><\/div>\n\n<p><\/p>\n","protected":false},"excerpt":{"rendered":"<p>Camps d'\u00e9t\u00e9 Yonex \u00e0 Olympica En 2026, l'Olympica organisera \u00e0 nouveau 3 camps d'\u00e9t\u00e9 Yonex diff\u00e9rents. Ils auront lieu aux dates suivantes : 04. - 10.07.2026 -&gt; Camp de performance pour les adultes11. - 17.07.2026 -&gt; Camp d'\u00e9t\u00e9 pour les juniors18. - 24.07.2026 -&gt; Camp de loisirs pour les adultes Camps de loisirs et de [&hellip;]<\/p>\n","protected":false},"author":3,"featured_media":0,"parent":0,"menu_order":0,"comment_status":"closed","ping_status":"closed","template":"","meta":{"inline_featured_image":false,"_uag_custom_page_level_css":"","slim_seo":{"title":"yonexcamps - Sport &amp; Wellness - Hotel Olympica","description":"Camps d'\u00e9t\u00e9 Yonex \u00e0 Olympica En 2026, l'Olympica organisera \u00e0 nouveau 3 camps d'\u00e9t\u00e9 Yonex diff\u00e9rents. Ils auront lieu aux dates suivantes : 04. - 10.07.2026 -&g"},"footnotes":""},"class_list":["post-5564","page","type-page","status-publish","hentry"],"uagb_featured_image_src":{"full":false,"thumbnail":false,"medium":false,"medium_large":false,"large":false,"1536x1536":false,"2048x2048":false},"uagb_author_info":{"display_name":"Rico","author_link":"https:\/\/www.olympica.ch\/fr\/author\/rico\/"},"uagb_comment_info":0,"uagb_excerpt":"Camps d'\u00e9t\u00e9 Yonex \u00e0 Olympica En 2026, l'Olympica organisera \u00e0 nouveau 3 camps d'\u00e9t\u00e9 Yonex diff\u00e9rents. Ils auront lieu aux dates suivantes : 04. - 10.07.2026 -&gt; Camp de performance pour les adultes11. - 17.07.2026 -&gt; Camp d'\u00e9t\u00e9 pour les juniors18. - 24.07.2026 -&gt; Camp de loisirs pour les adultes Camps de loisirs et de\u2026","_links":{"self":[{"href":"https:\/\/www.olympica.ch\/fr\/wp-json\/wp\/v2\/pages\/5564","targetHints":{"allow":["GET"]}}],"collection":[{"href":"https:\/\/www.olympica.ch\/fr\/wp-json\/wp\/v2\/pages"}],"about":[{"href":"https:\/\/www.olympica.ch\/fr\/wp-json\/wp\/v2\/types\/page"}],"author":[{"embeddable":true,"href":"https:\/\/www.olympica.ch\/fr\/wp-json\/wp\/v2\/users\/3"}],"replies":[{"embeddable":true,"href":"https:\/\/www.olympica.ch\/fr\/wp-json\/wp\/v2\/comments?post=5564"}],"version-history":[{"count":16,"href":"https:\/\/www.olympica.ch\/fr\/wp-json\/wp\/v2\/pages\/5564\/revisions"}],"predecessor-version":[{"id":5841,"href":"https:\/\/www.olympica.ch\/fr\/wp-json\/wp\/v2\/pages\/5564\/revisions\/5841"}],"wp:attachment":[{"href":"https:\/\/www.olympica.ch\/fr\/wp-json\/wp\/v2\/media?parent=5564"}],"curies":[{"name":"wp","href":"https:\/\/api.w.org\/{rel}","templated":true}]}}